{"id":38266,"date":"2026-05-05T23:16:55","date_gmt":"2026-05-05T22:16:55","guid":{"rendered":"https:\/\/browsomepro.com\/?post_type=product&#038;p=38266"},"modified":"2026-05-12T19:03:48","modified_gmt":"2026-05-12T18:03:48","slug":"buff-browz-cysteamine-korak-2-15-ml-copy-2","status":"publish","type":"product","link":"https:\/\/browsomepro.com\/sl\/izdelek\/buff-browz-cysteamine-korak-2-15-ml-copy-2\/","title":{"rendered":"Buff Browz \u2013 Cysteamine Korak 2 (15 ml)"},"content":{"rendered":"\t\t<div data-elementor-type=\"product-post\" data-elementor-id=\"38266\" class=\"elementor elementor-38266 elementor-38263\" data-elementor-post-type=\"product\">\n\t\t\t\t<div class=\"elementor-element elementor-element-6c3fc5a1 e-flex e-con-boxed e-con e-parent\" data-id=\"6c3fc5a1\" data-element_type=\"container\">\n\t\t\t\t\t<div class=\"e-con-inner\">\n\t\t<div class=\"elementor-element elementor-element-470e4efb e-con-full e-flex e-con e-child\" data-id=\"470e4efb\" data-element_type=\"container\">\n\t\t\t\t<div class=\"elementor-element elementor-element-54452454 elementor-widget elementor-widget-image\" data-id=\"54452454\" data-element_type=\"widget\" data-widget_type=\"image.default\">\n\t\t\t\t<div class=\"elementor-widget-container\">\n\t\t\t\t\t\t\t\t\t\t\t\t\t\t\t<img fetchpriority=\"high\" decoding=\"async\" width=\"1080\" height=\"1080\" src=\"https:\/\/browsomepro.com\/wp-content\/uploads\/2026\/05\/SaveClip.App_450259137_18026679590236868_8666183636906843974_n.jpg\" class=\"attachment-full size-full wp-image-38148\" alt=\"\" srcset=\"https:\/\/browsomepro.com\/wp-content\/uploads\/2026\/05\/SaveClip.App_450259137_18026679590236868_8666183636906843974_n.jpg 1080w, https:\/\/browsomepro.com\/wp-content\/uploads\/2026\/05\/SaveClip.App_450259137_18026679590236868_8666183636906843974_n-300x300.jpg 300w, https:\/\/browsomepro.com\/wp-content\/uploads\/2026\/05\/SaveClip.App_450259137_18026679590236868_8666183636906843974_n-1024x1024.jpg 1024w, https:\/\/browsomepro.com\/wp-content\/uploads\/2026\/05\/SaveClip.App_450259137_18026679590236868_8666183636906843974_n-150x150.jpg 150w, https:\/\/browsomepro.com\/wp-content\/uploads\/2026\/05\/SaveClip.App_450259137_18026679590236868_8666183636906843974_n-768x768.jpg 768w, https:\/\/browsomepro.com\/wp-content\/uploads\/2026\/05\/SaveClip.App_450259137_18026679590236868_8666183636906843974_n-990x990.jpg 990w, https:\/\/browsomepro.com\/wp-content\/uploads\/2026\/05\/SaveClip.App_450259137_18026679590236868_8666183636906843974_n-441x441.jpg 441w, https:\/\/browsomepro.com\/wp-content\/uploads\/2026\/05\/SaveClip.App_450259137_18026679590236868_8666183636906843974_n-100x100.jpg 100w, https:\/\/browsomepro.com\/wp-content\/uploads\/2026\/05\/SaveClip.App_450259137_18026679590236868_8666183636906843974_n-800x800.jpg 800w\" sizes=\"(max-width: 360px) 147px, (max-width: 1080px) 100vw, 1080px\" \/>\t\t\t\t\t\t\t\t\t\t\t\t\t\t\t<\/div>\n\t\t\t\t<\/div>\n\t\t\t\t<\/div>\n\t\t<div class=\"elementor-element elementor-element-1e164883 e-con-full e-flex e-con e-child\" data-id=\"1e164883\" data-element_type=\"container\" data-settings=\"{&quot;background_background&quot;:&quot;classic&quot;}\">\n\t\t\t\t<div class=\"elementor-element elementor-element-5ab3d273 elementor-widget elementor-widget-heading\" data-id=\"5ab3d273\" data-element_type=\"widget\" data-widget_type=\"heading.default\">\n\t\t\t\t<div class=\"elementor-widget-container\">\n\t\t\t\t\t<h3 class=\"elementor-heading-title elementor-size-default\">Cisteamin ali TGA \u2014 kako se odlo\u010diti?<\/h3>\t\t\t\t<\/div>\n\t\t\t\t<\/div>\n\t\t\t\t<div class=\"elementor-element elementor-element-40882274 elementor-widget elementor-widget-text-editor\" data-id=\"40882274\" data-element_type=\"widget\" data-widget_type=\"text-editor.default\">\n\t\t\t\t<div class=\"elementor-widget-container\">\n\t\t\t\t\t\t\t\t\t<p>Cisteamin je tvoja izbira, kadar ima stranka tanke, ob\u010dutljive ali pogosto barvane dla\u010dice, kadar redno prihaja na laminacijo obrvi ali lash lift (vsake 4 do 6 tednov), ali je s klasi\u010dno TGA formulo \u017ee &#8220;pregorela&#8221;.  <\/p>\n<h3>Nadzorovan \u010das delovanja<\/h3>\n<p>\u010cas delovanja Koraka 1 je 8 do 15 minut, odvisno od debeline in stanja dla\u010dice ter \u017eelenega rezultata. V primerjavi s klasi\u010dnimi TGA sistemi cisteaminska formula ponuja dalj\u0161e in bolj nadzorovano okno delovanja, kar omogo\u010da natan\u010dnej\u0161e opazovanje in bistveno zmanj\u0161a tveganje preobdelave. Od 5. minute preverjaj dla\u010dico vsake 2 do 3 minute in odstrani serum, ko dla\u010dica dose\u017ee \u017eeleno pro\u017enost.    <\/p>\t\t\t\t\t\t\t\t<\/div>\n\t\t\t\t<\/div>\n\t\t\t\t<\/div>\n\t\t\t\t\t<\/div>\n\t\t\t\t<\/div>\n\t\t\t\t<\/div>\n\t\t","protected":false},"excerpt":{"rendered":"<p>Buff Browz Cisteamin Korak 2 je fiksacijska faza nove generacije profesionalnih sistemov za laminacijo obrvi in vihanje trepalnic. Zasnovan kot nadaljevanje Koraka 1, ta nevtralizator na osnovi vodikovega peroksida v dla\u010dico zaklene njeno novo obliko, medtem ko negovalne sestavine so\u010dasno skrbijo, da obrvi in trepalnice ostanejo navla\u017eene in vidno bolj zdrave. Rezultat je \u010dist, enakomeren lift \u2014 brez suhote in togega ob\u010dutka, ki ga pogosto prina\u0161ajo klasi\u010dni TGA nevtralizatorji.  <\/p>\n<p>\u2022 Primerno za laminacijo obrvi in vihanje trepalnic<br \/>\n<strong>\u2022 Primerno za korejski lash lift<\/strong><\/p>\n<p>\u010cAS DELOVANJA<\/p>\n<p>KORAK 1:<br \/>\n<em>TANKE DLA\u010cICE &#8211; 7-9 min.<br \/>\nNORMALNE DLA\u010cICE &#8211; 9-11 min.<br \/>\nMO\u010cNE DLA\u010cICE &#8211; 11-14 min.<\/em><\/p>\n<p>KORAK 2: IMA ENAK \u010cAS DELOVANJA KOT KORAK 1<\/p>\n[cg_accordion title=\"Sestavine\"] AQUA (WATER), STEARYL ALCOHOL, HYDROGEN PEROXIDE, CETYL ALCOHOL, CETEARYL ALCOHOL, ALOE BARBADENSIS LEAF JUICE, APIGENIN, BIOTINOYL TRIPEPTIDE-1, BUTYLENE GLYCOL, CAFFEINE, CETEARETH-20, CETEARETH-30, CITRIC ACID, COCAMIDOPROPYL BETAINE, DISODIUM PYROPHOSPHATE, ETIDRONIC ACID, HYDROLYZED COLLAGEN, HYDROLYZED WHEAT PROTEIN, LAURYL ALCOHOL, LEUCONOSTOC\/RADISH ROOT FERMENT FILTRATE, OLEANOLIC ACID, PANTHENOL, PEG-40 HYDROGENATED CASTOR OIL, PHOSPHORIC ACID, PPG-26-BUTETH-26, TETRASODIUM EDTA<br \/>\n[\/cg_accordion]\n<p>Rok uporabe po odprtju: 12 mesecev<br \/>\nKoli\u010dina: 15 ml<br \/>\nIzdelano v: EU<\/p>\n","protected":false},"featured_media":38322,"template":"","meta":{"_acf_changed":false,"_monsterinsights_skip_tracking":false,"_monsterinsights_sitenote_active":false,"_monsterinsights_sitenote_note":"","_monsterinsights_sitenote_category":0},"product_brand":[],"product_cat":[285,524,286,238,209,229],"product_tag":[],"class_list":{"0":"post-38266","1":"product","2":"type-product","3":"status-publish","4":"has-post-thumbnail","6":"product_cat-buff-browz-sl","7":"product_cat-korejski-lash-lift","8":"product_cat-laminacija-obrvi-sl-4","9":"product_cat-nakup-po-znamki","10":"product_cat-obrvi","11":"product_cat-trepalnice","13":"first","14":"instock","15":"taxable","16":"shipping-taxable","17":"purchasable","18":"product-type-simple"},"acf":[],"aioseo_notices":[],"_links":{"self":[{"href":"https:\/\/browsomepro.com\/sl\/wp-json\/wp\/v2\/product\/38266","targetHints":{"allow":["GET"]}}],"collection":[{"href":"https:\/\/browsomepro.com\/sl\/wp-json\/wp\/v2\/product"}],"about":[{"href":"https:\/\/browsomepro.com\/sl\/wp-json\/wp\/v2\/types\/product"}],"version-history":[{"count":5,"href":"https:\/\/browsomepro.com\/sl\/wp-json\/wp\/v2\/product\/38266\/revisions"}],"predecessor-version":[{"id":38308,"href":"https:\/\/browsomepro.com\/sl\/wp-json\/wp\/v2\/product\/38266\/revisions\/38308"}],"wp:featuredmedia":[{"embeddable":true,"href":"https:\/\/browsomepro.com\/sl\/wp-json\/wp\/v2\/media\/38322"}],"wp:attachment":[{"href":"https:\/\/browsomepro.com\/sl\/wp-json\/wp\/v2\/media?parent=38266"}],"wp:term":[{"taxonomy":"product_brand","embeddable":true,"href":"https:\/\/browsomepro.com\/sl\/wp-json\/wp\/v2\/product_brand?post=38266"},{"taxonomy":"product_cat","embeddable":true,"href":"https:\/\/browsomepro.com\/sl\/wp-json\/wp\/v2\/product_cat?post=38266"},{"taxonomy":"product_tag","embeddable":true,"href":"https:\/\/browsomepro.com\/sl\/wp-json\/wp\/v2\/product_tag?post=38266"}],"curies":[{"name":"wp","href":"https:\/\/api.w.org\/{rel}","templated":true}]}}