{"id":36399,"date":"2026-04-16T14:00:09","date_gmt":"2026-04-16T13:00:09","guid":{"rendered":"https:\/\/browsomepro.com\/?post_type=product&#038;p=36399"},"modified":"2026-04-24T11:17:46","modified_gmt":"2026-04-24T10:17:46","slug":"buff-browz-skin-shield-stone","status":"publish","type":"product","link":"https:\/\/browsomepro.com\/sl\/izdelek\/buff-browz-skin-shield-stone\/","title":{"rendered":"Buff Browz \u2013 Skin Shield \u2013 Stone"},"content":{"rendered":"\t\t<div data-elementor-type=\"product-post\" data-elementor-id=\"36399\" class=\"elementor elementor-36399 elementor-36396\" data-elementor-post-type=\"product\">\n\t\t\t\t<div class=\"elementor-element elementor-element-37d01f7a e-flex e-con-boxed e-con e-parent\" data-id=\"37d01f7a\" data-element_type=\"container\">\n\t\t\t\t\t<div class=\"e-con-inner\">\n\t\t<div class=\"elementor-element elementor-element-66dc8e2e e-con-full e-flex e-con e-child\" data-id=\"66dc8e2e\" data-element_type=\"container\">\n\t\t\t\t<div class=\"elementor-element elementor-element-4406239d elementor-widget elementor-widget-image\" data-id=\"4406239d\" data-element_type=\"widget\" data-widget_type=\"image.default\">\n\t\t\t\t<div class=\"elementor-widget-container\">\n\t\t\t\t\t\t\t\t\t\t\t\t\t\t\t<img fetchpriority=\"high\" decoding=\"async\" width=\"2048\" height=\"2048\" src=\"https:\/\/browsomepro.com\/wp-content\/uploads\/2026\/04\/first_close_up_of_the_product__Nano_Banana_2_18394.png\" class=\"attachment-full size-full wp-image-37210\" alt=\"\" srcset=\"https:\/\/browsomepro.com\/wp-content\/uploads\/2026\/04\/first_close_up_of_the_product__Nano_Banana_2_18394.png 2048w, https:\/\/browsomepro.com\/wp-content\/uploads\/2026\/04\/first_close_up_of_the_product__Nano_Banana_2_18394-300x300.png 300w, https:\/\/browsomepro.com\/wp-content\/uploads\/2026\/04\/first_close_up_of_the_product__Nano_Banana_2_18394-1024x1024.png 1024w, https:\/\/browsomepro.com\/wp-content\/uploads\/2026\/04\/first_close_up_of_the_product__Nano_Banana_2_18394-150x150.png 150w, https:\/\/browsomepro.com\/wp-content\/uploads\/2026\/04\/first_close_up_of_the_product__Nano_Banana_2_18394-768x768.png 768w, https:\/\/browsomepro.com\/wp-content\/uploads\/2026\/04\/first_close_up_of_the_product__Nano_Banana_2_18394-1536x1536.png 1536w, https:\/\/browsomepro.com\/wp-content\/uploads\/2026\/04\/first_close_up_of_the_product__Nano_Banana_2_18394-990x990.png 990w, https:\/\/browsomepro.com\/wp-content\/uploads\/2026\/04\/first_close_up_of_the_product__Nano_Banana_2_18394-441x441.png 441w, https:\/\/browsomepro.com\/wp-content\/uploads\/2026\/04\/first_close_up_of_the_product__Nano_Banana_2_18394-100x100.png 100w, https:\/\/browsomepro.com\/wp-content\/uploads\/2026\/04\/first_close_up_of_the_product__Nano_Banana_2_18394-800x800.png 800w\" sizes=\"(max-width: 360px) 147px, (max-width: 2048px) 100vw, 2048px\" \/>\t\t\t\t\t\t\t\t\t\t\t\t\t\t\t<\/div>\n\t\t\t\t<\/div>\n\t\t\t\t<\/div>\n\t\t<div class=\"elementor-element elementor-element-7fa34153 e-con-full e-flex e-con e-child\" data-id=\"7fa34153\" data-element_type=\"container\" data-settings=\"{&quot;background_background&quot;:&quot;classic&quot;}\">\n\t\t\t\t<div class=\"elementor-element elementor-element-2f6f9834 elementor-widget elementor-widget-heading\" data-id=\"2f6f9834\" data-element_type=\"widget\" data-widget_type=\"heading.default\">\n\t\t\t\t<div class=\"elementor-widget-container\">\n\t\t\t\t\t<h2 class=\"elementor-heading-title elementor-size-default\">Voskaj s samozavestjo<\/h2>\t\t\t\t<\/div>\n\t\t\t\t<\/div>\n\t\t\t\t<div class=\"elementor-element elementor-element-778eb329 elementor-widget elementor-widget-text-editor\" data-id=\"778eb329\" data-element_type=\"widget\" data-widget_type=\"text-editor.default\">\n\t\t\t\t<div class=\"elementor-widget-container\">\n\t\t\t\t\t\t\t\t\t<p>Skin Shield je tvoj obvezni korak pred vsako depilacijo z voskom. Ultrafini za\u0161\u010ditni puder deluje kot za\u0161\u010ditni sloj in zmanj\u0161a tveganje za dra\u017eenje, lifting ko\u017ee in ne\u017eelene reakcije. Rezultat? Varna, natan\u010dna in profesionalna storitev.<br \/>Lahkotna, svilnata formula se enostavno nana\u0161a brez nereda.<\/p><p><strong>Navodila za uporabo:<\/strong><\/p><p>Pred nanosom voska na \u017eeleno obmo\u010dje nanesi tanek, enakomeren sloj Skin Shielda s pomo\u010djo vatirane pal\u010dke. Priporo\u010damo, da za\u010dne\u0161 na sredini obrvi, kjer je ko\u017ea debelej\u0161a \u2014 tako najprej preveri\u0161 odziv ko\u017ee svoje stranke.<\/p>\t\t\t\t\t\t\t\t<\/div>\n\t\t\t\t<\/div>\n\t\t\t\t<\/div>\n\t\t\t\t\t<\/div>\n\t\t\t\t<\/div>\n\t\t\t\t<\/div>\n\t\t","protected":false},"excerpt":{"rendered":"<p>Skin Shield je za\u0161\u010ditni puder, ki ga nanese\u0161 pred voskanjem obrvi. Na ko\u017ei ustvari ne\u017eno za\u0161\u010ditno bariero, ki pomaga prepre\u010diti dra\u017eenje, rde\u010dico in po\u0161kodbe ko\u017ee. Svilnata, fina tekstura se nana\u0161a enostavno in enakomerno \u2014 nepogre\u0161ljiv korak pri depilaciji obrvi in obraznih dla\u010dic.<\/p>\n[cg_accordion title=\"Sestavine\"] Mica, Silica, Dimethicone, Diisostearyl Malate, Triethoxycaprylylsilane, Hydrogen Dimethicone, Phenoxyethanol, Methicone, Aluminum Hydroxide, Tocopheryl Acetate, Oryza Sativa Bran Oil, Squalane, Simmondsia Chinensis Seed Oil, Bisabolol, Cl 77891, Cl 77491, Cl 77492, Cl 77499. [\/cg_accordion]\n<p>Koli\u010dina: 10 g<br \/>\nProizvedeno v: Zdru\u017eeno kraljestvo<\/p>\n","protected":false},"featured_media":37235,"template":"","meta":{"_acf_changed":false,"_monsterinsights_skip_tracking":false,"_monsterinsights_sitenote_active":false,"_monsterinsights_sitenote_note":"","_monsterinsights_sitenote_category":0},"product_brand":[],"product_cat":[287,285,286,238,214,209],"product_tag":[],"class_list":{"0":"post-36399","1":"product","2":"type-product","3":"status-publish","4":"has-post-thumbnail","6":"product_cat-barve-za-obrvi-sl-4","7":"product_cat-buff-browz-sl","8":"product_cat-laminacija-obrvi-sl-4","9":"product_cat-nakup-po-znamki","10":"product_cat-barve-za-obrvi","11":"product_cat-obrvi","13":"first","14":"instock","15":"taxable","16":"shipping-taxable","17":"purchasable","18":"product-type-simple"},"acf":[],"aioseo_notices":[],"_links":{"self":[{"href":"https:\/\/browsomepro.com\/sl\/wp-json\/wp\/v2\/product\/36399","targetHints":{"allow":["GET"]}}],"collection":[{"href":"https:\/\/browsomepro.com\/sl\/wp-json\/wp\/v2\/product"}],"about":[{"href":"https:\/\/browsomepro.com\/sl\/wp-json\/wp\/v2\/types\/product"}],"version-history":[{"count":6,"href":"https:\/\/browsomepro.com\/sl\/wp-json\/wp\/v2\/product\/36399\/revisions"}],"predecessor-version":[{"id":37242,"href":"https:\/\/browsomepro.com\/sl\/wp-json\/wp\/v2\/product\/36399\/revisions\/37242"}],"wp:featuredmedia":[{"embeddable":true,"href":"https:\/\/browsomepro.com\/sl\/wp-json\/wp\/v2\/media\/37235"}],"wp:attachment":[{"href":"https:\/\/browsomepro.com\/sl\/wp-json\/wp\/v2\/media?parent=36399"}],"wp:term":[{"taxonomy":"product_brand","embeddable":true,"href":"https:\/\/browsomepro.com\/sl\/wp-json\/wp\/v2\/product_brand?post=36399"},{"taxonomy":"product_cat","embeddable":true,"href":"https:\/\/browsomepro.com\/sl\/wp-json\/wp\/v2\/product_cat?post=36399"},{"taxonomy":"product_tag","embeddable":true,"href":"https:\/\/browsomepro.com\/sl\/wp-json\/wp\/v2\/product_tag?post=36399"}],"curies":[{"name":"wp","href":"https:\/\/api.w.org\/{rel}","templated":true}]}}