{"id":29533,"date":"2026-02-05T11:08:36","date_gmt":"2026-02-05T10:08:36","guid":{"rendered":"https:\/\/browsomepro.com\/?post_type=product&#038;p=29533"},"modified":"2026-04-29T14:17:23","modified_gmt":"2026-04-29T13:17:23","slug":"noemi-innovate-cysteamine-korak-1","status":"publish","type":"product","link":"https:\/\/browsomepro.com\/sl\/izdelek\/noemi-innovate-cysteamine-korak-1\/","title":{"rendered":"NOEMI &#8211; Free Lift KORAK 1"},"content":{"rendered":"\t\t<div data-elementor-type=\"product-post\" data-elementor-id=\"29533\" class=\"elementor elementor-29533 elementor-29531\" data-elementor-post-type=\"product\">\n\t\t\t\t<div class=\"elementor-element elementor-element-51712047 e-flex e-con-boxed e-con e-parent\" data-id=\"51712047\" data-element_type=\"container\">\n\t\t\t\t\t<div class=\"e-con-inner\">\n\t\t<div class=\"elementor-element elementor-element-845825a e-con-full e-flex e-con e-child\" data-id=\"845825a\" data-element_type=\"container\">\n\t\t\t\t<div class=\"elementor-element elementor-element-218a9f3e elementor-widget elementor-widget-image\" data-id=\"218a9f3e\" data-element_type=\"widget\" data-widget_type=\"image.default\">\n\t\t\t\t<div class=\"elementor-widget-container\">\n\t\t\t\t\t\t\t\t\t\t\t\t\t\t\t<img fetchpriority=\"high\" decoding=\"async\" width=\"2048\" height=\"2048\" src=\"https:\/\/browsomepro.com\/wp-content\/uploads\/2026\/02\/hf_20260205_100946_f823a47f-0b12-4972-b2e9-e10d355db69d.png\" class=\"attachment-full size-full wp-image-29547\" alt=\"\" srcset=\"https:\/\/browsomepro.com\/wp-content\/uploads\/2026\/02\/hf_20260205_100946_f823a47f-0b12-4972-b2e9-e10d355db69d.png 2048w, https:\/\/browsomepro.com\/wp-content\/uploads\/2026\/02\/hf_20260205_100946_f823a47f-0b12-4972-b2e9-e10d355db69d-300x300.png 300w, https:\/\/browsomepro.com\/wp-content\/uploads\/2026\/02\/hf_20260205_100946_f823a47f-0b12-4972-b2e9-e10d355db69d-1024x1024.png 1024w, https:\/\/browsomepro.com\/wp-content\/uploads\/2026\/02\/hf_20260205_100946_f823a47f-0b12-4972-b2e9-e10d355db69d-150x150.png 150w, https:\/\/browsomepro.com\/wp-content\/uploads\/2026\/02\/hf_20260205_100946_f823a47f-0b12-4972-b2e9-e10d355db69d-768x768.png 768w, https:\/\/browsomepro.com\/wp-content\/uploads\/2026\/02\/hf_20260205_100946_f823a47f-0b12-4972-b2e9-e10d355db69d-1536x1536.png 1536w, https:\/\/browsomepro.com\/wp-content\/uploads\/2026\/02\/hf_20260205_100946_f823a47f-0b12-4972-b2e9-e10d355db69d-990x990.png 990w, https:\/\/browsomepro.com\/wp-content\/uploads\/2026\/02\/hf_20260205_100946_f823a47f-0b12-4972-b2e9-e10d355db69d-441x441.png 441w, https:\/\/browsomepro.com\/wp-content\/uploads\/2026\/02\/hf_20260205_100946_f823a47f-0b12-4972-b2e9-e10d355db69d-100x100.png 100w, https:\/\/browsomepro.com\/wp-content\/uploads\/2026\/02\/hf_20260205_100946_f823a47f-0b12-4972-b2e9-e10d355db69d-800x800.png 800w\" sizes=\"(max-width: 360px) 147px, (max-width: 2048px) 100vw, 2048px\" \/>\t\t\t\t\t\t\t\t\t\t\t\t\t\t\t<\/div>\n\t\t\t\t<\/div>\n\t\t\t\t<\/div>\n\t\t<div class=\"elementor-element elementor-element-7bcdd384 e-con-full e-flex e-con e-child\" data-id=\"7bcdd384\" data-element_type=\"container\" data-settings=\"{&quot;background_background&quot;:&quot;classic&quot;}\">\n\t\t\t\t<div class=\"elementor-element elementor-element-4a52f4eb elementor-widget elementor-widget-heading\" data-id=\"4a52f4eb\" data-element_type=\"widget\" data-widget_type=\"heading.default\">\n\t\t\t\t<div class=\"elementor-widget-container\">\n\t\t\t\t\t<h2 class=\"elementor-heading-title elementor-size-default\">Brez lepila. Brez dodatnih korakov.  <\/h2>\t\t\t\t<\/div>\n\t\t\t\t<\/div>\n\t\t\t\t<div class=\"elementor-element elementor-element-22a19f91 elementor-widget elementor-widget-text-editor\" data-id=\"22a19f91\" data-element_type=\"widget\" data-widget_type=\"text-editor.default\">\n\t\t\t\t<div class=\"elementor-widget-container\">\n\t\t\t\t\t\t\t\t\t<p data-start=\"146\" data-end=\"284\"><span data-start=\"146\" data-end=\"158\"><b>FREELIFT<\/b><\/span> je prvi lash lift in brow lamination sistem na svetu<strong data-start=\"180\" data-end=\"230\"> brez uporabe lepila,<\/strong> ki temelji na napredni <strong data-start=\"255\" data-end=\"283\">cisteaminski &amp; TGA formuli.<\/strong><\/p>\n<p data-start=\"286\" data-end=\"495\">Gosta, samofiksirna tekstura <strong data-start=\"338\" data-end=\"406\">omogo\u010da, da se trepalnice neposredno oprimejo lifting blazinice brez lepila<\/strong>, kar zagotavlja hitrej\u0161o aplikacijo, \u010distej\u0161i postopek in popoln nadzor nad rezultatom.<\/p>\n<p data-start=\"497\" data-end=\"657\">FREELIFT formula <strong data-start=\"511\" data-end=\"569\">neguje in \u0161\u010diti dla\u010dice,<\/strong> hkrati pa zagotavlja ne\u017een, a u\u010dinkovit lifting u\u010dinek.<\/p>\n<p data-start=\"659\" data-end=\"846\"><img decoding=\"async\" class=\"emoji\" role=\"img\" draggable=\"false\" src=\"https:\/\/s.w.org\/images\/core\/emoji\/17.0.2\/svg\/2714.svg\" alt=\"\u2714\"> Primerno za klasi\u010den lash lift in korejske tehnike vihanja trepalnic.<br data-start=\"733\" data-end=\"736\"><img decoding=\"async\" class=\"emoji\" role=\"img\" draggable=\"false\" src=\"https:\/\/s.w.org\/images\/core\/emoji\/17.0.2\/svg\/2714.svg\" alt=\"\u2714\"><strong data-start=\"738\" data-end=\"773\">Brez potrebe po dodatnih produktih.<\/strong><\/p>\t\t\t\t\t\t\t\t<\/div>\n\t\t\t\t<\/div>\n\t\t\t\t<div class=\"elementor-element elementor-element-1edce71 elementor-widget elementor-widget-toggle\" data-id=\"1edce71\" data-element_type=\"widget\" data-widget_type=\"toggle.default\">\n\t\t\t\t<div class=\"elementor-widget-container\">\n\t\t\t\t\t\t\t<div class=\"elementor-toggle\">\n\t\t\t\t\t\t\t<div class=\"elementor-toggle-item\">\n\t\t\t\t\t<div id=\"elementor-tab-title-3231\" class=\"elementor-tab-title\" data-tab=\"1\" role=\"button\" aria-controls=\"elementor-tab-content-3231\" aria-expanded=\"false\">\n\t\t\t\t\t\t\t\t\t\t\t\t<span class=\"elementor-toggle-icon elementor-toggle-icon-left\" aria-hidden=\"true\">\n\t\t\t\t\t\t\t\t\t\t\t\t\t\t\t<span class=\"elementor-toggle-icon-closed\"><svg class=\"e-font-icon-svg e-fas-caret-right\" viewBox=\"0 0 192 512\" xmlns=\"http:\/\/www.w3.org\/2000\/svg\"><path d=\"M0 384.662V127.338c0-17.818 21.543-26.741 34.142-14.142l128.662 128.662c7.81 7.81 7.81 20.474 0 28.284L34.142 398.804C21.543 411.404 0 402.48 0 384.662z\"><\/path><\/svg><\/span>\n\t\t\t\t\t\t\t\t<span class=\"elementor-toggle-icon-opened\"><svg class=\"elementor-toggle-icon-opened e-font-icon-svg e-fas-caret-up\" viewBox=\"0 0 320 512\" xmlns=\"http:\/\/www.w3.org\/2000\/svg\"><path d=\"M288.662 352H31.338c-17.818 0-26.741-21.543-14.142-34.142l128.662-128.662c7.81-7.81 20.474-7.81 28.284 0l128.662 128.662c12.6 12.599 3.676 34.142-14.142 34.142z\"><\/path><\/svg><\/span>\n\t\t\t\t\t\t\t\t\t\t\t\t\t<\/span>\n\t\t\t\t\t\t\t\t\t\t\t\t<a class=\"elementor-toggle-title\" tabindex=\"0\">\u010cas delovanja produktov<\/a>\n\t\t\t\t\t<\/div>\n\n\t\t\t\t\t<div id=\"elementor-tab-content-3231\" class=\"elementor-tab-content elementor-clearfix\" data-tab=\"1\" role=\"region\" aria-labelledby=\"elementor-tab-title-3231\"><ul data-start=\"1470\" data-end=\"1526\">\n<li data-start=\"1470\" data-end=\"1498\">\n<p data-start=\"1472\" data-end=\"1498\"><strong data-start=\"1472\" data-end=\"1483\">Korak 1:<\/strong> 6\u201311 minut<\/p>\n<\/li>\n<li data-start=\"1499\" data-end=\"1526\">\n<p data-start=\"1501\" data-end=\"1526\"><strong data-start=\"1501\" data-end=\"1512\">Korak 2:<\/strong> 6\u20138 minut<\/p>\n<\/li>\n<\/ul>\n<p data-start=\"1528\" data-end=\"1755\">Nasvet za uporabo:<br data-start=\"1551\" data-end=\"1554\">Na trepalnice nanesi enakomeren in dovolj bogat sloj<strong data-start=\"1586\" data-end=\"1605\"> FREELIFT Korak 1<\/strong>, od korena proti konicam.<br \/><strong data-start=\"1649\" data-end=\"1682\">Zaradi goste, samofiksirne teksture<\/strong> se trepalnice samodejno oprimejo blazinice, zato uporaba lepila ni potrebna.<\/p>\n<\/div>\n\t\t\t\t<\/div>\n\t\t\t\t\t\t\t\t<\/div>\n\t\t\t\t\t\t<\/div>\n\t\t\t\t<\/div>\n\t\t\t\t<\/div>\n\t\t\t\t\t<\/div>\n\t\t\t\t<\/div>\n\t\t\t\t<\/div>\n\t\t","protected":false},"excerpt":{"rendered":"<p><strong>NOVO: Prvi lifting sistem na svetu brez uporabe lepila.<\/strong><\/p>\n<p>FREELIFT je inovativna formula za vihanje trepalnic in laminacijo obrvi, razvita na osnovi cisteamina in TGA. Zagotavlja ne\u017een, a izjemno u\u010dinkovit lifting u\u010dinek \u2013 popolnoma brez lepila, prahu za lash lift ali glue balm izdelkov.<\/p>\n<p>Posebnost FREELIFT sistema je njegova gosta, samofiksirna tekstura, ki omogo\u010da, da se trepalnice ob nanosu oprimejo silikonske blazinice. To pomeni manj korakov, \u010distej\u0161e delo in bistveno bolj\u0161i nadzor nad obliko in smerjo vihanja.<\/p>\n[cg_accordion title=\"Sestavine\"]<\/p>\n<p>Korak 1: Aqua, Cetearyl Alcohol, BTMS, CS-20(Alcohols C16-18, Ethoxylated, Stearamidopropyl Dimethylamine, Isopropyl Myristate, 2-Aminoethanethiol Hydrochloride, Ammonium Thioglycolate, Ethanolamine, Ammonium Bicarbonate, Urea, Ammonia, Poly(vinyl alcohol).<\/p>\n<p>[\/cg_accordion]\n<p>Koli\u010dina: <strong>10 ml<\/strong><br \/>\nProizvedeno v: <strong>Nem\u010dija<\/strong><br \/>\nRok uporabe po odprtju: 6 mescev<\/p>\n","protected":false},"featured_media":29538,"template":"","meta":{"_acf_changed":false,"_monsterinsights_skip_tracking":false,"_monsterinsights_sitenote_active":false,"_monsterinsights_sitenote_note":"","_monsterinsights_sitenote_category":0},"product_brand":[],"product_cat":[524,256,238,255,258,215,227,209,234,229],"product_tag":[],"class_list":{"0":"post-29533","1":"product","2":"type-product","3":"status-publish","4":"has-post-thumbnail","6":"product_cat-korejski-lash-lift","7":"product_cat-laminacija-obrvi-sl-2","8":"product_cat-nakup-po-znamki","9":"product_cat-noemi-sl","10":"product_cat-vihanje-trepalnic-sl","11":"product_cat-laminacija-obrvi","12":"product_cat-najbolj-priljubljeni-izdelki","13":"product_cat-obrvi","14":"product_cat-serumi-za-vihanje-trepalnic","15":"product_cat-trepalnice","17":"first","18":"instock","19":"taxable","20":"shipping-taxable","21":"purchasable","22":"product-type-simple"},"acf":[],"aioseo_notices":[],"_links":{"self":[{"href":"https:\/\/browsomepro.com\/sl\/wp-json\/wp\/v2\/product\/29533","targetHints":{"allow":["GET"]}}],"collection":[{"href":"https:\/\/browsomepro.com\/sl\/wp-json\/wp\/v2\/product"}],"about":[{"href":"https:\/\/browsomepro.com\/sl\/wp-json\/wp\/v2\/types\/product"}],"version-history":[{"count":5,"href":"https:\/\/browsomepro.com\/sl\/wp-json\/wp\/v2\/product\/29533\/revisions"}],"predecessor-version":[{"id":33770,"href":"https:\/\/browsomepro.com\/sl\/wp-json\/wp\/v2\/product\/29533\/revisions\/33770"}],"wp:featuredmedia":[{"embeddable":true,"href":"https:\/\/browsomepro.com\/sl\/wp-json\/wp\/v2\/media\/29538"}],"wp:attachment":[{"href":"https:\/\/browsomepro.com\/sl\/wp-json\/wp\/v2\/media?parent=29533"}],"wp:term":[{"taxonomy":"product_brand","embeddable":true,"href":"https:\/\/browsomepro.com\/sl\/wp-json\/wp\/v2\/product_brand?post=29533"},{"taxonomy":"product_cat","embeddable":true,"href":"https:\/\/browsomepro.com\/sl\/wp-json\/wp\/v2\/product_cat?post=29533"},{"taxonomy":"product_tag","embeddable":true,"href":"https:\/\/browsomepro.com\/sl\/wp-json\/wp\/v2\/product_tag?post=29533"}],"curies":[{"name":"wp","href":"https:\/\/api.w.org\/{rel}","templated":true}]}}