{"id":29302,"date":"2026-01-28T18:05:55","date_gmt":"2026-01-28T17:05:55","guid":{"rendered":"https:\/\/browsomepro.com\/?post_type=product&#038;p=29302"},"modified":"2026-01-28T18:48:37","modified_gmt":"2026-01-28T17:48:37","slug":"xlash-super-youth-retinol-gel-oblizi","status":"publish","type":"product","link":"https:\/\/browsomepro.com\/sl\/izdelek\/xlash-super-youth-retinol-gel-oblizi\/","title":{"rendered":"XLASH Super Youth Retinol gel obli\u017ei"},"content":{"rendered":"\t\t<div data-elementor-type=\"product-post\" data-elementor-id=\"29302\" class=\"elementor elementor-29302 elementor-29300\" data-elementor-post-type=\"product\">\n\t\t\t\t<div class=\"elementor-element elementor-element-59e3ea0 e-flex e-con-boxed e-con e-parent\" data-id=\"59e3ea0\" data-element_type=\"container\">\n\t\t\t\t\t<div class=\"e-con-inner\">\n\t\t<div class=\"elementor-element elementor-element-e4da597 e-con-full e-flex e-con e-child\" data-id=\"e4da597\" data-element_type=\"container\" data-settings=\"{&quot;background_background&quot;:&quot;classic&quot;}\">\n\t\t\t\t<div class=\"elementor-element elementor-element-3b43c70 elementor-widget elementor-widget-text-editor\" data-id=\"3b43c70\" data-element_type=\"widget\" data-widget_type=\"text-editor.default\">\n\t\t\t\t<div class=\"elementor-widget-container\">\n\t\t\t\t\t\t\t\t\t<h3>Dokazani rezultati.<\/h3>\n\t\t\t\t\t\t\t\t<\/div>\n\t\t\t\t<\/div>\n\t\t<div class=\"elementor-element elementor-element-57b4e71 e-con-full e-flex e-con e-child\" data-id=\"57b4e71\" data-element_type=\"container\">\n\t\t\t\t<div class=\"elementor-element elementor-element-467a2a5 elementor-widget elementor-widget-text-editor\" data-id=\"467a2a5\" data-element_type=\"widget\" data-widget_type=\"text-editor.default\">\n\t\t\t\t<div class=\"elementor-widget-container\">\n\t\t\t\t\t\t\t\t\t<p><strong>98% <\/strong>uporabnikov je po uporabi opazilo bolj \u010dvrsto in napeto ko\u017eo.<\/p>\n<p>96% uporabnikov je po uporabi opazilo bolj elasti\u010dno ko\u017eo.<\/p>\n<div class=\"izoaEShN4zQRL4mmd\" data-instant-type=\"container\">\n<p class=\"iyg3QMkaThaVuaBVw\" data-instant-dynamic-content-source=\"METAFIELD\" data-instant-type=\"text\" data-instant-conditional=\"true\"><strong>80%<\/strong> uporabnikov je po uporabi opazilo zmanj\u0161an videz gubic in drobnih linij.<\/p>\n<\/div>\n\t\t\t\t\t\t\t\t<\/div>\n\t\t\t\t<\/div>\n\t\t<div class=\"elementor-element elementor-element-6a9afaa e-con-full e-flex e-con e-child\" data-id=\"6a9afaa\" data-element_type=\"container\">\n\t\t\t\t<div class=\"elementor-element elementor-element-176c02e elementor-widget elementor-widget-text-editor\" data-id=\"176c02e\" data-element_type=\"widget\" data-widget_type=\"text-editor.default\">\n\t\t\t\t<div class=\"elementor-widget-container\">\n\t\t\t\t\t\t\t\t\t<div class=\"iAxCugCqsMbIILMRB\" data-instant-type=\"container\">\n<p class=\"i5kfz3mVFKBbm4WHu\" data-instant-dynamic-content-source=\"METAFIELD\" data-instant-type=\"text\">*Na podlagi neodvisne 5-tedenske \u0161tudije.<\/p>\n<\/div>\n\t\t\t\t\t\t\t\t<\/div>\n\t\t\t\t<\/div>\n\t\t\t\t<\/div>\n\t\t\t\t<\/div>\n\t\t\t\t<\/div>\n\t\t<div class=\"elementor-element elementor-element-d92bdb4 e-con-full e-flex e-con e-child\" data-id=\"d92bdb4\" data-element_type=\"container\">\n\t\t\t\t<div class=\"elementor-element elementor-element-096c560 elementor-widget elementor-widget-image\" data-id=\"096c560\" data-element_type=\"widget\" data-widget_type=\"image.default\">\n\t\t\t\t<div class=\"elementor-widget-container\">\n\t\t\t\t\t\t\t\t\t\t\t\t\t\t\t<img fetchpriority=\"high\" decoding=\"async\" width=\"938\" height=\"700\" src=\"https:\/\/browsomepro.com\/wp-content\/uploads\/2026\/01\/SuperYouth_BeforeAfter_01.webp\" class=\"attachment-large size-large wp-image-29322\" alt=\"\" srcset=\"https:\/\/browsomepro.com\/wp-content\/uploads\/2026\/01\/SuperYouth_BeforeAfter_01.webp 938w, https:\/\/browsomepro.com\/wp-content\/uploads\/2026\/01\/SuperYouth_BeforeAfter_01-300x224.webp 300w, https:\/\/browsomepro.com\/wp-content\/uploads\/2026\/01\/SuperYouth_BeforeAfter_01-768x573.webp 768w, https:\/\/browsomepro.com\/wp-content\/uploads\/2026\/01\/SuperYouth_BeforeAfter_01-441x329.webp 441w, https:\/\/browsomepro.com\/wp-content\/uploads\/2026\/01\/SuperYouth_BeforeAfter_01-800x597.webp 800w, https:\/\/browsomepro.com\/wp-content\/uploads\/2026\/01\/SuperYouth_BeforeAfter_01-150x112.webp 150w\" sizes=\"(max-width: 360px) 147px, (max-width: 938px) 100vw, 938px\" \/>\t\t\t\t\t\t\t\t\t\t\t\t\t\t\t<\/div>\n\t\t\t\t<\/div>\n\t\t\t\t<\/div>\n\t\t\t\t\t<\/div>\n\t\t\t\t<\/div>\n\t\t<div class=\"elementor-element elementor-element-ecd943d e-flex e-con-boxed e-con e-parent\" data-id=\"ecd943d\" data-element_type=\"container\">\n\t\t\t\t\t<div class=\"e-con-inner\">\n\t\t<div class=\"elementor-element elementor-element-2fb387f e-con-full e-flex e-con e-child\" data-id=\"2fb387f\" data-element_type=\"container\" data-settings=\"{&quot;background_background&quot;:&quot;classic&quot;}\">\n\t\t\t\t<div class=\"elementor-element elementor-element-170ff7a elementor-widget elementor-widget-text-editor\" data-id=\"170ff7a\" data-element_type=\"widget\" data-widget_type=\"text-editor.default\">\n\t\t\t\t<div class=\"elementor-widget-container\">\n\t\t\t\t\t\t\t\t\t<h3> <\/h3>\n<h3>Zakaj jih bo\u0161 obo\u017eevala<\/h3>\n<h3> <\/h3>\n\t\t\t\t\t\t\t\t<\/div>\n\t\t\t\t<\/div>\n\t\t<div class=\"elementor-element elementor-element-9195355 e-con-full e-flex e-con e-child\" data-id=\"9195355\" data-element_type=\"container\">\n\t\t\t\t<div class=\"elementor-element elementor-element-dce288b elementor-widget elementor-widget-text-editor\" data-id=\"dce288b\" data-element_type=\"widget\" data-widget_type=\"text-editor.default\">\n\t\t\t\t<div class=\"elementor-widget-container\">\n\t\t\t\t\t\t\t\t\t<ul>\n<li>Vidno bolj \u010dvrsta, pro\u017ena in gladka ko\u017ea.<\/li>\n<li>Vidno zmanj\u0161ajo drobne linije in gubice.<\/li>\n<li>Proizvedeni v Koreji.<\/li>\n<li>Vegansko<\/li>\n<\/ul>\n\t\t\t\t\t\t\t\t<\/div>\n\t\t\t\t<\/div>\n\t\t\t\t<\/div>\n\t\t\t\t<\/div>\n\t\t<div class=\"elementor-element elementor-element-022cc09 e-con-full e-flex e-con e-child\" data-id=\"022cc09\" data-element_type=\"container\">\n\t\t\t\t<div class=\"elementor-element elementor-element-c7e93b7 elementor-widget elementor-widget-image\" data-id=\"c7e93b7\" data-element_type=\"widget\" data-widget_type=\"image.default\">\n\t\t\t\t<div class=\"elementor-widget-container\">\n\t\t\t\t\t\t\t\t\t\t\t\t\t\t\t<img decoding=\"async\" width=\"938\" height=\"684\" src=\"https:\/\/browsomepro.com\/wp-content\/uploads\/2026\/01\/SuperYouth_INCI.jpg\" class=\"attachment-large size-large wp-image-29328\" alt=\"\" srcset=\"https:\/\/browsomepro.com\/wp-content\/uploads\/2026\/01\/SuperYouth_INCI.jpg 938w, https:\/\/browsomepro.com\/wp-content\/uploads\/2026\/01\/SuperYouth_INCI-300x219.jpg 300w, https:\/\/browsomepro.com\/wp-content\/uploads\/2026\/01\/SuperYouth_INCI-768x560.jpg 768w, https:\/\/browsomepro.com\/wp-content\/uploads\/2026\/01\/SuperYouth_INCI-441x322.jpg 441w, https:\/\/browsomepro.com\/wp-content\/uploads\/2026\/01\/SuperYouth_INCI-800x583.jpg 800w, https:\/\/browsomepro.com\/wp-content\/uploads\/2026\/01\/SuperYouth_INCI-150x109.jpg 150w\" sizes=\"(max-width: 360px) 147px, (max-width: 938px) 100vw, 938px\" \/>\t\t\t\t\t\t\t\t\t\t\t\t\t\t\t<\/div>\n\t\t\t\t<\/div>\n\t\t\t\t<\/div>\n\t\t\t\t\t<\/div>\n\t\t\t\t<\/div>\n\t\t<div class=\"elementor-element elementor-element-fdd3c39 e-flex e-con-boxed e-con e-parent\" data-id=\"fdd3c39\" data-element_type=\"container\">\n\t\t\t\t\t<div class=\"e-con-inner\">\n\t\t<div class=\"elementor-element elementor-element-2082564 e-con-full e-flex e-con e-child\" data-id=\"2082564\" data-element_type=\"container\" data-settings=\"{&quot;background_background&quot;:&quot;classic&quot;}\">\n\t\t\t\t<div class=\"elementor-element elementor-element-339415d elementor-widget elementor-widget-text-editor\" data-id=\"339415d\" data-element_type=\"widget\" data-widget_type=\"text-editor.default\">\n\t\t\t\t<div class=\"elementor-widget-container\">\n\t\t\t\t\t\t\t\t\t<h3> <\/h3>\n<h3 data-start=\"0\" data-end=\"16\">Navodila za uporabo<\/h3>\n<h3 data-start=\"0\" data-end=\"16\"><span style=\"font-family: Inter; text-wrap-mode: initial; font-size: 16px;\"> <\/span><\/h3>\n\t\t\t\t\t\t\t\t<\/div>\n\t\t\t\t<\/div>\n\t\t<div class=\"elementor-element elementor-element-e6b813e e-con-full e-flex e-con e-child\" data-id=\"e6b813e\" data-element_type=\"container\">\n\t\t\t\t<div class=\"elementor-element elementor-element-24ddffe elementor-widget elementor-widget-text-editor\" data-id=\"24ddffe\" data-element_type=\"widget\" data-widget_type=\"text-editor.default\">\n\t\t\t\t<div class=\"elementor-widget-container\">\n\t\t\t\t\t\t\t\t\t<p>Obli\u017ee nanesi na \u010disto in suho ko\u017eo pod o\u010dmi. Pusti delovati 15 minut (ali dlje, \u010de \u017eeli\u0161). Nato jih odstrani in preostali serum ne\u017eno vtapkaj v ko\u017eo. Za dodatno osve\u017eitev jih pred uporabo shrani v hladilniku.   <\/p>\n\t\t\t\t\t\t\t\t<\/div>\n\t\t\t\t<\/div>\n\t\t\t\t<\/div>\n\t\t\t\t<\/div>\n\t\t<div class=\"elementor-element elementor-element-8d70f49 e-con-full e-flex e-con e-child\" data-id=\"8d70f49\" data-element_type=\"container\">\n\t\t\t\t<div class=\"elementor-element elementor-element-f2bc9c0 elementor-widget elementor-widget-video\" data-id=\"f2bc9c0\" data-element_type=\"widget\" data-settings=\"{&quot;video_type&quot;:&quot;hosted&quot;,&quot;autoplay&quot;:&quot;yes&quot;,&quot;play_on_mobile&quot;:&quot;yes&quot;,&quot;mute&quot;:&quot;yes&quot;,&quot;loop&quot;:&quot;yes&quot;}\" data-widget_type=\"video.default\">\n\t\t\t\t<div class=\"elementor-widget-container\">\n\t\t\t\t\t\t\t<div class=\"e-hosted-video elementor-wrapper elementor-open-inline\">\n\t\t\t\t\t<video class=\"elementor-video\" src=\"https:\/\/browsomepro.com\/wp-content\/uploads\/2026\/01\/c711863bfaa8420891f8608f12a4fe60.SD-480p-1.0Mbps-63507098.mp4\" autoplay=\"\" loop=\"\" muted=\"muted\" playsinline=\"\" controlsList=\"nodownload\"><\/video>\n\t\t\t\t<\/div>\n\t\t\t\t\t\t<\/div>\n\t\t\t\t<\/div>\n\t\t\t\t<\/div>\n\t\t\t\t\t<\/div>\n\t\t\t\t<\/div>\n\t\t\t\t<\/div>\n\t\t","protected":false},"excerpt":{"rendered":"<p>Izbolj\u0161aj svojo nego ko\u017ee s Super Youth Retinol Eye Gels \u2014 <strong>za bolj gladko, \u010dvrsto in mladostno ko\u017eo okoli o\u010di.<\/strong><\/p>\n<p><strong>Ne\u017eni, a u\u010dinkoviti<\/strong> gelni obli\u017ei pomagajo zmanj\u0161ati drobne linije ter okrepiti naravno za\u0161\u010ditno bariero ko\u017ee. <strong>Retinol<\/strong> izbolj\u0161uje teksturo in spodbuja nastajanje kolagena, <strong>bakuchiol<\/strong> nudi anti-age u\u010dinek z ne\u017enej\u0161im pristopom, <strong>peptidi<\/strong> pa vidno u\u010dvrstijo ko\u017eo in izbolj\u0161ajo njeno elasti\u010dnost. Ko\u017ea okoli o\u010di je po uporabi mehka, gladka in enakomerno negovana.<\/p>\n<p>Popolni za ve\u010derni ritual \u2014 <strong>uporabi jih 15 minut pred spanjem<\/strong> in se zbudi s spo\u010ditim, sve\u017eim pogledom.<\/p>\n<p><strong>U\u010dinkovita K-beauty nega, ki res deluje. <\/strong><\/p>\n<p>\ud83d\udca1 Pro tip: Za \u0161e bolj\u0161i u\u010dinek jih shrani v hladilnik \u2013 hlad bo pomagal zmanj\u0161ati zabuhlost in dodatno osve\u017eiti predel pod o\u010dmi.<br \/>\nNajbolj\u0161i rezultat dose\u017ee\u0161, ko so obli\u017ei ohlajeni.<\/p>\n<p>Vsebuje 60 gelnih obli\u017eev za o\u010di (30 parov).<\/p>\n[cg_accordion title=\"Sestavine\"] Aqua, Glycerin, Carrageenan, Butylene Glycol, Allantoin, Cocos Nucifera (Coconut) Fruit Extract, Hibiscus Sabdariffa Flower Extract, Dipeptide Diaminobutyroyl Benzylamide Diacetate, Acetyl Hexapeptide-8, Bakuchiol, Ferulic acid, Retinol, Tocopheryl Acetate, Fucus Vesiculosus Extract, Prunella Vulgaris Extract, Withania Somnifera Root Extract, Calcium Chloride, Pentylene Glycol, Ceratonia Siliqua Gum, Cyamopsis Tetragonoloba Gum, Ethyl Hexanediol, Pinus Sylvestris Leaf Extract, Hexylene Glycol, Cellulose Gum, Propanediol, Chlorphenesin, Polyglyceryl-10 Laurate, Sucrose, 1,2-Hexanediol, Potassium Chloride, Illicium Verum Fruit Extract, Calcium Lactate, Hydroxyacetophenone, Adenosine, Dipotassium Glycyrrhizate, Disodium EDTA, Arginine, Ethylhexylglycerin, Caprylyl Glycol, Phaseolus Radiatus Seed Extract, Synthetic Fluorphlogopite, Caprylic\/capric Triglyceride, Hydrogenated Lecithin, Polyglyceryl-10 Myristate, Ultramarines, Polymethylsilsesquioxane, Silica, Polyglyceryl-10 Oleate, CI 77891, CI 77499<br \/>\n[\/cg_accordion]\n","protected":false},"featured_media":29311,"template":"","meta":{"_acf_changed":false,"_monsterinsights_skip_tracking":false,"_monsterinsights_sitenote_active":false,"_monsterinsights_sitenote_note":"","_monsterinsights_sitenote_category":0},"product_brand":[],"product_cat":[613,227],"product_tag":[],"class_list":{"0":"post-29302","1":"product","2":"type-product","3":"status-publish","4":"has-post-thumbnail","6":"product_cat-xlash-sl","7":"product_cat-najbolj-priljubljeni-izdelki","9":"first","10":"instock","11":"taxable","12":"shipping-taxable","13":"purchasable","14":"product-type-simple"},"acf":[],"aioseo_notices":[],"_links":{"self":[{"href":"https:\/\/browsomepro.com\/sl\/wp-json\/wp\/v2\/product\/29302","targetHints":{"allow":["GET"]}}],"collection":[{"href":"https:\/\/browsomepro.com\/sl\/wp-json\/wp\/v2\/product"}],"about":[{"href":"https:\/\/browsomepro.com\/sl\/wp-json\/wp\/v2\/types\/product"}],"version-history":[{"count":4,"href":"https:\/\/browsomepro.com\/sl\/wp-json\/wp\/v2\/product\/29302\/revisions"}],"predecessor-version":[{"id":29349,"href":"https:\/\/browsomepro.com\/sl\/wp-json\/wp\/v2\/product\/29302\/revisions\/29349"}],"wp:featuredmedia":[{"embeddable":true,"href":"https:\/\/browsomepro.com\/sl\/wp-json\/wp\/v2\/media\/29311"}],"wp:attachment":[{"href":"https:\/\/browsomepro.com\/sl\/wp-json\/wp\/v2\/media?parent=29302"}],"wp:term":[{"taxonomy":"product_brand","embeddable":true,"href":"https:\/\/browsomepro.com\/sl\/wp-json\/wp\/v2\/product_brand?post=29302"},{"taxonomy":"product_cat","embeddable":true,"href":"https:\/\/browsomepro.com\/sl\/wp-json\/wp\/v2\/product_cat?post=29302"},{"taxonomy":"product_tag","embeddable":true,"href":"https:\/\/browsomepro.com\/sl\/wp-json\/wp\/v2\/product_tag?post=29302"}],"curies":[{"name":"wp","href":"https:\/\/api.w.org\/{rel}","templated":true}]}}