{"id":28779,"date":"2026-01-16T17:50:23","date_gmt":"2026-01-16T16:50:23","guid":{"rendered":"https:\/\/browsomepro.com\/?post_type=product&#038;p=28779"},"modified":"2026-03-07T09:11:47","modified_gmt":"2026-03-07T08:11:47","slug":"xbrow-serum-za-obrvi-3ml","status":"publish","type":"product","link":"https:\/\/browsomepro.com\/sl\/izdelek\/xbrow-serum-za-obrvi-3ml\/","title":{"rendered":"XBROW Serum za obrvi 3ml"},"content":{"rendered":"\t\t<div data-elementor-type=\"product-post\" data-elementor-id=\"28779\" class=\"elementor elementor-28779 elementor-28778\" data-elementor-post-type=\"product\">\n\t\t\t\t<div class=\"elementor-element elementor-element-59e3ea0 e-flex e-con-boxed e-con e-parent\" data-id=\"59e3ea0\" data-element_type=\"container\">\n\t\t\t\t\t<div class=\"e-con-inner\">\n\t\t<div class=\"elementor-element elementor-element-e4da597 e-con-full e-flex e-con e-child\" data-id=\"e4da597\" data-element_type=\"container\" data-settings=\"{&quot;background_background&quot;:&quot;classic&quot;}\">\n\t\t\t\t<div class=\"elementor-element elementor-element-3b43c70 elementor-widget elementor-widget-text-editor\" data-id=\"3b43c70\" data-element_type=\"widget\" data-widget_type=\"text-editor.default\">\n\t\t\t\t<div class=\"elementor-widget-container\">\n\t\t\t\t\t\t\t\t\t<h3>Dokazani rezultati.<\/h3>\n\t\t\t\t\t\t\t\t<\/div>\n\t\t\t\t<\/div>\n\t\t<div class=\"elementor-element elementor-element-57b4e71 e-con-full e-flex e-con e-child\" data-id=\"57b4e71\" data-element_type=\"container\">\n\t\t\t\t<div class=\"elementor-element elementor-element-467a2a5 elementor-widget elementor-widget-text-editor\" data-id=\"467a2a5\" data-element_type=\"widget\" data-widget_type=\"text-editor.default\">\n\t\t\t\t<div class=\"elementor-widget-container\">\n\t\t\t\t\t\t\t\t\t<p>Vidno gostej\u0161e in polnej\u0161e obrvi<\/p>\n<p>Nanos v manj kot 5 sekundah<\/p>\n<p>75 % je opazilo rezultate \u017ee po 4 tednih.<\/p>\n\t\t\t\t\t\t\t\t<\/div>\n\t\t\t\t<\/div>\n\t\t<div class=\"elementor-element elementor-element-6a9afaa e-con-full e-flex e-con e-child\" data-id=\"6a9afaa\" data-element_type=\"container\">\n\t\t\t\t<div class=\"elementor-element elementor-element-176c02e elementor-widget elementor-widget-text-editor\" data-id=\"176c02e\" data-element_type=\"widget\" data-widget_type=\"text-editor.default\">\n\t\t\t\t<div class=\"elementor-widget-container\">\n\t\t\t\t\t\t\t\t\t<div class=\"iAxCugCqsMbIILMRB\" data-instant-type=\"container\">\n<p class=\"i5kfz3mVFKBbm4WHu\" data-instant-dynamic-content-source=\"METAFIELD\" data-instant-type=\"text\">*na podlagi neodvisne 12-tedenske \u0161tudije.<\/p>\n<\/div>\n\t\t\t\t\t\t\t\t<\/div>\n\t\t\t\t<\/div>\n\t\t\t\t<\/div>\n\t\t\t\t<\/div>\n\t\t\t\t<\/div>\n\t\t<div class=\"elementor-element elementor-element-d92bdb4 e-con-full e-flex e-con e-child\" data-id=\"d92bdb4\" data-element_type=\"container\">\n\t\t\t\t<div class=\"elementor-element elementor-element-4f18870 elementor-widget elementor-widget-image\" data-id=\"4f18870\" data-element_type=\"widget\" data-widget_type=\"image.default\">\n\t\t\t\t<div class=\"elementor-widget-container\">\n\t\t\t\t\t\t\t\t\t\t\t\t\t\t\t<img fetchpriority=\"high\" decoding=\"async\" width=\"938\" height=\"700\" src=\"https:\/\/browsomepro.com\/wp-content\/uploads\/2026\/01\/Xbrow_BeforeAfter_01.webp\" class=\"attachment-full size-full wp-image-28787\" alt=\"\" srcset=\"https:\/\/browsomepro.com\/wp-content\/uploads\/2026\/01\/Xbrow_BeforeAfter_01.webp 938w, https:\/\/browsomepro.com\/wp-content\/uploads\/2026\/01\/Xbrow_BeforeAfter_01-300x224.webp 300w, https:\/\/browsomepro.com\/wp-content\/uploads\/2026\/01\/Xbrow_BeforeAfter_01-768x573.webp 768w, https:\/\/browsomepro.com\/wp-content\/uploads\/2026\/01\/Xbrow_BeforeAfter_01-441x329.webp 441w, https:\/\/browsomepro.com\/wp-content\/uploads\/2026\/01\/Xbrow_BeforeAfter_01-800x597.webp 800w, https:\/\/browsomepro.com\/wp-content\/uploads\/2026\/01\/Xbrow_BeforeAfter_01-150x112.webp 150w\" sizes=\"(max-width: 360px) 147px, (max-width: 938px) 100vw, 938px\" \/>\t\t\t\t\t\t\t\t\t\t\t\t\t\t\t<\/div>\n\t\t\t\t<\/div>\n\t\t\t\t<\/div>\n\t\t\t\t\t<\/div>\n\t\t\t\t<\/div>\n\t\t<div class=\"elementor-element elementor-element-ecd943d e-flex e-con-boxed e-con e-parent\" data-id=\"ecd943d\" data-element_type=\"container\">\n\t\t\t\t\t<div class=\"e-con-inner\">\n\t\t<div class=\"elementor-element elementor-element-2fb387f e-con-full e-flex e-con e-child\" data-id=\"2fb387f\" data-element_type=\"container\" data-settings=\"{&quot;background_background&quot;:&quot;classic&quot;}\">\n\t\t\t\t<div class=\"elementor-element elementor-element-170ff7a elementor-widget elementor-widget-text-editor\" data-id=\"170ff7a\" data-element_type=\"widget\" data-widget_type=\"text-editor.default\">\n\t\t\t\t<div class=\"elementor-widget-container\">\n\t\t\t\t\t\t\t\t\t<h3> <\/h3>\n<h3>Zakaj ga bo\u0161 obo\u017eevala<\/h3>\n<h3> <\/h3>\n\t\t\t\t\t\t\t\t<\/div>\n\t\t\t\t<\/div>\n\t\t<div class=\"elementor-element elementor-element-9195355 e-con-full e-flex e-con e-child\" data-id=\"9195355\" data-element_type=\"container\">\n\t\t\t\t<div class=\"elementor-element elementor-element-dce288b elementor-widget elementor-widget-text-editor\" data-id=\"dce288b\" data-element_type=\"widget\" data-widget_type=\"text-editor.default\">\n\t\t\t\t<div class=\"elementor-widget-container\">\n\t\t\t\t\t\t\t\t\t<ul>\n<li>Gostej\u0161e, polnej\u0161e in bolj izrazite obrvi<\/li>\n<li>Med vodilnimi znamkami serumov<\/li>\n<li>Preko 10.000 ocen s petimi zvezdicami<\/li>\n<li>Klini\u010dno dokazano z vidnimi rezultati<\/li>\n<li>Vegansko<\/li>\n<li>Razviti in proizvedeni na \u0160vedskem<\/li>\n<li>Primerno za uporabo tudi po laminaciji obrvi<\/li>\n<\/ul>\n\t\t\t\t\t\t\t\t<\/div>\n\t\t\t\t<\/div>\n\t\t\t\t<\/div>\n\t\t\t\t<\/div>\n\t\t<div class=\"elementor-element elementor-element-022cc09 e-con-full e-flex e-con e-child\" data-id=\"022cc09\" data-element_type=\"container\">\n\t\t\t\t<div class=\"elementor-element elementor-element-a3da7ef elementor-widget elementor-widget-image\" data-id=\"a3da7ef\" data-element_type=\"widget\" data-widget_type=\"image.default\">\n\t\t\t\t<div class=\"elementor-widget-container\">\n\t\t\t\t\t\t\t\t\t\t\t\t\t\t\t<img decoding=\"async\" width=\"1280\" height=\"951\" src=\"https:\/\/browsomepro.com\/wp-content\/uploads\/2026\/01\/Xbrow_LoveIt_1.webp\" class=\"attachment-full size-full wp-image-28790\" alt=\"\" srcset=\"https:\/\/browsomepro.com\/wp-content\/uploads\/2026\/01\/Xbrow_LoveIt_1.webp 1280w, https:\/\/browsomepro.com\/wp-content\/uploads\/2026\/01\/Xbrow_LoveIt_1-300x223.webp 300w, https:\/\/browsomepro.com\/wp-content\/uploads\/2026\/01\/Xbrow_LoveIt_1-1024x761.webp 1024w, https:\/\/browsomepro.com\/wp-content\/uploads\/2026\/01\/Xbrow_LoveIt_1-768x571.webp 768w, https:\/\/browsomepro.com\/wp-content\/uploads\/2026\/01\/Xbrow_LoveIt_1-990x736.webp 990w, https:\/\/browsomepro.com\/wp-content\/uploads\/2026\/01\/Xbrow_LoveIt_1-441x328.webp 441w, https:\/\/browsomepro.com\/wp-content\/uploads\/2026\/01\/Xbrow_LoveIt_1-800x594.webp 800w, https:\/\/browsomepro.com\/wp-content\/uploads\/2026\/01\/Xbrow_LoveIt_1-150x111.webp 150w\" sizes=\"(max-width: 360px) 147px, (max-width: 1280px) 100vw, 1280px\" \/>\t\t\t\t\t\t\t\t\t\t\t\t\t\t\t<\/div>\n\t\t\t\t<\/div>\n\t\t\t\t<\/div>\n\t\t\t\t\t<\/div>\n\t\t\t\t<\/div>\n\t\t<div class=\"elementor-element elementor-element-fdd3c39 e-flex e-con-boxed e-con e-parent\" data-id=\"fdd3c39\" data-element_type=\"container\">\n\t\t\t\t\t<div class=\"e-con-inner\">\n\t\t<div class=\"elementor-element elementor-element-2082564 e-con-full e-flex e-con e-child\" data-id=\"2082564\" data-element_type=\"container\" data-settings=\"{&quot;background_background&quot;:&quot;classic&quot;}\">\n\t\t\t\t<div class=\"elementor-element elementor-element-339415d elementor-widget elementor-widget-text-editor\" data-id=\"339415d\" data-element_type=\"widget\" data-widget_type=\"text-editor.default\">\n\t\t\t\t<div class=\"elementor-widget-container\">\n\t\t\t\t\t\t\t\t\t<h3> <\/h3>\n<h3 data-start=\"0\" data-end=\"16\">Navodila za uporabo<\/h3>\n<h3 data-start=\"0\" data-end=\"16\"><span style=\"font-family: Inter; text-wrap-mode: initial; font-size: 16px;\"> <\/span><\/h3>\n\t\t\t\t\t\t\t\t<\/div>\n\t\t\t\t<\/div>\n\t\t<div class=\"elementor-element elementor-element-e6b813e e-con-full e-flex e-con e-child\" data-id=\"e6b813e\" data-element_type=\"container\">\n\t\t\t\t<div class=\"elementor-element elementor-element-24ddffe elementor-widget elementor-widget-text-editor\" data-id=\"24ddffe\" data-element_type=\"widget\" data-widget_type=\"text-editor.default\">\n\t\t\t\t<div class=\"elementor-widget-container\">\n\t\t\t\t\t\t\t\t\t<ol>\n<li data-start=\"21\" data-end=\"87\">O\u010disti ko\u017eo in poskrbi, da so vsa li\u010dila popolnoma odstranjena.<\/li>\n<li data-start=\"21\" data-end=\"87\"><strong data-start=\"91\" data-end=\"122\">Nanesi serum na eno obrv<\/strong>, nato krta\u010dko znova potopi v tubico in nanesi \u0161e na drugo obrv.<\/li>\n<li data-start=\"21\" data-end=\"87\">Pusti, da se serum popolnoma posu\u0161i, preden nadaljuje\u0161 z nego ko\u017ee.<\/li>\n<li data-start=\"21\" data-end=\"87\">Za najbolj\u0161e rezultate uporabljaj 1x dnevno, najbolje zve\u010der. Po dose\u017eenem u\u010dinku zadostuje nanos 2\u20133-krat na teden<strong data-start=\"386\" data-end=\"408\"> za ohranjanje u\u010dinka.<\/strong> <\/li>\n<li><b>Bodi potrpe\u017eljiv\/a<\/b> \u2014 vidni rezultati se poka\u017eejo v<b> 4\u20138 tednih<\/b>, najbolj\u0161i pa po <b>12 tednih.<\/b><\/li>\n<\/ol>\t\t\t\t\t\t\t\t<\/div>\n\t\t\t\t<\/div>\n\t\t\t\t<\/div>\n\t\t\t\t<\/div>\n\t\t<div class=\"elementor-element elementor-element-8d70f49 e-con-full e-flex e-con e-child\" data-id=\"8d70f49\" data-element_type=\"container\">\n\t\t\t\t<div class=\"elementor-element elementor-element-f2bc9c0 elementor-widget elementor-widget-video\" data-id=\"f2bc9c0\" data-element_type=\"widget\" data-settings=\"{&quot;video_type&quot;:&quot;hosted&quot;,&quot;autoplay&quot;:&quot;yes&quot;,&quot;play_on_mobile&quot;:&quot;yes&quot;,&quot;mute&quot;:&quot;yes&quot;,&quot;loop&quot;:&quot;yes&quot;}\" data-widget_type=\"video.default\">\n\t\t\t\t<div class=\"elementor-widget-container\">\n\t\t\t\t\t\t\t<div class=\"e-hosted-video elementor-wrapper elementor-open-inline\">\n\t\t\t\t\t<video class=\"elementor-video\" src=\"https:\/\/browsomepro.com\/wp-content\/uploads\/2026\/01\/3eb29ab787df401a96541d6489e8b781.SD-480p-1.0Mbps-61257446.mp4\" autoplay=\"\" loop=\"\" muted=\"muted\" playsinline=\"\" controlsList=\"nodownload\"><\/video>\n\t\t\t\t<\/div>\n\t\t\t\t\t\t<\/div>\n\t\t\t\t<\/div>\n\t\t\t\t<\/div>\n\t\t\t\t\t<\/div>\n\t\t\t\t<\/div>\n\t\t\t\t<\/div>\n\t\t","protected":false},"excerpt":{"rendered":"<p>Le nekaj nanosov do vidno polnej\u0161ih obrvi.<br \/>\nXBROW serum za obrvi pomaga okrepiti rast in izbolj\u0161a videz obrvi.<\/p>\n<p>Serum deluje tako, da podalj\u0161uje naravno fazo rasti obrvi. Prve rezultate opazi\u0161 \u017ee po 4 tednih, po 12 tednih pa bodo tvoje obrvi v sredi\u0161\u010du pozornosti.<\/p>\n<p><strong>Klini\u010dno dokazana formula <\/strong>zdru\u017euje <strong>biotin, izvle\u010dek ro\u017emarina<\/strong> in <strong>hialuronsko kislino.<\/strong> Skupaj podpirajo tvorbo keratina, globinsko negujejo in vla\u017eijo vsako posamezen dla\u010dico ter spodbujajo lasne me\u0161i\u010dke za gostej\u0161e in bolj polne obrvi.<\/p>\n<p>Serum za obrvi je tudi:<br \/>\n\u2713 hipoalergen<br \/>\n\u2713 dermatolo\u0161ko testiran<br \/>\n\u2713 oftalmolo\u0161ko testiran<br \/>\n\u2713 izdelan na \u0160vedskem<\/p>\n<p><strong>Vidni rezultati, podprti z znanostjo.<\/strong><\/p>\n<p>Koli\u010dina: 3 ml<br \/>\nProizvedeno v: \u0160vedska<\/p>\n[cg_accordion title=\"Sestavine\"]Aqua, Propanediol, Sodium hyaluronate, Glycerin, Butylene Glycol, Pisum Sativum Peptide, Rosa Canina fruit extract, Camellia Sinensis Leaf Extract, Phenoxyethanol, Hydrolyzed rice protein, Curcuma Longa Callus Conditioned Media, Caffeine, Xanthan gum, Pentylene Glycol, Hydrolyzed soy protein, Ethylhexylglycerin, Silica, Glycogen, Polygonum Cuspidatum Root Extract, Scutellaria Baicalensis Root Extract, Leuconostoc\/Radish Root Ferment Lysate Filtrate, Isochrysis Galbana Extract, Rosmarinus Officinalis Leaf Extract, Centella Asiatica Extract, Chamomilla Recutita Matricaria Flower Extract, Glycyrrhiza Glabra Root Extract, Panthenol, Octapeptide-2, Biotinoyl Tripeptide-1, Myristoyl Tetrapeptide-12, Myristoyl Hexapeptide-16, Myristoyl Pentapeptide-17, Biotinoyl Tripeptide-1, Phytic Acid, Zingiber Officinale water.<br \/>\n[\/cg_accordion]\n","protected":false},"featured_media":28782,"template":"","meta":{"_acf_changed":false,"_monsterinsights_skip_tracking":false,"_monsterinsights_sitenote_active":false,"_monsterinsights_sitenote_note":"","_monsterinsights_sitenote_category":0},"product_brand":[],"product_cat":[613],"product_tag":[],"class_list":{"0":"post-28779","1":"product","2":"type-product","3":"status-publish","4":"has-post-thumbnail","6":"product_cat-xlash-sl","8":"first","9":"instock","10":"taxable","11":"shipping-taxable","12":"purchasable","13":"product-type-simple"},"acf":[],"aioseo_notices":[],"_links":{"self":[{"href":"https:\/\/browsomepro.com\/sl\/wp-json\/wp\/v2\/product\/28779","targetHints":{"allow":["GET"]}}],"collection":[{"href":"https:\/\/browsomepro.com\/sl\/wp-json\/wp\/v2\/product"}],"about":[{"href":"https:\/\/browsomepro.com\/sl\/wp-json\/wp\/v2\/types\/product"}],"version-history":[{"count":7,"href":"https:\/\/browsomepro.com\/sl\/wp-json\/wp\/v2\/product\/28779\/revisions"}],"predecessor-version":[{"id":28871,"href":"https:\/\/browsomepro.com\/sl\/wp-json\/wp\/v2\/product\/28779\/revisions\/28871"}],"wp:featuredmedia":[{"embeddable":true,"href":"https:\/\/browsomepro.com\/sl\/wp-json\/wp\/v2\/media\/28782"}],"wp:attachment":[{"href":"https:\/\/browsomepro.com\/sl\/wp-json\/wp\/v2\/media?parent=28779"}],"wp:term":[{"taxonomy":"product_brand","embeddable":true,"href":"https:\/\/browsomepro.com\/sl\/wp-json\/wp\/v2\/product_brand?post=28779"},{"taxonomy":"product_cat","embeddable":true,"href":"https:\/\/browsomepro.com\/sl\/wp-json\/wp\/v2\/product_cat?post=28779"},{"taxonomy":"product_tag","embeddable":true,"href":"https:\/\/browsomepro.com\/sl\/wp-json\/wp\/v2\/product_tag?post=28779"}],"curies":[{"name":"wp","href":"https:\/\/api.w.org\/{rel}","templated":true}]}}