{"id":28307,"date":"2026-01-13T17:22:13","date_gmt":"2026-01-13T16:22:13","guid":{"rendered":"https:\/\/browsomepro.com\/?post_type=product&#038;p=28307"},"modified":"2026-04-21T10:25:11","modified_gmt":"2026-04-21T09:25:11","slug":"botanic-gold-serum-15ml","status":"publish","type":"product","link":"https:\/\/browsomepro.com\/sl\/izdelek\/botanic-gold-serum-15ml\/","title":{"rendered":"Pink Flash \u2013 Botanic Gold Serum 15ml"},"content":{"rendered":"\t\t<div data-elementor-type=\"product-post\" data-elementor-id=\"28307\" class=\"elementor elementor-28307 elementor-28306\" data-elementor-post-type=\"product\">\n\t\t\t\t<div class=\"elementor-element elementor-element-31d7bf2b e-flex e-con-boxed e-con e-parent\" data-id=\"31d7bf2b\" data-element_type=\"container\">\n\t\t\t\t\t<div class=\"e-con-inner\">\n\t\t<div class=\"elementor-element elementor-element-2e779ad4 e-con-full e-flex e-con e-child\" data-id=\"2e779ad4\" data-element_type=\"container\">\n\t\t\t\t<div class=\"elementor-element elementor-element-1b4e357b elementor-widget elementor-widget-image\" data-id=\"1b4e357b\" data-element_type=\"widget\" data-widget_type=\"image.default\">\n\t\t\t\t<div class=\"elementor-widget-container\">\n\t\t\t\t\t\t\t\t\t\t\t\t\t\t\t<img fetchpriority=\"high\" decoding=\"async\" width=\"2048\" height=\"2048\" src=\"https:\/\/browsomepro.com\/wp-content\/uploads\/2026\/01\/68ed39a6-ec83-4553-ab19-6ada87c390e3.jpeg\" class=\"attachment-full size-full wp-image-28231\" alt=\"\" srcset=\"https:\/\/browsomepro.com\/wp-content\/uploads\/2026\/01\/68ed39a6-ec83-4553-ab19-6ada87c390e3.jpeg 2048w, https:\/\/browsomepro.com\/wp-content\/uploads\/2026\/01\/68ed39a6-ec83-4553-ab19-6ada87c390e3-300x300.jpeg 300w, https:\/\/browsomepro.com\/wp-content\/uploads\/2026\/01\/68ed39a6-ec83-4553-ab19-6ada87c390e3-1024x1024.jpeg 1024w, https:\/\/browsomepro.com\/wp-content\/uploads\/2026\/01\/68ed39a6-ec83-4553-ab19-6ada87c390e3-150x150.jpeg 150w, https:\/\/browsomepro.com\/wp-content\/uploads\/2026\/01\/68ed39a6-ec83-4553-ab19-6ada87c390e3-768x768.jpeg 768w, https:\/\/browsomepro.com\/wp-content\/uploads\/2026\/01\/68ed39a6-ec83-4553-ab19-6ada87c390e3-1536x1536.jpeg 1536w, https:\/\/browsomepro.com\/wp-content\/uploads\/2026\/01\/68ed39a6-ec83-4553-ab19-6ada87c390e3-990x990.jpeg 990w, https:\/\/browsomepro.com\/wp-content\/uploads\/2026\/01\/68ed39a6-ec83-4553-ab19-6ada87c390e3-441x441.jpeg 441w, https:\/\/browsomepro.com\/wp-content\/uploads\/2026\/01\/68ed39a6-ec83-4553-ab19-6ada87c390e3-100x100.jpeg 100w, https:\/\/browsomepro.com\/wp-content\/uploads\/2026\/01\/68ed39a6-ec83-4553-ab19-6ada87c390e3-800x800.jpeg 800w\" sizes=\"(max-width: 360px) 147px, (max-width: 2048px) 100vw, 2048px\" \/>\t\t\t\t\t\t\t\t\t\t\t\t\t\t\t<\/div>\n\t\t\t\t<\/div>\n\t\t\t\t<\/div>\n\t\t<div class=\"elementor-element elementor-element-6f18d6df e-con-full e-flex e-con e-child\" data-id=\"6f18d6df\" data-element_type=\"container\" data-settings=\"{&quot;background_background&quot;:&quot;classic&quot;}\">\n\t\t\t\t<div class=\"elementor-element elementor-element-504a81c2 elementor-widget elementor-widget-heading\" data-id=\"504a81c2\" data-element_type=\"widget\" data-widget_type=\"heading.default\">\n\t\t\t\t<div class=\"elementor-widget-container\">\n\t\t\t\t\t<h2 class=\"elementor-heading-title elementor-size-default\">Mo\u010d ne\u017enega vihanja<\/h2>\t\t\t\t<\/div>\n\t\t\t\t<\/div>\n\t\t\t\t<div class=\"elementor-element elementor-element-391dff0c elementor-widget elementor-widget-text-editor\" data-id=\"391dff0c\" data-element_type=\"widget\" data-widget_type=\"text-editor.default\">\n\t\t\t\t<div class=\"elementor-widget-container\">\n\t\t\t\t\t\t\t\t\t<div class=\"flex flex-col text-sm pb-25\">\n<article class=\"text-token-text-primary w-full focus:outline-none [--shadow-height:45px] has-data-writing-block:pointer-events-none has-data-writing-block:-mt-(--shadow-height) has-data-writing-block:pt-(--shadow-height) [&amp;:has([data-writing-block])&gt;*]:pointer-events-auto scroll-mt-[calc(var(--header-height)+min(200px,max(70px,20svh)))]\" dir=\"auto\" tabindex=\"-1\" data-turn-id=\"request-WEB:153fa730-647c-458b-8a22-b2a99b4eab07-4\" data-testid=\"conversation-turn-10\" data-scroll-anchor=\"true\" data-turn=\"assistant\">\n<div class=\"text-base my-auto mx-auto pb-10 [--thread-content-margin:--spacing(4)] @w-sm\/main:[--thread-content-margin:--spacing(6)] @w-lg\/main:[--thread-content-margin:--spacing(16)] px-(--thread-content-margin)\">\n<div class=\"[--thread-content-max-width:40rem] @w-lg\/main:[--thread-content-max-width:48rem] mx-auto max-w-(--thread-content-max-width) flex-1 group\/turn-messages focus-visible:outline-hidden relative flex w-full min-w-0 flex-col agent-turn\" tabindex=\"-1\">\n<div class=\"flex max-w-full flex-col grow\">\n<div class=\"min-h-8 text-message relative flex w-full flex-col items-end gap-2 text-start break-words whitespace-normal [.text-message+&amp;]:mt-1\" dir=\"auto\" data-message-author-role=\"assistant\" data-message-id=\"f0f4b6f9-8c56-4855-a3cd-292de62e1858\" data-message-model-slug=\"gpt-5-2\">\n<div class=\"flex w-full flex-col gap-1 empty:hidden first:pt-[1px]\">\n<div class=\"markdown prose dark:prose-invert w-full break-words light markdown-new-styling\">\n<p data-start=\"140\" data-end=\"445\">Temelj blagovne znamke Pink Flash Switzerland je<br \/> <strong data-start=\"189\" data-end=\"218\">Organic Cysteamine System. <br \/> <\/strong> Re\u0161itev nove generacije, zasnovana za mo\u010dne in zanesljive rezultate brez kompromisov pri zdravju dla\u010dic. Predstavlja pametnej\u0161o alternativo klasi\u010dnim sistemom, saj omogo\u010da hitro delovanje z opazno ne\u017enej\u0161im u\u010dinkom na strukturo trepalnic in obrvi. <\/p>\n<p data-start=\"447\" data-end=\"719\">Formula na osnovi cisteamina deluje v popolni harmoniji s trepalnicami in obrvmi ter pomaga ohranjati njihovo mo\u010d, elasti\u010dnost in naravni sijaj skozi vsak tretma. Kremaste teksture omogo\u010dajo natan\u010den in brezhiben nanos, zanesljiva u\u010dinkovitost pa zagotavlja \u010dudovit, enakomeren lift pri vsaki uporabi. <\/p>\n<\/div>\n<\/div>\n<\/div>\n<\/div>\n<\/div>\n<\/div>\n<\/article>\n<\/div>\n\t\t\t\t\t\t\t\t<\/div>\n\t\t\t\t<\/div>\n\t\t\t\t<div class=\"elementor-element elementor-element-6f648fca elementor-widget elementor-widget-toggle\" data-id=\"6f648fca\" data-element_type=\"widget\" data-widget_type=\"toggle.default\">\n\t\t\t\t<div class=\"elementor-widget-container\">\n\t\t\t\t\t\t\t<div class=\"elementor-toggle\">\n\t\t\t\t\t\t\t<div class=\"elementor-toggle-item\">\n\t\t\t\t\t<div id=\"elementor-tab-title-1861\" class=\"elementor-tab-title\" data-tab=\"1\" role=\"button\" aria-controls=\"elementor-tab-content-1861\" aria-expanded=\"false\">\n\t\t\t\t\t\t\t\t\t\t\t\t<span class=\"elementor-toggle-icon elementor-toggle-icon-left\" aria-hidden=\"true\">\n\t\t\t\t\t\t\t\t\t\t\t\t\t\t\t<span class=\"elementor-toggle-icon-closed\"><svg class=\"e-font-icon-svg e-fas-caret-right\" viewBox=\"0 0 192 512\" xmlns=\"http:\/\/www.w3.org\/2000\/svg\"><path d=\"M0 384.662V127.338c0-17.818 21.543-26.741 34.142-14.142l128.662 128.662c7.81 7.81 7.81 20.474 0 28.284L34.142 398.804C21.543 411.404 0 402.48 0 384.662z\"><\/path><\/svg><\/span>\n\t\t\t\t\t\t\t\t<span class=\"elementor-toggle-icon-opened\"><svg class=\"elementor-toggle-icon-opened e-font-icon-svg e-fas-caret-up\" viewBox=\"0 0 320 512\" xmlns=\"http:\/\/www.w3.org\/2000\/svg\"><path d=\"M288.662 352H31.338c-17.818 0-26.741-21.543-14.142-34.142l128.662-128.662c7.81-7.81 20.474-7.81 28.284 0l128.662 128.662c12.6 12.599 3.676 34.142-14.142 34.142z\"><\/path><\/svg><\/span>\n\t\t\t\t\t\t\t\t\t\t\t\t\t<\/span>\n\t\t\t\t\t\t\t\t\t\t\t\t<a class=\"elementor-toggle-title\" tabindex=\"0\">\u010cas delovanja<\/a>\n\t\t\t\t\t<\/div>\n\n\t\t\t\t\t<div id=\"elementor-tab-content-1861\" class=\"elementor-tab-content elementor-clearfix\" data-tab=\"1\" role=\"region\" aria-labelledby=\"elementor-tab-title-1861\"><p data-start=\"149\" data-end=\"169\"><strong data-start=\"149\" data-end=\"169\">KORAK 1 LIFTING<\/strong><\/p>\n<ul>\n<li data-start=\"171\" data-end=\"207\">Tanke dla\u010dice<br data-start=\"191\" data-end=\"194\">4\u20136 minut<\/li>\n<li data-start=\"209\" data-end=\"247\">Dla\u010dice srednje debeline<br data-start=\"231\" data-end=\"234\">7\u20138 minut<\/li>\n<li data-start=\"249\" data-end=\"290\">Debele ali neukrotljive dla\u010dice<br data-start=\"273\" data-end=\"276\">9\u201310 minut<\/li>\n<\/ul>\n<p data-start=\"292\" data-end=\"416\"><img decoding=\"async\" draggable=\"false\" role=\"img\" class=\"emoji\" alt=\"\u26a0\ufe0f\" src=\"https:\/\/s.w.org\/images\/core\/emoji\/17.0.2\/svg\/26a0.svg\"> Navedeni \u010dasi so zgolj orientacijski. Med celotnim tretmajem vedno spremljaj stanje trepalnic ali obrvi, da prepre\u010di\u0161 prekomerno delovanje izdelkov. <\/p>\n<p data-start=\"418\" data-end=\"443\"><strong data-start=\"418\" data-end=\"443\">KORAK 2 NEVTRALIZACIJA<\/strong><\/p>\n<p data-start=\"445\" data-end=\"532\">Uporabite <strong data-start=\"449\" data-end=\"488\">enake \u010dase delovanja kot pri 1. koraku.<\/strong><\/p>\n<\/div>\n\t\t\t\t<\/div>\n\t\t\t\t\t\t\t\t<\/div>\n\t\t\t\t\t\t<\/div>\n\t\t\t\t<\/div>\n\t\t\t\t<\/div>\n\t\t\t\t\t<\/div>\n\t\t\t\t<\/div>\n\t\t\t\t<\/div>\n\t\t","protected":false},"excerpt":{"rendered":"<p>Pink Flash Botanic Gold Serum je <strong>premium aftercare serum<\/strong>, ki v eni lahkotni, hitro vpojni formuli zdru\u017euje globinsko nego, intenzivno vla\u017eenje in prefinjen zlat sijaj. Obogaten je z ne\u017eno ble\u0161\u010de\u010dimi zlatimi delci, ki takoj poudarijo kon\u010dni rezultat tretmaja \u2013 brez lepljivega ob\u010dutka ali mastnih ostankov. <\/p>\n<p>Navdihnjen z naprednimi korejskimi tehnikami nege ko\u017ee. Pomirja, neguje in \u0161\u010diti trepalnice ter obrvi.<\/p>\n<p>Serum je obogaten s hialuronsko kislino, ceramidi in ve\u010d kot 10 botani\u010dnimi izvle\u010dki, ki krepijo in \u0161\u010ditijo strukturo dla\u010dic, pomirjajo po kemi\u010dnih tretmajih ter pomagajo podalj\u0161ati rezultate lash lifta in laminacije. Zlat sijaj poskrbi za takoj\u0161en \u201cwow\u201d u\u010dinek \u2013 brez mastnega ob\u010dutka ali ostankov \u2013 zato je serum popoln zaklju\u010dni korak pri profesionalnih tretmajih in idealen tudi za vsakodnevno doma\u010do nego. <\/p>\n<p><strong>Navodila za uporabo:<\/strong><\/p>\n<p>Profesionalna uporaba: Majhno koli\u010dino seruma nanesi na \u010diste trepalnice in obrvi kot zaklju\u010dni korak po lash liftu, laminaciji ali barvanju. S pomo\u010djo krta\u010dke izdelek ne\u017eno in enakomerno razporedi po dla\u010dicah.<\/p>\n<p>Nega doma: Serum vsakodnevno nanesi na \u010diste trepalnice in obrvi za ohranjanje vla\u017eenja, krepitev dla\u010dic in podalj\u0161anje rezultatov tretmajev. Izpiranje ni potrebno. Serum se hitro vpije ter pusti sijo\u010d, zlat zaklju\u010dek in svilnat, lahek ob\u010dutek brez obte\u017eitve.  <\/p>\n[cg_accordion title=\"Sestavine\"]<\/p>\n<p>Aqua (Water), Methylpropanediol, Glycerin, Butylene Glycol, Soidum Hyaluronate, 1,2 Hexanediol Caprylyl Glycol, Triethanolamine, Carbomer, Cetyylethylhexanoate, Hydroxacetonephenone, Neopentyl Glycol Diacprate, Disodium EDTA, Allantoin, Stearic Acie, Glyceryl Stearate, Ceramide NP, Sucrose Stearate, Hexyl Laurate, Cholesterol, Glycosphingolipids, Ethylhexlglycerin, Nelumbo Nucifera Flower Extract, Morus Alba Bark Extract, Saussurea Involucrata Extract, Lilium Candidum Flower Extract, Houttuynia Cordata Extract, Freesia Alba Flower Extract, Bellis Perennis (Daisy) Flower Extract, Leontopodium Alpinum Flower Extract, Panax Ginseng Root Extract, Hydrogenated Phosphatidycholine, Caprylic\/Capric Triglyceride, Biotin, Loeselia Mexicana Leaf Extract, Dimethicone, Steareth-12, Hyaluronic Acid, Olive Oil, Emulsifier, Fragrance (Parfum)<\/p>\n<p>[\/cg_accordion]\n<p><strong>Koli\u010dina: <\/strong> 15ml<br \/>\nProizvedeno v: Italija<\/p>\n","protected":false},"featured_media":28264,"template":"","meta":{"_acf_changed":false,"_monsterinsights_skip_tracking":false,"_monsterinsights_sitenote_active":false,"_monsterinsights_sitenote_note":"","_monsterinsights_sitenote_category":0},"product_brand":[],"product_cat":[524,238,507,231,229],"product_tag":[],"class_list":{"0":"post-28307","1":"product","2":"type-product","3":"status-publish","4":"has-post-thumbnail","6":"product_cat-korejski-lash-lift","7":"product_cat-nakup-po-znamki","8":"product_cat-pink-flash-sl","9":"product_cat-nega-po-tretmajih-in-priprava","10":"product_cat-trepalnice","12":"first","13":"instock","14":"taxable","15":"shipping-taxable","16":"purchasable","17":"product-type-simple"},"acf":[],"aioseo_notices":[],"_links":{"self":[{"href":"https:\/\/browsomepro.com\/sl\/wp-json\/wp\/v2\/product\/28307","targetHints":{"allow":["GET"]}}],"collection":[{"href":"https:\/\/browsomepro.com\/sl\/wp-json\/wp\/v2\/product"}],"about":[{"href":"https:\/\/browsomepro.com\/sl\/wp-json\/wp\/v2\/types\/product"}],"version-history":[{"count":3,"href":"https:\/\/browsomepro.com\/sl\/wp-json\/wp\/v2\/product\/28307\/revisions"}],"predecessor-version":[{"id":28471,"href":"https:\/\/browsomepro.com\/sl\/wp-json\/wp\/v2\/product\/28307\/revisions\/28471"}],"wp:featuredmedia":[{"embeddable":true,"href":"https:\/\/browsomepro.com\/sl\/wp-json\/wp\/v2\/media\/28264"}],"wp:attachment":[{"href":"https:\/\/browsomepro.com\/sl\/wp-json\/wp\/v2\/media?parent=28307"}],"wp:term":[{"taxonomy":"product_brand","embeddable":true,"href":"https:\/\/browsomepro.com\/sl\/wp-json\/wp\/v2\/product_brand?post=28307"},{"taxonomy":"product_cat","embeddable":true,"href":"https:\/\/browsomepro.com\/sl\/wp-json\/wp\/v2\/product_cat?post=28307"},{"taxonomy":"product_tag","embeddable":true,"href":"https:\/\/browsomepro.com\/sl\/wp-json\/wp\/v2\/product_tag?post=28307"}],"curies":[{"name":"wp","href":"https:\/\/api.w.org\/{rel}","templated":true}]}}