{"id":28201,"date":"2026-01-13T01:20:37","date_gmt":"2026-01-13T00:20:37","guid":{"rendered":"https:\/\/browsomepro.com\/?post_type=product&#038;p=28201"},"modified":"2026-04-15T21:42:12","modified_gmt":"2026-04-15T20:42:12","slug":"noemi-innovate-korean-flat-shields","status":"publish","type":"product","link":"https:\/\/browsomepro.com\/sl\/izdelek\/noemi-innovate-korean-flat-shields\/","title":{"rendered":"Noemi \u2013 Innovate Korean Flat Shields"},"content":{"rendered":"","protected":false},"excerpt":{"rendered":"<p>Noemi Innovate Shields so zasnovane za sodobno korejsko tehniko vihanja trepalnic, ki omogo\u010da dvig trepalnic neposredno pri korenu \u2013 brez uporabe lepila. Plo\u0161\u010data oblika se popolno prilega naravni liniji veke ter omogo\u010da enakomeren, nadzorovan in izrazitej\u0161i rezultat. <\/p>\n<p>Izdelane so iz kakovostnega, gladkega silikona, ki omogo\u010da dober oprijem, enostavno name\u0161\u010danje in spro\u0161\u010deno delo brez zapletov. Blazinice so trpe\u017ene, enostavne za \u010di\u0161\u010denje in razku\u017eevanje ter ohranijo svojo obliko tudi pri redni profesionalni uporabi. <\/p>\n<p>Barva: roza<br \/>\nVsebina: 1 par <\/p>\n","protected":false},"featured_media":28211,"template":"","meta":{"_acf_changed":false,"_monsterinsights_skip_tracking":false,"_monsterinsights_sitenote_active":false,"_monsterinsights_sitenote_note":"","_monsterinsights_sitenote_category":0},"product_brand":[],"product_cat":[306,524,255,258,236,229],"product_tag":[],"class_list":{"0":"post-28201","1":"product","2":"type-product","3":"status-publish","4":"has-post-thumbnail","6":"product_cat-blazinice-in-kompenzatorji-sl-6","7":"product_cat-korejski-lash-lift","8":"product_cat-noemi-sl","9":"product_cat-vihanje-trepalnic-sl","10":"product_cat-blazinice-in-kompenzatorji","11":"product_cat-trepalnice","13":"first","14":"instock","15":"taxable","16":"shipping-taxable","17":"purchasable","18":"product-type-simple"},"acf":[],"aioseo_notices":[],"_links":{"self":[{"href":"https:\/\/browsomepro.com\/sl\/wp-json\/wp\/v2\/product\/28201","targetHints":{"allow":["GET"]}}],"collection":[{"href":"https:\/\/browsomepro.com\/sl\/wp-json\/wp\/v2\/product"}],"about":[{"href":"https:\/\/browsomepro.com\/sl\/wp-json\/wp\/v2\/types\/product"}],"version-history":[{"count":2,"href":"https:\/\/browsomepro.com\/sl\/wp-json\/wp\/v2\/product\/28201\/revisions"}],"predecessor-version":[{"id":28213,"href":"https:\/\/browsomepro.com\/sl\/wp-json\/wp\/v2\/product\/28201\/revisions\/28213"}],"wp:featuredmedia":[{"embeddable":true,"href":"https:\/\/browsomepro.com\/sl\/wp-json\/wp\/v2\/media\/28211"}],"wp:attachment":[{"href":"https:\/\/browsomepro.com\/sl\/wp-json\/wp\/v2\/media?parent=28201"}],"wp:term":[{"taxonomy":"product_brand","embeddable":true,"href":"https:\/\/browsomepro.com\/sl\/wp-json\/wp\/v2\/product_brand?post=28201"},{"taxonomy":"product_cat","embeddable":true,"href":"https:\/\/browsomepro.com\/sl\/wp-json\/wp\/v2\/product_cat?post=28201"},{"taxonomy":"product_tag","embeddable":true,"href":"https:\/\/browsomepro.com\/sl\/wp-json\/wp\/v2\/product_tag?post=28201"}],"curies":[{"name":"wp","href":"https:\/\/api.w.org\/{rel}","templated":true}]}}