{"id":23635,"date":"2025-10-29T15:01:02","date_gmt":"2025-10-29T14:01:02","guid":{"rendered":"https:\/\/browsomepro.com\/?post_type=product&#038;p=23635"},"modified":"2026-04-15T17:37:10","modified_gmt":"2026-04-15T16:37:10","slug":"koreanlashliftset","status":"publish","type":"product","link":"https:\/\/browsomepro.com\/sl\/izdelek\/koreanlashliftset\/","title":{"rendered":"Korean Lash Lift Set \u2013 Bestsellers"},"content":{"rendered":"\t\t<div data-elementor-type=\"product-post\" data-elementor-id=\"23635\" class=\"elementor elementor-23635 elementor-23634\" data-elementor-post-type=\"product\">\n\t\t\t\t<div class=\"elementor-element elementor-element-51712047 e-flex e-con-boxed e-con e-parent\" data-id=\"51712047\" data-element_type=\"container\">\n\t\t\t\t\t<div class=\"e-con-inner\">\n\t\t<div class=\"elementor-element elementor-element-845825a e-con-full e-flex e-con e-child\" data-id=\"845825a\" data-element_type=\"container\">\n\t\t\t\t<div class=\"elementor-element elementor-element-218a9f3e elementor-widget elementor-widget-image\" data-id=\"218a9f3e\" data-element_type=\"widget\" data-widget_type=\"image.default\">\n\t\t\t\t<div class=\"elementor-widget-container\">\n\t\t\t\t\t\t\t\t\t\t\t\t\t\t\t<img fetchpriority=\"high\" decoding=\"async\" width=\"1080\" height=\"1350\" src=\"https:\/\/browsomepro.com\/wp-content\/uploads\/2025\/08\/3.png\" class=\"attachment-full size-full wp-image-22191\" alt=\"\" srcset=\"https:\/\/browsomepro.com\/wp-content\/uploads\/2025\/08\/3.png 1080w, https:\/\/browsomepro.com\/wp-content\/uploads\/2025\/08\/3-300x375.png 300w, https:\/\/browsomepro.com\/wp-content\/uploads\/2025\/08\/3-150x188.png 150w, https:\/\/browsomepro.com\/wp-content\/uploads\/2025\/08\/3-800x1000.png 800w, https:\/\/browsomepro.com\/wp-content\/uploads\/2025\/08\/3-240x300.png 240w, https:\/\/browsomepro.com\/wp-content\/uploads\/2025\/08\/3-819x1024.png 819w, https:\/\/browsomepro.com\/wp-content\/uploads\/2025\/08\/3-768x960.png 768w, https:\/\/browsomepro.com\/wp-content\/uploads\/2025\/08\/3-990x1238.png 990w, https:\/\/browsomepro.com\/wp-content\/uploads\/2025\/08\/3-441x551.png 441w\" sizes=\"(max-width: 360px) 147px, (max-width: 1080px) 100vw, 1080px\" \/>\t\t\t\t\t\t\t\t\t\t\t\t\t\t\t<\/div>\n\t\t\t\t<\/div>\n\t\t\t\t<\/div>\n\t\t<div class=\"elementor-element elementor-element-7bcdd384 e-con-full e-flex e-con e-child\" data-id=\"7bcdd384\" data-element_type=\"container\" data-settings=\"{&quot;background_background&quot;:&quot;classic&quot;}\">\n\t\t\t\t<div class=\"elementor-element elementor-element-4a52f4eb elementor-widget elementor-widget-heading\" data-id=\"4a52f4eb\" data-element_type=\"widget\" data-widget_type=\"heading.default\">\n\t\t\t\t<div class=\"elementor-widget-container\">\n\t\t\t\t\t<h2 class=\"elementor-heading-title elementor-size-default\">Revolucija v svetu trepalnic in obrvi<\/h2>\t\t\t\t<\/div>\n\t\t\t\t<\/div>\n\t\t\t\t<div class=\"elementor-element elementor-element-22a19f91 elementor-widget elementor-widget-text-editor\" data-id=\"22a19f91\" data-element_type=\"widget\" data-widget_type=\"text-editor.default\">\n\t\t\t\t<div class=\"elementor-widget-container\">\n\t\t\t\t\t\t\t\t\t<p><strong>Noemi Innovate System j<\/strong>e celovit profesionalni set za vihanje trepalnic in laminacijo obrvi, ki zdru\u017euje korak 1 (lifting formula), korak 2 (fiksacija &amp; nega), ter revolucionarni <strong>Noemi Gooey Powder. <\/strong>Primeren je za vse sodobne tehnike vihanja, vklju\u010dno s<strong> korejsko metodo<\/strong> in <strong>metodo brez lepila<\/strong>. Sistem zagotavlja varno preoblikovanje, mo\u010dno fiksacijo in nadzorovano oprijemljivost, hkrati pa trepalnice in ko\u017eo neguje ter \u0161\u010diti.<\/p>\n\t\t\t\t\t\t\t\t<\/div>\n\t\t\t\t<\/div>\n\t\t\t\t<div class=\"elementor-element elementor-element-1edce71 elementor-widget elementor-widget-toggle\" data-id=\"1edce71\" data-element_type=\"widget\" data-widget_type=\"toggle.default\">\n\t\t\t\t<div class=\"elementor-widget-container\">\n\t\t\t\t\t\t\t<div class=\"elementor-toggle\">\n\t\t\t\t\t\t\t<div class=\"elementor-toggle-item\">\n\t\t\t\t\t<div id=\"elementor-tab-title-3231\" class=\"elementor-tab-title\" data-tab=\"1\" role=\"button\" aria-controls=\"elementor-tab-content-3231\" aria-expanded=\"false\">\n\t\t\t\t\t\t\t\t\t\t\t\t<span class=\"elementor-toggle-icon elementor-toggle-icon-left\" aria-hidden=\"true\">\n\t\t\t\t\t\t\t\t\t\t\t\t\t\t\t<span class=\"elementor-toggle-icon-closed\"><svg class=\"e-font-icon-svg e-fas-caret-right\" viewBox=\"0 0 192 512\" xmlns=\"http:\/\/www.w3.org\/2000\/svg\"><path d=\"M0 384.662V127.338c0-17.818 21.543-26.741 34.142-14.142l128.662 128.662c7.81 7.81 7.81 20.474 0 28.284L34.142 398.804C21.543 411.404 0 402.48 0 384.662z\"><\/path><\/svg><\/span>\n\t\t\t\t\t\t\t\t<span class=\"elementor-toggle-icon-opened\"><svg class=\"elementor-toggle-icon-opened e-font-icon-svg e-fas-caret-up\" viewBox=\"0 0 320 512\" xmlns=\"http:\/\/www.w3.org\/2000\/svg\"><path d=\"M288.662 352H31.338c-17.818 0-26.741-21.543-14.142-34.142l128.662-128.662c7.81-7.81 20.474-7.81 28.284 0l128.662 128.662c12.6 12.599 3.676 34.142-14.142 34.142z\"><\/path><\/svg><\/span>\n\t\t\t\t\t\t\t\t\t\t\t\t\t<\/span>\n\t\t\t\t\t\t\t\t\t\t\t\t<a class=\"elementor-toggle-title\" tabindex=\"0\">Step 1: Lifting Formula<\/a>\n\t\t\t\t\t<\/div>\n\n\t\t\t\t\t<div id=\"elementor-tab-content-3231\" class=\"elementor-tab-content elementor-clearfix\" data-tab=\"1\" role=\"region\" aria-labelledby=\"elementor-tab-title-3231\"><ul>\n<li data-start=\"1083\" data-end=\"1157\">\n<p data-start=\"1085\" data-end=\"1157\"><strong data-start=\"1085\" data-end=\"1113\">Formula na osnovi cisteamina <\/strong>za varno in u\u010dinkovito preoblikovanje dla\u010dic.<\/p>\n<\/li>\n<li data-start=\"1083\" data-end=\"1157\">\n<p data-start=\"1085\" data-end=\"1157\"><strong data-start=\"1160\" data-end=\"1187\">Arganovo olje in karitejevo maslo <\/strong>krepita dla\u010dice ter \u0161\u010ditita pred izsu\u0161itvijo.<\/p>\n<\/li>\n<li data-start=\"1229\" data-end=\"1290\">\n<p data-start=\"1231\" data-end=\"1290\"><strong data-start=\"1231\" data-end=\"1254\">Hidrolizirani proteini<\/strong> pove\u010dajo pro\u017enost ter krepijo strukturo dla\u010dic.<\/p>\n<\/li>\n<li data-start=\"1291\" data-end=\"1336\">\n<p data-start=\"1293\" data-end=\"1336\"><strong data-start=\"1293\" data-end=\"1312\">Zeli\u0161\u010dni izvle\u010dki<\/strong> nudijo pomirjujo\u010do nego.<\/p>\n<\/li>\n<\/ul>\n<\/div>\n\t\t\t\t<\/div>\n\t\t\t\t\t\t\t<div class=\"elementor-toggle-item\">\n\t\t\t\t\t<div id=\"elementor-tab-title-3232\" class=\"elementor-tab-title\" data-tab=\"2\" role=\"button\" aria-controls=\"elementor-tab-content-3232\" aria-expanded=\"false\">\n\t\t\t\t\t\t\t\t\t\t\t\t<span class=\"elementor-toggle-icon elementor-toggle-icon-left\" aria-hidden=\"true\">\n\t\t\t\t\t\t\t\t\t\t\t\t\t\t\t<span class=\"elementor-toggle-icon-closed\"><svg class=\"e-font-icon-svg e-fas-caret-right\" viewBox=\"0 0 192 512\" xmlns=\"http:\/\/www.w3.org\/2000\/svg\"><path d=\"M0 384.662V127.338c0-17.818 21.543-26.741 34.142-14.142l128.662 128.662c7.81 7.81 7.81 20.474 0 28.284L34.142 398.804C21.543 411.404 0 402.48 0 384.662z\"><\/path><\/svg><\/span>\n\t\t\t\t\t\t\t\t<span class=\"elementor-toggle-icon-opened\"><svg class=\"elementor-toggle-icon-opened e-font-icon-svg e-fas-caret-up\" viewBox=\"0 0 320 512\" xmlns=\"http:\/\/www.w3.org\/2000\/svg\"><path d=\"M288.662 352H31.338c-17.818 0-26.741-21.543-14.142-34.142l128.662-128.662c7.81-7.81 20.474-7.81 28.284 0l128.662 128.662c12.6 12.599 3.676 34.142-14.142 34.142z\"><\/path><\/svg><\/span>\n\t\t\t\t\t\t\t\t\t\t\t\t\t<\/span>\n\t\t\t\t\t\t\t\t\t\t\t\t<a class=\"elementor-toggle-title\" tabindex=\"0\">Step 2: Fixation &amp; Care Formula<\/a>\n\t\t\t\t\t<\/div>\n\n\t\t\t\t\t<div id=\"elementor-tab-content-3232\" class=\"elementor-tab-content elementor-clearfix\" data-tab=\"2\" role=\"region\" aria-labelledby=\"elementor-tab-title-3232\"><ul>\n<li data-start=\"1377\" data-end=\"1440\">\n<p data-start=\"1379\" data-end=\"1440\"><strong data-start=\"1379\" data-end=\"1411\">Arganovo olje in izvle\u010dek kamelije <\/strong>za sijaj in nego.<\/p>\n<\/li>\n<li data-start=\"1441\" data-end=\"1530\">\n<p data-start=\"1443\" data-end=\"1530\"><strong data-start=\"1443\" data-end=\"1481\">Probioti\u010dni fermenti (Lactobacillus) <\/strong>podpirajo regeneracijo ko\u017ee in krepijo ko\u017eno bariero.<\/p>\n<\/li>\n<li data-start=\"1531\" data-end=\"1591\">\n<p data-start=\"1533\" data-end=\"1591\">Sestavina <strong data-start=\"1533\" data-end=\"1554\">Polyquaternium-22<\/strong> pove\u010duje mehkobo, gladkost in pro\u017enost dla\u010dic.<\/p>\n<\/li>\n<li data-start=\"1592\" data-end=\"1664\">\n<p data-start=\"1594\" data-end=\"1664\"><strong data-start=\"1594\" data-end=\"1624\">Aktivne sestavine za zadr\u017eevanje vlage <\/strong>skrbijo za optimalno hidracijo ter krepijo strukturo dla\u010dic.<\/p>\n<\/li>\n<\/ul>\n<\/div>\n\t\t\t\t<\/div>\n\t\t\t\t\t\t\t<div class=\"elementor-toggle-item\">\n\t\t\t\t\t<div id=\"elementor-tab-title-3233\" class=\"elementor-tab-title\" data-tab=\"3\" role=\"button\" aria-controls=\"elementor-tab-content-3233\" aria-expanded=\"false\">\n\t\t\t\t\t\t\t\t\t\t\t\t<span class=\"elementor-toggle-icon elementor-toggle-icon-left\" aria-hidden=\"true\">\n\t\t\t\t\t\t\t\t\t\t\t\t\t\t\t<span class=\"elementor-toggle-icon-closed\"><svg class=\"e-font-icon-svg e-fas-caret-right\" viewBox=\"0 0 192 512\" xmlns=\"http:\/\/www.w3.org\/2000\/svg\"><path d=\"M0 384.662V127.338c0-17.818 21.543-26.741 34.142-14.142l128.662 128.662c7.81 7.81 7.81 20.474 0 28.284L34.142 398.804C21.543 411.404 0 402.48 0 384.662z\"><\/path><\/svg><\/span>\n\t\t\t\t\t\t\t\t<span class=\"elementor-toggle-icon-opened\"><svg class=\"elementor-toggle-icon-opened e-font-icon-svg e-fas-caret-up\" viewBox=\"0 0 320 512\" xmlns=\"http:\/\/www.w3.org\/2000\/svg\"><path d=\"M288.662 352H31.338c-17.818 0-26.741-21.543-14.142-34.142l128.662-128.662c7.81-7.81 20.474-7.81 28.284 0l128.662 128.662c12.6 12.599 3.676 34.142-14.142 34.142z\"><\/path><\/svg><\/span>\n\t\t\t\t\t\t\t\t\t\t\t\t\t<\/span>\n\t\t\t\t\t\t\t\t\t\t\t\t<a class=\"elementor-toggle-title\" tabindex=\"0\">\u010cas delovanja<\/a>\n\t\t\t\t\t<\/div>\n\n\t\t\t\t\t<div id=\"elementor-tab-content-3233\" class=\"elementor-tab-content elementor-clearfix\" data-tab=\"3\" role=\"region\" aria-labelledby=\"elementor-tab-title-3233\"><ol>\n<li data-start=\"1682\" data-end=\"1767\"><strong data-start=\"1682\" data-end=\"1692\">Korak 1: <\/strong>Nanesite Serum 1: Lifting. Pustite delovati<strong data-start=\"1730\" data-end=\"1746\"> 8\u201312 minut<\/strong>. Nato previdno odstranite.  <\/li>\n<li data-start=\"1682\" data-end=\"1767\"><strong data-start=\"1771\" data-end=\"1781\">Korak 2: <\/strong>Nanesite Serum 2: Fix. Pustite delovati<strong data-start=\"1818\" data-end=\"1834\"> 8\u201312 minut.<\/strong> Nato previdno odstranite.  <\/li>\n<\/ol>\n<\/div>\n\t\t\t\t<\/div>\n\t\t\t\t\t\t\t\t<\/div>\n\t\t\t\t\t\t<\/div>\n\t\t\t\t<\/div>\n\t\t\t\t<\/div>\n\t\t\t\t\t<\/div>\n\t\t\t\t<\/div>\n\t\t\t\t<\/div>\n\t\t","protected":false},"excerpt":{"rendered":"<p>Dose\u017ei popoln korejski lash lift, z Korean Lash Lift setom \u2013 vsebuje najbolje prodajane izdelke za vihanje trepalnic, ki jim zaupajo lash stilistke po vsem svetu. Set je zasnovan za osupljive, dolgotrajne rezultate, hkrati pa neguje in \u0161\u010diti trepalnice. Zdru\u017euje inovacijo, natan\u010dnost in skrb, navdihnjeno z napredno korejsko tehniko.<\/p>\n<p>Set vsebuje:<\/p>\n<ul>\n<li><strong>Noemi Innovate Cysteamine Step 1 &amp; 2<\/strong> \u2013 revolucionarni serumi za vihanje trepalnic, obogateni s cisteaminom. Omogo\u010da ne\u017eno, a izjemno u\u010dinkovito vihanje trepalnic, ne da bi jih pri tem po\u0161kodoval.<\/li>\n<li><strong>Maxymova Adhesive Powder<\/strong> \u2013Inovativen prah, ki zagotavlja popoln nadzor in bo tvoj najljub\u0161i pripomo\u010dek pri korejskem lash liftu.<\/li>\n<li><strong>Maxymova After Lift Regenerator<\/strong> \u2013Mo\u010dna obnovitvena formula, obogatena z bambusovimi biosilikati, ki po vihanju trepalnice zatesni, okrepi in za\u0161\u010diti.<\/li>\n<\/ul>\n[cg_accordion title=\"Sestavine\"]<\/p>\n<p>Noemi Innovate Cysteamine: Aqua, cetearyl alcohol, behentrimonium methosulfate CS-20 (alcohols C16-18,ethoxylated) stearamidopropyl, dimethylmine, isopropyl myristate 2-aminoethanethio hydrochloride, sodium hydroxide, ethanolamine, ammonium bicarbonate, urea, ammonia.<\/p>\n<p>Maxymova After Lift Regenerator: Aqua, Xanthan Gum, Glyce- Rin, Bambusa Arundinacea Leaf Extract, Hydrolyzed Corn Protein, Hydrolyzed Soy Protein, Hydrolyzed Wheat Protein, Trametes Versicolor Extract, Niaci- Namide, Panthenol, Loni- Cera Caprifolium Flower Extract, Sodium Benzoate, Trehalose, Urea, Lonicera Japonica Flower Extract, Potassium Sorbate, Sodium Gluconate, Pentylene Glycol, Serine, Algin, Ca- Prylyl Glycol, Disodium Phosphate, Glyceryl Polyacrylate, Pullulan, Sodium Hyaluronate, Ci 19140, Potassium Phospha- Te, Ceramide Ns, Choleste- Rol, Hydrogenated Leci- Thin, Ci 42090.<\/p>\n<p>[\/cg_accordion]\n","protected":false},"featured_media":30168,"template":"","meta":{"_acf_changed":false,"_monsterinsights_skip_tracking":false,"_monsterinsights_sitenote_active":false,"_monsterinsights_sitenote_note":"","_monsterinsights_sitenote_category":0},"product_brand":[],"product_cat":[524,238,255,258,227,234,232,229],"product_tag":[],"class_list":{"0":"post-23635","1":"product","2":"type-product","3":"status-publish","4":"has-post-thumbnail","6":"product_cat-korejski-lash-lift","7":"product_cat-nakup-po-znamki","8":"product_cat-noemi-sl","9":"product_cat-vihanje-trepalnic-sl","10":"product_cat-najbolj-priljubljeni-izdelki","11":"product_cat-serumi-za-vihanje-trepalnic","12":"product_cat-seti-za-vihanje-trepalnic","13":"product_cat-trepalnice","15":"first","16":"outofstock","17":"taxable","18":"shipping-taxable","19":"purchasable","20":"product-type-simple"},"acf":[],"aioseo_notices":[],"_links":{"self":[{"href":"https:\/\/browsomepro.com\/sl\/wp-json\/wp\/v2\/product\/23635","targetHints":{"allow":["GET"]}}],"collection":[{"href":"https:\/\/browsomepro.com\/sl\/wp-json\/wp\/v2\/product"}],"about":[{"href":"https:\/\/browsomepro.com\/sl\/wp-json\/wp\/v2\/types\/product"}],"version-history":[{"count":3,"href":"https:\/\/browsomepro.com\/sl\/wp-json\/wp\/v2\/product\/23635\/revisions"}],"predecessor-version":[{"id":24698,"href":"https:\/\/browsomepro.com\/sl\/wp-json\/wp\/v2\/product\/23635\/revisions\/24698"}],"wp:featuredmedia":[{"embeddable":true,"href":"https:\/\/browsomepro.com\/sl\/wp-json\/wp\/v2\/media\/30168"}],"wp:attachment":[{"href":"https:\/\/browsomepro.com\/sl\/wp-json\/wp\/v2\/media?parent=23635"}],"wp:term":[{"taxonomy":"product_brand","embeddable":true,"href":"https:\/\/browsomepro.com\/sl\/wp-json\/wp\/v2\/product_brand?post=23635"},{"taxonomy":"product_cat","embeddable":true,"href":"https:\/\/browsomepro.com\/sl\/wp-json\/wp\/v2\/product_cat?post=23635"},{"taxonomy":"product_tag","embeddable":true,"href":"https:\/\/browsomepro.com\/sl\/wp-json\/wp\/v2\/product_tag?post=23635"}],"curies":[{"name":"wp","href":"https:\/\/api.w.org\/{rel}","templated":true}]}}