{"id":22273,"date":"2025-08-31T14:35:59","date_gmt":"2025-08-31T13:35:59","guid":{"rendered":"https:\/\/browsomepro.com\/?post_type=product&#038;p=22273"},"modified":"2026-02-15T19:43:34","modified_gmt":"2026-02-15T18:43:34","slug":"elan-kiwifix-balm-glue","status":"publish","type":"product","link":"https:\/\/browsomepro.com\/sl\/izdelek\/elan-kiwifix-balm-glue\/","title":{"rendered":"\u00c9lan &#8211; KiwiFIX Balm Glue"},"content":{"rendered":"\t\t<div data-elementor-type=\"product-post\" data-elementor-id=\"22273\" class=\"elementor elementor-22273 elementor-22272\" data-elementor-post-type=\"product\">\n\t\t\t\t<div class=\"elementor-element elementor-element-16505b9e e-flex e-con-boxed e-con e-parent\" data-id=\"16505b9e\" data-element_type=\"container\">\n\t\t\t\t\t<div class=\"e-con-inner\">\n\t\t<div class=\"elementor-element elementor-element-261edb5c e-con-full e-flex e-con e-child\" data-id=\"261edb5c\" data-element_type=\"container\">\n\t\t\t\t<div class=\"elementor-element elementor-element-86649bf elementor-widget elementor-widget-image\" data-id=\"86649bf\" data-element_type=\"widget\" data-widget_type=\"image.default\">\n\t\t\t\t<div class=\"elementor-widget-container\">\n\t\t\t\t\t\t\t\t\t\t\t\t\t\t\t<img fetchpriority=\"high\" decoding=\"async\" width=\"1080\" height=\"1620\" src=\"https:\/\/browsomepro.com\/wp-content\/uploads\/2025\/08\/Artboard-1.png\" class=\"attachment-full size-full wp-image-22281\" alt=\"\" srcset=\"https:\/\/browsomepro.com\/wp-content\/uploads\/2025\/08\/Artboard-1.png 1080w, https:\/\/browsomepro.com\/wp-content\/uploads\/2025\/08\/Artboard-1-300x450.png 300w, https:\/\/browsomepro.com\/wp-content\/uploads\/2025\/08\/Artboard-1-150x225.png 150w, https:\/\/browsomepro.com\/wp-content\/uploads\/2025\/08\/Artboard-1-800x1200.png 800w, https:\/\/browsomepro.com\/wp-content\/uploads\/2025\/08\/Artboard-1-200x300.png 200w, https:\/\/browsomepro.com\/wp-content\/uploads\/2025\/08\/Artboard-1-683x1024.png 683w, https:\/\/browsomepro.com\/wp-content\/uploads\/2025\/08\/Artboard-1-768x1152.png 768w, https:\/\/browsomepro.com\/wp-content\/uploads\/2025\/08\/Artboard-1-1024x1536.png 1024w, https:\/\/browsomepro.com\/wp-content\/uploads\/2025\/08\/Artboard-1-990x1485.png 990w, https:\/\/browsomepro.com\/wp-content\/uploads\/2025\/08\/Artboard-1-441x662.png 441w\" sizes=\"(max-width: 360px) 147px, (max-width: 1080px) 100vw, 1080px\" \/>\t\t\t\t\t\t\t\t\t\t\t\t\t\t\t<\/div>\n\t\t\t\t<\/div>\n\t\t\t\t<\/div>\n\t\t<div class=\"elementor-element elementor-element-3abfb76d e-con-full e-flex e-con e-child\" data-id=\"3abfb76d\" data-element_type=\"container\" data-settings=\"{&quot;background_background&quot;:&quot;classic&quot;}\">\n\t\t\t\t<div class=\"elementor-element elementor-element-3ae5e87d elementor-widget elementor-widget-heading\" data-id=\"3ae5e87d\" data-element_type=\"widget\" data-widget_type=\"heading.default\">\n\t\t\t\t<div class=\"elementor-widget-container\">\n\t\t\t\t\t<h2 class=\"elementor-heading-title elementor-size-default\">Stay &amp; Slay Lash Balm<\/h2>\t\t\t\t<\/div>\n\t\t\t\t<\/div>\n\t\t\t\t<div class=\"elementor-element elementor-element-c8c68a6 elementor-widget elementor-widget-text-editor\" data-id=\"c8c68a6\" data-element_type=\"widget\" data-widget_type=\"text-editor.default\">\n\t\t\t\t<div class=\"elementor-widget-container\">\n\t\t\t\t\t\t\t\t\t<p data-start=\"152\" data-end=\"471\"><strong data-start=\"152\" data-end=\"175\">KiwiFix Fixing Balm<\/strong> je profesionalni <strong data-start=\"194\" data-end=\"215\">pripomo\u010dek za lash lift<\/strong>, zasnovan kot popolna zamenjava za klasi\u010dno lepilo. Deluje kot <em data-start=\"264\" data-end=\"285\">\u00bblepilo brez lepila\u00ab<\/em> in zagotavlja mo\u010dno, zanesljivo pritrditev trepalnic na silikonsko blazinico. Trepalnice tako ostanejo v pravilnem polo\u017eaju skozi celoten postopek \u2013 brez premikanja ali zlepljenih trepalnic. <\/p>\n<p data-start=\"473\" data-end=\"868\"><strong data-start=\"477\" data-end=\"505\">Posebna tekstura <\/strong>se ne izsu\u0161i in ne ustvari filma. Trepalnice zato ostanejo mehke in elasti\u010dne, kar ti omogo\u010da enostavno \u010desanje, popravke in natan\u010dno razporejanje v kateremkoli koraku postopka. Za razliko od klasi\u010dnih lepil balzam ohranja dla\u010dice \u00bbdihajo\u010de\u00ab, kar omogo\u010da, da <strong data-start=\"763\" data-end=\"865\">aktivne sestavine izdelkov za lash lift enakomerno prodrejo ter delujejo \u0161e u\u010dinkoviteje. <\/strong>  <\/p>\n\t\t\t\t\t\t\t\t<\/div>\n\t\t\t\t<\/div>\n\t\t\t\t<div class=\"elementor-element elementor-element-4338607f elementor-widget elementor-widget-toggle\" data-id=\"4338607f\" data-element_type=\"widget\" data-widget_type=\"toggle.default\">\n\t\t\t\t<div class=\"elementor-widget-container\">\n\t\t\t\t\t\t\t<div class=\"elementor-toggle\">\n\t\t\t\t\t\t\t<div class=\"elementor-toggle-item\">\n\t\t\t\t\t<div id=\"elementor-tab-title-1121\" class=\"elementor-tab-title\" data-tab=\"1\" role=\"button\" aria-controls=\"elementor-tab-content-1121\" aria-expanded=\"false\">\n\t\t\t\t\t\t\t\t\t\t\t\t<span class=\"elementor-toggle-icon elementor-toggle-icon-left\" aria-hidden=\"true\">\n\t\t\t\t\t\t\t\t\t\t\t\t\t\t\t<span class=\"elementor-toggle-icon-closed\"><svg class=\"e-font-icon-svg e-fas-caret-right\" viewBox=\"0 0 192 512\" xmlns=\"http:\/\/www.w3.org\/2000\/svg\"><path d=\"M0 384.662V127.338c0-17.818 21.543-26.741 34.142-14.142l128.662 128.662c7.81 7.81 7.81 20.474 0 28.284L34.142 398.804C21.543 411.404 0 402.48 0 384.662z\"><\/path><\/svg><\/span>\n\t\t\t\t\t\t\t\t<span class=\"elementor-toggle-icon-opened\"><svg class=\"elementor-toggle-icon-opened e-font-icon-svg e-fas-caret-up\" viewBox=\"0 0 320 512\" xmlns=\"http:\/\/www.w3.org\/2000\/svg\"><path d=\"M288.662 352H31.338c-17.818 0-26.741-21.543-14.142-34.142l128.662-128.662c7.81-7.81 20.474-7.81 28.284 0l128.662 128.662c12.6 12.599 3.676 34.142-14.142 34.142z\"><\/path><\/svg><\/span>\n\t\t\t\t\t\t\t\t\t\t\t\t\t<\/span>\n\t\t\t\t\t\t\t\t\t\t\t\t<a class=\"elementor-toggle-title\" tabindex=\"0\">Zakaj ti bo v\u0161e\u010d<\/a>\n\t\t\t\t\t<\/div>\n\n\t\t\t\t\t<div id=\"elementor-tab-content-1121\" class=\"elementor-tab-content elementor-clearfix\" data-tab=\"1\" role=\"region\" aria-labelledby=\"elementor-tab-title-1121\"><ul>\n<li>Mo\u010dna in zanesljiva fiksacija<\/li>\n<li data-start=\"758\" data-end=\"788\">Se ne posu\u0161i in ne ustvari sloja<\/li>\n<li data-start=\"758\" data-end=\"788\">Trepalnice ohranja mehke in pro\u017ene<\/li>\n<li data-start=\"758\" data-end=\"788\">Omogo\u010da enostavno razporejanje in popravljanje trepalnic<\/li>\n<li data-start=\"758\" data-end=\"788\">Za vsak tip trepalnic<\/li>\n<li data-start=\"758\" data-end=\"788\">Preprosto odstranjevanje z vodo<\/li>\n<li data-start=\"758\" data-end=\"788\">Prijetna tekstura, gladko nana\u0161anje<\/li>\n<\/ul>\n<\/div>\n\t\t\t\t<\/div>\n\t\t\t\t\t\t\t<div class=\"elementor-toggle-item\">\n\t\t\t\t\t<div id=\"elementor-tab-title-1122\" class=\"elementor-tab-title\" data-tab=\"2\" role=\"button\" aria-controls=\"elementor-tab-content-1122\" aria-expanded=\"false\">\n\t\t\t\t\t\t\t\t\t\t\t\t<span class=\"elementor-toggle-icon elementor-toggle-icon-left\" aria-hidden=\"true\">\n\t\t\t\t\t\t\t\t\t\t\t\t\t\t\t<span class=\"elementor-toggle-icon-closed\"><svg class=\"e-font-icon-svg e-fas-caret-right\" viewBox=\"0 0 192 512\" xmlns=\"http:\/\/www.w3.org\/2000\/svg\"><path d=\"M0 384.662V127.338c0-17.818 21.543-26.741 34.142-14.142l128.662 128.662c7.81 7.81 7.81 20.474 0 28.284L34.142 398.804C21.543 411.404 0 402.48 0 384.662z\"><\/path><\/svg><\/span>\n\t\t\t\t\t\t\t\t<span class=\"elementor-toggle-icon-opened\"><svg class=\"elementor-toggle-icon-opened e-font-icon-svg e-fas-caret-up\" viewBox=\"0 0 320 512\" xmlns=\"http:\/\/www.w3.org\/2000\/svg\"><path d=\"M288.662 352H31.338c-17.818 0-26.741-21.543-14.142-34.142l128.662-128.662c7.81-7.81 20.474-7.81 28.284 0l128.662 128.662c12.6 12.599 3.676 34.142-14.142 34.142z\"><\/path><\/svg><\/span>\n\t\t\t\t\t\t\t\t\t\t\t\t\t<\/span>\n\t\t\t\t\t\t\t\t\t\t\t\t<a class=\"elementor-toggle-title\" tabindex=\"0\">Navodila za uporabo<\/a>\n\t\t\t\t\t<\/div>\n\n\t\t\t\t\t<div id=\"elementor-tab-content-1122\" class=\"elementor-tab-content elementor-clearfix\" data-tab=\"2\" role=\"region\" aria-labelledby=\"elementor-tab-title-1122\"><ol>\n<li data-start=\"1041\" data-end=\"1090\">O\u010disti trepalnice z \u00c9LAN Detox-Mousse.<\/li>\n<li data-start=\"1091\" data-end=\"1146\">Po potrebi razmasti trepalnice z \u00c9LAN Keratin Cleaner.<\/li>\n<li data-start=\"1147\" data-end=\"1196\">Na silikonske blazinice nanesi tanek sloj balma.<\/li>\n<li data-start=\"1197\" data-end=\"1260\">S pomo\u010djo mikrokrta\u010dke ali aplikatorja nanesi balm na trepalnice.<\/li>\n<li data-start=\"1261\" data-end=\"1321\">Za tr\u0161e trepalnice nanesi nekoliko debelej\u0161i sloj (vendar se izogibaj prekomerni koli\u010dini).<\/li>\n<li data-start=\"1322\" data-end=\"1388\">Nadaljuj s produkti za lash lift (Serum 1 in Serum 2).<\/li>\n<li data-start=\"1389\" data-end=\"1446\">After treatment, remove balm with a damp cotton pad.<\/li>\n<\/ol>\n<\/div>\n\t\t\t\t<\/div>\n\t\t\t\t\t\t\t\t<\/div>\n\t\t\t\t\t\t<\/div>\n\t\t\t\t<\/div>\n\t\t\t\t<\/div>\n\t\t\t\t\t<\/div>\n\t\t\t\t<\/div>\n\t\t\t\t<\/div>\n\t\t","protected":false},"excerpt":{"rendered":"<p>KiwiFix Fixing Balm je profesionalni izdelek za lash lift, ki deluje kot \u00bblepilo brez lepila\u00ab. Trepalnice varno pritrdi na silikonsko blazinico in jih dr\u017ei v popolnem polo\u017eaju skozi celoten postopek \u2013 brez premikanja, zlepljenosti ali nelagodja. <\/p>\n<p>Posebna lahkotna tekstura se ne izsu\u0161i, ne strdi in ne ustvari filma. Namesto tega ohranja trepalnice mehke in pro\u017ene ter omogo\u010da, da aktivne sestavine izdelkov za lash lift delujejo \u0161e u\u010dinkoviteje. KiwiFix poskrbi, da je name\u0161\u010danje trepalnic hitro, natan\u010dno in udobno \u2013 tako zate kot za tvojo stranko.  <\/p>\n[cg_accordion title=\"Sestavine\"]AQUA, PVP, CETEARYL ALCOHOL, CETEARETH-25, GLYCERIN, PROPYLENE GLYCOL, PHENOXYETHANOL, ETHYLHEXYLGLYCERIN, SODIUM CHLORIDE, SODIUM SULFATE, PARFUM, CI 47005, CI 61570.<br \/>\n[\/cg_accordion]\n<p>Koli\u010dina: 10 g<br \/>\nProizvedeno v: Tur\u010dija<br \/>\nRok uporabe po odprtju: 6 mesecev<\/p>\n","protected":false},"featured_media":22276,"template":"","meta":{"_acf_changed":false,"_monsterinsights_skip_tracking":false,"_monsterinsights_sitenote_active":false,"_monsterinsights_sitenote_note":"","_monsterinsights_sitenote_category":0},"product_brand":[],"product_cat":[239,238,267,233,227,229],"product_tag":[],"class_list":{"0":"post-22273","1":"product","2":"type-product","3":"status-publish","4":"has-post-thumbnail","6":"product_cat-elan-sl","7":"product_cat-nakup-po-znamki","8":"product_cat-vihanje-trepalnic-sl-2","9":"product_cat-lash-lift-lepila-in-balmi","10":"product_cat-najbolj-priljubljeni-izdelki","11":"product_cat-trepalnice","13":"first","14":"outofstock","15":"taxable","16":"shipping-taxable","17":"purchasable","18":"product-type-simple"},"acf":[],"aioseo_notices":[],"_links":{"self":[{"href":"https:\/\/browsomepro.com\/sl\/wp-json\/wp\/v2\/product\/22273","targetHints":{"allow":["GET"]}}],"collection":[{"href":"https:\/\/browsomepro.com\/sl\/wp-json\/wp\/v2\/product"}],"about":[{"href":"https:\/\/browsomepro.com\/sl\/wp-json\/wp\/v2\/types\/product"}],"version-history":[{"count":8,"href":"https:\/\/browsomepro.com\/sl\/wp-json\/wp\/v2\/product\/22273\/revisions"}],"predecessor-version":[{"id":22549,"href":"https:\/\/browsomepro.com\/sl\/wp-json\/wp\/v2\/product\/22273\/revisions\/22549"}],"wp:featuredmedia":[{"embeddable":true,"href":"https:\/\/browsomepro.com\/sl\/wp-json\/wp\/v2\/media\/22276"}],"wp:attachment":[{"href":"https:\/\/browsomepro.com\/sl\/wp-json\/wp\/v2\/media?parent=22273"}],"wp:term":[{"taxonomy":"product_brand","embeddable":true,"href":"https:\/\/browsomepro.com\/sl\/wp-json\/wp\/v2\/product_brand?post=22273"},{"taxonomy":"product_cat","embeddable":true,"href":"https:\/\/browsomepro.com\/sl\/wp-json\/wp\/v2\/product_cat?post=22273"},{"taxonomy":"product_tag","embeddable":true,"href":"https:\/\/browsomepro.com\/sl\/wp-json\/wp\/v2\/product_tag?post=22273"}],"curies":[{"name":"wp","href":"https:\/\/api.w.org\/{rel}","templated":true}]}}