{"id":19455,"date":"2025-03-04T19:05:34","date_gmt":"2025-03-04T18:05:34","guid":{"rendered":"https:\/\/browsomepro.com\/?post_type=product&#038;p=19455"},"modified":"2025-11-28T16:50:27","modified_gmt":"2025-11-28T15:50:27","slug":"elan-dense-vosek-copy","status":"publish","type":"product","link":"https:\/\/browsomepro.com\/sl\/izdelek\/elan-dense-vosek-copy\/","title":{"rendered":"\u00c9lan &#8211; After Wax Protection Mask"},"content":{"rendered":"\t\t<div data-elementor-type=\"product-post\" data-elementor-id=\"19455\" class=\"elementor elementor-19455 elementor-19454\" data-elementor-post-type=\"product\">\n\t\t\t\t<div class=\"elementor-element elementor-element-3699557b e-flex e-con-boxed e-con e-parent\" data-id=\"3699557b\" data-element_type=\"container\">\n\t\t\t\t\t<div class=\"e-con-inner\">\n\t\t<div class=\"elementor-element elementor-element-5b9a1e36 e-con-full e-flex e-con e-child\" data-id=\"5b9a1e36\" data-element_type=\"container\">\n\t\t\t\t<div class=\"elementor-element elementor-element-5b9c3286 elementor-widget elementor-widget-image\" data-id=\"5b9c3286\" data-element_type=\"widget\" data-widget_type=\"image.default\">\n\t\t\t\t<div class=\"elementor-widget-container\">\n\t\t\t\t\t\t\t\t\t\t\t\t\t\t\t<img fetchpriority=\"high\" decoding=\"async\" width=\"2000\" height=\"2000\" src=\"https:\/\/browsomepro.com\/wp-content\/uploads\/2024\/04\/densewax2.webp\" class=\"attachment-full size-full wp-image-13901\" alt=\"\" srcset=\"https:\/\/browsomepro.com\/wp-content\/uploads\/2024\/04\/densewax2.webp 2000w, https:\/\/browsomepro.com\/wp-content\/uploads\/2024\/04\/densewax2-300x300.webp 300w, https:\/\/browsomepro.com\/wp-content\/uploads\/2024\/04\/densewax2-150x150.webp 150w, https:\/\/browsomepro.com\/wp-content\/uploads\/2024\/04\/densewax2-800x800.webp 800w, https:\/\/browsomepro.com\/wp-content\/uploads\/2024\/04\/densewax2-1024x1024.webp 1024w, https:\/\/browsomepro.com\/wp-content\/uploads\/2024\/04\/densewax2-768x768.webp 768w, https:\/\/browsomepro.com\/wp-content\/uploads\/2024\/04\/densewax2-1536x1536.webp 1536w, https:\/\/browsomepro.com\/wp-content\/uploads\/2024\/04\/densewax2-990x990.webp 990w, https:\/\/browsomepro.com\/wp-content\/uploads\/2024\/04\/densewax2-441x441.webp 441w, https:\/\/browsomepro.com\/wp-content\/uploads\/2024\/04\/densewax2-100x100.webp 100w\" sizes=\"(max-width: 360px) 147px, (max-width: 2000px) 100vw, 2000px\" \/>\t\t\t\t\t\t\t\t\t\t\t\t\t\t\t<\/div>\n\t\t\t\t<\/div>\n\t\t\t\t<\/div>\n\t\t<div class=\"elementor-element elementor-element-5d4762c9 e-con-full e-flex e-con e-child\" data-id=\"5d4762c9\" data-element_type=\"container\" data-settings=\"{&quot;background_background&quot;:&quot;classic&quot;}\">\n\t\t\t\t<div class=\"elementor-element elementor-element-5f03ce30 elementor-widget elementor-widget-heading\" data-id=\"5f03ce30\" data-element_type=\"widget\" data-widget_type=\"heading.default\">\n\t\t\t\t<div class=\"elementor-widget-container\">\n\t\t\t\t\t<h2 class=\"elementor-heading-title elementor-size-default\">Ne\u017eno in u\u010dinkovito odstranjevanje dla\u010dic<\/h2>\t\t\t\t<\/div>\n\t\t\t\t<\/div>\n\t\t\t\t<div class=\"elementor-element elementor-element-5861bd15 elementor-widget elementor-widget-text-editor\" data-id=\"5861bd15\" data-element_type=\"widget\" data-widget_type=\"text-editor.default\">\n\t\t\t\t<div class=\"elementor-widget-container\">\n\t\t\t\t\t\t\t\t\t<p><span style=\"font-weight: 400;\">\u00c9lan Dense Wax ima posebno formulo z nizko tali\u0161\u010dno temperaturo, ki zmanj\u0161uje nelagodje in prepre\u010duje po\u0161kodbe ko\u017ee med voskanjem. Primeren je za vse tipe ko\u017ee, vklju\u010dno z ob\u010dutljivo in ob\u010dutljivo ko\u017eo, ter u\u010dinkovito odstranjuje vse vrste dlak. <\/span><\/p>\n<p><span style=\"font-weight: 400;\">Ena izmed glavnih prednosti voska \u00c9lan Dense Wax je njegova elasti\u010dna konsistenca, ki zagotavlja udobno nana\u0161anje na vseh predelih obraza. Ta fleksibilnost omogo\u010da nanos in odstranitev voska v katerikoli smeri, ne glede na smer rasti dlak. Hitro strjevanje voska prihrani tudi \u010das.  <\/span><\/p>\n<p><span style=\"font-weight: 400;\">Za doseganje najbolj\u0161ih mo\u017enih rezultatov z voskom \u00c9lan Dense Wax, priporo\u010damo uporabo naslednjih izdelkov:<\/span><\/p>\n<p><span style=\"font-weight: 400;\">-\u00c9lan Cleansing Detox Mousse<br \/><\/span><span style=\"font-weight: 400;\">-\u00c9lan Pre-Wax Refreshing Lotion<br \/><\/span><span style=\"font-weight: 400;\">-\u00c9lan Lipidic Deep Repair<\/span><\/p>\n\t\t\t\t\t\t\t\t<\/div>\n\t\t\t\t<\/div>\n\t\t\t\t<\/div>\n\t\t\t\t\t<\/div>\n\t\t\t\t<\/div>\n\t\t\t\t<\/div>\n\t\t","protected":false},"excerpt":{"rendered":"<p>Kremna maska za nego ko\u017ee po voskanju.  <\/p>\n<p>Pomirja ko\u017eo, zo\u017euje pore in \u0161\u010diti pred UV-\u017earki. Vsebuje \u017eveplo in kaolin, ki negujeta in \u0161\u010ditita ko\u017eo, medtem ko cink pomaga zmanj\u0161ati \u0161kodljive u\u010dinke UV-sevanja. <\/p>\n<p><strong>Po odstranjevanju dlak nanesite tanek sloj na ko\u017eo in pustite, da se popolnoma vpije.<\/strong><\/p>\n[cg_accordion title=\"Sestavine\"]AQUA, CETEARYL ALCOHOL, PROPYLENE GLYCOL, ALCOHOL DENAT., KAOLIN, ZINC OXIDE, TETRASODIUM PYROPHOSPHATE, SULFUR, HYDROXYETHYLCELLULOSE, POLYSORBATE 20, CETEARETH-20, GLYCERYL STEARATE, PEG-100 STEARATE, AMMONIUM ACRYLOYLDIMETHYLTAURATE\/VP COPOLYMER, ETHYLHEXYLGLYCERIN, TOCOPHERYL ACETATE, CITRIC ACID, PHENOXYETHANOL, CETRIMONIUM CHLORIDE, PARFUM.<br \/>\n[\/cg_accordion]\n<p>Koli\u010dina: 25 ml<br \/>\nProizvedenov : <span style=\"font-weight: 400;\">Tur\u010dija<br \/>\n<\/span>Rok uporabe: 30 mesecev<\/p>\n","protected":false},"featured_media":19457,"template":"","meta":{"_acf_changed":false,"_monsterinsights_skip_tracking":false,"_monsterinsights_sitenote_active":false,"_monsterinsights_sitenote_note":"","_monsterinsights_sitenote_category":0},"product_brand":[],"product_cat":[263,239,265,238,266,211,214,215,209],"product_tag":[],"class_list":{"0":"post-19455","1":"product","2":"type-product","3":"status-publish","4":"has-post-thumbnail","6":"product_cat-barve-za-obrvi-sl-3","7":"product_cat-elan-sl","8":"product_cat-laminacija-obrvi-sl-3","9":"product_cat-nakup-po-znamki","10":"product_cat-nega-po-tretmaju-in-priprava-koze-sl","11":"product_cat-after-care-in-priprava-koze","12":"product_cat-barve-za-obrvi","13":"product_cat-laminacija-obrvi","14":"product_cat-obrvi","16":"first","17":"instock","18":"taxable","19":"shipping-taxable","20":"purchasable","21":"product-type-simple"},"acf":[],"aioseo_notices":[],"_links":{"self":[{"href":"https:\/\/browsomepro.com\/sl\/wp-json\/wp\/v2\/product\/19455","targetHints":{"allow":["GET"]}}],"collection":[{"href":"https:\/\/browsomepro.com\/sl\/wp-json\/wp\/v2\/product"}],"about":[{"href":"https:\/\/browsomepro.com\/sl\/wp-json\/wp\/v2\/types\/product"}],"version-history":[{"count":3,"href":"https:\/\/browsomepro.com\/sl\/wp-json\/wp\/v2\/product\/19455\/revisions"}],"predecessor-version":[{"id":19514,"href":"https:\/\/browsomepro.com\/sl\/wp-json\/wp\/v2\/product\/19455\/revisions\/19514"}],"wp:featuredmedia":[{"embeddable":true,"href":"https:\/\/browsomepro.com\/sl\/wp-json\/wp\/v2\/media\/19457"}],"wp:attachment":[{"href":"https:\/\/browsomepro.com\/sl\/wp-json\/wp\/v2\/media?parent=19455"}],"wp:term":[{"taxonomy":"product_brand","embeddable":true,"href":"https:\/\/browsomepro.com\/sl\/wp-json\/wp\/v2\/product_brand?post=19455"},{"taxonomy":"product_cat","embeddable":true,"href":"https:\/\/browsomepro.com\/sl\/wp-json\/wp\/v2\/product_cat?post=19455"},{"taxonomy":"product_tag","embeddable":true,"href":"https:\/\/browsomepro.com\/sl\/wp-json\/wp\/v2\/product_tag?post=19455"}],"curies":[{"name":"wp","href":"https:\/\/api.w.org\/{rel}","templated":true}]}}