{"id":18905,"date":"2025-01-17T19:51:03","date_gmt":"2025-01-17T18:51:03","guid":{"rendered":"https:\/\/browsomepro.com\/product\/elan-oxidant-1\/"},"modified":"2026-04-20T14:26:10","modified_gmt":"2026-04-20T13:26:10","slug":"elan-oxidant-1","status":"publish","type":"product","link":"https:\/\/browsomepro.com\/sl\/izdelek\/elan-oxidant-1\/","title":{"rendered":"\u00c9lan &#8211; Oxidant 1%"},"content":{"rendered":"\t\t<div data-elementor-type=\"product-post\" data-elementor-id=\"18905\" class=\"elementor elementor-18905 elementor-18830\" data-elementor-post-type=\"product\">\n\t\t\t\t<div class=\"elementor-element elementor-element-5368c60c e-flex e-con-boxed e-con e-parent\" data-id=\"5368c60c\" data-element_type=\"container\">\n\t\t\t\t\t<div class=\"e-con-inner\">\n\t\t<div class=\"elementor-element elementor-element-3f30da7a e-con-full e-flex e-con e-child\" data-id=\"3f30da7a\" data-element_type=\"container\">\n\t\t\t\t<div class=\"elementor-element elementor-element-7a174806 elementor-widget elementor-widget-image\" data-id=\"7a174806\" data-element_type=\"widget\" data-widget_type=\"image.default\">\n\t\t\t\t<div class=\"elementor-widget-container\">\n\t\t\t\t\t\t\t\t\t\t\t\t\t\t\t<img fetchpriority=\"high\" decoding=\"async\" width=\"1080\" height=\"1080\" src=\"https:\/\/browsomepro.com\/wp-content\/uploads\/2025\/01\/Elan_Gel-tint_set.png\" class=\"attachment-full size-full wp-image-18805\" alt=\"\" srcset=\"https:\/\/browsomepro.com\/wp-content\/uploads\/2025\/01\/Elan_Gel-tint_set.png 1080w, https:\/\/browsomepro.com\/wp-content\/uploads\/2025\/01\/Elan_Gel-tint_set-300x300.png 300w, https:\/\/browsomepro.com\/wp-content\/uploads\/2025\/01\/Elan_Gel-tint_set-150x150.png 150w, https:\/\/browsomepro.com\/wp-content\/uploads\/2025\/01\/Elan_Gel-tint_set-800x800.png 800w, https:\/\/browsomepro.com\/wp-content\/uploads\/2025\/01\/Elan_Gel-tint_set-1024x1024.png 1024w, https:\/\/browsomepro.com\/wp-content\/uploads\/2025\/01\/Elan_Gel-tint_set-768x768.png 768w, https:\/\/browsomepro.com\/wp-content\/uploads\/2025\/01\/Elan_Gel-tint_set-990x990.png 990w, https:\/\/browsomepro.com\/wp-content\/uploads\/2025\/01\/Elan_Gel-tint_set-441x441.png 441w, https:\/\/browsomepro.com\/wp-content\/uploads\/2025\/01\/Elan_Gel-tint_set-100x100.png 100w\" sizes=\"(max-width: 360px) 147px, (max-width: 1080px) 100vw, 1080px\" \/>\t\t\t\t\t\t\t\t\t\t\t\t\t\t\t<\/div>\n\t\t\t\t<\/div>\n\t\t\t\t<\/div>\n\t\t<div class=\"elementor-element elementor-element-6f67eb57 e-con-full e-flex e-con e-child\" data-id=\"6f67eb57\" data-element_type=\"container\" data-settings=\"{&quot;background_background&quot;:&quot;classic&quot;}\">\n\t\t\t\t<div class=\"elementor-element elementor-element-298d9f31 elementor-widget elementor-widget-heading\" data-id=\"298d9f31\" data-element_type=\"widget\" data-widget_type=\"heading.default\">\n\t\t\t\t<div class=\"elementor-widget-container\">\n\t\t\t\t\t<h2 class=\"elementor-heading-title elementor-size-default\">Popolne obrvi, ki trajajo<\/h2>\t\t\t\t<\/div>\n\t\t\t\t<\/div>\n\t\t\t\t<div class=\"elementor-element elementor-element-314429c0 elementor-widget elementor-widget-text-editor\" data-id=\"314429c0\" data-element_type=\"widget\" data-widget_type=\"text-editor.default\">\n\t\t\t\t<div class=\"elementor-widget-container\">\n\t\t\t\t\t\t\t\t\t<p>Poskrbi za popolne obrvi z <strong>Gel Tint <\/strong>\u2013 vrhunsko re\u0161itvijo za profesionalno barvanje obrvi. Gel tint je zasnovan za brezhibne in dolgotrajne rezultate, saj poleg enakomerne obarvanosti med postopkom ne\u017eno neguje obrvi. Idealen je za tiste, ki \u017eelijo naraven in definiran videz. Obogaten z veganskimi proteini, ki poskrbijo za dodatno nego.  <\/p>\n<p>-\u00c9lan Brow Gel Tint Neutral Brown<br \/>-\u00c9lan Brow Gel Tint Cold Blond<br \/>-\u00c9lan Oxidant 1%<\/p>\n\t\t\t\t\t\t\t\t<\/div>\n\t\t\t\t<\/div>\n\t\t\t\t<div class=\"elementor-element elementor-element-6436f17c elementor-widget elementor-widget-toggle\" data-id=\"6436f17c\" data-element_type=\"widget\" data-widget_type=\"toggle.default\">\n\t\t\t\t<div class=\"elementor-widget-container\">\n\t\t\t\t\t\t\t<div class=\"elementor-toggle\">\n\t\t\t\t\t\t\t<div class=\"elementor-toggle-item\">\n\t\t\t\t\t<div id=\"elementor-tab-title-1681\" class=\"elementor-tab-title\" data-tab=\"1\" role=\"button\" aria-controls=\"elementor-tab-content-1681\" aria-expanded=\"false\">\n\t\t\t\t\t\t\t\t\t\t\t\t<span class=\"elementor-toggle-icon elementor-toggle-icon-left\" aria-hidden=\"true\">\n\t\t\t\t\t\t\t\t\t\t\t\t\t\t\t<span class=\"elementor-toggle-icon-closed\"><svg class=\"e-font-icon-svg e-fas-caret-right\" viewBox=\"0 0 192 512\" xmlns=\"http:\/\/www.w3.org\/2000\/svg\"><path d=\"M0 384.662V127.338c0-17.818 21.543-26.741 34.142-14.142l128.662 128.662c7.81 7.81 7.81 20.474 0 28.284L34.142 398.804C21.543 411.404 0 402.48 0 384.662z\"><\/path><\/svg><\/span>\n\t\t\t\t\t\t\t\t<span class=\"elementor-toggle-icon-opened\"><svg class=\"elementor-toggle-icon-opened e-font-icon-svg e-fas-caret-up\" viewBox=\"0 0 320 512\" xmlns=\"http:\/\/www.w3.org\/2000\/svg\"><path d=\"M288.662 352H31.338c-17.818 0-26.741-21.543-14.142-34.142l128.662-128.662c7.81-7.81 20.474-7.81 28.284 0l128.662 128.662c12.6 12.599 3.676 34.142-14.142 34.142z\"><\/path><\/svg><\/span>\n\t\t\t\t\t\t\t\t\t\t\t\t\t<\/span>\n\t\t\t\t\t\t\t\t\t\t\t\t<a class=\"elementor-toggle-title\" tabindex=\"0\">Kako uporabljati Gel Tint<\/a>\n\t\t\t\t\t<\/div>\n\n\t\t\t\t\t<div id=\"elementor-tab-content-1681\" class=\"elementor-tab-content elementor-clearfix\" data-tab=\"1\" role=\"region\" aria-labelledby=\"elementor-tab-title-1681\"><h4>Korak 1: Priprava<\/h4>\n<p>Pred barvanjem o\u010distite ko\u017eo in obrvi z <strong>ELAN DETOX-MOUSSE<\/strong> peno. <\/p>\n<h4>Korak 2: Oblikovanje obrvi<\/h4>\n<p>Oblikujte obrvi, da dose\u017eete \u017eeleno obliko.<\/p>\n<h4>Korak 3: Priprava barvne me\u0161anice<\/h4>\n<p>Zme\u0161ajte <strong>BROW GEL TINT<\/strong> in <strong>1 % OXIDANT<\/strong> v razmerju 1:1 v posodici, ki ni iz kovine. Me\u0161anico dobro preme\u0161ajte, dokler ne postane homogena.<\/p>\n<h4>Korak 4: Nanos barve<\/h4>\n<p>Pripravljeno me\u0161anico nanesite na obrvi. Pustite delovati 5\u201315 minut, odvisno od \u017eelene intenzivnosti. Barvo odstranite z vatirano blazinico, navla\u017eeno z vodo, ali z <strong>ELAN DETOX-MOUSSE<\/strong> peno.<\/p>\n<p>Za odstranjevanje odve\u010dne barve izven \u017eelene oblike takoj uporabite vatirano pal\u010dko navla\u017eeno z <strong>Smart Skin COLOUR REMOVER-jem <\/strong>ali <strong>Skin Colour CREAM REMOVER-jem.<\/strong><\/p>\n<h4>Korak 5: Zaklju\u010dni korak<\/h4>\n<p>Za dolgotrajnej\u0161i rezultat nanesite na obrvi teko\u010dino za fiksiranje barve <strong>ELAN COLOUR FIX.<\/strong><\/p>\n<\/div>\n\t\t\t\t<\/div>\n\t\t\t\t\t\t\t<div class=\"elementor-toggle-item\">\n\t\t\t\t\t<div id=\"elementor-tab-title-1682\" class=\"elementor-tab-title\" data-tab=\"2\" role=\"button\" aria-controls=\"elementor-tab-content-1682\" aria-expanded=\"false\">\n\t\t\t\t\t\t\t\t\t\t\t\t<span class=\"elementor-toggle-icon elementor-toggle-icon-left\" aria-hidden=\"true\">\n\t\t\t\t\t\t\t\t\t\t\t\t\t\t\t<span class=\"elementor-toggle-icon-closed\"><svg class=\"e-font-icon-svg e-fas-caret-right\" viewBox=\"0 0 192 512\" xmlns=\"http:\/\/www.w3.org\/2000\/svg\"><path d=\"M0 384.662V127.338c0-17.818 21.543-26.741 34.142-14.142l128.662 128.662c7.81 7.81 7.81 20.474 0 28.284L34.142 398.804C21.543 411.404 0 402.48 0 384.662z\"><\/path><\/svg><\/span>\n\t\t\t\t\t\t\t\t<span class=\"elementor-toggle-icon-opened\"><svg class=\"elementor-toggle-icon-opened e-font-icon-svg e-fas-caret-up\" viewBox=\"0 0 320 512\" xmlns=\"http:\/\/www.w3.org\/2000\/svg\"><path d=\"M288.662 352H31.338c-17.818 0-26.741-21.543-14.142-34.142l128.662-128.662c7.81-7.81 20.474-7.81 28.284 0l128.662 128.662c12.6 12.599 3.676 34.142-14.142 34.142z\"><\/path><\/svg><\/span>\n\t\t\t\t\t\t\t\t\t\t\t\t\t<\/span>\n\t\t\t\t\t\t\t\t\t\t\t\t<a class=\"elementor-toggle-title\" tabindex=\"0\">Pomembna opozorila:<\/a>\n\t\t\t\t\t<\/div>\n\n\t\t\t\t\t<div id=\"elementor-tab-content-1682\" class=\"elementor-tab-content elementor-clearfix\" data-tab=\"2\" role=\"region\" aria-labelledby=\"elementor-tab-title-1682\"><ol>\n<li>\n<h4><strong>Ne uporabljajte, \u010de:<\/strong><\/h4>\n<ul>\n<li>Imate izpu\u0161\u010daj na obrazu ali ob\u010dutljivo, razdra\u017eeno ali po\u0161kodovano ko\u017eo.<\/li>\n<li>Ste \u017ee imeli alergijsko reakcijo na barvo za lase ali kano.<\/li>\n<\/ul>\n<\/li>\n<li>Vedno uporabljajte za\u0161\u010ditne rokavice in se izogibajte kovinskim pripomo\u010dkom.<\/li>\n<li>Izdelek ni primeren za barvanje trepalnic.<\/li>\n<li>Prepre\u010dite stik z o\u010dmi. \u010ce pride do stika, o\u010di temeljito sperite z vodo. <\/li>\n<\/ol>\n<\/div>\n\t\t\t\t<\/div>\n\t\t\t\t\t\t\t\t<\/div>\n\t\t\t\t\t\t<\/div>\n\t\t\t\t<\/div>\n\t\t\t\t<\/div>\n\t\t\t\t\t<\/div>\n\t\t\t\t<\/div>\n\t\t\t\t<\/div>\n\t\t","protected":false},"excerpt":{"rendered":"<p>\u00c9LAN Oxidant 1% je posebej zasnovan za me\u0161anje s profesionalno linijo \u00c9LAN Brow Gel Tint, kar omogo\u010da gladko in natan\u010dno barvanje. Poskrbi za ne\u017eno in dolgotrajno obarvanje tako dla\u010dic obrvi kot ko\u017ee, s \u010dimer zagotavlja \u010dudovito definirane obrvi pri vsakem nanosu.<br \/><strong>Koli\u010dina:<\/strong> 30 ml<br \/><strong>Rok uporabe:<\/strong> 24 mesecev<br \/><strong>Rok uporabe po odprtju:<\/strong> 3 mesece<br \/><strong>Proizvedeno v:<\/strong> Tur\u010dija<br \/>[cg_accordion title=\"Sestavine\"] AQUA, CETEARYL ALCOHOL, GLYCERIN, CETEARETH-20, PARAFFINUM LIQUIDUM, ETHYLHEXYL STEARATE, HYDROGEN PEROXIDE, ARGANIA SPINOSA KERNEL OIL, HYDROLYZED COLLAGEN, CETRIMONIUM CHLORIDE, SODIUM STANNATE, TETRASODIUM PYROPHOSPHATE, DISODIUM EDTA, CITRIC ACID, PHOSPHORIC ACID, SODIUM CARBONATE, SODIUM HYDROXIDE. [\/cg_accordion]  <\/p>\n","protected":false},"featured_media":18885,"template":"","meta":{"_acf_changed":false,"_monsterinsights_skip_tracking":false,"_monsterinsights_sitenote_active":false,"_monsterinsights_sitenote_note":"","_monsterinsights_sitenote_category":0},"product_brand":[],"product_cat":[239,214,209],"product_tag":[],"class_list":{"0":"post-18905","1":"product","2":"type-product","3":"status-publish","4":"has-post-thumbnail","6":"product_cat-elan-sl","7":"product_cat-barve-za-obrvi","8":"product_cat-obrvi","10":"first","11":"instock","12":"taxable","13":"shipping-taxable","14":"purchasable","15":"product-type-simple"},"acf":[],"aioseo_notices":[],"_links":{"self":[{"href":"https:\/\/browsomepro.com\/sl\/wp-json\/wp\/v2\/product\/18905","targetHints":{"allow":["GET"]}}],"collection":[{"href":"https:\/\/browsomepro.com\/sl\/wp-json\/wp\/v2\/product"}],"about":[{"href":"https:\/\/browsomepro.com\/sl\/wp-json\/wp\/v2\/types\/product"}],"version-history":[{"count":2,"href":"https:\/\/browsomepro.com\/sl\/wp-json\/wp\/v2\/product\/18905\/revisions"}],"predecessor-version":[{"id":27195,"href":"https:\/\/browsomepro.com\/sl\/wp-json\/wp\/v2\/product\/18905\/revisions\/27195"}],"wp:featuredmedia":[{"embeddable":true,"href":"https:\/\/browsomepro.com\/sl\/wp-json\/wp\/v2\/media\/18885"}],"wp:attachment":[{"href":"https:\/\/browsomepro.com\/sl\/wp-json\/wp\/v2\/media?parent=18905"}],"wp:term":[{"taxonomy":"product_brand","embeddable":true,"href":"https:\/\/browsomepro.com\/sl\/wp-json\/wp\/v2\/product_brand?post=18905"},{"taxonomy":"product_cat","embeddable":true,"href":"https:\/\/browsomepro.com\/sl\/wp-json\/wp\/v2\/product_cat?post=18905"},{"taxonomy":"product_tag","embeddable":true,"href":"https:\/\/browsomepro.com\/sl\/wp-json\/wp\/v2\/product_tag?post=18905"}],"curies":[{"name":"wp","href":"https:\/\/api.w.org\/{rel}","templated":true}]}}