{"id":18699,"date":"2025-01-15T12:26:18","date_gmt":"2025-01-15T11:26:18","guid":{"rendered":"https:\/\/browsomepro.com\/product\/disal-sredstvo-za-ciscenje-copicev-200-ml\/"},"modified":"2025-03-18T22:04:25","modified_gmt":"2025-03-18T21:04:25","slug":"disal-sredstvo-za-ciscenje-copicev-200-ml","status":"publish","type":"product","link":"https:\/\/browsomepro.com\/sl\/izdelek\/disal-sredstvo-za-ciscenje-copicev-200-ml\/","title":{"rendered":"disAL &#8211; Sredstvo za \u010di\u0161\u010denje \u010dopi\u010dev 200 ml."},"content":{"rendered":"\t\t<div data-elementor-type=\"product-post\" data-elementor-id=\"18699\" class=\"elementor elementor-18699 elementor-18669\" data-elementor-post-type=\"product\">\n\t\t\t\t<div class=\"elementor-element elementor-element-75d31477 e-flex e-con-boxed e-con e-parent\" data-id=\"75d31477\" data-element_type=\"container\">\n\t\t\t\t\t<div class=\"e-con-inner\">\n\t\t<div class=\"elementor-element elementor-element-87c04f3 e-con-full e-flex e-con e-child\" data-id=\"87c04f3\" data-element_type=\"container\" data-settings=\"{&quot;background_background&quot;:&quot;classic&quot;}\">\n\t\t\t\t<div class=\"elementor-element elementor-element-62855e3b elementor-widget elementor-widget-heading\" data-id=\"62855e3b\" data-element_type=\"widget\" data-widget_type=\"heading.default\">\n\t\t\t\t<div class=\"elementor-widget-container\">\n\t\t\t\t\t<h2 class=\"elementor-heading-title elementor-size-default\">Najbolj\u0161a \u010distilna sredstva za salone: Ohranite svoj prostor brezhibno \u010dist<\/h2>\t\t\t\t<\/div>\n\t\t\t\t<\/div>\n\t\t\t\t<div class=\"elementor-element elementor-element-737d5f56 elementor-widget elementor-widget-text-editor\" data-id=\"737d5f56\" data-element_type=\"widget\" data-widget_type=\"text-editor.default\">\n\t\t\t\t<div class=\"elementor-widget-container\">\n\t\t\t\t\t\t\t\t\t<p>Spremeni svojo delovno okolje z izdelki za \u010di\u0161\u010denje najvi\u0161je kakovosti, zasnovanimi posebej za lepotne salone, frizerske salone in kozmeti\u010dne studije. Od ohranjanja brezmade\u017enih orodij do zagotavljanja higienskih povr\u0161in, napredne re\u0161itve disAL so popolne za ohranjanje tvojega okolja \u010distega in urejenega. <\/p>\n<p>Izdelani z mislijo na kakovost in u\u010dinkovitost, izdelki zadostijo razli\u010dnim potrebam po \u010di\u0161\u010denju, ponujajo u\u010dinkovitost, vsestranskost in enostavno uporabo. Dvigni svoje profesionalne standarde s \u010distilnimi sredstvi, ki zagotavljajo vrhunske rezultate ob vsakem nanosu. <\/p>\n<p><em><strong>Izberi vrhunsko kakovost \u2013 izberi popolno higieno!<\/strong><\/em><\/p>\n\t\t\t\t\t\t\t\t<\/div>\n\t\t\t\t<\/div>\n\t\t\t\t<div class=\"elementor-element elementor-element-2b26beb8 elementor-widget elementor-widget-toggle\" data-id=\"2b26beb8\" data-element_type=\"widget\" data-widget_type=\"toggle.default\">\n\t\t\t\t<div class=\"elementor-widget-container\">\n\t\t\t\t\t\t\t<div class=\"elementor-toggle\">\n\t\t\t\t\t\t\t<div class=\"elementor-toggle-item\">\n\t\t\t\t\t<div id=\"elementor-tab-title-7231\" class=\"elementor-tab-title\" data-tab=\"1\" role=\"button\" aria-controls=\"elementor-tab-content-7231\" aria-expanded=\"false\">\n\t\t\t\t\t\t\t\t\t\t\t\t<span class=\"elementor-toggle-icon elementor-toggle-icon-left\" aria-hidden=\"true\">\n\t\t\t\t\t\t\t\t\t\t\t\t\t\t\t<span class=\"elementor-toggle-icon-closed\"><svg class=\"e-font-icon-svg e-fas-caret-right\" viewBox=\"0 0 192 512\" xmlns=\"http:\/\/www.w3.org\/2000\/svg\"><path d=\"M0 384.662V127.338c0-17.818 21.543-26.741 34.142-14.142l128.662 128.662c7.81 7.81 7.81 20.474 0 28.284L34.142 398.804C21.543 411.404 0 402.48 0 384.662z\"><\/path><\/svg><\/span>\n\t\t\t\t\t\t\t\t<span class=\"elementor-toggle-icon-opened\"><svg class=\"elementor-toggle-icon-opened e-font-icon-svg e-fas-caret-up\" viewBox=\"0 0 320 512\" xmlns=\"http:\/\/www.w3.org\/2000\/svg\"><path d=\"M288.662 352H31.338c-17.818 0-26.741-21.543-14.142-34.142l128.662-128.662c7.81-7.81 20.474-7.81 28.284 0l128.662 128.662c12.6 12.599 3.676 34.142-14.142 34.142z\"><\/path><\/svg><\/span>\n\t\t\t\t\t\t\t\t\t\t\t\t\t<\/span>\n\t\t\t\t\t\t\t\t\t\t\t\t<a class=\"elementor-toggle-title\" tabindex=\"0\">Sredstvo za \u010di\u0161\u010denje \u010dopi\u010dev<\/a>\n\t\t\t\t\t<\/div>\n\n\t\t\t\t\t<div id=\"elementor-tab-content-7231\" class=\"elementor-tab-content elementor-clearfix\" data-tab=\"1\" role=\"region\" aria-labelledby=\"elementor-tab-title-7231\"><p>Profesionalno sredstvo za \u010di\u0161\u010denje in razma\u0161\u010devanje \u010dopi\u010dev. U\u010dinkovito raztopi in odstrani podlago, vodoodporni eyeliner in puder, kar zagotovi \u010diste in higieni\u010dne \u010dopi\u010de.  <\/p>\n<\/div>\n\t\t\t\t<\/div>\n\t\t\t\t\t\t\t<div class=\"elementor-toggle-item\">\n\t\t\t\t\t<div id=\"elementor-tab-title-7232\" class=\"elementor-tab-title\" data-tab=\"2\" role=\"button\" aria-controls=\"elementor-tab-content-7232\" aria-expanded=\"false\">\n\t\t\t\t\t\t\t\t\t\t\t\t<span class=\"elementor-toggle-icon elementor-toggle-icon-left\" aria-hidden=\"true\">\n\t\t\t\t\t\t\t\t\t\t\t\t\t\t\t<span class=\"elementor-toggle-icon-closed\"><svg class=\"e-font-icon-svg e-fas-caret-right\" viewBox=\"0 0 192 512\" xmlns=\"http:\/\/www.w3.org\/2000\/svg\"><path d=\"M0 384.662V127.338c0-17.818 21.543-26.741 34.142-14.142l128.662 128.662c7.81 7.81 7.81 20.474 0 28.284L34.142 398.804C21.543 411.404 0 402.48 0 384.662z\"><\/path><\/svg><\/span>\n\t\t\t\t\t\t\t\t<span class=\"elementor-toggle-icon-opened\"><svg class=\"elementor-toggle-icon-opened e-font-icon-svg e-fas-caret-up\" viewBox=\"0 0 320 512\" xmlns=\"http:\/\/www.w3.org\/2000\/svg\"><path d=\"M288.662 352H31.338c-17.818 0-26.741-21.543-14.142-34.142l128.662-128.662c7.81-7.81 20.474-7.81 28.284 0l128.662 128.662c12.6 12.599 3.676 34.142-14.142 34.142z\"><\/path><\/svg><\/span>\n\t\t\t\t\t\t\t\t\t\t\t\t\t<\/span>\n\t\t\t\t\t\t\t\t\t\t\t\t<a class=\"elementor-toggle-title\" tabindex=\"0\">Univerzalno \u010distilo za povr\u0161ine<\/a>\n\t\t\t\t\t<\/div>\n\n\t\t\t\t\t<div id=\"elementor-tab-content-7232\" class=\"elementor-tab-content elementor-clearfix\" data-tab=\"2\" role=\"region\" aria-labelledby=\"elementor-tab-title-7232\"><p>Ohrani svoj salon brezmade\u017eno \u010dist z <strong>Univerzalnim \u010distilom za povr\u0161ine<\/strong>, zasnovanim za lepotne salone, frizerske salone in kozmeti\u010dne studije. Popoln za gladke povr\u0161ine, kot so keramika, steklo, plastika in nerjavno jeklo, brez napora odstrani umazanijo in made\u017ee. <\/p>\n<\/div>\n\t\t\t\t<\/div>\n\t\t\t\t\t\t\t<div class=\"elementor-toggle-item\">\n\t\t\t\t\t<div id=\"elementor-tab-title-7233\" class=\"elementor-tab-title\" data-tab=\"3\" role=\"button\" aria-controls=\"elementor-tab-content-7233\" aria-expanded=\"false\">\n\t\t\t\t\t\t\t\t\t\t\t\t<span class=\"elementor-toggle-icon elementor-toggle-icon-left\" aria-hidden=\"true\">\n\t\t\t\t\t\t\t\t\t\t\t\t\t\t\t<span class=\"elementor-toggle-icon-closed\"><svg class=\"e-font-icon-svg e-fas-caret-right\" viewBox=\"0 0 192 512\" xmlns=\"http:\/\/www.w3.org\/2000\/svg\"><path d=\"M0 384.662V127.338c0-17.818 21.543-26.741 34.142-14.142l128.662 128.662c7.81 7.81 7.81 20.474 0 28.284L34.142 398.804C21.543 411.404 0 402.48 0 384.662z\"><\/path><\/svg><\/span>\n\t\t\t\t\t\t\t\t<span class=\"elementor-toggle-icon-opened\"><svg class=\"elementor-toggle-icon-opened e-font-icon-svg e-fas-caret-up\" viewBox=\"0 0 320 512\" xmlns=\"http:\/\/www.w3.org\/2000\/svg\"><path d=\"M288.662 352H31.338c-17.818 0-26.741-21.543-14.142-34.142l128.662-128.662c7.81-7.81 20.474-7.81 28.284 0l128.662 128.662c12.6 12.599 3.676 34.142-14.142 34.142z\"><\/path><\/svg><\/span>\n\t\t\t\t\t\t\t\t\t\t\t\t\t<\/span>\n\t\t\t\t\t\t\t\t\t\t\t\t<a class=\"elementor-toggle-title\" tabindex=\"0\">\u010cistilo za pripomo\u010dke<\/a>\n\t\t\t\t\t<\/div>\n\n\t\t\t\t\t<div id=\"elementor-tab-content-7233\" class=\"elementor-tab-content elementor-clearfix\" data-tab=\"3\" role=\"region\" aria-labelledby=\"elementor-tab-title-7233\"><p>Zagotovi higieno svojih pripomo\u010dkov z <strong>\u010cistilom za pripomo\u010dke<\/strong>, vsestranskim razpr\u0161ilom za hitro in u\u010dinkovito \u010di\u0161\u010denje kozmeti\u010dnih orodij v lepotnih salonih, frizerskih salonih in kozmeti\u010dnih studijih.<\/p>\n<p>Zdru\u017eljiv z nerjave\u010dim jeklom, obarvanimi kovinami in plastiko. \u010cistilo zagotavlja zanesljivo re\u0161itev za ohranjanje \u010disto\u010de in dolge \u017eivljenjske dobe tvojih profesionalnih pripomo\u010dkov.<\/p>\n<\/div>\n\t\t\t\t<\/div>\n\t\t\t\t\t\t\t\t<\/div>\n\t\t\t\t\t\t<\/div>\n\t\t\t\t<\/div>\n\t\t\t\t<\/div>\n\t\t<div class=\"elementor-element elementor-element-49ceb979 e-con-full e-flex e-con e-child\" data-id=\"49ceb979\" data-element_type=\"container\">\n\t\t\t\t<div class=\"elementor-element elementor-element-4806116e elementor-widget elementor-widget-image\" data-id=\"4806116e\" data-element_type=\"widget\" data-widget_type=\"image.default\">\n\t\t\t\t<div class=\"elementor-widget-container\">\n\t\t\t\t\t\t\t\t\t\t\t\t\t\t\t<img fetchpriority=\"high\" decoding=\"async\" width=\"1080\" height=\"1080\" src=\"https:\/\/browsomepro.com\/wp-content\/uploads\/2025\/01\/disal_all_last.png\" class=\"attachment-full size-full wp-image-18671\" alt=\"\" srcset=\"https:\/\/browsomepro.com\/wp-content\/uploads\/2025\/01\/disal_all_last.png 1080w, https:\/\/browsomepro.com\/wp-content\/uploads\/2025\/01\/disal_all_last-300x300.png 300w, https:\/\/browsomepro.com\/wp-content\/uploads\/2025\/01\/disal_all_last-150x150.png 150w, https:\/\/browsomepro.com\/wp-content\/uploads\/2025\/01\/disal_all_last-800x800.png 800w, https:\/\/browsomepro.com\/wp-content\/uploads\/2025\/01\/disal_all_last-1024x1024.png 1024w, https:\/\/browsomepro.com\/wp-content\/uploads\/2025\/01\/disal_all_last-768x768.png 768w, https:\/\/browsomepro.com\/wp-content\/uploads\/2025\/01\/disal_all_last-990x990.png 990w, https:\/\/browsomepro.com\/wp-content\/uploads\/2025\/01\/disal_all_last-441x441.png 441w, https:\/\/browsomepro.com\/wp-content\/uploads\/2025\/01\/disal_all_last-100x100.png 100w\" sizes=\"(max-width: 360px) 147px, (max-width: 1080px) 100vw, 1080px\" \/>\t\t\t\t\t\t\t\t\t\t\t\t\t\t\t<\/div>\n\t\t\t\t<\/div>\n\t\t\t\t<\/div>\n\t\t\t\t\t<\/div>\n\t\t\t\t<\/div>\n\t\t\t\t<\/div>\n\t\t","protected":false},"excerpt":{"rendered":"<p>Ohrani svoje \u010dopi\u010de \u010diste in higieni\u010dne z <strong>disAL<\/strong> <strong>Profesionalnim \u010distilom za \u010di\u0161\u010denje \u010dopi\u010dev.<\/strong> Posebej zasnovan za globinsko \u010di\u0161\u010denje in razma\u0161\u010devanje. U\u010dinkovito raztopi in odstrani trdovratne ostanke li\u010dil, vklju\u010dno z podlagami, vodoodpornimi eyelinerji in pudrom. Ne glede na to, ali si profesionalna artistka ali ljubiteljica li\u010denja, ta izdelek zagotavlja, da so tvoji \u010dopi\u010di vedno v vrhunskem stanju za brezskrbni nanos. Z mo\u010dnim, a hkrati ne\u017enim delovanjem temeljito o\u010disti brez po\u0161kodb \u0161\u010detin, podalj\u0161a \u017eivljenjsko dobo va\u0161ih \u010dopi\u010dev in ohranja njihove lastnosti. <\/p>\n<p><strong>Navodila za uporabo<\/strong><\/p>\n<p>Embala\u017eo pred vsako uporabo pretresite 3-5 sekund. Razpr\u0161ite majhno koli\u010dino na suh \u010dopi\u010d, nato pa ne\u017eno odstranite morebitne ostanke z uporabo kro\u017enih gibov na papirnati brisa\u010di. Za najbolj\u0161e rezultate \u010dopi\u010d po uporabi \u010distila sperite z vodo in ga pustite, da se popolnoma posu\u0161i, da se izognete morebitnemu dra\u017eenju ob\u010dutljive ko\u017ee.<\/p>\n<p>Koli\u010dina: 200 ml<\/p>\n<p>Proizvedeno v: Tur\u010dija<\/p>\n<p>Sestavine: CYCLOPENTASILOXANE, DIDECYLDIMONIUM CHLORIDE, FRAGRANCE (ESANS), BENZYL SALICYLATE, HYDROXYCITRONELLAL, LINALOOL. <\/p>\n","protected":false},"featured_media":18680,"template":"","meta":{"_acf_changed":false,"_monsterinsights_skip_tracking":false,"_monsterinsights_sitenote_active":false,"_monsterinsights_sitenote_note":"","_monsterinsights_sitenote_category":0},"product_brand":[],"product_cat":[512],"product_tag":[],"class_list":{"0":"post-18699","1":"product","2":"type-product","3":"status-publish","4":"has-post-thumbnail","6":"product_cat-disal-sl","8":"first","9":"instock","10":"taxable","11":"shipping-taxable","12":"purchasable","13":"product-type-simple"},"acf":[],"aioseo_notices":[],"_links":{"self":[{"href":"https:\/\/browsomepro.com\/sl\/wp-json\/wp\/v2\/product\/18699","targetHints":{"allow":["GET"]}}],"collection":[{"href":"https:\/\/browsomepro.com\/sl\/wp-json\/wp\/v2\/product"}],"about":[{"href":"https:\/\/browsomepro.com\/sl\/wp-json\/wp\/v2\/types\/product"}],"version-history":[{"count":3,"href":"https:\/\/browsomepro.com\/sl\/wp-json\/wp\/v2\/product\/18699\/revisions"}],"predecessor-version":[{"id":18706,"href":"https:\/\/browsomepro.com\/sl\/wp-json\/wp\/v2\/product\/18699\/revisions\/18706"}],"wp:featuredmedia":[{"embeddable":true,"href":"https:\/\/browsomepro.com\/sl\/wp-json\/wp\/v2\/media\/18680"}],"wp:attachment":[{"href":"https:\/\/browsomepro.com\/sl\/wp-json\/wp\/v2\/media?parent=18699"}],"wp:term":[{"taxonomy":"product_brand","embeddable":true,"href":"https:\/\/browsomepro.com\/sl\/wp-json\/wp\/v2\/product_brand?post=18699"},{"taxonomy":"product_cat","embeddable":true,"href":"https:\/\/browsomepro.com\/sl\/wp-json\/wp\/v2\/product_cat?post=18699"},{"taxonomy":"product_tag","embeddable":true,"href":"https:\/\/browsomepro.com\/sl\/wp-json\/wp\/v2\/product_tag?post=18699"}],"curies":[{"name":"wp","href":"https:\/\/api.w.org\/{rel}","templated":true}]}}