{"id":17440,"date":"2024-11-20T13:35:21","date_gmt":"2024-11-20T12:35:21","guid":{"rendered":"https:\/\/browsomepro.com\/?post_type=product&#038;p=17440"},"modified":"2025-01-05T23:03:46","modified_gmt":"2025-01-05T22:03:46","slug":"thuya-vstopnice","status":"publish","type":"product","link":"https:\/\/browsomepro.com\/sl\/izdelek\/thuya-vstopnice\/","title":{"rendered":"Thuya Online Championship"},"content":{"rendered":"\n<p><strong>Thuya Slovenia Championship 2025<\/strong><br>Rok za sodelovanje: <strong>Od 1. do 9. februarja 2025<\/strong><br><br>&#8211; Oddaj svoj prispevek v treh preprostih korakih:<br>&#8211; Fotografiraj stanje pred postopkom,<br>&#8211; Dokumentiraj postopek med delom,<br>&#8211; Prika\u017ei svoj \u010dudoviti kon\u010dni rezultat.<br>&#8211; Dodaj \u0161e informacije o minuta\u017ei, izbiri barv in uporabljenih tehnik.<\/p>\n\n\n\n<p>Vse to bo\u0161 oddala na obrazcu, ki ga bo\u0161 prejela ob prijavi&nbsp; \u2013 hitro, enostavno in priro\u010dno! <\/p>\n\n\n\n<p>Pravila Tekmovanja<\/p>\n\n\n\n<p>1.\u2060 \u2060Izdelki: Udele\u017eenci morajo uporabljati Thuya serume (Permanent gel, Neutralizer, Argan) in barve znamke Thuya za tekmovalni postopek. Model ne sme imeti predhodno obdelanih obrvi ali PMU!<br>2.\u2060 \u2060Pripomo\u010dki: Dovoljena je uporaba pripomo\u010dkov in orodij drugih blagovnih znamk.<br>3.\u2060 \u2060Korektor: Po zaklju\u010dku postopka uporaba korektorja ni dovoljena.<br>4.\u2060 Rok za oddajo: \u2060Sodelujo\u010di morajo oddati prispevke med 1. in 9. februarjem 2025.<br>5.\u2060 \u2060Pogoji za fotografije: Fotografije morajo biti jasne in v visoki kakovosti.<\/p>\n\n\n\n<p>_________________________________<\/p>\n\n\n\n<p><strong>NAGRADE&nbsp;<\/strong><\/p>\n\n\n\n<ol class=\"wp-block-list\">\n<li>mesto: Thuya izdelki v vrednosti 500\u20ac in <strong>potovanje v Barcelono na finalno prevenstvo, s popolnoma kritimi stro\u0161ki.<\/strong><\/li>\n\n\n\n<li>mesto: Thuya izdelki v vrednosti 300\u20ac&nbsp;<\/li>\n\n\n\n<li>mesto: Thuya izdelki v vrednosti 50\u20ac<\/li>\n<\/ol>\n\n\n\n<p>Nagrade veljajo za obe kategoriji.<\/p>\n\n\n\n<p>_________________________________<\/p>\n\n\n\n<p>CENA IN KAJ JE VKLJU\u010cENO?<\/p>\n\n\n\n<p><strong>CENA VSTOPNICE: 49,99 \u20ac<\/strong><\/p>\n\n\n\n<p>&#8211; <strong>ONLINE TEKMOVANJE<\/strong><br><strong>Goodiebag v vrednosti 170\u20ac : Permanent gel, Neutralizer, Argan serum, Pre-smoothing, Osmotska folija, Odstranjevalec barve, Lepilo, Makeup remover, Kremni razvijalec (14 ml), Barve: Taupe Grey, Light Brown, Bluish Black<\/strong><br><strong>&#8211; Mo\u017enost sodelovanja v obeh kategorijah (brow lamination, lash lift)<br>&#8211; 2x majica<\/strong><\/p>\n\n\n\n<p>_________________________________<\/p>\n\n\n\n<p><\/p>\n","protected":false},"excerpt":{"rendered":"<p>Da bo dogodek dostopen prav vsem, smo se odlo\u010dili, da tekmovanje prestavimo online! Tekmuj v kategorijah laminacije obrvi in vihanja trepalnic, poka\u017ei svoje ve\u0161\u010dine in si prislu\u017ei prilo\u017enost za nastop na svetovnem prvenstvu v Barceloni.<\/p>\n","protected":false},"featured_media":18333,"template":"","meta":{"_acf_changed":false,"_monsterinsights_skip_tracking":false,"_monsterinsights_sitenote_active":false,"_monsterinsights_sitenote_note":"","_monsterinsights_sitenote_category":0},"product_brand":[],"product_cat":[308],"product_tag":[],"class_list":{"0":"post-17440","1":"product","2":"type-product","3":"status-publish","4":"has-post-thumbnail","6":"product_cat-thuya-sl","8":"first","9":"instock","10":"taxable","11":"shipping-taxable","12":"purchasable","13":"product-type-variable"},"acf":[],"aioseo_notices":[],"_links":{"self":[{"href":"https:\/\/browsomepro.com\/sl\/wp-json\/wp\/v2\/product\/17440","targetHints":{"allow":["GET"]}}],"collection":[{"href":"https:\/\/browsomepro.com\/sl\/wp-json\/wp\/v2\/product"}],"about":[{"href":"https:\/\/browsomepro.com\/sl\/wp-json\/wp\/v2\/types\/product"}],"version-history":[{"count":10,"href":"https:\/\/browsomepro.com\/sl\/wp-json\/wp\/v2\/product\/17440\/revisions"}],"predecessor-version":[{"id":18367,"href":"https:\/\/browsomepro.com\/sl\/wp-json\/wp\/v2\/product\/17440\/revisions\/18367"}],"wp:featuredmedia":[{"embeddable":true,"href":"https:\/\/browsomepro.com\/sl\/wp-json\/wp\/v2\/media\/18333"}],"wp:attachment":[{"href":"https:\/\/browsomepro.com\/sl\/wp-json\/wp\/v2\/media?parent=17440"}],"wp:term":[{"taxonomy":"product_brand","embeddable":true,"href":"https:\/\/browsomepro.com\/sl\/wp-json\/wp\/v2\/product_brand?post=17440"},{"taxonomy":"product_cat","embeddable":true,"href":"https:\/\/browsomepro.com\/sl\/wp-json\/wp\/v2\/product_cat?post=17440"},{"taxonomy":"product_tag","embeddable":true,"href":"https:\/\/browsomepro.com\/sl\/wp-json\/wp\/v2\/product_tag?post=17440"}],"curies":[{"name":"wp","href":"https:\/\/api.w.org\/{rel}","templated":true}]}}