{"id":16663,"date":"2024-10-23T08:30:22","date_gmt":"2024-10-23T07:30:22","guid":{"rendered":"https:\/\/browsomepro.com\/?post_type=product&#038;p=16663"},"modified":"2025-06-13T14:02:04","modified_gmt":"2025-06-13T13:02:04","slug":"lamitta-mariposa-bottom-lash-lift-patch-shields-lavender","status":"publish","type":"product","link":"https:\/\/browsomepro.com\/sl\/izdelek\/lamitta-mariposa-bottom-lash-lift-patch-shields-lavender\/","title":{"rendered":"Lamitta &#8211; Mariposa Bottom Lash Lift Patch Shields &#8211; Lavender"},"content":{"rendered":"\t\t<div data-elementor-type=\"product-post\" data-elementor-id=\"16663\" class=\"elementor elementor-16663 elementor-16662\" data-elementor-post-type=\"product\">\n\t\t\t\t<div class=\"elementor-element elementor-element-10e4934f e-flex e-con-boxed e-con e-parent\" data-id=\"10e4934f\" data-element_type=\"container\">\n\t\t\t\t\t<div class=\"e-con-inner\">\n\t\t<div class=\"elementor-element elementor-element-7c930e9c e-con-full e-flex e-con e-child\" data-id=\"7c930e9c\" data-element_type=\"container\">\n\t\t\t\t<div class=\"elementor-element elementor-element-2e076691 elementor-widget elementor-widget-image\" data-id=\"2e076691\" data-element_type=\"widget\" data-widget_type=\"image.default\">\n\t\t\t\t<div class=\"elementor-widget-container\">\n\t\t\t\t\t\t\t\t\t\t\t\t\t\t\t<img fetchpriority=\"high\" decoding=\"async\" width=\"2000\" height=\"2000\" src=\"https:\/\/browsomepro.com\/wp-content\/uploads\/2024\/10\/lamitta-lift.webp\" class=\"attachment-full size-full wp-image-16672\" alt=\"\" srcset=\"https:\/\/browsomepro.com\/wp-content\/uploads\/2024\/10\/lamitta-lift.webp 2000w, https:\/\/browsomepro.com\/wp-content\/uploads\/2024\/10\/lamitta-lift-300x300.webp 300w, https:\/\/browsomepro.com\/wp-content\/uploads\/2024\/10\/lamitta-lift-150x150.webp 150w, https:\/\/browsomepro.com\/wp-content\/uploads\/2024\/10\/lamitta-lift-800x800.webp 800w, https:\/\/browsomepro.com\/wp-content\/uploads\/2024\/10\/lamitta-lift-1024x1024.webp 1024w, https:\/\/browsomepro.com\/wp-content\/uploads\/2024\/10\/lamitta-lift-768x768.webp 768w, https:\/\/browsomepro.com\/wp-content\/uploads\/2024\/10\/lamitta-lift-1536x1536.webp 1536w, https:\/\/browsomepro.com\/wp-content\/uploads\/2024\/10\/lamitta-lift-990x990.webp 990w, https:\/\/browsomepro.com\/wp-content\/uploads\/2024\/10\/lamitta-lift-441x441.webp 441w, https:\/\/browsomepro.com\/wp-content\/uploads\/2024\/10\/lamitta-lift-100x100.webp 100w\" sizes=\"(max-width: 360px) 147px, (max-width: 2000px) 100vw, 2000px\" \/>\t\t\t\t\t\t\t\t\t\t\t\t\t\t\t<\/div>\n\t\t\t\t<\/div>\n\t\t\t\t<\/div>\n\t\t<div class=\"elementor-element elementor-element-357322c3 e-con-full e-flex e-con e-child\" data-id=\"357322c3\" data-element_type=\"container\" data-settings=\"{&quot;background_background&quot;:&quot;classic&quot;}\">\n\t\t\t\t<div class=\"elementor-element elementor-element-3dbc8a42 elementor-widget elementor-widget-heading\" data-id=\"3dbc8a42\" data-element_type=\"widget\" data-widget_type=\"heading.default\">\n\t\t\t\t<div class=\"elementor-widget-container\">\n\t\t\t\t\t<h2 class=\"elementor-heading-title elementor-size-default\">Inovativna kombinacija obli\u017ea in blazinice<\/h2>\t\t\t\t<\/div>\n\t\t\t\t<\/div>\n\t\t\t\t<div class=\"elementor-element elementor-element-5fb6f43d elementor-widget elementor-widget-text-editor\" data-id=\"5fb6f43d\" data-element_type=\"widget\" data-widget_type=\"text-editor.default\">\n\t\t\t\t<div class=\"elementor-widget-container\">\n\t\t\t\t\t\t\t\t\t<p>Odkrij popolno kombinacijo izjemnega dizajna in funkcionalnosti z<strong> LAMITTA &#8220;Mariposa&#8221; Bottom Lash Lift Patch-Shields.<\/strong>Navdihnjeni z obliko metulja, inovativen 2-v-1 pripomo\u010dek slu\u017ei kot obli\u017e in blazinica za vihanje spodnjih trepalnice. Zasnovani <strong>za ve\u010dkratno uporabo.<\/strong> <\/p>\n<p><strong>Mariposa Patch-Shields<\/strong> ustvarijo naraven lok spodnjih trepalnic, zahvaljujo\u010d njihovi anatomski obliki, ki se popolnoma prilega vsem oblikam o\u010di. Ustvarjeni, da ostanejo varno na mestu pod spodnjo linijo trepalnic skozi celoten proces lash lifta. <\/p>\n\t\t\t\t\t\t\t\t<\/div>\n\t\t\t\t<\/div>\n\t\t\t\t<div class=\"elementor-element elementor-element-40fce7ed elementor-widget elementor-widget-toggle\" data-id=\"40fce7ed\" data-element_type=\"widget\" data-widget_type=\"toggle.default\">\n\t\t\t\t<div class=\"elementor-widget-container\">\n\t\t\t\t\t\t\t<div class=\"elementor-toggle\">\n\t\t\t\t\t\t\t<div class=\"elementor-toggle-item\">\n\t\t\t\t\t<div id=\"elementor-tab-title-1091\" class=\"elementor-tab-title\" data-tab=\"1\" role=\"button\" aria-controls=\"elementor-tab-content-1091\" aria-expanded=\"false\">\n\t\t\t\t\t\t\t\t\t\t\t\t<span class=\"elementor-toggle-icon elementor-toggle-icon-left\" aria-hidden=\"true\">\n\t\t\t\t\t\t\t\t\t\t\t\t\t\t\t<span class=\"elementor-toggle-icon-closed\"><svg class=\"e-font-icon-svg e-fas-caret-right\" viewBox=\"0 0 192 512\" xmlns=\"http:\/\/www.w3.org\/2000\/svg\"><path d=\"M0 384.662V127.338c0-17.818 21.543-26.741 34.142-14.142l128.662 128.662c7.81 7.81 7.81 20.474 0 28.284L34.142 398.804C21.543 411.404 0 402.48 0 384.662z\"><\/path><\/svg><\/span>\n\t\t\t\t\t\t\t\t<span class=\"elementor-toggle-icon-opened\"><svg class=\"elementor-toggle-icon-opened e-font-icon-svg e-fas-caret-up\" viewBox=\"0 0 320 512\" xmlns=\"http:\/\/www.w3.org\/2000\/svg\"><path d=\"M288.662 352H31.338c-17.818 0-26.741-21.543-14.142-34.142l128.662-128.662c7.81-7.81 20.474-7.81 28.284 0l128.662 128.662c12.6 12.599 3.676 34.142-14.142 34.142z\"><\/path><\/svg><\/span>\n\t\t\t\t\t\t\t\t\t\t\t\t\t<\/span>\n\t\t\t\t\t\t\t\t\t\t\t\t<a class=\"elementor-toggle-title\" tabindex=\"0\">Prednosti<\/a>\n\t\t\t\t\t<\/div>\n\n\t\t\t\t\t<div id=\"elementor-tab-content-1091\" class=\"elementor-tab-content elementor-clearfix\" data-tab=\"1\" role=\"region\" aria-labelledby=\"elementor-tab-title-1091\"><p>\u2022 2-v-1 dizajn &#8211; obli\u017e in blazinica za vihanje spodnjih trepalnic. <br \/>\u2022 Narejeni iz visokokakovostnega, hipoalergenega silikona<br \/>\u2022 Pospe\u0161ijo \u010das namestitve <br \/>\u2022 Ustvarjajo naraven lok spodnjih trepalnic<br \/>\u2022 Popolnoma se prilegajo vsem oblikam o\u010di in ostanejo varno na mestu pod spodnjo linijo trepalnic<br \/>\u2022 Na voljo v barvah: Sivka, zelena<\/p>\n<\/div>\n\t\t\t\t<\/div>\n\t\t\t\t\t\t\t<div class=\"elementor-toggle-item\">\n\t\t\t\t\t<div id=\"elementor-tab-title-1092\" class=\"elementor-tab-title\" data-tab=\"2\" role=\"button\" aria-controls=\"elementor-tab-content-1092\" aria-expanded=\"false\">\n\t\t\t\t\t\t\t\t\t\t\t\t<span class=\"elementor-toggle-icon elementor-toggle-icon-left\" aria-hidden=\"true\">\n\t\t\t\t\t\t\t\t\t\t\t\t\t\t\t<span class=\"elementor-toggle-icon-closed\"><svg class=\"e-font-icon-svg e-fas-caret-right\" viewBox=\"0 0 192 512\" xmlns=\"http:\/\/www.w3.org\/2000\/svg\"><path d=\"M0 384.662V127.338c0-17.818 21.543-26.741 34.142-14.142l128.662 128.662c7.81 7.81 7.81 20.474 0 28.284L34.142 398.804C21.543 411.404 0 402.48 0 384.662z\"><\/path><\/svg><\/span>\n\t\t\t\t\t\t\t\t<span class=\"elementor-toggle-icon-opened\"><svg class=\"elementor-toggle-icon-opened e-font-icon-svg e-fas-caret-up\" viewBox=\"0 0 320 512\" xmlns=\"http:\/\/www.w3.org\/2000\/svg\"><path d=\"M288.662 352H31.338c-17.818 0-26.741-21.543-14.142-34.142l128.662-128.662c7.81-7.81 20.474-7.81 28.284 0l128.662 128.662c12.6 12.599 3.676 34.142-14.142 34.142z\"><\/path><\/svg><\/span>\n\t\t\t\t\t\t\t\t\t\t\t\t\t<\/span>\n\t\t\t\t\t\t\t\t\t\t\t\t<a class=\"elementor-toggle-title\" tabindex=\"0\">Navodila za uporabo<\/a>\n\t\t\t\t\t<\/div>\n\n\t\t\t\t\t<div id=\"elementor-tab-content-1092\" class=\"elementor-tab-content elementor-clearfix\" data-tab=\"2\" role=\"region\" aria-labelledby=\"elementor-tab-title-1092\"><p>Po namestitvi blazinic in pritrditvi trepalnic na blazinico, ne\u017eno zavihaj spodnjo veko pred nanosom serumov. Po nanosu uporabi kompenzatorje (npr. Vinog) za za\u0161\u010dito serumov in varno ter u\u010dinkovito laminacijo trepalnic. <\/p>\n<\/div>\n\t\t\t\t<\/div>\n\t\t\t\t\t\t\t<div class=\"elementor-toggle-item\">\n\t\t\t\t\t<div id=\"elementor-tab-title-1093\" class=\"elementor-tab-title\" data-tab=\"3\" role=\"button\" aria-controls=\"elementor-tab-content-1093\" aria-expanded=\"false\">\n\t\t\t\t\t\t\t\t\t\t\t\t<span class=\"elementor-toggle-icon elementor-toggle-icon-left\" aria-hidden=\"true\">\n\t\t\t\t\t\t\t\t\t\t\t\t\t\t\t<span class=\"elementor-toggle-icon-closed\"><svg class=\"e-font-icon-svg e-fas-caret-right\" viewBox=\"0 0 192 512\" xmlns=\"http:\/\/www.w3.org\/2000\/svg\"><path d=\"M0 384.662V127.338c0-17.818 21.543-26.741 34.142-14.142l128.662 128.662c7.81 7.81 7.81 20.474 0 28.284L34.142 398.804C21.543 411.404 0 402.48 0 384.662z\"><\/path><\/svg><\/span>\n\t\t\t\t\t\t\t\t<span class=\"elementor-toggle-icon-opened\"><svg class=\"elementor-toggle-icon-opened e-font-icon-svg e-fas-caret-up\" viewBox=\"0 0 320 512\" xmlns=\"http:\/\/www.w3.org\/2000\/svg\"><path d=\"M288.662 352H31.338c-17.818 0-26.741-21.543-14.142-34.142l128.662-128.662c7.81-7.81 20.474-7.81 28.284 0l128.662 128.662c12.6 12.599 3.676 34.142-14.142 34.142z\"><\/path><\/svg><\/span>\n\t\t\t\t\t\t\t\t\t\t\t\t\t<\/span>\n\t\t\t\t\t\t\t\t\t\t\t\t<a class=\"elementor-toggle-title\" tabindex=\"0\">Navodila za \u010di\u0161\u010denje<\/a>\n\t\t\t\t\t<\/div>\n\n\t\t\t\t\t<div id=\"elementor-tab-content-1093\" class=\"elementor-tab-content elementor-clearfix\" data-tab=\"3\" role=\"region\" aria-labelledby=\"elementor-tab-title-1093\"><p>-Takoj po vsaki uporabi o\u010disti s toplo vodo in milom.<br \/>-Namo\u010di v 70% alkohol za 10 minut.<br \/>-Speri alkohol z vodo.<br \/>-Pusti, da se blazinice posu\u0161ijo na zraku za naslednjo uporabo.<\/p>\n<\/div>\n\t\t\t\t<\/div>\n\t\t\t\t\t\t\t\t<\/div>\n\t\t\t\t\t\t<\/div>\n\t\t\t\t<\/div>\n\t\t\t\t<\/div>\n\t\t\t\t\t<\/div>\n\t\t\t\t<\/div>\n\t\t\t\t<\/div>\n\t\t","protected":false},"excerpt":{"rendered":"<p>Odkrij popolno kombinacijo izjemnega dizajna in funkcionalnosti z Mariposa blazinicami za vihanje spodnjih trepalnic. Navdihnjene z obliko metulja, inovativen 2-v-1 pripomo\u010dek slu\u017ei kot obli\u017e in blazinica za vihanje spodnjih trepalnice, zaradi \u010desar je nepogre\u0161ljiv pripomo\u010dek.<\/p>\n<p>Mariposa Patch-Shields so zasnovani s posebno funkcijo za vihanje in barvanje spodnjih trepalnic, ustvarjajo naraven, lep lok. Simetri\u010dna, anatomska oblika se prilega vsem oblikam o\u010di, medtem ko funkcionalne zareze omogo\u010dajo prilagajanje spodnji liniji trepalnic.<\/p>\n<p>Izdelani so iz visokokakovostnega, hipoalergenega silikona s sijo\u010dim zaklju\u010dkom, kar omogo\u010da udobno prileganje in zanesljiv oprijem skozi celoten tretma vihanja trepalnic.<\/p>\n<p><strong> Na voljo v barvah:<\/strong> Sivka, zelena<\/p>\n<p><strong> Prednosti:<\/strong> \u2022 2-v-1 dizajn &#8211; obli\u017e in blazinica za vihanje spodnjih trepalnic. \u2022 Namenjeni za ve\u010dkratno uporabo \u2022 Pospe\u0161ijo \u010das namestitve \u2022 Ustvarjajo naraven lok spodnjih trepalnic \u2022 Popolnoma se prilegajo vsem oblikam o\u010di in so hipoalergeni \u2022 Ostanejo varno na mestu pod spodnjo linijo trepalnic \u2022 Privla\u010den, eleganten dizajn<\/p>\n<p><strong>Navodila za uporabo:<\/strong><\/p>\n<p>Po namestitvi blazinic in pritrditvi trepalnic na blazinico, ne\u017eno zavihaj spodnjo veko pred nanosom serumov. <br \/>Po nanosu uporabi kompenzatorje (npr. Vinog) za za\u0161\u010dito serumov in varno ter u\u010dinkovito laminacijo trepalnic.<\/p>\n<p><strong>\u010ci\u0161\u010denje\/Dezinfekcija:<\/strong> Takoj po vsaki uporabi o\u010disti s toplo vodo in milom. Namo\u010di v 70% alkohol za 10 minut. Speri alkohol z vodo. Pusti, da se blazinice posu\u0161ijo na zraku za naslednjo uporabo.<\/p>\n","protected":false},"featured_media":16650,"template":"","meta":{"_acf_changed":false,"_monsterinsights_skip_tracking":false,"_monsterinsights_sitenote_active":false,"_monsterinsights_sitenote_note":"","_monsterinsights_sitenote_category":0},"product_brand":[],"product_cat":[505,502,238,236,229],"product_tag":[],"class_list":{"0":"post-16663","1":"product","2":"type-product","3":"status-publish","4":"has-post-thumbnail","6":"product_cat-blazinice-in-oblizi-za-trepalnice","7":"product_cat-lamitta-sl","8":"product_cat-nakup-po-znamki","9":"product_cat-blazinice-in-kompenzatorji","10":"product_cat-trepalnice","12":"first","13":"instock","14":"taxable","15":"shipping-taxable","16":"purchasable","17":"product-type-simple"},"acf":[],"aioseo_notices":[],"_links":{"self":[{"href":"https:\/\/browsomepro.com\/sl\/wp-json\/wp\/v2\/product\/16663","targetHints":{"allow":["GET"]}}],"collection":[{"href":"https:\/\/browsomepro.com\/sl\/wp-json\/wp\/v2\/product"}],"about":[{"href":"https:\/\/browsomepro.com\/sl\/wp-json\/wp\/v2\/types\/product"}],"version-history":[{"count":6,"href":"https:\/\/browsomepro.com\/sl\/wp-json\/wp\/v2\/product\/16663\/revisions"}],"predecessor-version":[{"id":16782,"href":"https:\/\/browsomepro.com\/sl\/wp-json\/wp\/v2\/product\/16663\/revisions\/16782"}],"wp:featuredmedia":[{"embeddable":true,"href":"https:\/\/browsomepro.com\/sl\/wp-json\/wp\/v2\/media\/16650"}],"wp:attachment":[{"href":"https:\/\/browsomepro.com\/sl\/wp-json\/wp\/v2\/media?parent=16663"}],"wp:term":[{"taxonomy":"product_brand","embeddable":true,"href":"https:\/\/browsomepro.com\/sl\/wp-json\/wp\/v2\/product_brand?post=16663"},{"taxonomy":"product_cat","embeddable":true,"href":"https:\/\/browsomepro.com\/sl\/wp-json\/wp\/v2\/product_cat?post=16663"},{"taxonomy":"product_tag","embeddable":true,"href":"https:\/\/browsomepro.com\/sl\/wp-json\/wp\/v2\/product_tag?post=16663"}],"curies":[{"name":"wp","href":"https:\/\/api.w.org\/{rel}","templated":true}]}}