{"id":16623,"date":"2024-10-22T12:43:46","date_gmt":"2024-10-22T11:43:46","guid":{"rendered":"https:\/\/browsomepro.com\/?post_type=product&#038;p=16623"},"modified":"2025-11-30T23:02:02","modified_gmt":"2025-11-30T22:02:02","slug":"lamitta-mariposa-bottom-lash-lift-patch-green","status":"publish","type":"product","link":"https:\/\/browsomepro.com\/sl\/izdelek\/lamitta-mariposa-bottom-lash-lift-patch-green\/","title":{"rendered":"Lamitta &#8211; Mariposa Bottom Lash Lift Patch &#8211; Green"},"content":{"rendered":"\t\t<div data-elementor-type=\"product-post\" data-elementor-id=\"16623\" class=\"elementor elementor-16623 elementor-16622\" data-elementor-post-type=\"product\">\n\t\t\t\t<div class=\"elementor-element elementor-element-760ecb94 e-flex e-con-boxed e-con e-parent\" data-id=\"760ecb94\" data-element_type=\"container\">\n\t\t\t\t\t<div class=\"e-con-inner\">\n\t\t<div class=\"elementor-element elementor-element-4f87a80 e-con-full e-flex e-con e-child\" data-id=\"4f87a80\" data-element_type=\"container\">\n\t\t\t\t<div class=\"elementor-element elementor-element-6ee0baec elementor-widget elementor-widget-image\" data-id=\"6ee0baec\" data-element_type=\"widget\" data-widget_type=\"image.default\">\n\t\t\t\t<div class=\"elementor-widget-container\">\n\t\t\t\t\t\t\t\t\t\t\t\t\t\t\t<img fetchpriority=\"high\" decoding=\"async\" width=\"1400\" height=\"1400\" src=\"https:\/\/browsomepro.com\/wp-content\/uploads\/2024\/10\/lamitta-pacthes.webp\" class=\"attachment-full size-full wp-image-16610\" alt=\"\" srcset=\"https:\/\/browsomepro.com\/wp-content\/uploads\/2024\/10\/lamitta-pacthes.webp 1400w, https:\/\/browsomepro.com\/wp-content\/uploads\/2024\/10\/lamitta-pacthes-300x300.webp 300w, https:\/\/browsomepro.com\/wp-content\/uploads\/2024\/10\/lamitta-pacthes-150x150.webp 150w, https:\/\/browsomepro.com\/wp-content\/uploads\/2024\/10\/lamitta-pacthes-800x800.webp 800w, https:\/\/browsomepro.com\/wp-content\/uploads\/2024\/10\/lamitta-pacthes-1024x1024.webp 1024w, https:\/\/browsomepro.com\/wp-content\/uploads\/2024\/10\/lamitta-pacthes-768x768.webp 768w, https:\/\/browsomepro.com\/wp-content\/uploads\/2024\/10\/lamitta-pacthes-990x990.webp 990w, https:\/\/browsomepro.com\/wp-content\/uploads\/2024\/10\/lamitta-pacthes-441x441.webp 441w, https:\/\/browsomepro.com\/wp-content\/uploads\/2024\/10\/lamitta-pacthes-100x100.webp 100w\" sizes=\"(max-width: 360px) 147px, (max-width: 1400px) 100vw, 1400px\" \/>\t\t\t\t\t\t\t\t\t\t\t\t\t\t\t<\/div>\n\t\t\t\t<\/div>\n\t\t\t\t<\/div>\n\t\t<div class=\"elementor-element elementor-element-7ae8d0ef e-con-full e-flex e-con e-child\" data-id=\"7ae8d0ef\" data-element_type=\"container\" data-settings=\"{&quot;background_background&quot;:&quot;classic&quot;}\">\n\t\t\t\t<div class=\"elementor-element elementor-element-613bf73 elementor-widget elementor-widget-heading\" data-id=\"613bf73\" data-element_type=\"widget\" data-widget_type=\"heading.default\">\n\t\t\t\t<div class=\"elementor-widget-container\">\n\t\t\t\t\t<h2 class=\"elementor-heading-title elementor-size-default\">Enostavna izolacija spodnjih trepalnic<\/h2>\t\t\t\t<\/div>\n\t\t\t\t<\/div>\n\t\t\t\t<div class=\"elementor-element elementor-element-2b003981 elementor-widget elementor-widget-text-editor\" data-id=\"2b003981\" data-element_type=\"widget\" data-widget_type=\"text-editor.default\">\n\t\t\t\t<div class=\"elementor-widget-container\">\n\t\t\t\t\t\t\t\t\t<p><strong>LAMITTA &#8220;Mariposa&#8221; silikonski obli\u017ei<\/strong> so popolna re\u0161itev za izolacijo spodnjih trepalnic med postopki vihanja in barvanja trepalnic. Zasnovani za udobje. <strong>Obli\u017ei za ve\u010dkratno uporabo<\/strong> stranki zagotavljajo mehko, hipoalergeno izku\u0161njo in brezhibne rezultate. <\/p>\n<p>Zaradi svoje <strong>anatomske oblike <\/strong>se Mariposa obli\u017ei popolnoma prilegajo spodnji liniji trepalnic, kar pospe\u0161i \u010das namestitve obli\u017ea in zagotavlja varno ter udobno prileganje za vsako obliko o\u010desa. Ne glede na to, ali izvaja\u0161 vihanje ali barvanje trepalnic, obli\u017ei omogo\u010dajo, da je postopek enostaven, prihranijo \u010das ter so ne\u017eni do ko\u017ee. <\/p>\t\t\t\t\t\t\t\t<\/div>\n\t\t\t\t<\/div>\n\t\t\t\t<div class=\"elementor-element elementor-element-76d7a334 elementor-widget elementor-widget-toggle\" data-id=\"76d7a334\" data-element_type=\"widget\" data-widget_type=\"toggle.default\">\n\t\t\t\t<div class=\"elementor-widget-container\">\n\t\t\t\t\t\t\t<div class=\"elementor-toggle\">\n\t\t\t\t\t\t\t<div class=\"elementor-toggle-item\">\n\t\t\t\t\t<div id=\"elementor-tab-title-1991\" class=\"elementor-tab-title\" data-tab=\"1\" role=\"button\" aria-controls=\"elementor-tab-content-1991\" aria-expanded=\"false\">\n\t\t\t\t\t\t\t\t\t\t\t\t<span class=\"elementor-toggle-icon elementor-toggle-icon-left\" aria-hidden=\"true\">\n\t\t\t\t\t\t\t\t\t\t\t\t\t\t\t<span class=\"elementor-toggle-icon-closed\"><svg class=\"e-font-icon-svg e-fas-caret-right\" viewBox=\"0 0 192 512\" xmlns=\"http:\/\/www.w3.org\/2000\/svg\"><path d=\"M0 384.662V127.338c0-17.818 21.543-26.741 34.142-14.142l128.662 128.662c7.81 7.81 7.81 20.474 0 28.284L34.142 398.804C21.543 411.404 0 402.48 0 384.662z\"><\/path><\/svg><\/span>\n\t\t\t\t\t\t\t\t<span class=\"elementor-toggle-icon-opened\"><svg class=\"elementor-toggle-icon-opened e-font-icon-svg e-fas-caret-up\" viewBox=\"0 0 320 512\" xmlns=\"http:\/\/www.w3.org\/2000\/svg\"><path d=\"M288.662 352H31.338c-17.818 0-26.741-21.543-14.142-34.142l128.662-128.662c7.81-7.81 20.474-7.81 28.284 0l128.662 128.662c12.6 12.599 3.676 34.142-14.142 34.142z\"><\/path><\/svg><\/span>\n\t\t\t\t\t\t\t\t\t\t\t\t\t<\/span>\n\t\t\t\t\t\t\t\t\t\t\t\t<a class=\"elementor-toggle-title\" tabindex=\"0\">Zakaj jih obo\u017eujemo<\/a>\n\t\t\t\t\t<\/div>\n\n\t\t\t\t\t<div id=\"elementor-tab-content-1991\" class=\"elementor-tab-content elementor-clearfix\" data-tab=\"1\" role=\"region\" aria-labelledby=\"elementor-tab-title-1991\"><ul>\n<li>Mehki, hipoalergeni in udobni.<\/li>\n<li>Okolju prijazni in namenjeni za ve\u010dkratno uporabo.<\/li>\n<li>Anatomska oblika se brezhibno prilega vsem oblikam o\u010di.<\/li>\n<li>Popolni pri barvanju trepalnic in izolaciji spodnjih trepalnic.<\/li>\n<li>Na voljo v atraktivnih barvah: sivka, \u010drna in zelena.<\/li>\n<\/ul>\n<\/div>\n\t\t\t\t<\/div>\n\t\t\t\t\t\t\t\t<\/div>\n\t\t\t\t\t\t<\/div>\n\t\t\t\t<\/div>\n\t\t\t\t<div class=\"elementor-element elementor-element-ef9eace elementor-widget elementor-widget-toggle\" data-id=\"ef9eace\" data-element_type=\"widget\" data-widget_type=\"toggle.default\">\n\t\t\t\t<div class=\"elementor-widget-container\">\n\t\t\t\t\t\t\t<div class=\"elementor-toggle\">\n\t\t\t\t\t\t\t<div class=\"elementor-toggle-item\">\n\t\t\t\t\t<div id=\"elementor-tab-title-2511\" class=\"elementor-tab-title\" data-tab=\"1\" role=\"button\" aria-controls=\"elementor-tab-content-2511\" aria-expanded=\"false\">\n\t\t\t\t\t\t\t\t\t\t\t\t<span class=\"elementor-toggle-icon elementor-toggle-icon-left\" aria-hidden=\"true\">\n\t\t\t\t\t\t\t\t\t\t\t\t\t\t\t<span class=\"elementor-toggle-icon-closed\"><svg class=\"e-font-icon-svg e-fas-caret-right\" viewBox=\"0 0 192 512\" xmlns=\"http:\/\/www.w3.org\/2000\/svg\"><path d=\"M0 384.662V127.338c0-17.818 21.543-26.741 34.142-14.142l128.662 128.662c7.81 7.81 7.81 20.474 0 28.284L34.142 398.804C21.543 411.404 0 402.48 0 384.662z\"><\/path><\/svg><\/span>\n\t\t\t\t\t\t\t\t<span class=\"elementor-toggle-icon-opened\"><svg class=\"elementor-toggle-icon-opened e-font-icon-svg e-fas-caret-up\" viewBox=\"0 0 320 512\" xmlns=\"http:\/\/www.w3.org\/2000\/svg\"><path d=\"M288.662 352H31.338c-17.818 0-26.741-21.543-14.142-34.142l128.662-128.662c7.81-7.81 20.474-7.81 28.284 0l128.662 128.662c12.6 12.599 3.676 34.142-14.142 34.142z\"><\/path><\/svg><\/span>\n\t\t\t\t\t\t\t\t\t\t\t\t\t<\/span>\n\t\t\t\t\t\t\t\t\t\t\t\t<a class=\"elementor-toggle-title\" tabindex=\"0\">Navodila za nego<\/a>\n\t\t\t\t\t<\/div>\n\n\t\t\t\t\t<div id=\"elementor-tab-content-2511\" class=\"elementor-tab-content elementor-clearfix\" data-tab=\"1\" role=\"region\" aria-labelledby=\"elementor-tab-title-2511\"><p>Po vsaki uporabi o\u010disti z mla\u010dno vodo in milom, nato jih namo\u010di v 70% alkohol za 10 minut in pusti, da se posu\u0161ijo na zraku. Obli\u017ei so enostavni za vzdr\u017eevanje in vedno pripravljeni za naslednji tretma vihanja trepalnic! <\/p>\n<p>Nadgradi svoje tretmaje trepalnic z <strong>LAMITTA Mariposa obli\u017ei<\/strong>\u2014za hiter, udoben in okolju prijazen lash lift in barvanje trepalnic.<\/p>\n<\/div>\n\t\t\t\t<\/div>\n\t\t\t\t\t\t\t\t<\/div>\n\t\t\t\t\t\t<\/div>\n\t\t\t\t<\/div>\n\t\t\t\t<\/div>\n\t\t\t\t\t<\/div>\n\t\t\t\t<\/div>\n\t\t\t\t<\/div>\n\t\t","protected":false},"excerpt":{"rendered":"<p>Silikonski obli\u017ei za ve\u010dkratno uporabo so zasnovani za lo\u010devanje spodnjih trepalnic od zgornjih med vihanjem trepalnic in so idealni za barvanje trepalnic. Stranki ponujajo mehko in udobno izku\u0161njo.<\/p>\n<p><strong>Prednosti:<\/strong><br \/>\n\u2022 Izdelani iz mehkega, hipoalergenega silikona<br \/>\n\u2022 Pospe\u0161ujejo \u010das nanosa<br \/>\n\u2022 Anatomska oblika se prilega vsem oblikam o\u010di<br \/>\n\u2022 Popolno se prilegajo spodnji liniji trepalnic<br \/>\n\u2022 Idealni za barvanje trepalnic<br \/>\n\u2022 Ve\u010dkrat uporabni in okolju prijazni<\/p>\n<p><strong>Uporaba<\/strong>: Namesti obli\u017ee na spodnjo linijo trepalnic kot obi\u010dajne obli\u017ee za o\u010di.<\/p>\n<p><strong>\u010ci\u0161\u010denje\/Dezinfekcija:<\/strong><br \/>\n1. Po vsaki uporabi o\u010disti z mla\u010dno vodo in milom.<br \/>\n2. Namo\u010di v 70% alkohol za 10 minut.<br \/>\n3. Speri z vodo in pusti, da se posu\u0161ijo na zraku pred naslednjo uporabo.<\/p>\n<p><strong>Na voljo v barvah:<\/strong> Sivka, \u010drna, zelena<\/p>\n","protected":false},"featured_media":16590,"template":"","meta":{"_acf_changed":false,"_monsterinsights_skip_tracking":false,"_monsterinsights_sitenote_active":false,"_monsterinsights_sitenote_note":"","_monsterinsights_sitenote_category":0},"product_brand":[],"product_cat":[505,524,502,238,236,229],"product_tag":[],"class_list":{"0":"post-16623","1":"product","2":"type-product","3":"status-publish","4":"has-post-thumbnail","6":"product_cat-blazinice-in-oblizi-za-trepalnice","7":"product_cat-korejski-lash-lift","8":"product_cat-lamitta-sl","9":"product_cat-nakup-po-znamki","10":"product_cat-blazinice-in-kompenzatorji","11":"product_cat-trepalnice","13":"first","14":"outofstock","15":"taxable","16":"shipping-taxable","17":"purchasable","18":"product-type-simple"},"acf":[],"aioseo_notices":[],"_links":{"self":[{"href":"https:\/\/browsomepro.com\/sl\/wp-json\/wp\/v2\/product\/16623","targetHints":{"allow":["GET"]}}],"collection":[{"href":"https:\/\/browsomepro.com\/sl\/wp-json\/wp\/v2\/product"}],"about":[{"href":"https:\/\/browsomepro.com\/sl\/wp-json\/wp\/v2\/types\/product"}],"version-history":[{"count":4,"href":"https:\/\/browsomepro.com\/sl\/wp-json\/wp\/v2\/product\/16623\/revisions"}],"predecessor-version":[{"id":16767,"href":"https:\/\/browsomepro.com\/sl\/wp-json\/wp\/v2\/product\/16623\/revisions\/16767"}],"wp:featuredmedia":[{"embeddable":true,"href":"https:\/\/browsomepro.com\/sl\/wp-json\/wp\/v2\/media\/16590"}],"wp:attachment":[{"href":"https:\/\/browsomepro.com\/sl\/wp-json\/wp\/v2\/media?parent=16623"}],"wp:term":[{"taxonomy":"product_brand","embeddable":true,"href":"https:\/\/browsomepro.com\/sl\/wp-json\/wp\/v2\/product_brand?post=16623"},{"taxonomy":"product_cat","embeddable":true,"href":"https:\/\/browsomepro.com\/sl\/wp-json\/wp\/v2\/product_cat?post=16623"},{"taxonomy":"product_tag","embeddable":true,"href":"https:\/\/browsomepro.com\/sl\/wp-json\/wp\/v2\/product_tag?post=16623"}],"curies":[{"name":"wp","href":"https:\/\/api.w.org\/{rel}","templated":true}]}}