{"id":16518,"date":"2024-10-21T11:23:23","date_gmt":"2024-10-21T10:23:23","guid":{"rendered":"https:\/\/browsomepro.com\/?post_type=product&#038;p=16518"},"modified":"2025-01-10T16:18:45","modified_gmt":"2025-01-10T15:18:45","slug":"lamitta-lash-lift-brush-kit","status":"publish","type":"product","link":"https:\/\/browsomepro.com\/sl\/izdelek\/lamitta-lash-lift-brush-kit\/","title":{"rendered":"Lamitta &#8211; Lash Lift Brush Kit"},"content":{"rendered":"\t\t<div data-elementor-type=\"product-post\" data-elementor-id=\"16518\" class=\"elementor elementor-16518 elementor-16517\" data-elementor-post-type=\"product\">\n\t\t\t\t<div class=\"elementor-element elementor-element-2a48db23 e-flex e-con-boxed e-con e-parent\" data-id=\"2a48db23\" data-element_type=\"container\">\n\t\t\t\t\t<div class=\"e-con-inner\">\n\t\t<div class=\"elementor-element elementor-element-d8b1f27 e-con-full e-flex e-con e-child\" data-id=\"d8b1f27\" data-element_type=\"container\">\n\t\t\t\t<div class=\"elementor-element elementor-element-4b5daae0 elementor-widget elementor-widget-image\" data-id=\"4b5daae0\" data-element_type=\"widget\" data-widget_type=\"image.default\">\n\t\t\t\t<div class=\"elementor-widget-container\">\n\t\t\t\t\t\t\t\t\t\t\t\t\t\t\t<img fetchpriority=\"high\" decoding=\"async\" width=\"2000\" height=\"2000\" src=\"https:\/\/browsomepro.com\/wp-content\/uploads\/2024\/10\/Lamitta-brushes-set-browsomepro.webp\" class=\"attachment-full size-full wp-image-16516\" alt=\"\" srcset=\"https:\/\/browsomepro.com\/wp-content\/uploads\/2024\/10\/Lamitta-brushes-set-browsomepro.webp 2000w, https:\/\/browsomepro.com\/wp-content\/uploads\/2024\/10\/Lamitta-brushes-set-browsomepro-300x300.webp 300w, https:\/\/browsomepro.com\/wp-content\/uploads\/2024\/10\/Lamitta-brushes-set-browsomepro-150x150.webp 150w, https:\/\/browsomepro.com\/wp-content\/uploads\/2024\/10\/Lamitta-brushes-set-browsomepro-800x800.webp 800w, https:\/\/browsomepro.com\/wp-content\/uploads\/2024\/10\/Lamitta-brushes-set-browsomepro-1024x1024.webp 1024w, https:\/\/browsomepro.com\/wp-content\/uploads\/2024\/10\/Lamitta-brushes-set-browsomepro-768x768.webp 768w, https:\/\/browsomepro.com\/wp-content\/uploads\/2024\/10\/Lamitta-brushes-set-browsomepro-1536x1536.webp 1536w, https:\/\/browsomepro.com\/wp-content\/uploads\/2024\/10\/Lamitta-brushes-set-browsomepro-990x990.webp 990w, https:\/\/browsomepro.com\/wp-content\/uploads\/2024\/10\/Lamitta-brushes-set-browsomepro-441x441.webp 441w, https:\/\/browsomepro.com\/wp-content\/uploads\/2024\/10\/Lamitta-brushes-set-browsomepro-100x100.webp 100w\" sizes=\"(max-width: 360px) 147px, (max-width: 2000px) 100vw, 2000px\" \/>\t\t\t\t\t\t\t\t\t\t\t\t\t\t\t<\/div>\n\t\t\t\t<\/div>\n\t\t\t\t<\/div>\n\t\t<div class=\"elementor-element elementor-element-5c913c51 e-con-full e-flex e-con e-child\" data-id=\"5c913c51\" data-element_type=\"container\" data-settings=\"{&quot;background_background&quot;:&quot;classic&quot;}\">\n\t\t\t\t<div class=\"elementor-element elementor-element-330d23ee elementor-widget elementor-widget-heading\" data-id=\"330d23ee\" data-element_type=\"widget\" data-widget_type=\"heading.default\">\n\t\t\t\t<div class=\"elementor-widget-container\">\n\t\t\t\t\t<h2 class=\"elementor-heading-title elementor-size-default\">Lamitta Must-Have \u010copi\u010di<\/h2>\t\t\t\t<\/div>\n\t\t\t\t<\/div>\n\t\t\t\t<div class=\"elementor-element elementor-element-7c7030d5 elementor-widget elementor-widget-text-editor\" data-id=\"7c7030d5\" data-element_type=\"widget\" data-widget_type=\"text-editor.default\">\n\t\t\t\t<div class=\"elementor-widget-container\">\n\t\t\t\t\t\t\t\t\t<p><strong>Lamitta Lash Lift \u010copi\u010di<\/strong> so nujen pripomo\u010dek za brezhiben dvig trepalnic, od razporejanja trepalnic do nanosa barve. Zasnovala ga je Liliya Utivlenova, kreatorka priznanega Laminator \u010dopi\u010da. Patentiran komplet \u010dopi\u010dev \u0161e dodatno nadgrajuje njeno kolekcijo, omogo\u010da, da je vsak korak vihanja trepalnic izpeljan z izjemno natan\u010dnostjo. Vsak \u010dopi\u010d je izdelan iz visokokakovostnih materialov in z precizno izdelavo, kar zagotavlja vrhunske rezultate lash lifta.  <\/p>\n<p>Komplet vklju\u010duje \u010dopi\u010de za nana\u0161anje preparatov, barvanje, odstranjevanje produktov in razporejanje trepalnic. Vsi so o\u0161tevil\u010deni &#8211; za la\u017ejo uporabo v pravilnem zaporedju. Ti \u010dopi\u010di so popolno oblikovani za poenostavitev in izbolj\u0161anje tvojega postopka vihanja trepalnic, kar zagotavlja natan\u010dnost in profesionalne rezultate. <\/p>\n\t\t\t\t\t\t\t\t<\/div>\n\t\t\t\t<\/div>\n\t\t\t\t<div class=\"elementor-element elementor-element-10117ee7 elementor-widget elementor-widget-toggle\" data-id=\"10117ee7\" data-element_type=\"widget\" data-widget_type=\"toggle.default\">\n\t\t\t\t<div class=\"elementor-widget-container\">\n\t\t\t\t\t\t\t<div class=\"elementor-toggle\">\n\t\t\t\t\t\t\t<div class=\"elementor-toggle-item\">\n\t\t\t\t\t<div id=\"elementor-tab-title-2691\" class=\"elementor-tab-title\" data-tab=\"1\" role=\"button\" aria-controls=\"elementor-tab-content-2691\" aria-expanded=\"false\">\n\t\t\t\t\t\t\t\t\t\t\t\t<span class=\"elementor-toggle-icon elementor-toggle-icon-left\" aria-hidden=\"true\">\n\t\t\t\t\t\t\t\t\t\t\t\t\t\t\t<span class=\"elementor-toggle-icon-closed\"><svg class=\"e-font-icon-svg e-fas-caret-right\" viewBox=\"0 0 192 512\" xmlns=\"http:\/\/www.w3.org\/2000\/svg\"><path d=\"M0 384.662V127.338c0-17.818 21.543-26.741 34.142-14.142l128.662 128.662c7.81 7.81 7.81 20.474 0 28.284L34.142 398.804C21.543 411.404 0 402.48 0 384.662z\"><\/path><\/svg><\/span>\n\t\t\t\t\t\t\t\t<span class=\"elementor-toggle-icon-opened\"><svg class=\"elementor-toggle-icon-opened e-font-icon-svg e-fas-caret-up\" viewBox=\"0 0 320 512\" xmlns=\"http:\/\/www.w3.org\/2000\/svg\"><path d=\"M288.662 352H31.338c-17.818 0-26.741-21.543-14.142-34.142l128.662-128.662c7.81-7.81 20.474-7.81 28.284 0l128.662 128.662c12.6 12.599 3.676 34.142-14.142 34.142z\"><\/path><\/svg><\/span>\n\t\t\t\t\t\t\t\t\t\t\t\t\t<\/span>\n\t\t\t\t\t\t\t\t\t\t\t\t<a class=\"elementor-toggle-title\" tabindex=\"0\">Opis \u010dopi\u010dev<\/a>\n\t\t\t\t\t<\/div>\n\n\t\t\t\t\t<div id=\"elementor-tab-content-2691\" class=\"elementor-tab-content elementor-clearfix\" data-tab=\"1\" role=\"region\" aria-labelledby=\"elementor-tab-title-2691\"><ul>\n<li><strong>\u010copi\u010d 1:<\/strong> Za natan\u010dno nana\u0161anje serumov.<\/li>\n<li><strong>\u010copi\u010d 2: <\/strong>Za barvanje spodnjih trepalnic in nana\u0161anje serumov.<\/li>\n<li><strong>\u010copi\u010d 3:<\/strong> Za enostavno odstranjevanje serumov.<\/li>\n<li><strong>\u010copi\u010d 4: <\/strong>Za nana\u0161anje barve in lash botoxa \/ kon\u010dnih serumov.<\/li>\n<li><strong>Laminator Slide:<\/strong> Za brezhibno razporejanje trepalnic.<\/li>\n<li><strong>Laminator:<\/strong> Za lo\u010devanje in razporejanje trepalnic.<\/li>\n<\/ul>\n<\/div>\n\t\t\t\t<\/div>\n\t\t\t\t\t\t\t\t<\/div>\n\t\t\t\t\t\t<\/div>\n\t\t\t\t<\/div>\n\t\t\t\t<\/div>\n\t\t\t\t\t<\/div>\n\t\t\t\t<\/div>\n\t\t\t\t<\/div>\n\t\t","protected":false},"excerpt":{"rendered":"<p>Lamitta Lash Lift Brush Kit je vrhunski set pripomo\u010dkov za brezhibno vihanje trepalnic, od razporejanja do nanosa barve. Ustvarila ga je Liliya Utivlenova, kreatorka slavnega Laminator-ja. Patentiran komplet raz\u0161irja njeno kolekcijo \u010dopi\u010dev ter pokriva vsak korak pri postopku vihanja trepalnic. Vsak \u010dopi\u010d v kompletu je izdelan iz visokokakovostnih materialov in z veliko pozornostjo. Komplet vklju\u010duje \u010dopi\u010de za razporejanje trepalnic, nana\u0161anje serumov, odstranjevanje produktov ter barvanje ali nanos botoksa\/kon\u010dnih produktov za trepalnice.<br \/>\nDa bo postopek \u0161e enostavnej\u0161i, so \u010dopi\u010di o\u0161tevil\u010deni na ro\u010dajih po zaporedju, v katerem jih mora\u0161 uporabljati. Glave \u010dopi\u010dev so popolnih dimenzij za hitro, natan\u010dno in enostavno vihanje trepalnic.<\/p>\n<p>Vsebina kompleta:<br \/>\n\u2022 \u010copi\u010d 1: Za nana\u0161anje serumov<br \/>\n\u2022 \u010copi\u010d 2: Za nana\u0161anje serumov in barvanje spodnjih trepalnic<br \/>\n\u2022 \u010copi\u010d 3: Za odstranjevanje serumov<br \/>\n\u2022 \u010copi\u010d 4: Za barvanje in nanos Lash botoksa\/ kon\u010dnih produktov za trepalnice<br \/>\n\u2022 Laminator Slide: Za razporejanje trepalnic<\/p>\n<p>Navodila za \u010di\u0161\u010denje:<br \/>\nPo vsaki uporabi takoj o\u010disti \u010dopi\u010de s toplo vodo in milom, nato jih razku\u017ei z alkoholom za temeljito sterilizacijo.<\/p>\n<p>Ta set je nujen lash artiste, saj zagotavlja vrhunske rezultate in pomaga dose\u010di popoln lash lift.<\/p>\n<p>Izdelano v Kazahstanu.<\/p>\n","protected":false},"featured_media":16486,"template":"","meta":{"_acf_changed":false,"_monsterinsights_skip_tracking":false,"_monsterinsights_sitenote_active":false,"_monsterinsights_sitenote_note":"","_monsterinsights_sitenote_category":0},"product_brand":[],"product_cat":[503,525,502,238,527,230,229],"product_tag":[],"class_list":{"0":"post-16518","1":"product","2":"type-product","3":"status-publish","4":"has-post-thumbnail","6":"product_cat-copici-sl-10","7":"product_cat-ekskluzivni-seti","8":"product_cat-lamitta-sl","9":"product_cat-nakup-po-znamki","10":"product_cat-vihanje-trepalnic-sl-10","11":"product_cat-dodatki-sl","12":"product_cat-trepalnice","14":"first","15":"instock","16":"taxable","17":"shipping-taxable","18":"purchasable","19":"product-type-simple"},"acf":[],"aioseo_notices":[],"_links":{"self":[{"href":"https:\/\/browsomepro.com\/sl\/wp-json\/wp\/v2\/product\/16518","targetHints":{"allow":["GET"]}}],"collection":[{"href":"https:\/\/browsomepro.com\/sl\/wp-json\/wp\/v2\/product"}],"about":[{"href":"https:\/\/browsomepro.com\/sl\/wp-json\/wp\/v2\/types\/product"}],"version-history":[{"count":4,"href":"https:\/\/browsomepro.com\/sl\/wp-json\/wp\/v2\/product\/16518\/revisions"}],"predecessor-version":[{"id":16758,"href":"https:\/\/browsomepro.com\/sl\/wp-json\/wp\/v2\/product\/16518\/revisions\/16758"}],"wp:featuredmedia":[{"embeddable":true,"href":"https:\/\/browsomepro.com\/sl\/wp-json\/wp\/v2\/media\/16486"}],"wp:attachment":[{"href":"https:\/\/browsomepro.com\/sl\/wp-json\/wp\/v2\/media?parent=16518"}],"wp:term":[{"taxonomy":"product_brand","embeddable":true,"href":"https:\/\/browsomepro.com\/sl\/wp-json\/wp\/v2\/product_brand?post=16518"},{"taxonomy":"product_cat","embeddable":true,"href":"https:\/\/browsomepro.com\/sl\/wp-json\/wp\/v2\/product_cat?post=16518"},{"taxonomy":"product_tag","embeddable":true,"href":"https:\/\/browsomepro.com\/sl\/wp-json\/wp\/v2\/product_tag?post=16518"}],"curies":[{"name":"wp","href":"https:\/\/api.w.org\/{rel}","templated":true}]}}