{"id":14728,"date":"2024-03-01T10:06:38","date_gmt":"2024-03-01T09:06:38","guid":{"rendered":"https:\/\/browsomepro.com\/product\/thuya-graphite-dye\/"},"modified":"2026-05-14T09:35:28","modified_gmt":"2026-05-14T08:35:28","slug":"thuya-graphite-dye","status":"publish","type":"product","link":"https:\/\/browsomepro.com\/sl\/izdelek\/thuya-graphite-dye\/","title":{"rendered":"Thuya \u2013 Graphite DYE"},"content":{"rendered":"\t\t<div data-elementor-type=\"product-post\" data-elementor-id=\"14728\" class=\"elementor elementor-14728 elementor-7384\" data-elementor-post-type=\"product\">\n\t\t\t\t<div class=\"elementor-element elementor-element-77f7e7d e-flex e-con-boxed e-con e-parent\" data-id=\"77f7e7d\" data-element_type=\"container\">\n\t\t\t\t\t<div class=\"e-con-inner\">\n\t\t<div class=\"elementor-element elementor-element-7716a9c e-con-full e-flex e-con e-child\" data-id=\"7716a9c\" data-element_type=\"container\">\n\t\t\t\t<div class=\"elementor-element elementor-element-2363e2b elementor-widget elementor-widget-image\" data-id=\"2363e2b\" data-element_type=\"widget\" data-widget_type=\"image.default\">\n\t\t\t\t<div class=\"elementor-widget-container\">\n\t\t\t\t\t\t\t\t\t\t\t\t\t\t\t<img fetchpriority=\"high\" decoding=\"async\" width=\"1080\" height=\"1080\" src=\"https:\/\/browsomepro.com\/wp-content\/uploads\/2024\/02\/thuya-tints-browsome.jpg\" class=\"attachment-full size-full wp-image-12993\" alt=\"\" srcset=\"https:\/\/browsomepro.com\/wp-content\/uploads\/2024\/02\/thuya-tints-browsome.jpg 1080w, https:\/\/browsomepro.com\/wp-content\/uploads\/2024\/02\/thuya-tints-browsome-300x300.jpg 300w, https:\/\/browsomepro.com\/wp-content\/uploads\/2024\/02\/thuya-tints-browsome-1024x1024.jpg 1024w, https:\/\/browsomepro.com\/wp-content\/uploads\/2024\/02\/thuya-tints-browsome-150x150.jpg 150w, https:\/\/browsomepro.com\/wp-content\/uploads\/2024\/02\/thuya-tints-browsome-768x768.jpg 768w, https:\/\/browsomepro.com\/wp-content\/uploads\/2024\/02\/thuya-tints-browsome-990x990.jpg 990w, https:\/\/browsomepro.com\/wp-content\/uploads\/2024\/02\/thuya-tints-browsome-441x441.jpg 441w, https:\/\/browsomepro.com\/wp-content\/uploads\/2024\/02\/thuya-tints-browsome-100x100.jpg 100w, https:\/\/browsomepro.com\/wp-content\/uploads\/2024\/02\/thuya-tints-browsome-800x800.jpg 800w\" sizes=\"(max-width: 360px) 147px, (max-width: 1080px) 100vw, 1080px\" \/>\t\t\t\t\t\t\t\t\t\t\t\t\t\t\t<\/div>\n\t\t\t\t<\/div>\n\t\t\t\t<\/div>\n\t\t<div class=\"elementor-element elementor-element-891278b e-con-full e-flex e-con e-child\" data-id=\"891278b\" data-element_type=\"container\" data-settings=\"{&quot;background_background&quot;:&quot;classic&quot;}\">\n\t\t\t\t<div class=\"elementor-element elementor-element-060f0a6 elementor-widget elementor-widget-heading\" data-id=\"060f0a6\" data-element_type=\"widget\" data-widget_type=\"heading.default\">\n\t\t\t\t<div class=\"elementor-widget-container\">\n\t\t\t\t\t<h2 class=\"elementor-heading-title elementor-size-default\">Obstojna barva<\/h2>\t\t\t\t<\/div>\n\t\t\t\t<\/div>\n\t\t\t\t<div class=\"elementor-element elementor-element-1c9773d elementor-widget elementor-widget-text-editor\" data-id=\"1c9773d\" data-element_type=\"widget\" data-widget_type=\"text-editor.default\">\n\t\t\t\t<div class=\"elementor-widget-container\">\n\t\t\t\t\t\t\t\t\t<p>Pri barvanju obrvi in trepalnic je klju\u010dnega pomena obstojnost. Barve Thuya so zasnovane tako, da na dla\u010dicah zdr\u017eijo do 6 tednov, na ko\u017ei pa 10 dni, kar va\u0161im strankam zagotavlja trajne rezultate z minimalnim vzdr\u017eevanjem. <\/p>\n<p>Skrivnost te dolgotrajne obstojnosti? Thuyina tehnologija Color Active.  <\/p>\n<p>Inovativna formula je zasnovana tako, da prodre globoko in barvo \u0161e u\u010dinkoviteje pove\u017ee z vsako dla\u010dico. To zagotavlja nasi\u010denost, ki je odporna proti bledenju, ohranja intenzivnost in polnost barve tudi med umivanjem in vsakodnevnimi opravki.  <\/p>\n<p>Odtenki so ustvarjeni za prav vsako barvo dla\u010dic , kar zagotavlja prilagojene rezultate.<\/p>\n\t\t\t\t\t\t\t\t<\/div>\n\t\t\t\t<\/div>\n\t\t\t\t<\/div>\n\t\t\t\t\t<\/div>\n\t\t\t\t<\/div>\n\t\t<div class=\"elementor-element elementor-element-64a988c e-flex e-con-boxed e-con e-parent\" data-id=\"64a988c\" data-element_type=\"container\">\n\t\t\t\t\t<div class=\"e-con-inner\">\n\t\t<div class=\"elementor-element elementor-element-8700064 e-con-full e-flex e-con e-child\" data-id=\"8700064\" data-element_type=\"container\" data-settings=\"{&quot;background_background&quot;:&quot;classic&quot;}\">\n\t\t\t\t<div class=\"elementor-element elementor-element-ad9bffc elementor-widget elementor-widget-heading\" data-id=\"ad9bffc\" data-element_type=\"widget\" data-widget_type=\"heading.default\">\n\t\t\t\t<div class=\"elementor-widget-container\">\n\t\t\t\t\t<h2 class=\"elementor-heading-title elementor-size-default\">Negovalna formula<\/h2>\t\t\t\t<\/div>\n\t\t\t\t<\/div>\n\t\t\t\t<div class=\"elementor-element elementor-element-0841853 elementor-widget elementor-widget-text-editor\" data-id=\"0841853\" data-element_type=\"widget\" data-widget_type=\"text-editor.default\">\n\t\t\t\t<div class=\"elementor-widget-container\">\n\t\t\t\t\t\t\t\t\t<p>Barve so obogatene z me\u0161anico arganovega olja in keratina, sestavin, ki so znane po svojih lastnostih krepitve dla\u010dic. Ta mo\u010dan duet skupaj vla\u017ei in obnavlja dla\u010dice ter zagotavlja svilnat in zdrav videz. Arganovo olje, obogateno z vitaminom E, pove\u010duje elasti\u010dnost in sijaj, keratin pa krepi in izbolj\u0161uje odpornost dla\u010dic.   <\/p>\n\t\t\t\t\t\t\t\t<\/div>\n\t\t\t\t<\/div>\n\t\t\t\t<div class=\"elementor-element elementor-element-3510d2e elementor-widget elementor-widget-heading\" data-id=\"3510d2e\" data-element_type=\"widget\" data-widget_type=\"heading.default\">\n\t\t\t\t<div class=\"elementor-widget-container\">\n\t\t\t\t\t<h2 class=\"elementor-heading-title elementor-size-default\">Priljubljene kombinacije<\/h2>\t\t\t\t<\/div>\n\t\t\t\t<\/div>\n\t\t\t\t<div class=\"elementor-element elementor-element-8394733 elementor-widget elementor-widget-text-editor\" data-id=\"8394733\" data-element_type=\"widget\" data-widget_type=\"text-editor.default\">\n\t\t\t\t<div class=\"elementor-widget-container\">\n\t\t\t\t\t\t\t\t\t<p>Thuya barvna paleta je ustvarjena za kreativnost, saj vam omogo\u010da svobodno kombiniranje in me\u0161anje, kar vsaki stranki zagotavlja edinstven odtenek. Ne glede na to, ali \u017eelite dose\u010di ne\u017eno ali dramati\u010dno spremembo, lahko ustvarite idealen odtenek. <\/p>\n\t\t\t\t\t\t\t\t<\/div>\n\t\t\t\t<\/div>\n\t\t\t\t<div class=\"elementor-element elementor-element-c3d3c24 elementor-widget elementor-widget-toggle\" data-id=\"c3d3c24\" data-element_type=\"widget\" data-widget_type=\"toggle.default\">\n\t\t\t\t<div class=\"elementor-widget-container\">\n\t\t\t\t\t\t\t<div class=\"elementor-toggle\">\n\t\t\t\t\t\t\t<div class=\"elementor-toggle-item\">\n\t\t\t\t\t<div id=\"elementor-tab-title-2051\" class=\"elementor-tab-title\" data-tab=\"1\" role=\"button\" aria-controls=\"elementor-tab-content-2051\" aria-expanded=\"false\">\n\t\t\t\t\t\t\t\t\t\t\t\t<span class=\"elementor-toggle-icon elementor-toggle-icon-left\" aria-hidden=\"true\">\n\t\t\t\t\t\t\t\t\t\t\t\t\t\t\t<span class=\"elementor-toggle-icon-closed\"><svg class=\"e-font-icon-svg e-fas-caret-right\" viewBox=\"0 0 192 512\" xmlns=\"http:\/\/www.w3.org\/2000\/svg\"><path d=\"M0 384.662V127.338c0-17.818 21.543-26.741 34.142-14.142l128.662 128.662c7.81 7.81 7.81 20.474 0 28.284L34.142 398.804C21.543 411.404 0 402.48 0 384.662z\"><\/path><\/svg><\/span>\n\t\t\t\t\t\t\t\t<span class=\"elementor-toggle-icon-opened\"><svg class=\"elementor-toggle-icon-opened e-font-icon-svg e-fas-caret-up\" viewBox=\"0 0 320 512\" xmlns=\"http:\/\/www.w3.org\/2000\/svg\"><path d=\"M288.662 352H31.338c-17.818 0-26.741-21.543-14.142-34.142l128.662-128.662c7.81-7.81 20.474-7.81 28.284 0l128.662 128.662c12.6 12.599 3.676 34.142-14.142 34.142z\"><\/path><\/svg><\/span>\n\t\t\t\t\t\t\t\t\t\t\t\t\t<\/span>\n\t\t\t\t\t\t\t\t\t\t\t\t<a class=\"elementor-toggle-title\" tabindex=\"0\">Priljubljene me\u0161anice<\/a>\n\t\t\t\t\t<\/div>\n\n\t\t\t\t\t<div id=\"elementor-tab-content-2051\" class=\"elementor-tab-content elementor-clearfix\" data-tab=\"1\" role=\"region\" aria-labelledby=\"elementor-tab-title-2051\"><p>\u2013Ash brown (40%) + Brown (60%) = naravna rjava<br \/>\u2013Brown (80%9 + Taupe grey (20%)= temno rjava<br \/>\u2013Ash Brown (90%) + Chestnut (10%) = temnej\u0161a rde\u010da<br \/>\u2013Light Brown (90%) + Ash Brown (10%)= topla blond<br \/>\u2013Light Brown (70%) + Taupe Grey (30%) = hladna blond<br \/>\u2013Light Brown (80%) + Graphite (20%) = temna blond<br \/>\u2013Light Brown (70%) + Chestnut (30%)= svetlej\u0161a rde\u010da<\/p>\n<\/div>\n\t\t\t\t<\/div>\n\t\t\t\t\t\t\t<div class=\"elementor-toggle-item\">\n\t\t\t\t\t<div id=\"elementor-tab-title-2052\" class=\"elementor-tab-title\" data-tab=\"2\" role=\"button\" aria-controls=\"elementor-tab-content-2052\" aria-expanded=\"false\">\n\t\t\t\t\t\t\t\t\t\t\t\t<span class=\"elementor-toggle-icon elementor-toggle-icon-left\" aria-hidden=\"true\">\n\t\t\t\t\t\t\t\t\t\t\t\t\t\t\t<span class=\"elementor-toggle-icon-closed\"><svg class=\"e-font-icon-svg e-fas-caret-right\" viewBox=\"0 0 192 512\" xmlns=\"http:\/\/www.w3.org\/2000\/svg\"><path d=\"M0 384.662V127.338c0-17.818 21.543-26.741 34.142-14.142l128.662 128.662c7.81 7.81 7.81 20.474 0 28.284L34.142 398.804C21.543 411.404 0 402.48 0 384.662z\"><\/path><\/svg><\/span>\n\t\t\t\t\t\t\t\t<span class=\"elementor-toggle-icon-opened\"><svg class=\"elementor-toggle-icon-opened e-font-icon-svg e-fas-caret-up\" viewBox=\"0 0 320 512\" xmlns=\"http:\/\/www.w3.org\/2000\/svg\"><path d=\"M288.662 352H31.338c-17.818 0-26.741-21.543-14.142-34.142l128.662-128.662c7.81-7.81 20.474-7.81 28.284 0l128.662 128.662c12.6 12.599 3.676 34.142-14.142 34.142z\"><\/path><\/svg><\/span>\n\t\t\t\t\t\t\t\t\t\t\t\t\t<\/span>\n\t\t\t\t\t\t\t\t\t\t\t\t<a class=\"elementor-toggle-title\" tabindex=\"0\">Opisi odtenkov<\/a>\n\t\t\t\t\t<\/div>\n\n\t\t\t\t\t<div id=\"elementor-tab-content-2052\" class=\"elementor-tab-content elementor-clearfix\" data-tab=\"2\" role=\"region\" aria-labelledby=\"elementor-tab-title-2052\"><p><strong>Light Brown (svetlo rjava)-<\/strong> Idealen za blondinke in svetlo rjave lase.<br \/><strong>Ash Brown (pepelnato rjava) <\/strong>-Idealen za rde\u010dkaste lase in svetlo rjave lase.<br \/><strong>Taupe Grey (taupe siva)-<\/strong> Idealna za srednje do temno rjave lase<br \/><strong>Graphite (grafit) &#8211;<\/strong> Priporo\u010dljivo za sive, rjave ali \u010drne odtenke.<br \/><strong>Marron Brown (rjava) &#8211;<\/strong> Idealna za temnej\u0161e rjave odtenke.<br \/><strong>Deep Black (\u010drna) &#8211; <\/strong>Globok in \u010dist, klasi\u010den \u010drn odtenek.<br \/><strong>Chestnut (kostanjeva) &#8211; <\/strong>Za rde\u010dkaste odtenke.<br \/><strong>Bluish Black (modrikasto \u010drna) &#8211;<\/strong> Najbolj\u0161a barva za trepalnice<\/p>\n<\/div>\n\t\t\t\t<\/div>\n\t\t\t\t\t\t\t\t<\/div>\n\t\t\t\t\t\t<\/div>\n\t\t\t\t<\/div>\n\t\t\t\t<\/div>\n\t\t<div class=\"elementor-element elementor-element-17112d8 e-con-full e-flex e-con e-child\" data-id=\"17112d8\" data-element_type=\"container\">\n\t\t\t\t<div class=\"elementor-element elementor-element-f0f1237 elementor-widget elementor-widget-image\" data-id=\"f0f1237\" data-element_type=\"widget\" data-widget_type=\"image.default\">\n\t\t\t\t<div class=\"elementor-widget-container\">\n\t\t\t\t\t\t\t\t\t\t\t\t\t\t\t<img decoding=\"async\" width=\"1080\" height=\"1080\" src=\"https:\/\/browsomepro.com\/wp-content\/uploads\/2024\/02\/thuya-colors.jpg\" class=\"attachment-full size-full wp-image-12994\" alt=\"\" srcset=\"https:\/\/browsomepro.com\/wp-content\/uploads\/2024\/02\/thuya-colors.jpg 1080w, https:\/\/browsomepro.com\/wp-content\/uploads\/2024\/02\/thuya-colors-300x300.jpg 300w, https:\/\/browsomepro.com\/wp-content\/uploads\/2024\/02\/thuya-colors-1024x1024.jpg 1024w, https:\/\/browsomepro.com\/wp-content\/uploads\/2024\/02\/thuya-colors-150x150.jpg 150w, https:\/\/browsomepro.com\/wp-content\/uploads\/2024\/02\/thuya-colors-768x768.jpg 768w, https:\/\/browsomepro.com\/wp-content\/uploads\/2024\/02\/thuya-colors-990x990.jpg 990w, https:\/\/browsomepro.com\/wp-content\/uploads\/2024\/02\/thuya-colors-441x441.jpg 441w, https:\/\/browsomepro.com\/wp-content\/uploads\/2024\/02\/thuya-colors-100x100.jpg 100w, https:\/\/browsomepro.com\/wp-content\/uploads\/2024\/02\/thuya-colors-800x800.jpg 800w\" sizes=\"(max-width: 360px) 147px, (max-width: 1080px) 100vw, 1080px\" \/>\t\t\t\t\t\t\t\t\t\t\t\t\t\t\t<\/div>\n\t\t\t\t<\/div>\n\t\t\t\t<\/div>\n\t\t\t\t\t<\/div>\n\t\t\t\t<\/div>\n\t\t\t\t<\/div>\n\t\t","protected":false},"excerpt":{"rendered":"<p>Z enim samim nanosom barve Thuya zagotavljajo barvanje in nego hkrati. Zahvaljujo\u010d aktivnim sestavinam delujejo kot negovalni tretma, dla\u010dice krepijo, obnavljajo in vla\u017eijo. Izdelano iz: &#8211; Inovativna formula Color Active zagotavlja enakomerno, \u010dudovito in dolgotrajno barvo.   <strong><span class=\"HwtZe\" lang=\"en\"><span class=\"jCAhz ChMk0b\"><span class=\"ryNqvb\">Graphite- primeren za obrvi s sivimi odtenki. \u0160e posebej je priporo\u010dljiv za sivkaste, temno rjave ali \u010drne lase. <\/span><\/span><\/span><\/strong><\/p>\n<p>[cg_accordion title=\"Sestavine\"]Aqua (water), cetearyl alcohol, propylene glycol, stearyl alcohol, decyl oleate, ethanolamine, glyceryl stearate, cetyl alcohol, dipropylene glycol, ceteareth-33, p-phenylenediamine, octyldodecyl myristate, resorcinol, argania spinosa (argan) kernel oil, capparis spinosa (caper bush) fruit extract, octyldodecanol, aloe barbadensis (aloe vera) leaf juice, sodium hydrosulfite, disodium EDTA, beeswax, hydrolized keratin, boswellia serrata gum, 4-amino-m-cresol, acrylates\/vinyl isodecanoate crosspolymer, 2-methyl-5-hydroxyethylaminophenol, ascorbic acid, 2\/4-diaminophenoxyethanol HCI, potassium sorbate, sodium benzoate. [\/cg_accordion] Koli\u010dina: 14 ml Proizvedeno v: \u0160panija Rok uporabe po odprtju: 12 mesecev<\/p>\n","protected":false},"featured_media":13011,"template":"","meta":{"_acf_changed":false,"_monsterinsights_skip_tracking":false,"_monsterinsights_sitenote_active":false,"_monsterinsights_sitenote_note":"","_monsterinsights_sitenote_category":0},"product_brand":[],"product_cat":[311,309,238,308,310,214,235,215,209,229],"product_tag":[],"class_list":{"0":"post-14728","1":"product","2":"type-product","3":"status-publish","4":"has-post-thumbnail","6":"product_cat-barve-za-obrvi-sl-7","7":"product_cat-laminacija-obrvi-sl-8","8":"product_cat-nakup-po-znamki","9":"product_cat-thuya-sl","10":"product_cat-vihanje-trepalnic-sl-7","11":"product_cat-barve-za-obrvi","12":"product_cat-barve-za-trepalnice","13":"product_cat-laminacija-obrvi","14":"product_cat-obrvi","15":"product_cat-trepalnice","17":"first","18":"instock","19":"taxable","20":"shipping-taxable","21":"purchasable","22":"product-type-simple"},"acf":[],"aioseo_notices":[],"_links":{"self":[{"href":"https:\/\/browsomepro.com\/sl\/wp-json\/wp\/v2\/product\/14728","targetHints":{"allow":["GET"]}}],"collection":[{"href":"https:\/\/browsomepro.com\/sl\/wp-json\/wp\/v2\/product"}],"about":[{"href":"https:\/\/browsomepro.com\/sl\/wp-json\/wp\/v2\/types\/product"}],"version-history":[{"count":1,"href":"https:\/\/browsomepro.com\/sl\/wp-json\/wp\/v2\/product\/14728\/revisions"}],"predecessor-version":[{"id":14729,"href":"https:\/\/browsomepro.com\/sl\/wp-json\/wp\/v2\/product\/14728\/revisions\/14729"}],"wp:featuredmedia":[{"embeddable":true,"href":"https:\/\/browsomepro.com\/sl\/wp-json\/wp\/v2\/media\/13011"}],"wp:attachment":[{"href":"https:\/\/browsomepro.com\/sl\/wp-json\/wp\/v2\/media?parent=14728"}],"wp:term":[{"taxonomy":"product_brand","embeddable":true,"href":"https:\/\/browsomepro.com\/sl\/wp-json\/wp\/v2\/product_brand?post=14728"},{"taxonomy":"product_cat","embeddable":true,"href":"https:\/\/browsomepro.com\/sl\/wp-json\/wp\/v2\/product_cat?post=14728"},{"taxonomy":"product_tag","embeddable":true,"href":"https:\/\/browsomepro.com\/sl\/wp-json\/wp\/v2\/product_tag?post=14728"}],"curies":[{"name":"wp","href":"https:\/\/api.w.org\/{rel}","templated":true}]}}