{"id":14679,"date":"2024-03-05T10:23:20","date_gmt":"2024-03-05T09:23:20","guid":{"rendered":"https:\/\/browsomepro.com\/product\/thuya-pinceta\/"},"modified":"2026-04-26T16:21:54","modified_gmt":"2026-04-26T15:21:54","slug":"thuya-pinceta","status":"publish","type":"product","link":"https:\/\/browsomepro.com\/sl\/izdelek\/thuya-pinceta\/","title":{"rendered":"Thuya \u2013 Pinceta"},"content":{"rendered":"","protected":false},"excerpt":{"rendered":"<p>Pinceta zagotavlja natan\u010dnost pri profesionalnem odstranjevanju dla\u010dic. Ima kromiran zaklju\u010dek ter je zelo prakti\u010dna in udobna za uporabo. <\/p>\n","protected":false},"featured_media":13082,"template":"","meta":{"_acf_changed":false,"_monsterinsights_skip_tracking":false,"_monsterinsights_sitenote_active":false,"_monsterinsights_sitenote_note":"","_monsterinsights_sitenote_category":0},"product_brand":[],"product_cat":[238,313,308,210,230,209,229],"product_tag":[],"class_list":{"0":"post-14679","1":"product","2":"type-product","3":"status-publish","4":"has-post-thumbnail","6":"product_cat-nakup-po-znamki","7":"product_cat-pripomocki-sl-4","8":"product_cat-thuya-sl","9":"product_cat-dodatki","10":"product_cat-dodatki-sl","11":"product_cat-obrvi","12":"product_cat-trepalnice","14":"first","15":"instock","16":"taxable","17":"shipping-taxable","18":"purchasable","19":"product-type-simple"},"acf":[],"aioseo_notices":[],"_links":{"self":[{"href":"https:\/\/browsomepro.com\/sl\/wp-json\/wp\/v2\/product\/14679","targetHints":{"allow":["GET"]}}],"collection":[{"href":"https:\/\/browsomepro.com\/sl\/wp-json\/wp\/v2\/product"}],"about":[{"href":"https:\/\/browsomepro.com\/sl\/wp-json\/wp\/v2\/types\/product"}],"version-history":[{"count":0,"href":"https:\/\/browsomepro.com\/sl\/wp-json\/wp\/v2\/product\/14679\/revisions"}],"wp:featuredmedia":[{"embeddable":true,"href":"https:\/\/browsomepro.com\/sl\/wp-json\/wp\/v2\/media\/13082"}],"wp:attachment":[{"href":"https:\/\/browsomepro.com\/sl\/wp-json\/wp\/v2\/media?parent=14679"}],"wp:term":[{"taxonomy":"product_brand","embeddable":true,"href":"https:\/\/browsomepro.com\/sl\/wp-json\/wp\/v2\/product_brand?post=14679"},{"taxonomy":"product_cat","embeddable":true,"href":"https:\/\/browsomepro.com\/sl\/wp-json\/wp\/v2\/product_cat?post=14679"},{"taxonomy":"product_tag","embeddable":true,"href":"https:\/\/browsomepro.com\/sl\/wp-json\/wp\/v2\/product_tag?post=14679"}],"curies":[{"name":"wp","href":"https:\/\/api.w.org\/{rel}","templated":true}]}}