{"id":14673,"date":"2024-03-05T10:49:46","date_gmt":"2024-03-05T09:49:46","guid":{"rendered":"https:\/\/browsomepro.com\/product\/thuya-rdeci-predpasnik\/"},"modified":"2025-07-05T12:02:20","modified_gmt":"2025-07-05T11:02:20","slug":"thuya-rdeci-predpasnik","status":"publish","type":"product","link":"https:\/\/browsomepro.com\/sl\/izdelek\/thuya-rdeci-predpasnik\/","title":{"rendered":"THUYA \u2013 Rde\u010di predpasnik"},"content":{"rendered":"\t\t<div data-elementor-type=\"product-post\" data-elementor-id=\"14673\" class=\"elementor elementor-14673 elementor-7557\" data-elementor-post-type=\"product\">\n\t\t\t\t<div class=\"elementor-element elementor-element-7e01f033 e-flex e-con-boxed e-con e-parent\" data-id=\"7e01f033\" data-element_type=\"container\">\n\t\t\t\t\t<div class=\"e-con-inner\">\n\t\t<div class=\"elementor-element elementor-element-5e4728d6 e-con-full e-flex e-con e-child\" data-id=\"5e4728d6\" data-element_type=\"container\">\n\t\t\t\t<div class=\"elementor-element elementor-element-2a9c1dc8 elementor-widget elementor-widget-image\" data-id=\"2a9c1dc8\" data-element_type=\"widget\" data-widget_type=\"image.default\">\n\t\t\t\t<div class=\"elementor-widget-container\">\n\t\t\t\t\t\t\t\t\t\t\t\t\t\t\t<img fetchpriority=\"high\" decoding=\"async\" width=\"2000\" height=\"2000\" src=\"https:\/\/browsomepro.com\/wp-content\/uploads\/2024\/03\/THUYA-BRUSHES-BROWSOME-1.jpg\" class=\"attachment-full size-full wp-image-13109\" alt=\"\" srcset=\"https:\/\/browsomepro.com\/wp-content\/uploads\/2024\/03\/THUYA-BRUSHES-BROWSOME-1.jpg 2000w, https:\/\/browsomepro.com\/wp-content\/uploads\/2024\/03\/THUYA-BRUSHES-BROWSOME-1-300x300.jpg 300w, https:\/\/browsomepro.com\/wp-content\/uploads\/2024\/03\/THUYA-BRUSHES-BROWSOME-1-1024x1024.jpg 1024w, https:\/\/browsomepro.com\/wp-content\/uploads\/2024\/03\/THUYA-BRUSHES-BROWSOME-1-150x150.jpg 150w, https:\/\/browsomepro.com\/wp-content\/uploads\/2024\/03\/THUYA-BRUSHES-BROWSOME-1-768x768.jpg 768w, https:\/\/browsomepro.com\/wp-content\/uploads\/2024\/03\/THUYA-BRUSHES-BROWSOME-1-1536x1536.jpg 1536w, https:\/\/browsomepro.com\/wp-content\/uploads\/2024\/03\/THUYA-BRUSHES-BROWSOME-1-990x990.jpg 990w, https:\/\/browsomepro.com\/wp-content\/uploads\/2024\/03\/THUYA-BRUSHES-BROWSOME-1-441x441.jpg 441w, https:\/\/browsomepro.com\/wp-content\/uploads\/2024\/03\/THUYA-BRUSHES-BROWSOME-1-100x100.jpg 100w, https:\/\/browsomepro.com\/wp-content\/uploads\/2024\/03\/THUYA-BRUSHES-BROWSOME-1-800x800.jpg 800w\" sizes=\"(max-width: 360px) 147px, (max-width: 2000px) 100vw, 2000px\" \/>\t\t\t\t\t\t\t\t\t\t\t\t\t\t\t<\/div>\n\t\t\t\t<\/div>\n\t\t\t\t<\/div>\n\t\t<div class=\"elementor-element elementor-element-dec0354 e-con-full e-flex e-con e-child\" data-id=\"dec0354\" data-element_type=\"container\" data-settings=\"{&quot;background_background&quot;:&quot;classic&quot;}\">\n\t\t\t\t<div class=\"elementor-element elementor-element-1c48b8f2 elementor-widget elementor-widget-heading\" data-id=\"1c48b8f2\" data-element_type=\"widget\" data-widget_type=\"heading.default\">\n\t\t\t\t<div class=\"elementor-widget-container\">\n\t\t\t\t\t<h2 class=\"elementor-heading-title elementor-size-default\">Thuya Brow Brush  Thuya Dye Applicator Brush <\/h2>\t\t\t\t<\/div>\n\t\t\t\t<\/div>\n\t\t\t\t<div class=\"elementor-element elementor-element-68ad5579 elementor-widget elementor-widget-text-editor\" data-id=\"68ad5579\" data-element_type=\"widget\" data-widget_type=\"text-editor.default\">\n\t\t\t\t<div class=\"elementor-widget-container\">\n\t\t\t\t\t\t\t\t\t<p>Pri barvanju obrvi in trepalnic so izbrani pripomo\u010dki prav tako pomembni kot sama barva. Natan\u010den nanos ne zagotavlja le bolj poudarjene oblike obrvi, temve\u010d tudi bistveno izbolj\u0161a celotno izku\u0161njo barvanja. Ker se industrija nenehno razvija, je izbira pravih pripomo\u010dkov klju\u010dnega pomena za ohranjanje vodilnega polo\u017eaja in zagotavljanje vrhunskih storitev.  <\/p>\n<p>Thuya predstavlja dva bistvena \u010dopi\u010da, Brow Brush in Dye Applicator Brush, ki sta zasnovana tako, da ustvarjata natan\u010dnost pri barvanju obrvi in zagotavljata, da je vsak nanos barve brezhiben.<\/p>\n\t\t\t\t\t\t\t\t<\/div>\n\t\t\t\t<\/div>\n\t\t\t\t<div class=\"elementor-element elementor-element-555a06a6 elementor-widget elementor-widget-toggle\" data-id=\"555a06a6\" data-element_type=\"widget\" data-widget_type=\"toggle.default\">\n\t\t\t\t<div class=\"elementor-widget-container\">\n\t\t\t\t\t\t\t<div class=\"elementor-toggle\">\n\t\t\t\t\t\t\t<div class=\"elementor-toggle-item\">\n\t\t\t\t\t<div id=\"elementor-tab-title-1431\" class=\"elementor-tab-title\" data-tab=\"1\" role=\"button\" aria-controls=\"elementor-tab-content-1431\" aria-expanded=\"false\">\n\t\t\t\t\t\t\t\t\t\t\t\t<span class=\"elementor-toggle-icon elementor-toggle-icon-left\" aria-hidden=\"true\">\n\t\t\t\t\t\t\t\t\t\t\t\t\t\t\t<span class=\"elementor-toggle-icon-closed\"><svg class=\"e-font-icon-svg e-fas-caret-right\" viewBox=\"0 0 192 512\" xmlns=\"http:\/\/www.w3.org\/2000\/svg\"><path d=\"M0 384.662V127.338c0-17.818 21.543-26.741 34.142-14.142l128.662 128.662c7.81 7.81 7.81 20.474 0 28.284L34.142 398.804C21.543 411.404 0 402.48 0 384.662z\"><\/path><\/svg><\/span>\n\t\t\t\t\t\t\t\t<span class=\"elementor-toggle-icon-opened\"><svg class=\"elementor-toggle-icon-opened e-font-icon-svg e-fas-caret-up\" viewBox=\"0 0 320 512\" xmlns=\"http:\/\/www.w3.org\/2000\/svg\"><path d=\"M288.662 352H31.338c-17.818 0-26.741-21.543-14.142-34.142l128.662-128.662c7.81-7.81 20.474-7.81 28.284 0l128.662 128.662c12.6 12.599 3.676 34.142-14.142 34.142z\"><\/path><\/svg><\/span>\n\t\t\t\t\t\t\t\t\t\t\t\t\t<\/span>\n\t\t\t\t\t\t\t\t\t\t\t\t<a class=\"elementor-toggle-title\" tabindex=\"0\">O \u010dopi\u010dih<\/a>\n\t\t\t\t\t<\/div>\n\n\t\t\t\t\t<div id=\"elementor-tab-content-1431\" class=\"elementor-tab-content elementor-clearfix\" data-tab=\"1\" role=\"region\" aria-labelledby=\"elementor-tab-title-1431\"><ul>\n<li aria-level=\"1\"><b>Lesen ro\u010daj:<\/b> Za bolj\u0161i nadzor in natan\u010dnost je na voljo trden in udoben oprijem.<\/li>\n<li aria-level=\"1\"><b>Sinteti\u010dne \u0161\u010detine s po\u0161evnim robom:<\/b> omogo\u010dajo gladek in enakomeren nanos barve ter so idealni za natan\u010dno oblikovanje..<\/li>\n<li aria-level=\"1\"><b>Vsestranskost:<\/b> Pripomo\u010dki zagotavljajo prilagodljivost in natan\u010dnost, ki ju potrebujete za vsako stranko.<\/li>\n<\/ul>\n<\/div>\n\t\t\t\t<\/div>\n\t\t\t\t\t\t\t\t<\/div>\n\t\t\t\t\t\t<\/div>\n\t\t\t\t<\/div>\n\t\t\t\t<\/div>\n\t\t\t\t\t<\/div>\n\t\t\t\t<\/div>\n\t\t<div class=\"elementor-element elementor-element-6d364492 e-flex e-con-boxed e-con e-parent\" data-id=\"6d364492\" data-element_type=\"container\">\n\t\t\t\t\t<div class=\"e-con-inner\">\n\t\t<div class=\"elementor-element elementor-element-2a0b723c e-flex e-con-boxed e-con e-child\" data-id=\"2a0b723c\" data-element_type=\"container\">\n\t\t\t\t\t<div class=\"e-con-inner\">\n\t\t<div class=\"elementor-element elementor-element-da2856c e-con-full e-flex e-con e-child\" data-id=\"da2856c\" data-element_type=\"container\" data-settings=\"{&quot;background_background&quot;:&quot;classic&quot;}\">\n\t\t\t\t<div class=\"elementor-element elementor-element-2a447ffc elementor-widget elementor-widget-heading\" data-id=\"2a447ffc\" data-element_type=\"widget\" data-widget_type=\"heading.default\">\n\t\t\t\t<div class=\"elementor-widget-container\">\n\t\t\t\t\t<h2 class=\"elementor-heading-title elementor-size-default\">Ustvarjajte odtenke s natan\u010dnostjo<\/h2>\t\t\t\t<\/div>\n\t\t\t\t<\/div>\n\t\t\t\t<div class=\"elementor-element elementor-element-549e8cd2 elementor-widget elementor-widget-text-editor\" data-id=\"549e8cd2\" data-element_type=\"widget\" data-widget_type=\"text-editor.default\">\n\t\t\t\t<div class=\"elementor-widget-container\">\n\t\t\t\t\t\t\t\t\t<p>Pred za\u010detkom barvanja je izbira pravega oksidanta zelo pomembna za doseganje popolne konsistence in odtenka. Thuya ponuja dve mo\u017enosti: <\/p>\n<ul>\n<li aria-level=\"1\"><b>Thuya Special Solution Dye Cream<\/b>: Za tiste, ki imajo raje kremasto teksturo, ta 3% oksidant zagotavlja enostavno in lahkotno uporabo ter pomaga dose\u010di popolne rezultate s svojo enostavno merljivo belo kremo.<\/li>\n<li aria-level=\"1\"><b>Thuya Special Solution Dye Liquid: <\/b>Idealen za trepalnice, omogo\u010da natan\u010den nanos.<\/li>\n<\/ul>\n\t\t\t\t\t\t\t\t<\/div>\n\t\t\t\t<\/div>\n\t\t\t\t<div class=\"elementor-element elementor-element-79f823ca elementor-widget elementor-widget-toggle\" data-id=\"79f823ca\" data-element_type=\"widget\" data-widget_type=\"toggle.default\">\n\t\t\t\t<div class=\"elementor-widget-container\">\n\t\t\t\t\t\t\t<div class=\"elementor-toggle\">\n\t\t\t\t\t\t\t<div class=\"elementor-toggle-item\">\n\t\t\t\t\t<div id=\"elementor-tab-title-2041\" class=\"elementor-tab-title\" data-tab=\"1\" role=\"button\" aria-controls=\"elementor-tab-content-2041\" aria-expanded=\"false\">\n\t\t\t\t\t\t\t\t\t\t\t\t<span class=\"elementor-toggle-icon elementor-toggle-icon-left\" aria-hidden=\"true\">\n\t\t\t\t\t\t\t\t\t\t\t\t\t\t\t<span class=\"elementor-toggle-icon-closed\"><svg class=\"e-font-icon-svg e-fas-caret-right\" viewBox=\"0 0 192 512\" xmlns=\"http:\/\/www.w3.org\/2000\/svg\"><path d=\"M0 384.662V127.338c0-17.818 21.543-26.741 34.142-14.142l128.662 128.662c7.81 7.81 7.81 20.474 0 28.284L34.142 398.804C21.543 411.404 0 402.48 0 384.662z\"><\/path><\/svg><\/span>\n\t\t\t\t\t\t\t\t<span class=\"elementor-toggle-icon-opened\"><svg class=\"elementor-toggle-icon-opened e-font-icon-svg e-fas-caret-up\" viewBox=\"0 0 320 512\" xmlns=\"http:\/\/www.w3.org\/2000\/svg\"><path d=\"M288.662 352H31.338c-17.818 0-26.741-21.543-14.142-34.142l128.662-128.662c7.81-7.81 20.474-7.81 28.284 0l128.662 128.662c12.6 12.599 3.676 34.142-14.142 34.142z\"><\/path><\/svg><\/span>\n\t\t\t\t\t\t\t\t\t\t\t\t\t<\/span>\n\t\t\t\t\t\t\t\t\t\t\t\t<a class=\"elementor-toggle-title\" tabindex=\"0\">Razmerje me\u0161anja<\/a>\n\t\t\t\t\t<\/div>\n\n\t\t\t\t\t<div id=\"elementor-tab-content-2041\" class=\"elementor-tab-content elementor-clearfix\" data-tab=\"1\" role=\"region\" aria-labelledby=\"elementor-tab-title-2041\"><p>Oba izdelka je potrebno me\u0161ati v razmerju 1:1 z Thuya barvami, da zagotovite pravilno aktivacijo barve.  <\/p>\n<p>Pri uporabi Special Solution Dye Liquid kombinirajte velikost grahovega zrna barve s 4-5 kapljicami oksidanta, da dose\u017eete idealno zmes za gladko in enakomerno nana\u0161anje na obrvi in trepalnice. <\/p>\n<\/div>\n\t\t\t\t<\/div>\n\t\t\t\t\t\t\t\t<\/div>\n\t\t\t\t\t\t<\/div>\n\t\t\t\t<\/div>\n\t\t\t\t<\/div>\n\t\t<div class=\"elementor-element elementor-element-7b051c33 e-con-full e-flex e-con e-child\" data-id=\"7b051c33\" data-element_type=\"container\">\n\t\t\t\t<div class=\"elementor-element elementor-element-2e32c199 elementor-widget elementor-widget-image\" data-id=\"2e32c199\" data-element_type=\"widget\" data-widget_type=\"image.default\">\n\t\t\t\t<div class=\"elementor-widget-container\">\n\t\t\t\t\t\t\t\t\t\t\t\t\t\t\t<img decoding=\"async\" width=\"1080\" height=\"1080\" src=\"https:\/\/browsomepro.com\/wp-content\/uploads\/2024\/02\/thuya-colors.jpg\" class=\"attachment-full size-full wp-image-12994\" alt=\"\" srcset=\"https:\/\/browsomepro.com\/wp-content\/uploads\/2024\/02\/thuya-colors.jpg 1080w, https:\/\/browsomepro.com\/wp-content\/uploads\/2024\/02\/thuya-colors-300x300.jpg 300w, https:\/\/browsomepro.com\/wp-content\/uploads\/2024\/02\/thuya-colors-1024x1024.jpg 1024w, https:\/\/browsomepro.com\/wp-content\/uploads\/2024\/02\/thuya-colors-150x150.jpg 150w, https:\/\/browsomepro.com\/wp-content\/uploads\/2024\/02\/thuya-colors-768x768.jpg 768w, https:\/\/browsomepro.com\/wp-content\/uploads\/2024\/02\/thuya-colors-990x990.jpg 990w, https:\/\/browsomepro.com\/wp-content\/uploads\/2024\/02\/thuya-colors-441x441.jpg 441w, https:\/\/browsomepro.com\/wp-content\/uploads\/2024\/02\/thuya-colors-100x100.jpg 100w, https:\/\/browsomepro.com\/wp-content\/uploads\/2024\/02\/thuya-colors-800x800.jpg 800w\" sizes=\"(max-width: 360px) 147px, (max-width: 1080px) 100vw, 1080px\" \/>\t\t\t\t\t\t\t\t\t\t\t\t\t\t\t<\/div>\n\t\t\t\t<\/div>\n\t\t\t\t<\/div>\n\t\t\t\t\t<\/div>\n\t\t\t\t<\/div>\n\t\t\t\t\t<\/div>\n\t\t\t\t<\/div>\n\t\t\t\t<\/div>\n\t\t","protected":false},"excerpt":{"rendered":"<p>Idealen za za\u0161\u010dito pred morebitnimi made\u017ei izdelkov med postopki.<\/p>\n","protected":false},"featured_media":13035,"template":"","meta":{"_acf_changed":false,"_monsterinsights_skip_tracking":false,"_monsterinsights_sitenote_active":false,"_monsterinsights_sitenote_note":"","_monsterinsights_sitenote_category":0},"product_brand":[],"product_cat":[238,313,308,210,230,209],"product_tag":[],"class_list":{"0":"post-14673","1":"product","2":"type-product","3":"status-publish","4":"has-post-thumbnail","6":"product_cat-nakup-po-znamki","7":"product_cat-pripomocki-sl-4","8":"product_cat-thuya-sl","9":"product_cat-dodatki","10":"product_cat-dodatki-sl","11":"product_cat-obrvi","13":"first","14":"instock","15":"taxable","16":"shipping-taxable","17":"purchasable","18":"product-type-simple"},"acf":[],"aioseo_notices":[],"_links":{"self":[{"href":"https:\/\/browsomepro.com\/sl\/wp-json\/wp\/v2\/product\/14673","targetHints":{"allow":["GET"]}}],"collection":[{"href":"https:\/\/browsomepro.com\/sl\/wp-json\/wp\/v2\/product"}],"about":[{"href":"https:\/\/browsomepro.com\/sl\/wp-json\/wp\/v2\/types\/product"}],"version-history":[{"count":1,"href":"https:\/\/browsomepro.com\/sl\/wp-json\/wp\/v2\/product\/14673\/revisions"}],"predecessor-version":[{"id":14674,"href":"https:\/\/browsomepro.com\/sl\/wp-json\/wp\/v2\/product\/14673\/revisions\/14674"}],"wp:featuredmedia":[{"embeddable":true,"href":"https:\/\/browsomepro.com\/sl\/wp-json\/wp\/v2\/media\/13035"}],"wp:attachment":[{"href":"https:\/\/browsomepro.com\/sl\/wp-json\/wp\/v2\/media?parent=14673"}],"wp:term":[{"taxonomy":"product_brand","embeddable":true,"href":"https:\/\/browsomepro.com\/sl\/wp-json\/wp\/v2\/product_brand?post=14673"},{"taxonomy":"product_cat","embeddable":true,"href":"https:\/\/browsomepro.com\/sl\/wp-json\/wp\/v2\/product_cat?post=14673"},{"taxonomy":"product_tag","embeddable":true,"href":"https:\/\/browsomepro.com\/sl\/wp-json\/wp\/v2\/product_tag?post=14673"}],"curies":[{"name":"wp","href":"https:\/\/api.w.org\/{rel}","templated":true}]}}