{"id":14667,"date":"2024-03-05T12:56:09","date_gmt":"2024-03-05T12:56:09","guid":{"rendered":"https:\/\/browsomepro.com\/product\/thuya-preparatory-hygienic-solution-250-ml\/"},"modified":"2024-08-07T23:44:26","modified_gmt":"2024-08-07T23:44:26","slug":"thuya-preparatory-hygienic-solution-250-ml","status":"publish","type":"product","link":"https:\/\/browsomepro.com\/sl\/izdelek\/thuya-preparatory-hygienic-solution-250-ml\/","title":{"rendered":"Thuya \u2013 Preparatory hygienic solution 250 ml"},"content":{"rendered":"\t\t<div data-elementor-type=\"product-post\" data-elementor-id=\"14667\" class=\"elementor elementor-14667 elementor-7580\" data-elementor-post-type=\"product\">\n\t\t\t\t<div class=\"elementor-element elementor-element-6c1c1f4a e-flex e-con-boxed e-con e-parent\" data-id=\"6c1c1f4a\" data-element_type=\"container\">\n\t\t\t\t\t<div class=\"e-con-inner\">\n\t\t<div class=\"elementor-element elementor-element-5d243f8e e-con-full e-flex e-con e-child\" data-id=\"5d243f8e\" data-element_type=\"container\">\n\t\t\t\t<div class=\"elementor-element elementor-element-1284768a elementor-widget elementor-widget-image\" data-id=\"1284768a\" data-element_type=\"widget\" data-widget_type=\"image.default\">\n\t\t\t\t<div class=\"elementor-widget-container\">\n\t\t\t\t\t\t\t\t\t\t\t\t\t\t\t<img fetchpriority=\"high\" decoding=\"async\" width=\"2000\" height=\"2000\" src=\"https:\/\/browsomepro.com\/wp-content\/uploads\/2024\/03\/brow-prep-browsome.jpg\" class=\"attachment-full size-full wp-image-13097\" alt=\"\" srcset=\"https:\/\/browsomepro.com\/wp-content\/uploads\/2024\/03\/brow-prep-browsome.jpg 2000w, https:\/\/browsomepro.com\/wp-content\/uploads\/2024\/03\/brow-prep-browsome-300x300.jpg 300w, https:\/\/browsomepro.com\/wp-content\/uploads\/2024\/03\/brow-prep-browsome-1024x1024.jpg 1024w, https:\/\/browsomepro.com\/wp-content\/uploads\/2024\/03\/brow-prep-browsome-150x150.jpg 150w, https:\/\/browsomepro.com\/wp-content\/uploads\/2024\/03\/brow-prep-browsome-768x768.jpg 768w, https:\/\/browsomepro.com\/wp-content\/uploads\/2024\/03\/brow-prep-browsome-1536x1536.jpg 1536w, https:\/\/browsomepro.com\/wp-content\/uploads\/2024\/03\/brow-prep-browsome-990x990.jpg 990w, https:\/\/browsomepro.com\/wp-content\/uploads\/2024\/03\/brow-prep-browsome-441x441.jpg 441w, https:\/\/browsomepro.com\/wp-content\/uploads\/2024\/03\/brow-prep-browsome-100x100.jpg 100w, https:\/\/browsomepro.com\/wp-content\/uploads\/2024\/03\/brow-prep-browsome-800x800.jpg 800w\" sizes=\"(max-width: 360px) 147px, (max-width: 2000px) 100vw, 2000px\" \/>\t\t\t\t\t\t\t\t\t\t\t\t\t\t\t<\/div>\n\t\t\t\t<\/div>\n\t\t\t\t<\/div>\n\t\t<div class=\"elementor-element elementor-element-57cb9c09 e-con-full e-flex e-con e-child\" data-id=\"57cb9c09\" data-element_type=\"container\" data-settings=\"{&quot;background_background&quot;:&quot;classic&quot;}\">\n\t\t\t\t<div class=\"elementor-element elementor-element-543ad112 elementor-widget elementor-widget-heading\" data-id=\"543ad112\" data-element_type=\"widget\" data-widget_type=\"heading.default\">\n\t\t\t\t<div class=\"elementor-widget-container\">\n\t\t\t\t\t<h2 class=\"elementor-heading-title elementor-size-default\">Vse je odvisno od priprave<\/h2>\t\t\t\t<\/div>\n\t\t\t\t<\/div>\n\t\t\t\t<div class=\"elementor-element elementor-element-181b24f elementor-widget elementor-widget-text-editor\" data-id=\"181b24f\" data-element_type=\"widget\" data-widget_type=\"text-editor.default\">\n\t\t\t\t<div class=\"elementor-widget-container\">\n\t\t\t\t\t\t\t\t\t<p>Pot do popolne laminacije obrvi se za\u010dne \u017ee dolgo pred samim postopkom. <\/p>\n<p>Pred za\u010detkom postopka laminiranja obrvi je klju\u010dna faza, ki daje pe\u010dat celotnemu postopku: priprava dla\u010dic in ko\u017ee.<\/p>\n<p>Priprava je namenjena ustvarjanju optimalnih pogojev, v katerih se bodo tretmaji izvedli in tudi trajali dlje, kar bo va\u0161im strankam prineslo osupljive rezultate.<\/p>\n<p>Znamka Thuya Professional je razvila vrsto izdelkov, ki so namenjeni pripravi obrvi in ko\u017ee ter tako zagotavljajo, da sta v najbolj\u0161em stanju za postopek izvedbe. <\/p>\n\t\t\t\t\t\t\t\t<\/div>\n\t\t\t\t<\/div>\n\t\t\t\t<\/div>\n\t\t\t\t\t<\/div>\n\t\t\t\t<\/div>\n\t\t<div class=\"elementor-element elementor-element-943381b e-flex e-con-boxed e-con e-parent\" data-id=\"943381b\" data-element_type=\"container\">\n\t\t\t\t\t<div class=\"e-con-inner\">\n\t\t<div class=\"elementor-element elementor-element-2e5c4a4e e-con-full e-flex e-con e-child\" data-id=\"2e5c4a4e\" data-element_type=\"container\" data-settings=\"{&quot;background_background&quot;:&quot;classic&quot;}\">\n\t\t\t\t<div class=\"elementor-element elementor-element-24907b8e elementor-widget elementor-widget-heading\" data-id=\"24907b8e\" data-element_type=\"widget\" data-widget_type=\"heading.default\">\n\t\t\t\t<div class=\"elementor-widget-container\">\n\t\t\t\t\t<h2 class=\"elementor-heading-title elementor-size-default\">Koraki do optimalne priprave<\/h2>\t\t\t\t<\/div>\n\t\t\t\t<\/div>\n\t\t\t\t<div class=\"elementor-element elementor-element-47960c45 elementor-widget elementor-widget-toggle\" data-id=\"47960c45\" data-element_type=\"widget\" data-widget_type=\"toggle.default\">\n\t\t\t\t<div class=\"elementor-widget-container\">\n\t\t\t\t\t\t\t<div class=\"elementor-toggle\">\n\t\t\t\t\t\t\t<div class=\"elementor-toggle-item\">\n\t\t\t\t\t<div id=\"elementor-tab-title-1201\" class=\"elementor-tab-title\" data-tab=\"1\" role=\"button\" aria-controls=\"elementor-tab-content-1201\" aria-expanded=\"false\">\n\t\t\t\t\t\t\t\t\t\t\t\t<span class=\"elementor-toggle-icon elementor-toggle-icon-left\" aria-hidden=\"true\">\n\t\t\t\t\t\t\t\t\t\t\t\t\t\t\t<span class=\"elementor-toggle-icon-closed\"><svg class=\"e-font-icon-svg e-fas-caret-right\" viewBox=\"0 0 192 512\" xmlns=\"http:\/\/www.w3.org\/2000\/svg\"><path d=\"M0 384.662V127.338c0-17.818 21.543-26.741 34.142-14.142l128.662 128.662c7.81 7.81 7.81 20.474 0 28.284L34.142 398.804C21.543 411.404 0 402.48 0 384.662z\"><\/path><\/svg><\/span>\n\t\t\t\t\t\t\t\t<span class=\"elementor-toggle-icon-opened\"><svg class=\"elementor-toggle-icon-opened e-font-icon-svg e-fas-caret-up\" viewBox=\"0 0 320 512\" xmlns=\"http:\/\/www.w3.org\/2000\/svg\"><path d=\"M288.662 352H31.338c-17.818 0-26.741-21.543-14.142-34.142l128.662-128.662c7.81-7.81 20.474-7.81 28.284 0l128.662 128.662c12.6 12.599 3.676 34.142-14.142 34.142z\"><\/path><\/svg><\/span>\n\t\t\t\t\t\t\t\t\t\t\t\t\t<\/span>\n\t\t\t\t\t\t\t\t\t\t\t\t<a class=\"elementor-toggle-title\" tabindex=\"0\">Korak 1: Preparatory Hygienic Solution<\/a>\n\t\t\t\t\t<\/div>\n\n\t\t\t\t\t<div id=\"elementor-tab-content-1201\" class=\"elementor-tab-content elementor-clearfix\" data-tab=\"1\" role=\"region\" aria-labelledby=\"elementor-tab-title-1201\"><p>Pri vsakem tretmaju upo\u0161tevajte na\u010delo varnosti. Thuya Preparatory Hygienic Solution u\u010dinkovito o\u010disti ko\u017eo in orodja ter uni\u010di \u0161kodljive mikroorganizme, da zagotovi \u010disto in varno okolje za postopek laminiranja ali barvanja. <\/p>\n<ul>\n<li aria-level=\"1\">Uni\u010duje bakterije in mikrobe <\/li>\n<li aria-level=\"1\">Pomembno za prepre\u010devanje dra\u017eenja ko\u017ee in zagotavljanje \u010disto\u010de pripomo\u010dkov<\/li>\n<\/ul>\n<\/div>\n\t\t\t\t<\/div>\n\t\t\t\t\t\t\t<div class=\"elementor-toggle-item\">\n\t\t\t\t\t<div id=\"elementor-tab-title-1202\" class=\"elementor-tab-title\" data-tab=\"2\" role=\"button\" aria-controls=\"elementor-tab-content-1202\" aria-expanded=\"false\">\n\t\t\t\t\t\t\t\t\t\t\t\t<span class=\"elementor-toggle-icon elementor-toggle-icon-left\" aria-hidden=\"true\">\n\t\t\t\t\t\t\t\t\t\t\t\t\t\t\t<span class=\"elementor-toggle-icon-closed\"><svg class=\"e-font-icon-svg e-fas-caret-right\" viewBox=\"0 0 192 512\" xmlns=\"http:\/\/www.w3.org\/2000\/svg\"><path d=\"M0 384.662V127.338c0-17.818 21.543-26.741 34.142-14.142l128.662 128.662c7.81 7.81 7.81 20.474 0 28.284L34.142 398.804C21.543 411.404 0 402.48 0 384.662z\"><\/path><\/svg><\/span>\n\t\t\t\t\t\t\t\t<span class=\"elementor-toggle-icon-opened\"><svg class=\"elementor-toggle-icon-opened e-font-icon-svg e-fas-caret-up\" viewBox=\"0 0 320 512\" xmlns=\"http:\/\/www.w3.org\/2000\/svg\"><path d=\"M288.662 352H31.338c-17.818 0-26.741-21.543-14.142-34.142l128.662-128.662c7.81-7.81 20.474-7.81 28.284 0l128.662 128.662c12.6 12.599 3.676 34.142-14.142 34.142z\"><\/path><\/svg><\/span>\n\t\t\t\t\t\t\t\t\t\t\t\t\t<\/span>\n\t\t\t\t\t\t\t\t\t\t\t\t<a class=\"elementor-toggle-title\" tabindex=\"0\">Korak 2: Brow Scrub<\/a>\n\t\t\t\t\t<\/div>\n\n\t\t\t\t\t<div id=\"elementor-tab-content-1202\" class=\"elementor-tab-content elementor-clearfix\" data-tab=\"2\" role=\"region\" aria-labelledby=\"elementor-tab-title-1202\"><p>Za najbolj\u0161e rezultate laminiranja morajo biti obrvi dobro pripravljene. Tu pride na vrsto na\u0161 Thuya piling za obrvi. Vsebuje drobne kroglice jojobe, ki eksfolirajo predel obrvi, odstranijo odmrle ko\u017ene celice in odma\u0161ijo pore. To ne zagotavlja le \u010distej\u0161e povr\u0161ine ko\u017ee, temve\u010d tudi pove\u010da dovzetnost obrvi za postopek laminacije.   <\/p>\n<ul>\n<li aria-level=\"1\">Ustvarjen za ob\u010dutljivo ko\u017eo<\/li>\n<li aria-level=\"1\">Zagotavlja ne\u017een, a temeljit piling<\/li>\n<\/ul>\n<\/div>\n\t\t\t\t<\/div>\n\t\t\t\t\t\t\t<div class=\"elementor-toggle-item\">\n\t\t\t\t\t<div id=\"elementor-tab-title-1203\" class=\"elementor-tab-title\" data-tab=\"3\" role=\"button\" aria-controls=\"elementor-tab-content-1203\" aria-expanded=\"false\">\n\t\t\t\t\t\t\t\t\t\t\t\t<span class=\"elementor-toggle-icon elementor-toggle-icon-left\" aria-hidden=\"true\">\n\t\t\t\t\t\t\t\t\t\t\t\t\t\t\t<span class=\"elementor-toggle-icon-closed\"><svg class=\"e-font-icon-svg e-fas-caret-right\" viewBox=\"0 0 192 512\" xmlns=\"http:\/\/www.w3.org\/2000\/svg\"><path d=\"M0 384.662V127.338c0-17.818 21.543-26.741 34.142-14.142l128.662 128.662c7.81 7.81 7.81 20.474 0 28.284L34.142 398.804C21.543 411.404 0 402.48 0 384.662z\"><\/path><\/svg><\/span>\n\t\t\t\t\t\t\t\t<span class=\"elementor-toggle-icon-opened\"><svg class=\"elementor-toggle-icon-opened e-font-icon-svg e-fas-caret-up\" viewBox=\"0 0 320 512\" xmlns=\"http:\/\/www.w3.org\/2000\/svg\"><path d=\"M288.662 352H31.338c-17.818 0-26.741-21.543-14.142-34.142l128.662-128.662c7.81-7.81 20.474-7.81 28.284 0l128.662 128.662c12.6 12.599 3.676 34.142-14.142 34.142z\"><\/path><\/svg><\/span>\n\t\t\t\t\t\t\t\t\t\t\t\t\t<\/span>\n\t\t\t\t\t\t\t\t\t\t\t\t<a class=\"elementor-toggle-title\" tabindex=\"0\">Korak 3: Brow shampoo<\/a>\n\t\t\t\t\t<\/div>\n\n\t\t\t\t\t<div id=\"elementor-tab-content-1203\" class=\"elementor-tab-content elementor-clearfix\" data-tab=\"3\" role=\"region\" aria-labelledby=\"elementor-tab-title-1203\"><p>\u0160ampon za obrvi ima formulacijo z izvle\u010dkom slezenovca in povr\u0161insko aktivnimi snovmi graha, zato zagotavlja temeljito \u010di\u0161\u010denje, hkrati pa deluje pomirjujo\u010de in ne\u017eno. <\/p>\n<ul>\n<li aria-level=\"1\">Globinsko \u010disti in ohranja vla\u017enost ko\u017ee<\/li>\n<li aria-level=\"1\">Zaradi svojih pomirjujo\u010dih lastnosti predstavlja idealno osnovo za tretma.<\/li>\n<\/ul>\n<\/div>\n\t\t\t\t<\/div>\n\t\t\t\t\t\t\t<div class=\"elementor-toggle-item\">\n\t\t\t\t\t<div id=\"elementor-tab-title-1204\" class=\"elementor-tab-title\" data-tab=\"4\" role=\"button\" aria-controls=\"elementor-tab-content-1204\" aria-expanded=\"false\">\n\t\t\t\t\t\t\t\t\t\t\t\t<span class=\"elementor-toggle-icon elementor-toggle-icon-left\" aria-hidden=\"true\">\n\t\t\t\t\t\t\t\t\t\t\t\t\t\t\t<span class=\"elementor-toggle-icon-closed\"><svg class=\"e-font-icon-svg e-fas-caret-right\" viewBox=\"0 0 192 512\" xmlns=\"http:\/\/www.w3.org\/2000\/svg\"><path d=\"M0 384.662V127.338c0-17.818 21.543-26.741 34.142-14.142l128.662 128.662c7.81 7.81 7.81 20.474 0 28.284L34.142 398.804C21.543 411.404 0 402.48 0 384.662z\"><\/path><\/svg><\/span>\n\t\t\t\t\t\t\t\t<span class=\"elementor-toggle-icon-opened\"><svg class=\"elementor-toggle-icon-opened e-font-icon-svg e-fas-caret-up\" viewBox=\"0 0 320 512\" xmlns=\"http:\/\/www.w3.org\/2000\/svg\"><path d=\"M288.662 352H31.338c-17.818 0-26.741-21.543-14.142-34.142l128.662-128.662c7.81-7.81 20.474-7.81 28.284 0l128.662 128.662c12.6 12.599 3.676 34.142-14.142 34.142z\"><\/path><\/svg><\/span>\n\t\t\t\t\t\t\t\t\t\t\t\t\t<\/span>\n\t\t\t\t\t\t\t\t\t\t\t\t<a class=\"elementor-toggle-title\" tabindex=\"0\">Korak 4: Brow Pre-Smoothing<\/a>\n\t\t\t\t\t<\/div>\n\n\t\t\t\t\t<div id=\"elementor-tab-content-1204\" class=\"elementor-tab-content elementor-clearfix\" data-tab=\"4\" role=\"region\" aria-labelledby=\"elementor-tab-title-1204\"><p>Preparat za predhodno meh\u010danje obrvi, s katerim se za\u010dne postopek laminiranja obrvi. Loti se trmastih dla\u010dic in jih zmeh\u010da, da je postopek bolj enostaven. Ta pripravljalni korak izbolj\u0161a u\u010dinkovitost postopka laminacije ter spodbuja dolgotrajnej\u0161e in opaznej\u0161e rezultate. <\/p>\n<p>Z vatirano pal\u010dko nanesite izdelek in ga pustite delovati 3-5 minut. Nato odstranite s suho vatirano pal\u010dko. <\/p>\n<ul>\n<li aria-level=\"1\">Pripravi dla\u010dice na laminacijo<\/li>\n<li aria-level=\"1\">Skraj\u0161a \u010das obdelave in izbolj\u0161a rezultate<\/li>\n<\/ul>\n<\/div>\n\t\t\t\t<\/div>\n\t\t\t\t\t\t\t\t<\/div>\n\t\t\t\t\t\t<\/div>\n\t\t\t\t<\/div>\n\t\t\t\t<\/div>\n\t\t<div class=\"elementor-element elementor-element-4a0d5487 e-con-full e-flex e-con e-child\" data-id=\"4a0d5487\" data-element_type=\"container\">\n\t\t\t\t<div class=\"elementor-element elementor-element-428e7e56 elementor-widget elementor-widget-image\" data-id=\"428e7e56\" data-element_type=\"widget\" data-widget_type=\"image.default\">\n\t\t\t\t<div class=\"elementor-widget-container\">\n\t\t\t\t\t\t\t\t\t\t\t\t\t\t\t<img decoding=\"async\" width=\"2000\" height=\"2000\" src=\"https:\/\/browsomepro.com\/wp-content\/uploads\/2024\/03\/thuya-prep-products-browsome.jpg\" class=\"attachment-full size-full wp-image-13096\" alt=\"\" srcset=\"https:\/\/browsomepro.com\/wp-content\/uploads\/2024\/03\/thuya-prep-products-browsome.jpg 2000w, https:\/\/browsomepro.com\/wp-content\/uploads\/2024\/03\/thuya-prep-products-browsome-300x300.jpg 300w, https:\/\/browsomepro.com\/wp-content\/uploads\/2024\/03\/thuya-prep-products-browsome-1024x1024.jpg 1024w, https:\/\/browsomepro.com\/wp-content\/uploads\/2024\/03\/thuya-prep-products-browsome-150x150.jpg 150w, https:\/\/browsomepro.com\/wp-content\/uploads\/2024\/03\/thuya-prep-products-browsome-768x768.jpg 768w, https:\/\/browsomepro.com\/wp-content\/uploads\/2024\/03\/thuya-prep-products-browsome-1536x1536.jpg 1536w, https:\/\/browsomepro.com\/wp-content\/uploads\/2024\/03\/thuya-prep-products-browsome-990x990.jpg 990w, https:\/\/browsomepro.com\/wp-content\/uploads\/2024\/03\/thuya-prep-products-browsome-441x441.jpg 441w, https:\/\/browsomepro.com\/wp-content\/uploads\/2024\/03\/thuya-prep-products-browsome-100x100.jpg 100w, https:\/\/browsomepro.com\/wp-content\/uploads\/2024\/03\/thuya-prep-products-browsome-800x800.jpg 800w\" sizes=\"(max-width: 360px) 147px, (max-width: 2000px) 100vw, 2000px\" \/>\t\t\t\t\t\t\t\t\t\t\t\t\t\t\t<\/div>\n\t\t\t\t<\/div>\n\t\t\t\t<\/div>\n\t\t\t\t\t<\/div>\n\t\t\t\t<\/div>\n\t\t\t\t<\/div>\n\t\t","protected":false},"excerpt":{"rendered":"<p>Uni\u010duje mikroorganizme z delovnih orodij in ko\u017ee. Koli\u010dina: 250 ml Proizvedeno v: \u0160panija Rok uporabe po odprtju: 12 mesecev <\/p>\n","protected":false},"featured_media":7830,"template":"","meta":{"_acf_changed":false,"_monsterinsights_skip_tracking":false,"_monsterinsights_sitenote_active":false,"_monsterinsights_sitenote_note":"","_monsterinsights_sitenote_category":0},"product_brand":[],"product_cat":[238,313,308,210,230,209,229],"product_tag":[],"class_list":{"0":"post-14667","1":"product","2":"type-product","3":"status-publish","4":"has-post-thumbnail","6":"product_cat-nakup-po-znamki","7":"product_cat-pripomocki-sl-4","8":"product_cat-thuya-sl","9":"product_cat-dodatki","10":"product_cat-dodatki-sl","11":"product_cat-obrvi","12":"product_cat-trepalnice","14":"first","15":"outofstock","16":"taxable","17":"shipping-taxable","18":"purchasable","19":"product-type-simple"},"acf":[],"aioseo_notices":[],"_links":{"self":[{"href":"https:\/\/browsomepro.com\/sl\/wp-json\/wp\/v2\/product\/14667","targetHints":{"allow":["GET"]}}],"collection":[{"href":"https:\/\/browsomepro.com\/sl\/wp-json\/wp\/v2\/product"}],"about":[{"href":"https:\/\/browsomepro.com\/sl\/wp-json\/wp\/v2\/types\/product"}],"version-history":[{"count":1,"href":"https:\/\/browsomepro.com\/sl\/wp-json\/wp\/v2\/product\/14667\/revisions"}],"predecessor-version":[{"id":14669,"href":"https:\/\/browsomepro.com\/sl\/wp-json\/wp\/v2\/product\/14667\/revisions\/14669"}],"wp:featuredmedia":[{"embeddable":true,"href":"https:\/\/browsomepro.com\/sl\/wp-json\/wp\/v2\/media\/7830"}],"wp:attachment":[{"href":"https:\/\/browsomepro.com\/sl\/wp-json\/wp\/v2\/media?parent=14667"}],"wp:term":[{"taxonomy":"product_brand","embeddable":true,"href":"https:\/\/browsomepro.com\/sl\/wp-json\/wp\/v2\/product_brand?post=14667"},{"taxonomy":"product_cat","embeddable":true,"href":"https:\/\/browsomepro.com\/sl\/wp-json\/wp\/v2\/product_cat?post=14667"},{"taxonomy":"product_tag","embeddable":true,"href":"https:\/\/browsomepro.com\/sl\/wp-json\/wp\/v2\/product_tag?post=14667"}],"curies":[{"name":"wp","href":"https:\/\/api.w.org\/{rel}","templated":true}]}}