{"id":14651,"date":"2024-03-05T14:58:59","date_gmt":"2024-03-05T13:58:59","guid":{"rendered":"https:\/\/browsomepro.com\/product\/thuya-treat-lash-mascara\/"},"modified":"2024-10-28T19:58:13","modified_gmt":"2024-10-28T19:58:13","slug":"thuya-treat-lash-mascara","status":"publish","type":"product","link":"https:\/\/browsomepro.com\/sl\/izdelek\/thuya-treat-lash-mascara\/","title":{"rendered":"Thuya &#8211; Treat Lash Mascara"},"content":{"rendered":"\t\t<div data-elementor-type=\"product-post\" data-elementor-id=\"14651\" class=\"elementor elementor-14651 elementor-7623\" data-elementor-post-type=\"product\">\n\t\t\t\t<div class=\"elementor-element elementor-element-3e45b054 e-flex e-con-boxed e-con e-parent\" data-id=\"3e45b054\" data-element_type=\"container\">\n\t\t\t\t\t<div class=\"e-con-inner\">\n\t\t<div class=\"elementor-element elementor-element-4523a7bb e-con-full e-flex e-con e-child\" data-id=\"4523a7bb\" data-element_type=\"container\">\n\t\t\t\t<div class=\"elementor-element elementor-element-1b08de8c elementor-widget elementor-widget-image\" data-id=\"1b08de8c\" data-element_type=\"widget\" data-widget_type=\"image.default\">\n\t\t\t\t<div class=\"elementor-widget-container\">\n\t\t\t\t\t\t\t\t\t\t\t\t\t\t\t<img fetchpriority=\"high\" decoding=\"async\" width=\"2000\" height=\"2000\" src=\"https:\/\/browsomepro.com\/wp-content\/uploads\/2024\/03\/THUYA-TREAT-LASHES1-BROWSOME.jpg\" class=\"attachment-full size-full wp-image-13058\" alt=\"\" srcset=\"https:\/\/browsomepro.com\/wp-content\/uploads\/2024\/03\/THUYA-TREAT-LASHES1-BROWSOME.jpg 2000w, https:\/\/browsomepro.com\/wp-content\/uploads\/2024\/03\/THUYA-TREAT-LASHES1-BROWSOME-300x300.jpg 300w, https:\/\/browsomepro.com\/wp-content\/uploads\/2024\/03\/THUYA-TREAT-LASHES1-BROWSOME-1024x1024.jpg 1024w, https:\/\/browsomepro.com\/wp-content\/uploads\/2024\/03\/THUYA-TREAT-LASHES1-BROWSOME-150x150.jpg 150w, https:\/\/browsomepro.com\/wp-content\/uploads\/2024\/03\/THUYA-TREAT-LASHES1-BROWSOME-768x768.jpg 768w, https:\/\/browsomepro.com\/wp-content\/uploads\/2024\/03\/THUYA-TREAT-LASHES1-BROWSOME-1536x1536.jpg 1536w, https:\/\/browsomepro.com\/wp-content\/uploads\/2024\/03\/THUYA-TREAT-LASHES1-BROWSOME-990x990.jpg 990w, https:\/\/browsomepro.com\/wp-content\/uploads\/2024\/03\/THUYA-TREAT-LASHES1-BROWSOME-441x441.jpg 441w, https:\/\/browsomepro.com\/wp-content\/uploads\/2024\/03\/THUYA-TREAT-LASHES1-BROWSOME-100x100.jpg 100w, https:\/\/browsomepro.com\/wp-content\/uploads\/2024\/03\/THUYA-TREAT-LASHES1-BROWSOME-800x800.jpg 800w\" sizes=\"(max-width: 360px) 147px, (max-width: 2000px) 100vw, 2000px\" \/>\t\t\t\t\t\t\t\t\t\t\t\t\t\t\t<\/div>\n\t\t\t\t<\/div>\n\t\t\t\t<\/div>\n\t\t<div class=\"elementor-element elementor-element-23e06347 e-con-full e-flex e-con e-child\" data-id=\"23e06347\" data-element_type=\"container\" data-settings=\"{&quot;background_background&quot;:&quot;classic&quot;}\">\n\t\t\t\t<div class=\"elementor-element elementor-element-2a01d4a8 elementor-widget elementor-widget-heading\" data-id=\"2a01d4a8\" data-element_type=\"widget\" data-widget_type=\"heading.default\">\n\t\t\t\t<div class=\"elementor-widget-container\">\n\t\t\t\t\t<h2 class=\"elementor-heading-title elementor-size-default\">Spodbuja rast, neguje in krepi barvo<\/h2>\t\t\t\t<\/div>\n\t\t\t\t<\/div>\n\t\t\t\t<div class=\"elementor-element elementor-element-609ee04e elementor-widget elementor-widget-text-editor\" data-id=\"609ee04e\" data-element_type=\"widget\" data-widget_type=\"text-editor.default\">\n\t\t\t\t<div class=\"elementor-widget-container\">\n\t\t\t\t\t\t\t\t\t<p><strong> Thuya Base Strengthening Gel<\/strong> je namenjen strankam, ki \u017eelijo okrepiti naravno rast svojih trepalnic in jih negovati.<\/p>\n<p><strong>Thuya Treat Mascara trepalnicam takoj doda barvo in ustvari u\u010dinek make-upa, vsebuje pa tudi aktivne sestavine, ki spodbujajo rast trepalnic, kar s\u010dasoma privede do dalj\u0161ih, gostej\u0161ih in mo\u010dnej\u0161ih trepalnic.<\/strong> <\/p>\n\t\t\t\t\t\t\t\t<\/div>\n\t\t\t\t<\/div>\n\t\t\t\t<div class=\"elementor-element elementor-element-b6e177e elementor-widget elementor-widget-toggle\" data-id=\"b6e177e\" data-element_type=\"widget\" data-widget_type=\"toggle.default\">\n\t\t\t\t<div class=\"elementor-widget-container\">\n\t\t\t\t\t\t\t<div class=\"elementor-toggle\">\n\t\t\t\t\t\t\t<div class=\"elementor-toggle-item\">\n\t\t\t\t\t<div id=\"elementor-tab-title-1911\" class=\"elementor-tab-title\" data-tab=\"1\" role=\"button\" aria-controls=\"elementor-tab-content-1911\" aria-expanded=\"false\">\n\t\t\t\t\t\t\t\t\t\t\t\t<span class=\"elementor-toggle-icon elementor-toggle-icon-left\" aria-hidden=\"true\">\n\t\t\t\t\t\t\t\t\t\t\t\t\t\t\t<span class=\"elementor-toggle-icon-closed\"><svg class=\"e-font-icon-svg e-fas-caret-right\" viewBox=\"0 0 192 512\" xmlns=\"http:\/\/www.w3.org\/2000\/svg\"><path d=\"M0 384.662V127.338c0-17.818 21.543-26.741 34.142-14.142l128.662 128.662c7.81 7.81 7.81 20.474 0 28.284L34.142 398.804C21.543 411.404 0 402.48 0 384.662z\"><\/path><\/svg><\/span>\n\t\t\t\t\t\t\t\t<span class=\"elementor-toggle-icon-opened\"><svg class=\"elementor-toggle-icon-opened e-font-icon-svg e-fas-caret-up\" viewBox=\"0 0 320 512\" xmlns=\"http:\/\/www.w3.org\/2000\/svg\"><path d=\"M288.662 352H31.338c-17.818 0-26.741-21.543-14.142-34.142l128.662-128.662c7.81-7.81 20.474-7.81 28.284 0l128.662 128.662c12.6 12.599 3.676 34.142-14.142 34.142z\"><\/path><\/svg><\/span>\n\t\t\t\t\t\t\t\t\t\t\t\t\t<\/span>\n\t\t\t\t\t\t\t\t\t\t\t\t<a class=\"elementor-toggle-title\" tabindex=\"0\">Thuya Base Strengthening Gel: Spodbujanje rasti trepalnic<\/a>\n\t\t\t\t\t<\/div>\n\n\t\t\t\t\t<div id=\"elementor-tab-content-1911\" class=\"elementor-tab-content elementor-clearfix\" data-tab=\"1\" role=\"region\" aria-labelledby=\"elementor-tab-title-1911\"><p>Gel je bogat z biotinil-GHK (vitamin H) in pantenolom (vitamin B5), deluje neposredno na me\u0161i\u010dke trepalnic in spodbuja rast v dol\u017eino in debelino. Slu\u017ei kot mo\u010dan tretma za krepitev trepalnic, pove\u010danje volumna in prepre\u010devanje izpadanja trepalnic.  <\/p>\n<p>Thuya Base Strengthening Gel, ki je idealen za profesionalno uporabo ali prodajo v salonu, je temelj za zdrave in vitalne trepalnice.<\/p>\n<ul>\n<li aria-level=\"1\"><b>Z vitamini bogata sestava: <\/b>Prina\u0161a bistvena hranila neposredno v me\u0161i\u010dke trepalnic.<\/li>\n<li aria-level=\"1\"><b>Spodbujanje rasti: <\/b>Spodbuja ve\u010djo dol\u017eino in premer trepalnic.<\/li>\n<li aria-level=\"1\"><b>Mo\u010d in volumen: <\/b>Slu\u017ei kot u\u010dinkovito sredstvo za prepre\u010devanje izpadanja trepalnic.<\/li>\n<\/ul>\n<\/div>\n\t\t\t\t<\/div>\n\t\t\t\t\t\t\t<div class=\"elementor-toggle-item\">\n\t\t\t\t\t<div id=\"elementor-tab-title-1912\" class=\"elementor-tab-title\" data-tab=\"2\" role=\"button\" aria-controls=\"elementor-tab-content-1912\" aria-expanded=\"false\">\n\t\t\t\t\t\t\t\t\t\t\t\t<span class=\"elementor-toggle-icon elementor-toggle-icon-left\" aria-hidden=\"true\">\n\t\t\t\t\t\t\t\t\t\t\t\t\t\t\t<span class=\"elementor-toggle-icon-closed\"><svg class=\"e-font-icon-svg e-fas-caret-right\" viewBox=\"0 0 192 512\" xmlns=\"http:\/\/www.w3.org\/2000\/svg\"><path d=\"M0 384.662V127.338c0-17.818 21.543-26.741 34.142-14.142l128.662 128.662c7.81 7.81 7.81 20.474 0 28.284L34.142 398.804C21.543 411.404 0 402.48 0 384.662z\"><\/path><\/svg><\/span>\n\t\t\t\t\t\t\t\t<span class=\"elementor-toggle-icon-opened\"><svg class=\"elementor-toggle-icon-opened e-font-icon-svg e-fas-caret-up\" viewBox=\"0 0 320 512\" xmlns=\"http:\/\/www.w3.org\/2000\/svg\"><path d=\"M288.662 352H31.338c-17.818 0-26.741-21.543-14.142-34.142l128.662-128.662c7.81-7.81 20.474-7.81 28.284 0l128.662 128.662c12.6 12.599 3.676 34.142-14.142 34.142z\"><\/path><\/svg><\/span>\n\t\t\t\t\t\t\t\t\t\t\t\t\t<\/span>\n\t\t\t\t\t\t\t\t\t\t\t\t<a class=\"elementor-toggle-title\" tabindex=\"0\">Thuya Treat Maskara: Krepitev in make-up v enem<\/a>\n\t\t\t\t\t<\/div>\n\n\t\t\t\t\t<div id=\"elementor-tab-content-1912\" class=\"elementor-tab-content elementor-clearfix\" data-tab=\"2\" role=\"region\" aria-labelledby=\"elementor-tab-title-1912\"><p>Posebna krta\u010dka v obliki neskon\u010dnosti poskrbi, da je vsaka trepalnica zajeta, kar doda volumen in polnost. <\/p>\n<p>Maskara Thuya Treat je kot nala\u0161\u010d za tiste, ki i\u0161\u010dejo izdelek, ki zdru\u017euje make-up in nego trepalnic.<\/p>\n<ul>\n<li aria-level=\"1\"><b>Dvojno delovanje: <\/b>Podpira rast trepalnic, hkrati pa nudi make-up u\u010dinek.<\/li>\n<li aria-level=\"1\"><b>Aktivne sestavine za rast:<\/b> Negujejo trepalnice, zato so videti polnej\u0161e in dalj\u0161e.<\/li>\n<\/ul>\n<p><b>Edinstven dizajn krta\u010dke: <\/b>Zagotavlja celovito zajetje trepalnic in prekrije vsako trepalnico za najve\u010dji volumen.<\/p>\n<\/div>\n\t\t\t\t<\/div>\n\t\t\t\t\t\t\t\t<\/div>\n\t\t\t\t\t\t<\/div>\n\t\t\t\t<\/div>\n\t\t\t\t<\/div>\n\t\t\t\t\t<\/div>\n\t\t\t\t<\/div>\n\t\t\t\t<\/div>\n\t\t","protected":false},"excerpt":{"rendered":"<p>Ta maskara ima dvojno funkcijo: vsebuje aktivne sestavine, ki spodbujajo rast trepalnic, zaradi \u010desar so videti dalj\u0161e, gostej\u0161e in mo\u010dnej\u0161e. Prav tako doda barvo z make-up u\u010dinkom. Ima posebno krta\u010dko v obliki neskon\u010dnosti, ki pove\u010da volumen in ujame prav vsako trepalnico. [cg_accordion title=\"Sestavine\"]Aqua, VP\/Hexadecene Copolymer, Candelilla Cera, Propanediol, Glyceryl Stearate, Ricinus Communis Seed Oil, Glycerin, PEG-100 Stearate, Polyurethane-35, Ethyl Macadamiate, Stearyl Alcohol, Octyldodecanol, Cellulose, Phenoxyethanol, Cetyl Alcohol, Hydrogenated Castor Oil, Xanthan Gum, Pectin, Caprylic\/Capric Triglyceride Copernicia Cerilera Cera, Scerotium Gum, Lecithin, Eihylhexylglycerin, Disodium EDTA, Pullutan, Hydrolyzed Vegetable Protein, Pistacin Lentiscus Gum, Thethanolamine Methy|propanediol, Silica, Caprytyl Glycol, Parthenol, Pheny|propanol, Tocopherol, Malic Acid, Bolinoyl Tripeptide-1. Lahko vsebuje: CI 77459 [\/cg_accordion] Koli\u010dina: 9 ml Proizvedeno v: \u0160panija Rok uporabe po odprtju: 12 mesecev<\/p>\n","protected":false},"featured_media":13057,"template":"","meta":{"_acf_changed":false,"_monsterinsights_skip_tracking":false,"_monsterinsights_sitenote_active":false,"_monsterinsights_sitenote_note":"","_monsterinsights_sitenote_category":0},"product_brand":[],"product_cat":[312,238,313,308,230,231,229],"product_tag":[],"class_list":{"0":"post-14651","1":"product","2":"type-product","3":"status-publish","4":"has-post-thumbnail","6":"product_cat-after-care-priprava","7":"product_cat-nakup-po-znamki","8":"product_cat-pripomocki-sl-4","9":"product_cat-thuya-sl","10":"product_cat-dodatki-sl","11":"product_cat-nega-po-tretmajih-in-priprava","12":"product_cat-trepalnice","14":"first","15":"instock","16":"taxable","17":"shipping-taxable","18":"purchasable","19":"product-type-simple"},"acf":[],"aioseo_notices":[],"_links":{"self":[{"href":"https:\/\/browsomepro.com\/sl\/wp-json\/wp\/v2\/product\/14651","targetHints":{"allow":["GET"]}}],"collection":[{"href":"https:\/\/browsomepro.com\/sl\/wp-json\/wp\/v2\/product"}],"about":[{"href":"https:\/\/browsomepro.com\/sl\/wp-json\/wp\/v2\/types\/product"}],"version-history":[{"count":1,"href":"https:\/\/browsomepro.com\/sl\/wp-json\/wp\/v2\/product\/14651\/revisions"}],"predecessor-version":[{"id":14652,"href":"https:\/\/browsomepro.com\/sl\/wp-json\/wp\/v2\/product\/14651\/revisions\/14652"}],"wp:featuredmedia":[{"embeddable":true,"href":"https:\/\/browsomepro.com\/sl\/wp-json\/wp\/v2\/media\/13057"}],"wp:attachment":[{"href":"https:\/\/browsomepro.com\/sl\/wp-json\/wp\/v2\/media?parent=14651"}],"wp:term":[{"taxonomy":"product_brand","embeddable":true,"href":"https:\/\/browsomepro.com\/sl\/wp-json\/wp\/v2\/product_brand?post=14651"},{"taxonomy":"product_cat","embeddable":true,"href":"https:\/\/browsomepro.com\/sl\/wp-json\/wp\/v2\/product_cat?post=14651"},{"taxonomy":"product_tag","embeddable":true,"href":"https:\/\/browsomepro.com\/sl\/wp-json\/wp\/v2\/product_tag?post=14651"}],"curies":[{"name":"wp","href":"https:\/\/api.w.org\/{rel}","templated":true}]}}