{"id":14637,"date":"2024-03-28T11:59:23","date_gmt":"2024-03-28T11:59:23","guid":{"rendered":"https:\/\/browsomepro.com\/product\/thuya-tester\/"},"modified":"2024-08-07T22:46:06","modified_gmt":"2024-08-07T22:46:06","slug":"thuya-tester","status":"publish","type":"product","link":"https:\/\/browsomepro.com\/sl\/izdelek\/thuya-tester\/","title":{"rendered":"Thuya &#8211; Tester"},"content":{"rendered":"\t\t<div data-elementor-type=\"product-post\" data-elementor-id=\"14637\" class=\"elementor elementor-14637 elementor-7983\" data-elementor-post-type=\"product\">\n\t\t\t\t<div class=\"elementor-element elementor-element-1e8d5409 e-flex e-con-boxed e-con e-parent\" data-id=\"1e8d5409\" data-element_type=\"container\">\n\t\t\t\t\t<div class=\"e-con-inner\">\n\t\t<div class=\"elementor-element elementor-element-41609076 e-con-full e-flex e-con e-child\" data-id=\"41609076\" data-element_type=\"container\">\n\t\t\t\t<div class=\"elementor-element elementor-element-7973ca2a elementor-widget elementor-widget-image\" data-id=\"7973ca2a\" data-element_type=\"widget\" data-widget_type=\"image.default\">\n\t\t\t\t<div class=\"elementor-widget-container\">\n\t\t\t\t\t\t\t\t\t\t\t\t\t\t\t<img fetchpriority=\"high\" decoding=\"async\" width=\"1080\" height=\"1080\" src=\"https:\/\/browsomepro.com\/wp-content\/uploads\/2024\/03\/thuya-tints-vegan-browsome.jpg\" class=\"attachment-full size-full wp-image-13079\" alt=\"\" srcset=\"https:\/\/browsomepro.com\/wp-content\/uploads\/2024\/03\/thuya-tints-vegan-browsome.jpg 1080w, https:\/\/browsomepro.com\/wp-content\/uploads\/2024\/03\/thuya-tints-vegan-browsome-300x300.jpg 300w, https:\/\/browsomepro.com\/wp-content\/uploads\/2024\/03\/thuya-tints-vegan-browsome-1024x1024.jpg 1024w, https:\/\/browsomepro.com\/wp-content\/uploads\/2024\/03\/thuya-tints-vegan-browsome-150x150.jpg 150w, https:\/\/browsomepro.com\/wp-content\/uploads\/2024\/03\/thuya-tints-vegan-browsome-768x768.jpg 768w, https:\/\/browsomepro.com\/wp-content\/uploads\/2024\/03\/thuya-tints-vegan-browsome-990x990.jpg 990w, https:\/\/browsomepro.com\/wp-content\/uploads\/2024\/03\/thuya-tints-vegan-browsome-441x441.jpg 441w, https:\/\/browsomepro.com\/wp-content\/uploads\/2024\/03\/thuya-tints-vegan-browsome-100x100.jpg 100w, https:\/\/browsomepro.com\/wp-content\/uploads\/2024\/03\/thuya-tints-vegan-browsome-800x800.jpg 800w\" sizes=\"(max-width: 360px) 147px, (max-width: 1080px) 100vw, 1080px\" \/>\t\t\t\t\t\t\t\t\t\t\t\t\t\t\t<\/div>\n\t\t\t\t<\/div>\n\t\t\t\t<\/div>\n\t\t<div class=\"elementor-element elementor-element-6cf880c2 e-con-full e-flex e-con e-child\" data-id=\"6cf880c2\" data-element_type=\"container\" data-settings=\"{&quot;background_background&quot;:&quot;classic&quot;}\">\n\t\t\t\t<div class=\"elementor-element elementor-element-19778689 elementor-widget elementor-widget-heading\" data-id=\"19778689\" data-element_type=\"widget\" data-widget_type=\"heading.default\">\n\t\t\t\t<div class=\"elementor-widget-container\">\n\t\t\t\t\t<h2 class=\"elementor-heading-title elementor-size-default\">Veganska inovacija<\/h2>\t\t\t\t<\/div>\n\t\t\t\t<\/div>\n\t\t\t\t<div class=\"elementor-element elementor-element-580b03df elementor-widget elementor-widget-text-editor\" data-id=\"580b03df\" data-element_type=\"widget\" data-widget_type=\"text-editor.default\">\n\t\t\t\t<div class=\"elementor-widget-container\">\n\t\t\t\t\t\t\t\t\t<p>Veganska barva ima enake lastnosti kot trenutna paleta barv znamke Thuya. Nove barve so bile formulirane z alternativo \u017eivalskemu keratinu, pri \u010demer je bila <strong>uporabljena molekula rastlinskega izvora.<\/strong> <\/p>\n<p>Ta molekula je pridobljena iz kombinacije konopljinih in ri\u017eevih beljakovin ter zagotavlja visoko raven u\u010dinkovitosti in zmogljivosti. Njena uporaba krepi dla\u010dice in zagotavlja elasti\u010dnost. <\/p>\n<p>Poleg tega formula vsebuje <strong>arganovo olje<\/strong>, ki prodre v pore dlak ter izbolj\u0161a njihovo strukturo in elasti\u010dnost. <strong>Vsebuje tudi aloe vero,<\/strong> ki zagotavlja aminokisline, vitamine in minerale za bolj zdrave, sijo\u010de in negovane dla\u010dice. <\/p>\n\t\t\t\t\t\t\t\t<\/div>\n\t\t\t\t<\/div>\n\t\t\t\t<\/div>\n\t\t\t\t\t<\/div>\n\t\t\t\t<\/div>\n\t\t<div class=\"elementor-element elementor-element-5474abc5 e-flex e-con-boxed e-con e-parent\" data-id=\"5474abc5\" data-element_type=\"container\">\n\t\t\t\t\t<div class=\"e-con-inner\">\n\t\t<div class=\"elementor-element elementor-element-cf987d e-con-full e-flex e-con e-child\" data-id=\"cf987d\" data-element_type=\"container\" data-settings=\"{&quot;background_background&quot;:&quot;classic&quot;}\">\n\t\t\t\t<div class=\"elementor-element elementor-element-59e37056 elementor-widget elementor-widget-heading\" data-id=\"59e37056\" data-element_type=\"widget\" data-widget_type=\"heading.default\">\n\t\t\t\t<div class=\"elementor-widget-container\">\n\t\t\t\t\t<h2 class=\"elementor-heading-title elementor-size-default\">Permanent gel  Neutralizer cream<\/h2>\t\t\t\t<\/div>\n\t\t\t\t<\/div>\n\t\t\t\t<div class=\"elementor-element elementor-element-272f011c elementor-widget elementor-widget-text-editor\" data-id=\"272f011c\" data-element_type=\"widget\" data-widget_type=\"text-editor.default\">\n\t\t\t\t<div class=\"elementor-widget-container\">\n\t\t\t\t\t\t\t\t\t<p><strong>Permanent Gel &#8211; KORAK 1<\/strong><\/p>\n<p>Thuyin Permanent gel je bil preoblikovan, pri \u010demer so bile odstranjene sestavine \u017eivalskega izvora, hkrati pa sta bili ohranjeni njegova funkcija in u\u010dinkovitost, tako da je izdelek enake kakovosti in u\u010dinkovitosti, vendar je popolnoma veganski.<\/p>\n<p>S Permanent gelom se pH dla\u010dic zvi\u0161a, kar odpre povrhnjico in omogo\u010di spremembo strukture, da se dose\u017ee \u017eelena oblika.<\/p>\n\t\t\t\t\t\t\t\t<\/div>\n\t\t\t\t<\/div>\n\t\t\t\t<div class=\"elementor-element elementor-element-54e4b3f8 elementor-widget elementor-widget-text-editor\" data-id=\"54e4b3f8\" data-element_type=\"widget\" data-widget_type=\"text-editor.default\">\n\t\t\t\t<div class=\"elementor-widget-container\">\n\t\t\t\t\t\t\t\t\t<p><strong>Neutralizer Cream &#8211; KORAK 2<\/strong><\/p>\n<p>Izkusite popolno u\u010dinkovitost Thuyine Neutralizer kreme brez sestavin \u017eivalskega izvora.<\/p>\n<p>Neutralizer je bistvenega pomena za fiksiranje oblike dla\u010dic po odprtju povrhnjice s Permanent gelom. Njena kremna tekstura prepre\u010duje kapljanje, zato je nanos la\u017eji, udobnej\u0161i in zanesljivej\u0161i. Omogo\u010da nam, da dla\u010dice utrdimo in jim damo \u017eeleno obliko ter tako ustvarimo popoln videz.  <\/p>\n\t\t\t\t\t\t\t\t<\/div>\n\t\t\t\t<\/div>\n\t\t\t\t<\/div>\n\t\t<div class=\"elementor-element elementor-element-54e6b42e e-con-full e-flex e-con e-child\" data-id=\"54e6b42e\" data-element_type=\"container\">\n\t\t\t\t<div class=\"elementor-element elementor-element-7c7b8331 elementor-widget elementor-widget-image\" data-id=\"7c7b8331\" data-element_type=\"widget\" data-widget_type=\"image.default\">\n\t\t\t\t<div class=\"elementor-widget-container\">\n\t\t\t\t\t\t\t\t\t\t\t\t\t\t\t<img decoding=\"async\" width=\"1080\" height=\"1080\" src=\"https:\/\/browsomepro.com\/wp-content\/uploads\/2024\/03\/thuya-gels-vegan-browsome.jpg\" class=\"attachment-full size-full wp-image-13080\" alt=\"\" srcset=\"https:\/\/browsomepro.com\/wp-content\/uploads\/2024\/03\/thuya-gels-vegan-browsome.jpg 1080w, https:\/\/browsomepro.com\/wp-content\/uploads\/2024\/03\/thuya-gels-vegan-browsome-300x300.jpg 300w, https:\/\/browsomepro.com\/wp-content\/uploads\/2024\/03\/thuya-gels-vegan-browsome-1024x1024.jpg 1024w, https:\/\/browsomepro.com\/wp-content\/uploads\/2024\/03\/thuya-gels-vegan-browsome-150x150.jpg 150w, https:\/\/browsomepro.com\/wp-content\/uploads\/2024\/03\/thuya-gels-vegan-browsome-768x768.jpg 768w, https:\/\/browsomepro.com\/wp-content\/uploads\/2024\/03\/thuya-gels-vegan-browsome-990x990.jpg 990w, https:\/\/browsomepro.com\/wp-content\/uploads\/2024\/03\/thuya-gels-vegan-browsome-441x441.jpg 441w, https:\/\/browsomepro.com\/wp-content\/uploads\/2024\/03\/thuya-gels-vegan-browsome-100x100.jpg 100w, https:\/\/browsomepro.com\/wp-content\/uploads\/2024\/03\/thuya-gels-vegan-browsome-800x800.jpg 800w\" sizes=\"(max-width: 360px) 147px, (max-width: 1080px) 100vw, 1080px\" \/>\t\t\t\t\t\t\t\t\t\t\t\t\t\t\t<\/div>\n\t\t\t\t<\/div>\n\t\t\t\t<\/div>\n\t\t\t\t\t<\/div>\n\t\t\t\t<\/div>\n\t\t\t\t<\/div>\n\t\t","protected":false},"excerpt":{"rendered":"<p>Preizkusite u\u010dinkovitost in kakovost izdelkov THUYA za laminacijo obrvi brezpla\u010dno s testerji. THUYA izdelki so zasnovani z napredno formulo in kakovostnimi sestavinami, ki zagotavljajo dolgotrajne in kvalitetne rezultate. Brezpla\u010dni testerji so izvrstna prilo\u017enost, da se prepri\u010date o u\u010dinkovitosti izdelkov, preden se odlo\u010dite za nakup celotnega izdelka. Da bi prejeli brezpla\u010dne testerje, preprosto dodajte brezpla\u010den izdelek v ko\u0161arico in zaklju\u010dite nakup. Na ta na\u010din bomo prejeli va\u0161o zahtevo in vam bomo brezpla\u010dno poslali testerje THUYA. V sklopu testerjev prejmete: THUYA PERMANENT GEL (2 ml) THUYA NEUTRALIZER KREMA (2ml) * VSAKA STRANKA LAHKO PREJME LE 1 SET TESTERJEV.     <\/p>\n","protected":false},"featured_media":7984,"template":"","meta":{"_acf_changed":false,"_monsterinsights_skip_tracking":false,"_monsterinsights_sitenote_active":false,"_monsterinsights_sitenote_note":"","_monsterinsights_sitenote_category":0},"product_brand":[],"product_cat":[309,238,308,310,215,209,234,229],"product_tag":[],"class_list":{"0":"post-14637","1":"product","2":"type-product","3":"status-publish","4":"has-post-thumbnail","6":"product_cat-laminacija-obrvi-sl-8","7":"product_cat-nakup-po-znamki","8":"product_cat-thuya-sl","9":"product_cat-vihanje-trepalnic-sl-7","10":"product_cat-laminacija-obrvi","11":"product_cat-obrvi","12":"product_cat-serumi-za-vihanje-trepalnic","13":"product_cat-trepalnice","15":"first","16":"outofstock","17":"taxable","18":"shipping-taxable","19":"purchasable","20":"product-type-simple"},"acf":[],"aioseo_notices":[],"_links":{"self":[{"href":"https:\/\/browsomepro.com\/sl\/wp-json\/wp\/v2\/product\/14637","targetHints":{"allow":["GET"]}}],"collection":[{"href":"https:\/\/browsomepro.com\/sl\/wp-json\/wp\/v2\/product"}],"about":[{"href":"https:\/\/browsomepro.com\/sl\/wp-json\/wp\/v2\/types\/product"}],"version-history":[{"count":1,"href":"https:\/\/browsomepro.com\/sl\/wp-json\/wp\/v2\/product\/14637\/revisions"}],"predecessor-version":[{"id":14638,"href":"https:\/\/browsomepro.com\/sl\/wp-json\/wp\/v2\/product\/14637\/revisions\/14638"}],"wp:featuredmedia":[{"embeddable":true,"href":"https:\/\/browsomepro.com\/sl\/wp-json\/wp\/v2\/media\/7984"}],"wp:attachment":[{"href":"https:\/\/browsomepro.com\/sl\/wp-json\/wp\/v2\/media?parent=14637"}],"wp:term":[{"taxonomy":"product_brand","embeddable":true,"href":"https:\/\/browsomepro.com\/sl\/wp-json\/wp\/v2\/product_brand?post=14637"},{"taxonomy":"product_cat","embeddable":true,"href":"https:\/\/browsomepro.com\/sl\/wp-json\/wp\/v2\/product_cat?post=14637"},{"taxonomy":"product_tag","embeddable":true,"href":"https:\/\/browsomepro.com\/sl\/wp-json\/wp\/v2\/product_tag?post=14637"}],"curies":[{"name":"wp","href":"https:\/\/api.w.org\/{rel}","templated":true}]}}