{"id":14625,"date":"2024-03-29T09:34:46","date_gmt":"2024-03-29T08:34:46","guid":{"rendered":"https:\/\/browsomepro.com\/product\/elan-colour-fix-chroma\/"},"modified":"2024-11-25T14:48:26","modified_gmt":"2024-11-25T13:48:26","slug":"elan-colour-fix-chroma","status":"publish","type":"product","link":"https:\/\/browsomepro.com\/sl\/izdelek\/elan-colour-fix-chroma\/","title":{"rendered":"\u00c9lan &#8211; Colour Fix Chroma"},"content":{"rendered":"\t\t<div data-elementor-type=\"product-post\" data-elementor-id=\"14625\" class=\"elementor elementor-14625 elementor-8142\" data-elementor-post-type=\"product\">\n\t\t\t\t<div class=\"elementor-element elementor-element-3699557b e-flex e-con-boxed e-con e-parent\" data-id=\"3699557b\" data-element_type=\"container\">\n\t\t\t\t\t<div class=\"e-con-inner\">\n\t\t<div class=\"elementor-element elementor-element-5b9a1e36 e-con-full e-flex e-con e-child\" data-id=\"5b9a1e36\" data-element_type=\"container\">\n\t\t\t\t<div class=\"elementor-element elementor-element-5b9c3286 elementor-widget elementor-widget-image\" data-id=\"5b9c3286\" data-element_type=\"widget\" data-widget_type=\"image.default\">\n\t\t\t\t<div class=\"elementor-widget-container\">\n\t\t\t\t\t\t\t\t\t\t\t\t\t\t\t<img fetchpriority=\"high\" decoding=\"async\" width=\"2000\" height=\"2000\" src=\"https:\/\/browsomepro.com\/wp-content\/uploads\/2024\/03\/elan-work-browsome2.webp\" class=\"attachment-full size-full wp-image-13204\" alt=\"\" srcset=\"https:\/\/browsomepro.com\/wp-content\/uploads\/2024\/03\/elan-work-browsome2.webp 2000w, https:\/\/browsomepro.com\/wp-content\/uploads\/2024\/03\/elan-work-browsome2-300x300.webp 300w, https:\/\/browsomepro.com\/wp-content\/uploads\/2024\/03\/elan-work-browsome2-1024x1024.webp 1024w, https:\/\/browsomepro.com\/wp-content\/uploads\/2024\/03\/elan-work-browsome2-150x150.webp 150w, https:\/\/browsomepro.com\/wp-content\/uploads\/2024\/03\/elan-work-browsome2-768x768.webp 768w, https:\/\/browsomepro.com\/wp-content\/uploads\/2024\/03\/elan-work-browsome2-1536x1536.webp 1536w, https:\/\/browsomepro.com\/wp-content\/uploads\/2024\/03\/elan-work-browsome2-990x990.webp 990w, https:\/\/browsomepro.com\/wp-content\/uploads\/2024\/03\/elan-work-browsome2-441x441.webp 441w, https:\/\/browsomepro.com\/wp-content\/uploads\/2024\/03\/elan-work-browsome2-100x100.webp 100w, https:\/\/browsomepro.com\/wp-content\/uploads\/2024\/03\/elan-work-browsome2-800x800.webp 800w\" sizes=\"(max-width: 360px) 147px, (max-width: 2000px) 100vw, 2000px\" \/>\t\t\t\t\t\t\t\t\t\t\t\t\t\t\t<\/div>\n\t\t\t\t<\/div>\n\t\t\t\t<\/div>\n\t\t<div class=\"elementor-element elementor-element-5d4762c9 e-con-full e-flex e-con e-child\" data-id=\"5d4762c9\" data-element_type=\"container\" data-settings=\"{&quot;background_background&quot;:&quot;classic&quot;}\">\n\t\t\t\t<div class=\"elementor-element elementor-element-5f03ce30 elementor-widget elementor-widget-heading\" data-id=\"5f03ce30\" data-element_type=\"widget\" data-widget_type=\"heading.default\">\n\t\t\t\t<div class=\"elementor-widget-container\">\n\t\t\t\t\t<h2 class=\"elementor-heading-title elementor-size-default\">Skrivnost za dolgotrajen odtenek obrvi in trepalnic<\/h2>\t\t\t\t<\/div>\n\t\t\t\t<\/div>\n\t\t\t\t<div class=\"elementor-element elementor-element-5861bd15 elementor-widget elementor-widget-text-editor\" data-id=\"5861bd15\" data-element_type=\"widget\" data-widget_type=\"text-editor.default\">\n\t\t\t\t<div class=\"elementor-widget-container\">\n\t\t\t\t\t\t\t\t\t<p>Klju\u010d do ohranitve globokih in bogatih tonov odtenka je v zadnjem koraku postopka barvanja: fiksiranju barve. Ta klju\u010dni korak zagotavlja, da se barva ne le oprime las, temve\u010d da ostane izrazita dlje \u010dasa. Preparat za fiksiranje barve deluje kot za\u0161\u010ditna pregrada, ki fiksira odtenek in ga \u0161\u010diti pred zunanjimi dejavniki, ki lahko povzro\u010dijo prezgodnje bledenje.  <\/p>\n<p>Idealen izdelek ne bo le ohranil barve, temve\u010d bo poskrbel tudi za bistvena hranila in vla\u017eenje ter ohranil elasti\u010dnost in celovitost dla\u010dic, da bi prepre\u010dil lomljenje. Zaradi te dvojne funkcije je fiksiranje barve nepogre\u0161ljiv korak tako za artiste, kot za posameznike, ki i\u0161\u010dejo re\u0161itve za doma\u010do nego. <\/p>\n\t\t\t\t\t\t\t\t<\/div>\n\t\t\t\t<\/div>\n\t\t\t\t<\/div>\n\t\t\t\t\t<\/div>\n\t\t\t\t<\/div>\n\t\t<div class=\"elementor-element elementor-element-732ac5bc e-flex e-con-boxed e-con e-parent\" data-id=\"732ac5bc\" data-element_type=\"container\">\n\t\t\t\t\t<div class=\"e-con-inner\">\n\t\t<div class=\"elementor-element elementor-element-2823f277 e-con-full e-flex e-con e-child\" data-id=\"2823f277\" data-element_type=\"container\" data-settings=\"{&quot;background_background&quot;:&quot;classic&quot;}\">\n\t\t\t\t<div class=\"elementor-element elementor-element-7c381a07 elementor-widget elementor-widget-heading\" data-id=\"7c381a07\" data-element_type=\"widget\" data-widget_type=\"heading.default\">\n\t\t\t\t<div class=\"elementor-widget-container\">\n\t\t\t\t\t<h2 class=\"elementor-heading-title elementor-size-default\">\u010ci\u0161\u010denje in za\u0161\u010dita<\/h2>\t\t\t\t<\/div>\n\t\t\t\t<\/div>\n\t\t\t\t<div class=\"elementor-element elementor-element-208ceebd elementor-widget elementor-widget-text-editor\" data-id=\"208ceebd\" data-element_type=\"widget\" data-widget_type=\"text-editor.default\">\n\t\t\t\t<div class=\"elementor-widget-container\">\n\t\t\t\t\t\t\t\t\t<p><b>Navodila za uporabo<\/b><\/p>\n<p>Ko odstranite barvo iz obrvi ali trepalnic, vzemite vatirano pal\u010dko in ne\u017eno nanesite izdelek v smeri rasti dlak. Pustite izdelek delovati. Izpiranje ni potrebno!  <\/p>\n\t\t\t\t\t\t\t\t<\/div>\n\t\t\t\t<\/div>\n\t\t\t\t<div class=\"elementor-element elementor-element-a2cac15 elementor-widget elementor-widget-toggle\" data-id=\"a2cac15\" data-element_type=\"widget\" data-widget_type=\"toggle.default\">\n\t\t\t\t<div class=\"elementor-widget-container\">\n\t\t\t\t\t\t\t<div class=\"elementor-toggle\">\n\t\t\t\t\t\t\t<div class=\"elementor-toggle-item\">\n\t\t\t\t\t<div id=\"elementor-tab-title-1701\" class=\"elementor-tab-title\" data-tab=\"1\" role=\"button\" aria-controls=\"elementor-tab-content-1701\" aria-expanded=\"false\">\n\t\t\t\t\t\t\t\t\t\t\t\t<span class=\"elementor-toggle-icon elementor-toggle-icon-left\" aria-hidden=\"true\">\n\t\t\t\t\t\t\t\t\t\t\t\t\t\t\t<span class=\"elementor-toggle-icon-closed\"><svg class=\"e-font-icon-svg e-fas-caret-right\" viewBox=\"0 0 192 512\" xmlns=\"http:\/\/www.w3.org\/2000\/svg\"><path d=\"M0 384.662V127.338c0-17.818 21.543-26.741 34.142-14.142l128.662 128.662c7.81 7.81 7.81 20.474 0 28.284L34.142 398.804C21.543 411.404 0 402.48 0 384.662z\"><\/path><\/svg><\/span>\n\t\t\t\t\t\t\t\t<span class=\"elementor-toggle-icon-opened\"><svg class=\"elementor-toggle-icon-opened e-font-icon-svg e-fas-caret-up\" viewBox=\"0 0 320 512\" xmlns=\"http:\/\/www.w3.org\/2000\/svg\"><path d=\"M288.662 352H31.338c-17.818 0-26.741-21.543-14.142-34.142l128.662-128.662c7.81-7.81 20.474-7.81 28.284 0l128.662 128.662c12.6 12.599 3.676 34.142-14.142 34.142z\"><\/path><\/svg><\/span>\n\t\t\t\t\t\t\t\t\t\t\t\t\t<\/span>\n\t\t\t\t\t\t\t\t\t\t\t\t<a class=\"elementor-toggle-title\" tabindex=\"0\">\u00c9lan Colour Fix<\/a>\n\t\t\t\t\t<\/div>\n\n\t\t\t\t\t<div id=\"elementor-tab-content-1701\" class=\"elementor-tab-content elementor-clearfix\" data-tab=\"1\" role=\"region\" aria-labelledby=\"elementor-tab-title-1701\"><p>Teko\u010dina za fiksiranje barve je osnovni pripomo\u010dek za mojstre obrvi in tiste, ki \u017eelijo u\u010dinkovito doma\u010do nego svojih obrvi in trepalnic. Zasnovan je tako, da dla\u010dicam daje pro\u017enost, prepre\u010duje lomljenje in \u0161\u010diti barvo pred prehitrim bledenjem. Aktivne sestavine, kot sta hidrolizirani keratin in son\u010dni\u010dno olje, krepijo in zagotavljajo pro\u017enost, medtem ko mle\u010dna kislina in pantenol poskrbita, da barva ostane \u017eiva, dla\u010dice pa navla\u017eene in obnovljene. Enostaven za nana\u0161anje, izdelek \u00c9lan Colour Fix je odli\u010den zaklju\u010dni korak pri vsaki storitvi barvanja, saj zagotavlja, da barva ostane dlje \u010dasa obstojna.   <\/p>\n<ul>\n<li aria-level=\"1\"><b>Prepre\u010duje lomljenje dla\u010dic<\/b><\/li>\n<li aria-level=\"1\"><b>Za\u0161\u010diti barvo<\/b><\/li>\n<li aria-level=\"1\"><b>Neguje dla\u010dice<\/b><\/li>\n<\/ul>\n<\/div>\n\t\t\t\t<\/div>\n\t\t\t\t\t\t\t<div class=\"elementor-toggle-item\">\n\t\t\t\t\t<div id=\"elementor-tab-title-1702\" class=\"elementor-tab-title\" data-tab=\"2\" role=\"button\" aria-controls=\"elementor-tab-content-1702\" aria-expanded=\"false\">\n\t\t\t\t\t\t\t\t\t\t\t\t<span class=\"elementor-toggle-icon elementor-toggle-icon-left\" aria-hidden=\"true\">\n\t\t\t\t\t\t\t\t\t\t\t\t\t\t\t<span class=\"elementor-toggle-icon-closed\"><svg class=\"e-font-icon-svg e-fas-caret-right\" viewBox=\"0 0 192 512\" xmlns=\"http:\/\/www.w3.org\/2000\/svg\"><path d=\"M0 384.662V127.338c0-17.818 21.543-26.741 34.142-14.142l128.662 128.662c7.81 7.81 7.81 20.474 0 28.284L34.142 398.804C21.543 411.404 0 402.48 0 384.662z\"><\/path><\/svg><\/span>\n\t\t\t\t\t\t\t\t<span class=\"elementor-toggle-icon-opened\"><svg class=\"elementor-toggle-icon-opened e-font-icon-svg e-fas-caret-up\" viewBox=\"0 0 320 512\" xmlns=\"http:\/\/www.w3.org\/2000\/svg\"><path d=\"M288.662 352H31.338c-17.818 0-26.741-21.543-14.142-34.142l128.662-128.662c7.81-7.81 20.474-7.81 28.284 0l128.662 128.662c12.6 12.599 3.676 34.142-14.142 34.142z\"><\/path><\/svg><\/span>\n\t\t\t\t\t\t\t\t\t\t\t\t\t<\/span>\n\t\t\t\t\t\t\t\t\t\t\t\t<a class=\"elementor-toggle-title\" tabindex=\"0\">\u00c9lan Colour Fix Chroma<\/a>\n\t\t\t\t\t<\/div>\n\n\t\t\t\t\t<div id=\"elementor-tab-content-1702\" class=\"elementor-tab-content elementor-clearfix\" data-tab=\"2\" role=\"region\" aria-labelledby=\"elementor-tab-title-1702\"><p>Znamka \u00c9lan je dvignila raven fiksiranja barve na vi\u0161jo raven in predstavlja izdelek Colour Fix Chroma s CHROMAZONE\u2122, ki \u0161\u010diti pred bledenjem barve in po\u0161kodbami zaradi UV-\u017earkov. Teko\u010dina tvori za\u0161\u010ditni sloj okoli lasne povrhnjice, prepre\u010duje spro\u0161\u010danje barvnih molekul in zagotavlja, da barva dlje \u010dasa ostane intenzivna in sijo\u010da.  <\/p>\n<p>Njegova formula ne varuje le odtenka, temve\u010d zaradi me\u0161anice negovalnih sestavin dla\u010dice tudi neguje in krepi. Idealen za uporabo v salonu in doma, \u00c9lan Colour Fix Chroma spreminja pravila igre za vse, ki \u017eelijo podalj\u0161ati \u017eivljenjsko dobo svojih obarvanih obrvi in trepalnic, hkrati pa jim zagotoviti popolno nego. <\/p>\n<ul>\n<li aria-level=\"1\"><b>UV-za\u0161\u010dita<\/b><\/li>\n<li aria-level=\"1\"><b>Dolgo obstojna barva<\/b><\/li>\n<li aria-level=\"1\"><b>Krepitev dla\u010dic<\/b><\/li>\n<\/ul>\n<\/div>\n\t\t\t\t<\/div>\n\t\t\t\t\t\t\t\t<\/div>\n\t\t\t\t\t\t<\/div>\n\t\t\t\t<\/div>\n\t\t\t\t<\/div>\n\t\t<div class=\"elementor-element elementor-element-2a778160 e-con-full e-flex e-con e-child\" data-id=\"2a778160\" data-element_type=\"container\">\n\t\t\t\t<div class=\"elementor-element elementor-element-2ad14c01 elementor-widget elementor-widget-image\" data-id=\"2ad14c01\" data-element_type=\"widget\" data-widget_type=\"image.default\">\n\t\t\t\t<div class=\"elementor-widget-container\">\n\t\t\t\t\t\t\t\t\t\t\t\t\t\t\t<img decoding=\"async\" width=\"2000\" height=\"2000\" src=\"https:\/\/browsomepro.com\/wp-content\/uploads\/2024\/03\/elan-color-fix-browsome1.webp\" class=\"attachment-full size-full wp-image-13205\" alt=\"\" srcset=\"https:\/\/browsomepro.com\/wp-content\/uploads\/2024\/03\/elan-color-fix-browsome1.webp 2000w, https:\/\/browsomepro.com\/wp-content\/uploads\/2024\/03\/elan-color-fix-browsome1-300x300.webp 300w, https:\/\/browsomepro.com\/wp-content\/uploads\/2024\/03\/elan-color-fix-browsome1-1024x1024.webp 1024w, https:\/\/browsomepro.com\/wp-content\/uploads\/2024\/03\/elan-color-fix-browsome1-150x150.webp 150w, https:\/\/browsomepro.com\/wp-content\/uploads\/2024\/03\/elan-color-fix-browsome1-768x768.webp 768w, https:\/\/browsomepro.com\/wp-content\/uploads\/2024\/03\/elan-color-fix-browsome1-1536x1536.webp 1536w, https:\/\/browsomepro.com\/wp-content\/uploads\/2024\/03\/elan-color-fix-browsome1-990x990.webp 990w, https:\/\/browsomepro.com\/wp-content\/uploads\/2024\/03\/elan-color-fix-browsome1-441x441.webp 441w, https:\/\/browsomepro.com\/wp-content\/uploads\/2024\/03\/elan-color-fix-browsome1-100x100.webp 100w, https:\/\/browsomepro.com\/wp-content\/uploads\/2024\/03\/elan-color-fix-browsome1-800x800.webp 800w\" sizes=\"(max-width: 360px) 147px, (max-width: 2000px) 100vw, 2000px\" \/>\t\t\t\t\t\t\t\t\t\t\t\t\t\t\t<\/div>\n\t\t\t\t<\/div>\n\t\t\t\t<\/div>\n\t\t\t\t\t<\/div>\n\t\t\t\t<\/div>\n\t\t\t\t<\/div>\n\t\t","protected":false},"excerpt":{"rendered":"<p>Teko\u010dina za fiksiranje barve je zaklju\u010dni korak pri postopku barvanja obrvi in trepalnic ter prina\u0161a izjemne prednosti tako strokovnjakom kot posameznikom, ki si \u017eelijo doma\u010de nege. Teko\u010dina z revolucionarno aktivno sestavino CHROMAZONE\u2122 ima osrednjo vlogo pri za\u0161\u010diti barve dla\u010dic pred bledenjem in \u0161kodljivim vplivom UV-\u017earkov. Njegova domiselna formulacija ovije povrhnjico las z za\u0161\u010ditnim slojem, ki u\u010dinkovito prepre\u010duje spro\u0161\u010danje barvnih molekul in tako ohranja mo\u010d barve. Poleg ohranjanja barve se teko\u010dina pona\u0161a s kompleksno me\u0161anico dodatnih sestavin, ki zagotavljajo celovito nego. Te sestavine harmoni\u010dno delujejo, da negujejo in krepijo dla\u010dice ter zagotavljajo mo\u010dno za\u0161\u010dito pred morebitnim lomljenjem. Ta izdelek je nepogre\u0161ljiv pripomo\u010dek tako za artiste, ki \u017eelijo izbolj\u0161ati svoje storitve, kot za posameznike, ki se posve\u010dajo vsakodnevni doma\u010di negi. [cg_accordion title=\"Sestavine\"]AQUA (WATER), PROPANEDIOL, POLYSORBATE 20, PEG-12 DIMETHICONE, PANTHENOL, BETA VULGARIS (BEET) ROOT EXTRACT, HELIANTHUS ANNUUS (SUNFLOWER) FLOWER EXTRACT, PUNICA GRANATUM PERICARP EXTRACT, HYDROLYZED JOJOBA ESTERS, HYDROLYZED KERATIN, LACTIC ACID, GLYCERIN, 1,2-HEXANEDIOL, HYDROLYZED CORN STARCH, LECITHIN, POLYQUATERNIUM-22, TOCOPHEROL, SODIUM HYDROXIDE, ETHYLHEXYLGLYCERIN, PHENETHYL ALCOHOL, SODIUM BENZOATE, BENZYL ALCOHOL, POTASSIUM SORBATE, PARFUM (FRAGRANCE). [\/cg_accordion]Koli\u010dina: 60 ml Proizvedeno v: <span style=\"font-weight: 400;\">\u0160PANIJA<\/span><br \/>Rok uporabe po odprtju: 12 mesecev       <\/p>\n","protected":false},"featured_media":13176,"template":"","meta":{"_acf_changed":false,"_monsterinsights_skip_tracking":false,"_monsterinsights_sitenote_active":false,"_monsterinsights_sitenote_note":"","_monsterinsights_sitenote_category":0},"product_brand":[],"product_cat":[263,239,265,238,266,267,211,214,235,215,227,231,209,229],"product_tag":[],"class_list":{"0":"post-14625","1":"product","2":"type-product","3":"status-publish","4":"has-post-thumbnail","6":"product_cat-barve-za-obrvi-sl-3","7":"product_cat-elan-sl","8":"product_cat-laminacija-obrvi-sl-3","9":"product_cat-nakup-po-znamki","10":"product_cat-nega-po-tretmaju-in-priprava-koze-sl","11":"product_cat-vihanje-trepalnic-sl-2","12":"product_cat-after-care-in-priprava-koze","13":"product_cat-barve-za-obrvi","14":"product_cat-barve-za-trepalnice","15":"product_cat-laminacija-obrvi","16":"product_cat-najbolj-priljubljeni-izdelki","17":"product_cat-nega-po-tretmajih-in-priprava","18":"product_cat-obrvi","19":"product_cat-trepalnice","21":"first","22":"outofstock","23":"taxable","24":"shipping-taxable","25":"purchasable","26":"product-type-simple"},"acf":[],"aioseo_notices":[],"_links":{"self":[{"href":"https:\/\/browsomepro.com\/sl\/wp-json\/wp\/v2\/product\/14625","targetHints":{"allow":["GET"]}}],"collection":[{"href":"https:\/\/browsomepro.com\/sl\/wp-json\/wp\/v2\/product"}],"about":[{"href":"https:\/\/browsomepro.com\/sl\/wp-json\/wp\/v2\/types\/product"}],"version-history":[{"count":1,"href":"https:\/\/browsomepro.com\/sl\/wp-json\/wp\/v2\/product\/14625\/revisions"}],"predecessor-version":[{"id":14626,"href":"https:\/\/browsomepro.com\/sl\/wp-json\/wp\/v2\/product\/14625\/revisions\/14626"}],"wp:featuredmedia":[{"embeddable":true,"href":"https:\/\/browsomepro.com\/sl\/wp-json\/wp\/v2\/media\/13176"}],"wp:attachment":[{"href":"https:\/\/browsomepro.com\/sl\/wp-json\/wp\/v2\/media?parent=14625"}],"wp:term":[{"taxonomy":"product_brand","embeddable":true,"href":"https:\/\/browsomepro.com\/sl\/wp-json\/wp\/v2\/product_brand?post=14625"},{"taxonomy":"product_cat","embeddable":true,"href":"https:\/\/browsomepro.com\/sl\/wp-json\/wp\/v2\/product_cat?post=14625"},{"taxonomy":"product_tag","embeddable":true,"href":"https:\/\/browsomepro.com\/sl\/wp-json\/wp\/v2\/product_tag?post=14625"}],"curies":[{"name":"wp","href":"https:\/\/api.w.org\/{rel}","templated":true}]}}