{"id":14623,"date":"2024-03-30T11:15:50","date_gmt":"2024-03-30T10:15:50","guid":{"rendered":"https:\/\/browsomepro.com\/product\/elan-eyebrow-gel-tint-with-oxidant-02-dark-brown\/"},"modified":"2024-08-07T22:03:22","modified_gmt":"2024-08-07T22:03:22","slug":"elan-eyebrow-gel-tint-with-oxidant-02-dark-brown","status":"publish","type":"product","link":"https:\/\/browsomepro.com\/sl\/izdelek\/elan-eyebrow-gel-tint-with-oxidant-02-dark-brown\/","title":{"rendered":"\u00c9lan &#8211; Eyebrow Gel Tint With Oxidant &#8211; 02 Dark Brown"},"content":{"rendered":"\t\t<div data-elementor-type=\"product-post\" data-elementor-id=\"14623\" class=\"elementor elementor-14623\" data-elementor-post-type=\"product\">\n\t\t\t\t<div class=\"elementor-element elementor-element-17ac1c6 e-flex e-con-boxed e-con e-parent\" data-id=\"17ac1c6\" data-element_type=\"container\">\n\t\t\t\t\t<div class=\"e-con-inner\">\n\t\t<div class=\"elementor-element elementor-element-19eadf67 e-con-full e-flex e-con e-child\" data-id=\"19eadf67\" data-element_type=\"container\">\n\t\t\t\t<div class=\"elementor-element elementor-element-a793762 elementor-widget elementor-widget-image\" data-id=\"a793762\" data-element_type=\"widget\" data-widget_type=\"image.default\">\n\t\t\t\t<div class=\"elementor-widget-container\">\n\t\t\t\t\t\t\t\t\t\t\t\t\t\t\t<img fetchpriority=\"high\" decoding=\"async\" width=\"2000\" height=\"2000\" src=\"https:\/\/browsomepro.com\/wp-content\/uploads\/2024\/04\/elan-gel-tiny.webp\" class=\"attachment-full size-full wp-image-13197\" alt=\"\" srcset=\"https:\/\/browsomepro.com\/wp-content\/uploads\/2024\/04\/elan-gel-tiny.webp 2000w, https:\/\/browsomepro.com\/wp-content\/uploads\/2024\/04\/elan-gel-tiny-300x300.webp 300w, https:\/\/browsomepro.com\/wp-content\/uploads\/2024\/04\/elan-gel-tiny-1024x1024.webp 1024w, https:\/\/browsomepro.com\/wp-content\/uploads\/2024\/04\/elan-gel-tiny-150x150.webp 150w, https:\/\/browsomepro.com\/wp-content\/uploads\/2024\/04\/elan-gel-tiny-768x768.webp 768w, https:\/\/browsomepro.com\/wp-content\/uploads\/2024\/04\/elan-gel-tiny-1536x1536.webp 1536w, https:\/\/browsomepro.com\/wp-content\/uploads\/2024\/04\/elan-gel-tiny-990x990.webp 990w, https:\/\/browsomepro.com\/wp-content\/uploads\/2024\/04\/elan-gel-tiny-441x441.webp 441w, https:\/\/browsomepro.com\/wp-content\/uploads\/2024\/04\/elan-gel-tiny-100x100.webp 100w, https:\/\/browsomepro.com\/wp-content\/uploads\/2024\/04\/elan-gel-tiny-800x800.webp 800w\" sizes=\"(max-width: 360px) 147px, (max-width: 2000px) 100vw, 2000px\" \/>\t\t\t\t\t\t\t\t\t\t\t\t\t\t\t<\/div>\n\t\t\t\t<\/div>\n\t\t\t\t<\/div>\n\t\t<div class=\"elementor-element elementor-element-2d645da1 e-con-full e-flex e-con e-child\" data-id=\"2d645da1\" data-element_type=\"container\" data-settings=\"{&quot;background_background&quot;:&quot;classic&quot;}\">\n\t\t\t\t<div class=\"elementor-element elementor-element-24d3f0f0 elementor-widget elementor-widget-heading\" data-id=\"24d3f0f0\" data-element_type=\"widget\" data-widget_type=\"heading.default\">\n\t\t\t\t<div class=\"elementor-widget-container\">\n\t\t\t\t\t<h2 class=\"elementor-heading-title elementor-size-default\">Dolgo obstojna barva za obrvi<\/h2>\t\t\t\t<\/div>\n\t\t\t\t<\/div>\n\t\t\t\t<div class=\"elementor-element elementor-element-5cd08859 elementor-widget elementor-widget-text-editor\" data-id=\"5cd08859\" data-element_type=\"widget\" data-widget_type=\"text-editor.default\">\n\t\t\t\t<div class=\"elementor-widget-container\">\n\t\t\t\t\t\t\t\t\t<p>\u00c9lan Gel Tints so prinesle revolucijo v svetu barvanja obrvi in trepalnic. Oblikovali so jih mojstri oblikovanja obrvi in ponujajo edinstveno re\u0161itev za stranke z vsemi vrstami dlak, saj zagotavljajo enakomeren nanos in dolgotrajne rezultate. Vsaka vre\u010dka je primerna za 15-20 tretmajev, rok uporabe pa je 2 meseca po odprtju.  <\/p>\n<ul>\n<li aria-level=\"1\">Na dla\u010dicah je obstojnost do 30 dni, na ko\u017ei pa 14 dni<\/li>\n<li aria-level=\"1\">Ena vre\u010dka zadostuje za 15-20 tretmajev<\/li>\n<li aria-level=\"1\">Dermatolo\u0161ko testirano, kar zagotavlja varnost in kompatibilnost s ko\u017eo.<\/li>\n<\/ul>\n\t\t\t\t\t\t\t\t<\/div>\n\t\t\t\t<\/div>\n\t\t\t\t<\/div>\n\t\t\t\t\t<\/div>\n\t\t\t\t<\/div>\n\t\t<div class=\"elementor-element elementor-element-7c131c15 e-flex e-con-boxed e-con e-parent\" data-id=\"7c131c15\" data-element_type=\"container\">\n\t\t\t\t\t<div class=\"e-con-inner\">\n\t\t<div class=\"elementor-element elementor-element-65392ab7 e-con-full e-flex e-con e-child\" data-id=\"65392ab7\" data-element_type=\"container\" data-settings=\"{&quot;background_background&quot;:&quot;classic&quot;}\">\n\t\t\t\t<div class=\"elementor-element elementor-element-6eefe26b elementor-widget elementor-widget-heading\" data-id=\"6eefe26b\" data-element_type=\"widget\" data-widget_type=\"heading.default\">\n\t\t\t\t<div class=\"elementor-widget-container\">\n\t\t\t\t\t<h2 class=\"elementor-heading-title elementor-size-default\">3 nasveti za mojstrsko delo z \u00c9lan Gel Tints<\/h2>\t\t\t\t<\/div>\n\t\t\t\t<\/div>\n\t\t\t\t<div class=\"elementor-element elementor-element-377ef064 elementor-widget elementor-widget-toggle\" data-id=\"377ef064\" data-element_type=\"widget\" data-widget_type=\"toggle.default\">\n\t\t\t\t<div class=\"elementor-widget-container\">\n\t\t\t\t\t\t\t<div class=\"elementor-toggle\">\n\t\t\t\t\t\t\t<div class=\"elementor-toggle-item\">\n\t\t\t\t\t<div id=\"elementor-tab-title-9311\" class=\"elementor-tab-title\" data-tab=\"1\" role=\"button\" aria-controls=\"elementor-tab-content-9311\" aria-expanded=\"false\">\n\t\t\t\t\t\t\t\t\t\t\t\t<span class=\"elementor-toggle-icon elementor-toggle-icon-left\" aria-hidden=\"true\">\n\t\t\t\t\t\t\t\t\t\t\t\t\t\t\t<span class=\"elementor-toggle-icon-closed\"><svg class=\"e-font-icon-svg e-fas-caret-right\" viewBox=\"0 0 192 512\" xmlns=\"http:\/\/www.w3.org\/2000\/svg\"><path d=\"M0 384.662V127.338c0-17.818 21.543-26.741 34.142-14.142l128.662 128.662c7.81 7.81 7.81 20.474 0 28.284L34.142 398.804C21.543 411.404 0 402.48 0 384.662z\"><\/path><\/svg><\/span>\n\t\t\t\t\t\t\t\t<span class=\"elementor-toggle-icon-opened\"><svg class=\"elementor-toggle-icon-opened e-font-icon-svg e-fas-caret-up\" viewBox=\"0 0 320 512\" xmlns=\"http:\/\/www.w3.org\/2000\/svg\"><path d=\"M288.662 352H31.338c-17.818 0-26.741-21.543-14.142-34.142l128.662-128.662c7.81-7.81 20.474-7.81 28.284 0l128.662 128.662c12.6 12.599 3.676 34.142-14.142 34.142z\"><\/path><\/svg><\/span>\n\t\t\t\t\t\t\t\t\t\t\t\t\t<\/span>\n\t\t\t\t\t\t\t\t\t\t\t\t<a class=\"elementor-toggle-title\" tabindex=\"0\">Nasvet 1 - Prilagodite podton z oksidantom<\/a>\n\t\t\t\t\t<\/div>\n\n\t\t\t\t\t<div id=\"elementor-tab-content-9311\" class=\"elementor-tab-content elementor-clearfix\" data-tab=\"1\" role=\"region\" aria-labelledby=\"elementor-tab-title-9311\"><p>Za popoln odtenek obrvi je pomembno pravo ravnovesje. S prilagajanjem me\u0161anice z oksidantom lahko nadzorujete podton odtenka.  <\/p>\n<ul>\n<li aria-level=\"1\">Za toplej\u0161i odtenek obrvi zme\u0161ajte odtenek z oksidantom v razmerju 1:0,9. <\/li>\n<li aria-level=\"1\">Za hladnej\u0161i podton uporabite razmerje 1:1,1, torej uporabite nekoliko ve\u010d oksidanta kot odtenka. <\/li>\n<\/ul>\n<\/div>\n\t\t\t\t<\/div>\n\t\t\t\t\t\t\t<div class=\"elementor-toggle-item\">\n\t\t\t\t\t<div id=\"elementor-tab-title-9312\" class=\"elementor-tab-title\" data-tab=\"2\" role=\"button\" aria-controls=\"elementor-tab-content-9312\" aria-expanded=\"false\">\n\t\t\t\t\t\t\t\t\t\t\t\t<span class=\"elementor-toggle-icon elementor-toggle-icon-left\" aria-hidden=\"true\">\n\t\t\t\t\t\t\t\t\t\t\t\t\t\t\t<span class=\"elementor-toggle-icon-closed\"><svg class=\"e-font-icon-svg e-fas-caret-right\" viewBox=\"0 0 192 512\" xmlns=\"http:\/\/www.w3.org\/2000\/svg\"><path d=\"M0 384.662V127.338c0-17.818 21.543-26.741 34.142-14.142l128.662 128.662c7.81 7.81 7.81 20.474 0 28.284L34.142 398.804C21.543 411.404 0 402.48 0 384.662z\"><\/path><\/svg><\/span>\n\t\t\t\t\t\t\t\t<span class=\"elementor-toggle-icon-opened\"><svg class=\"elementor-toggle-icon-opened e-font-icon-svg e-fas-caret-up\" viewBox=\"0 0 320 512\" xmlns=\"http:\/\/www.w3.org\/2000\/svg\"><path d=\"M288.662 352H31.338c-17.818 0-26.741-21.543-14.142-34.142l128.662-128.662c7.81-7.81 20.474-7.81 28.284 0l128.662 128.662c12.6 12.599 3.676 34.142-14.142 34.142z\"><\/path><\/svg><\/span>\n\t\t\t\t\t\t\t\t\t\t\t\t\t<\/span>\n\t\t\t\t\t\t\t\t\t\t\t\t<a class=\"elementor-toggle-title\" tabindex=\"0\">Nasvet 2 - Dodajte Argan Oil Skin Protector<\/a>\n\t\t\t\t\t<\/div>\n\n\t\t\t\t\t<div id=\"elementor-tab-content-9312\" class=\"elementor-tab-content elementor-clearfix\" data-tab=\"2\" role=\"region\" aria-labelledby=\"elementor-tab-title-9312\"><p>Poleg tega, da se uporablja kot za\u0161\u010ditni izdelek za ko\u017eo, omogo\u010da tudi hiter in enostaven na\u010din za posvetlitev odtenka. <\/p>\n<p>Z dodajanjem kapljice ali dveh v me\u0161anico \u00c9lan Gel Tint spro\u017eite hitrej\u0161i proces oksidacije, zaradi \u010desar dobite svetlej\u0161i odtenek. To je odli\u010den na\u010din za prilagajanje odtenka za svetlej\u0161e dla\u010dice ali za stranke, ki imajo raje bolj naraven videz. <\/p>\n<ul>\n<li aria-level=\"1\">Arganovo olje, bogato z vitaminom E, neguje in pospe\u0161uje rast dla\u010dic<\/li>\n<li aria-level=\"1\">\u0160\u010diti ko\u017eo, hkrati pa pripomore k zdravju in pro\u017enosti dla\u010dic<\/li>\n<\/ul>\n<\/div>\n\t\t\t\t<\/div>\n\t\t\t\t\t\t\t<div class=\"elementor-toggle-item\">\n\t\t\t\t\t<div id=\"elementor-tab-title-9313\" class=\"elementor-tab-title\" data-tab=\"3\" role=\"button\" aria-controls=\"elementor-tab-content-9313\" aria-expanded=\"false\">\n\t\t\t\t\t\t\t\t\t\t\t\t<span class=\"elementor-toggle-icon elementor-toggle-icon-left\" aria-hidden=\"true\">\n\t\t\t\t\t\t\t\t\t\t\t\t\t\t\t<span class=\"elementor-toggle-icon-closed\"><svg class=\"e-font-icon-svg e-fas-caret-right\" viewBox=\"0 0 192 512\" xmlns=\"http:\/\/www.w3.org\/2000\/svg\"><path d=\"M0 384.662V127.338c0-17.818 21.543-26.741 34.142-14.142l128.662 128.662c7.81 7.81 7.81 20.474 0 28.284L34.142 398.804C21.543 411.404 0 402.48 0 384.662z\"><\/path><\/svg><\/span>\n\t\t\t\t\t\t\t\t<span class=\"elementor-toggle-icon-opened\"><svg class=\"elementor-toggle-icon-opened e-font-icon-svg e-fas-caret-up\" viewBox=\"0 0 320 512\" xmlns=\"http:\/\/www.w3.org\/2000\/svg\"><path d=\"M288.662 352H31.338c-17.818 0-26.741-21.543-14.142-34.142l128.662-128.662c7.81-7.81 20.474-7.81 28.284 0l128.662 128.662c12.6 12.599 3.676 34.142-14.142 34.142z\"><\/path><\/svg><\/span>\n\t\t\t\t\t\t\t\t\t\t\t\t\t<\/span>\n\t\t\t\t\t\t\t\t\t\t\t\t<a class=\"elementor-toggle-title\" tabindex=\"0\">Nasvet 3 - Raz\u0161irite paleto odtenkov z Colour Booster-ji<\/a>\n\t\t\t\t\t<\/div>\n\n\t\t\t\t\t<div id=\"elementor-tab-content-9313\" class=\"elementor-tab-content elementor-clearfix\" data-tab=\"3\" role=\"region\" aria-labelledby=\"elementor-tab-title-9313\"><p>\u00c9lanov Colour Booster, ki je del sistema Smart Brow Tinting System, je bistvenega pomena za prilagoditev in raz\u0161iritev osnovnih odtenkov.<\/p>\n<ul>\n<li aria-level=\"1\">07 Orange Booster: je odli\u010den za dodajanje topline odtenku. Idealen je za stranke, ki imajo raje bogatej\u0161o, izrazitej\u0161o rjavo barvo, zlasti tisti s toplej\u0161imi podtoni ko\u017ee ali las. <\/li>\n<li aria-level=\"1\">06 Indigo Booster: Odli\u010den za dodajanje globine in hladnosti odtenku, s \u010dimer se ustvarijo odtenki, ki segajo od ne\u017ene pepelnate rjave do drznih, hladno obarvanih temnih obrvi. Odli\u010den za stranke s hladnej\u0161imi toni obrvi. <\/li>\n<\/ul>\n<p>Dodaten nasvet: Za me\u0161anje vedno uporabljajte nekovinsko skodelico in pripomo\u010dek, da zagotovite popolnost odtenka in prepre\u010dite ne\u017eelene kemi\u010dne reakcije.<\/p>\n<\/div>\n\t\t\t\t<\/div>\n\t\t\t\t\t\t\t\t<\/div>\n\t\t\t\t\t\t<\/div>\n\t\t\t\t<\/div>\n\t\t\t\t<\/div>\n\t\t<div class=\"elementor-element elementor-element-6f905d7 e-con-full e-flex e-con e-child\" data-id=\"6f905d7\" data-element_type=\"container\">\n\t\t\t\t<div class=\"elementor-element elementor-element-7d81ee67 elementor-widget elementor-widget-image\" data-id=\"7d81ee67\" data-element_type=\"widget\" data-widget_type=\"image.default\">\n\t\t\t\t<div class=\"elementor-widget-container\">\n\t\t\t\t\t\t\t\t\t\t\t\t\t\t\t<img decoding=\"async\" width=\"2000\" height=\"2000\" src=\"https:\/\/browsomepro.com\/wp-content\/uploads\/2024\/04\/gel-tint-by-elan-browsome.webp\" class=\"attachment-full size-full wp-image-13198\" alt=\"\" srcset=\"https:\/\/browsomepro.com\/wp-content\/uploads\/2024\/04\/gel-tint-by-elan-browsome.webp 2000w, https:\/\/browsomepro.com\/wp-content\/uploads\/2024\/04\/gel-tint-by-elan-browsome-300x300.webp 300w, https:\/\/browsomepro.com\/wp-content\/uploads\/2024\/04\/gel-tint-by-elan-browsome-1024x1024.webp 1024w, https:\/\/browsomepro.com\/wp-content\/uploads\/2024\/04\/gel-tint-by-elan-browsome-150x150.webp 150w, https:\/\/browsomepro.com\/wp-content\/uploads\/2024\/04\/gel-tint-by-elan-browsome-768x768.webp 768w, https:\/\/browsomepro.com\/wp-content\/uploads\/2024\/04\/gel-tint-by-elan-browsome-1536x1536.webp 1536w, https:\/\/browsomepro.com\/wp-content\/uploads\/2024\/04\/gel-tint-by-elan-browsome-990x990.webp 990w, https:\/\/browsomepro.com\/wp-content\/uploads\/2024\/04\/gel-tint-by-elan-browsome-441x441.webp 441w, https:\/\/browsomepro.com\/wp-content\/uploads\/2024\/04\/gel-tint-by-elan-browsome-100x100.webp 100w, https:\/\/browsomepro.com\/wp-content\/uploads\/2024\/04\/gel-tint-by-elan-browsome-800x800.webp 800w\" sizes=\"(max-width: 360px) 147px, (max-width: 2000px) 100vw, 2000px\" \/>\t\t\t\t\t\t\t\t\t\t\t\t\t\t\t<\/div>\n\t\t\t\t<\/div>\n\t\t\t\t<\/div>\n\t\t\t\t\t<\/div>\n\t\t\t\t<\/div>\n\t\t\t\t<\/div>\n\t\t","protected":false},"excerpt":{"rendered":"<p>Barva v gelu za obrvi v odtenku 02 Dark Brown je izdelek, ki so ga zasnovali Brow artisti za stranke z temno rjavimi lasmi. Paket vklju\u010duje:<br \/>1 vre\u010dka z Gel Brow Tint \u2013 5 ml<br \/>1 vre\u010dka z oksidantom \u2013 5 ml<br \/>Ena vre\u010dka zadostuje za 15-20 tretmajev!  Odli\u010dna razli\u010dica, \u010de \u017eelite preizkusiti \u00c9lan Gel Tint! Po odprtju ima vre\u010dka 2 meseca roka trajanja, pri \u010demer kisik ne sme prodreti v notranjost. Formula in na\u010din nana\u0161anja Gel Tints, sta patentirana in edinstvena na celotnem svetu. Glavne zna\u010dilnosti:<br \/>enakomerno prekrije obrvi in trepalnice<br \/>obstojen u\u010dinek (do 14 dni na ko\u017ei in 30 dni na dla\u010dicah).<br \/>vla\u017ei ko\u017eo<br \/>dermatolo\u0161ko varno [cg_accordion title=\"Sestavine\"] <strong>Gel tint 02 dark brown:<\/strong> AQUA, ETHOXYDIGLYCOL, CETEARYL ALCOHOL, ETHANOLAMINE, SORBITOL, LACTIC ACID, P-PHENYLENEDIAMINE, 4-AMINO-M-CRESOL, LAURETH-2, CETEARETH 20, GLYCERYL STEARATE, DISODIUM EDTA, COCAMINE OXID, PEG-100 STEARATE, POLYSORBATE 20, SODIUM METABISULFITE, HYDROLYZED SILK, ARGANIA SPINOSA KERNEL OIL, ALLANTOIN, HYDROXYETHYL UREA, SODIUM ERYTHORBATE, 4-AMINO-2-HYDROXYTOLUENE, 2,6-DIAMINOPYRIDINE, PARFUM, SODIUM HYDROXIDE, ALOE BARBADENSIS LEAF EXTRACT, LINALOOL, LIMONENE. <strong>Oxidant 3%:<\/strong> AQUA, CETEARYL ALCOHOL, HYDROGEN PEROXIDE, LAURETH-2, CETEARETH-20, GLYCERYL STEARATE, PEG-100 STEARATE, POLYSORBATE 20, PHOSPHORIC ACID, DISODIUM EDTA.  <strong>Argan Oil Cream:<\/strong> PETROLATUM, RICINUS COMMUNIS SEED OIL, ARGANIA SPINOSA KERNEL OIL, PARAFFIN, ROSMARINUS OFFICINALIS EXTRACT, PARFUM, D-LIMONENE, LINALOOL, CITRONELLOL, HYDROXYCITRONELLAL, CITRAL. <strong>Skin Color Remover:<\/strong> AQUA, ISOPROPYL ALCOHOL, PEG-40 HYDROGENATED CASTOR OIL, POLYSORBATE 20, ETHOXYDIGLYCOL, SORBITOL, PARFUM, D-LIMONENE, LINALOOL, CITRONELLOL, HYDROXYCITRONELLAL, CITRAL. [\/cg_accordion] Vsebuje: vre\u010dka z Gel Brow Tint &#8211; 10&#215;5 ml; vre\u010dka z oksidantom &#8211; 10&#215;5 ml; vre\u010dka z Argan Oil &#8211; 5&#215;5 ml; stekleni\u010dka z odstranjevalcem barve &#8211; 1&#215;60 ml; aplikator &#8211; 1 kos; navodila za uporabo &#8211; 1 kos; merilna \u017eli\u010dka &#8211; 1 kos. Proizvedeno v: <span style=\"font-weight: 400;\">UKRAJINA <\/span>Rok uporabe po odprtju: 2 meseca<\/p>\n","protected":false},"featured_media":13168,"template":"","meta":{"_acf_changed":false,"_monsterinsights_skip_tracking":false,"_monsterinsights_sitenote_active":false,"_monsterinsights_sitenote_note":"","_monsterinsights_sitenote_category":0},"product_brand":[],"product_cat":[263,239,265,238,267,214,235,215,209,229],"product_tag":[],"class_list":{"0":"post-14623","1":"product","2":"type-product","3":"status-publish","4":"has-post-thumbnail","6":"product_cat-barve-za-obrvi-sl-3","7":"product_cat-elan-sl","8":"product_cat-laminacija-obrvi-sl-3","9":"product_cat-nakup-po-znamki","10":"product_cat-vihanje-trepalnic-sl-2","11":"product_cat-barve-za-obrvi","12":"product_cat-barve-za-trepalnice","13":"product_cat-laminacija-obrvi","14":"product_cat-obrvi","15":"product_cat-trepalnice","17":"first","18":"outofstock","19":"taxable","20":"shipping-taxable","21":"purchasable","22":"product-type-simple"},"acf":[],"aioseo_notices":[],"_links":{"self":[{"href":"https:\/\/browsomepro.com\/sl\/wp-json\/wp\/v2\/product\/14623","targetHints":{"allow":["GET"]}}],"collection":[{"href":"https:\/\/browsomepro.com\/sl\/wp-json\/wp\/v2\/product"}],"about":[{"href":"https:\/\/browsomepro.com\/sl\/wp-json\/wp\/v2\/types\/product"}],"version-history":[{"count":1,"href":"https:\/\/browsomepro.com\/sl\/wp-json\/wp\/v2\/product\/14623\/revisions"}],"predecessor-version":[{"id":14624,"href":"https:\/\/browsomepro.com\/sl\/wp-json\/wp\/v2\/product\/14623\/revisions\/14624"}],"wp:featuredmedia":[{"embeddable":true,"href":"https:\/\/browsomepro.com\/sl\/wp-json\/wp\/v2\/media\/13168"}],"wp:attachment":[{"href":"https:\/\/browsomepro.com\/sl\/wp-json\/wp\/v2\/media?parent=14623"}],"wp:term":[{"taxonomy":"product_brand","embeddable":true,"href":"https:\/\/browsomepro.com\/sl\/wp-json\/wp\/v2\/product_brand?post=14623"},{"taxonomy":"product_cat","embeddable":true,"href":"https:\/\/browsomepro.com\/sl\/wp-json\/wp\/v2\/product_cat?post=14623"},{"taxonomy":"product_tag","embeddable":true,"href":"https:\/\/browsomepro.com\/sl\/wp-json\/wp\/v2\/product_tag?post=14623"}],"curies":[{"name":"wp","href":"https:\/\/api.w.org\/{rel}","templated":true}]}}