{"id":14615,"date":"2024-04-02T09:04:47","date_gmt":"2024-04-02T08:04:47","guid":{"rendered":"https:\/\/browsomepro.com\/product\/elan-lash-lift-expert-system-lash-curlup-step-1\/"},"modified":"2025-04-10T09:33:42","modified_gmt":"2025-04-10T08:33:42","slug":"elan-lash-lift-expert-system-lash-curlup-step-1","status":"publish","type":"product","link":"https:\/\/browsomepro.com\/sl\/izdelek\/elan-lash-lift-expert-system-lash-curlup-step-1\/","title":{"rendered":"\u00c9lan &#8211; Lash Lift Expert System \u201cLash CurlUP\u201d- Step 1"},"content":{"rendered":"\t\t<div data-elementor-type=\"product-post\" data-elementor-id=\"14615\" class=\"elementor elementor-14615 elementor-8208\" data-elementor-post-type=\"product\">\n\t\t\t\t<div class=\"elementor-element elementor-element-4f8bc1dd e-flex e-con-boxed e-con e-parent\" data-id=\"4f8bc1dd\" data-element_type=\"container\">\n\t\t\t\t\t<div class=\"e-con-inner\">\n\t\t<div class=\"elementor-element elementor-element-7b3c4d26 e-con-full e-flex e-con e-child\" data-id=\"7b3c4d26\" data-element_type=\"container\">\n\t\t\t\t<div class=\"elementor-element elementor-element-5faca146 elementor-widget elementor-widget-image\" data-id=\"5faca146\" data-element_type=\"widget\" data-widget_type=\"image.default\">\n\t\t\t\t<div class=\"elementor-widget-container\">\n\t\t\t\t\t\t\t\t\t\t\t\t\t\t\t<img fetchpriority=\"high\" decoding=\"async\" width=\"2000\" height=\"2000\" src=\"https:\/\/browsomepro.com\/wp-content\/uploads\/2024\/04\/lash-plex-browsome.webp\" class=\"attachment-full size-full wp-image-13207\" alt=\"\" srcset=\"https:\/\/browsomepro.com\/wp-content\/uploads\/2024\/04\/lash-plex-browsome.webp 2000w, https:\/\/browsomepro.com\/wp-content\/uploads\/2024\/04\/lash-plex-browsome-300x300.webp 300w, https:\/\/browsomepro.com\/wp-content\/uploads\/2024\/04\/lash-plex-browsome-1024x1024.webp 1024w, https:\/\/browsomepro.com\/wp-content\/uploads\/2024\/04\/lash-plex-browsome-150x150.webp 150w, https:\/\/browsomepro.com\/wp-content\/uploads\/2024\/04\/lash-plex-browsome-768x768.webp 768w, https:\/\/browsomepro.com\/wp-content\/uploads\/2024\/04\/lash-plex-browsome-1536x1536.webp 1536w, https:\/\/browsomepro.com\/wp-content\/uploads\/2024\/04\/lash-plex-browsome-990x990.webp 990w, https:\/\/browsomepro.com\/wp-content\/uploads\/2024\/04\/lash-plex-browsome-441x441.webp 441w, https:\/\/browsomepro.com\/wp-content\/uploads\/2024\/04\/lash-plex-browsome-100x100.webp 100w, https:\/\/browsomepro.com\/wp-content\/uploads\/2024\/04\/lash-plex-browsome-800x800.webp 800w\" sizes=\"(max-width: 360px) 147px, (max-width: 2000px) 100vw, 2000px\" \/>\t\t\t\t\t\t\t\t\t\t\t\t\t\t\t<\/div>\n\t\t\t\t<\/div>\n\t\t\t\t<\/div>\n\t\t<div class=\"elementor-element elementor-element-5699ba3e e-con-full e-flex e-con e-child\" data-id=\"5699ba3e\" data-element_type=\"container\" data-settings=\"{&quot;background_background&quot;:&quot;classic&quot;}\">\n\t\t\t\t<div class=\"elementor-element elementor-element-1ffa20b7 elementor-widget elementor-widget-heading\" data-id=\"1ffa20b7\" data-element_type=\"widget\" data-widget_type=\"heading.default\">\n\t\t\t\t<div class=\"elementor-widget-container\">\n\t\t\t\t\t<h2 class=\"elementor-heading-title elementor-size-default\">Privihajte  negujte<\/h2>\t\t\t\t<\/div>\n\t\t\t\t<\/div>\n\t\t\t\t<div class=\"elementor-element elementor-element-36781c1a elementor-widget elementor-widget-text-editor\" data-id=\"36781c1a\" data-element_type=\"widget\" data-widget_type=\"text-editor.default\">\n\t\t\t\t<div class=\"elementor-widget-container\">\n\t\t\t\t\t\t\t\t\t<p>Sistem \u00c9lan Lash CurlUp izstopa po tem, da je zdravje trepalnic najpomembnej\u0161a prioriteta. V nasprotju s klasi\u010dnimi metodami, pri katerih se lahko uporabljajo agresivne kemikalije, je \u00c9lan izbral ne\u017enej\u0161o pot do lepih in dolgotrajnih lokov. Uporaba skrbno izbranih sestavin, kot so aminokisline, keratin in kolagen, ne zagotavlja le trajnega dviga, temve\u010d prispeva tudi k dolgoro\u010dnemu zdravju in mo\u010di trepalnic.  <\/p>\n<p>Ta sistem odlikuje njegov individualni pristop. Trepalnice vsake stranke so edinstvene, sistem \u00c9lan pa se prilagodi njihovim individualnim potrebam in zagotavlja, da naravna lepota trepalnic zasije na varen in u\u010dinkovit na\u010din. <\/p>\n<p>Za doseganje najbolj\u0161ih mo\u017enih rezultatov s sistemom \u00c9lan Lash CurlUp priporo\u010damo uporabo naslednjih izdelkov:<\/p>\n<ul>\n<li aria-level=\"1\">\u00c9lan Cleansing Detox Mousse<\/li>\n<li aria-level=\"1\">\u00c9lan Total Lift Blazinice<\/li>\n<li aria-level=\"1\">\u00c9lan Colour Fix<\/li>\n<li aria-level=\"1\">\u00c9lan Go Growth Mondose Serum<\/li>\n<\/ul>\n\t\t\t\t\t\t\t\t<\/div>\n\t\t\t\t<\/div>\n\t\t\t\t<\/div>\n\t\t\t\t\t<\/div>\n\t\t\t\t<\/div>\n\t\t<div class=\"elementor-element elementor-element-73e5c09f e-flex e-con-boxed e-con e-parent\" data-id=\"73e5c09f\" data-element_type=\"container\">\n\t\t\t\t\t<div class=\"e-con-inner\">\n\t\t<div class=\"elementor-element elementor-element-2da2e52 e-con-full e-flex e-con e-child\" data-id=\"2da2e52\" data-element_type=\"container\" data-settings=\"{&quot;background_background&quot;:&quot;classic&quot;}\">\n\t\t\t\t<div class=\"elementor-element elementor-element-6a2544aa elementor-widget elementor-widget-heading\" data-id=\"6a2544aa\" data-element_type=\"widget\" data-widget_type=\"heading.default\">\n\t\t\t\t<div class=\"elementor-widget-container\">\n\t\t\t\t\t<h2 class=\"elementor-heading-title elementor-size-default\">3 koraki do zavihanih trepalnic<\/h2>\t\t\t\t<\/div>\n\t\t\t\t<\/div>\n\t\t\t\t<div class=\"elementor-element elementor-element-59cba894 elementor-widget elementor-widget-text-editor\" data-id=\"59cba894\" data-element_type=\"widget\" data-widget_type=\"text-editor.default\">\n\t\t\t\t<div class=\"elementor-widget-container\">\n\t\t\t\t\t\t\t\t\t<p>Pred za\u010detkom postopka vihanja trepalnic skrbno ocenimo stanje trepalnic, da je postopek popolnoma prilagojen strankinim potrebam, kar obeta osupljive in trajne rezultate.<\/p>\n<ul>\n<li aria-level=\"1\"><b>Za goste ali neobdelane trepalnice<\/b>: Za oba koraka je priporo\u010dljiv \u010das procesiranja 12-15 minut, da se zagotovi temeljita penetracija serumov.<\/li>\n<li aria-level=\"1\"><b>Za srednje dolge ali predhodno obdelane trepalnice: <\/b>Za oba koraka zadostuje kraj\u0161i \u010das obdelave- od 6 do 12 minut.<\/li>\n<\/ul>\n\t\t\t\t\t\t\t\t<\/div>\n\t\t\t\t<\/div>\n\t\t\t\t<div class=\"elementor-element elementor-element-4ecc518a elementor-widget elementor-widget-toggle\" data-id=\"4ecc518a\" data-element_type=\"widget\" data-widget_type=\"toggle.default\">\n\t\t\t\t<div class=\"elementor-widget-container\">\n\t\t\t\t\t\t\t<div class=\"elementor-toggle\">\n\t\t\t\t\t\t\t<div class=\"elementor-toggle-item\">\n\t\t\t\t\t<div id=\"elementor-tab-title-1321\" class=\"elementor-tab-title\" data-tab=\"1\" role=\"button\" aria-controls=\"elementor-tab-content-1321\" aria-expanded=\"false\">\n\t\t\t\t\t\t\t\t\t\t\t\t<span class=\"elementor-toggle-icon elementor-toggle-icon-left\" aria-hidden=\"true\">\n\t\t\t\t\t\t\t\t\t\t\t\t\t\t\t<span class=\"elementor-toggle-icon-closed\"><svg class=\"e-font-icon-svg e-fas-caret-right\" viewBox=\"0 0 192 512\" xmlns=\"http:\/\/www.w3.org\/2000\/svg\"><path d=\"M0 384.662V127.338c0-17.818 21.543-26.741 34.142-14.142l128.662 128.662c7.81 7.81 7.81 20.474 0 28.284L34.142 398.804C21.543 411.404 0 402.48 0 384.662z\"><\/path><\/svg><\/span>\n\t\t\t\t\t\t\t\t<span class=\"elementor-toggle-icon-opened\"><svg class=\"elementor-toggle-icon-opened e-font-icon-svg e-fas-caret-up\" viewBox=\"0 0 320 512\" xmlns=\"http:\/\/www.w3.org\/2000\/svg\"><path d=\"M288.662 352H31.338c-17.818 0-26.741-21.543-14.142-34.142l128.662-128.662c7.81-7.81 20.474-7.81 28.284 0l128.662 128.662c12.6 12.599 3.676 34.142-14.142 34.142z\"><\/path><\/svg><\/span>\n\t\t\t\t\t\t\t\t\t\t\t\t\t<\/span>\n\t\t\t\t\t\t\t\t\t\t\t\t<a class=\"elementor-toggle-title\" tabindex=\"0\">Korak 1: \u00c9lan Lash Lift- Step 1 Solution<\/a>\n\t\t\t\t\t<\/div>\n\n\t\t\t\t\t<div id=\"elementor-tab-content-1321\" class=\"elementor-tab-content elementor-clearfix\" data-tab=\"1\" role=\"region\" aria-labelledby=\"elementor-tab-title-1321\"><p>Oba izdelka je potrebno me\u0161ati v razmerju 1:1 z Thuya barvami, da zagotovite pravilno aktivacijo barve.  <\/p>\n<p>Pri uporabi Special Solution Dye Liquid kombinirajte velikost grahovega zrna barve s 4-5 kapljicami oksidanta, da dose\u017eete idealno zmes za gladko in enakomerno nana\u0161anje na obrvi in trepalnice. <\/p>\n<\/div>\n\t\t\t\t<\/div>\n\t\t\t\t\t\t\t<div class=\"elementor-toggle-item\">\n\t\t\t\t\t<div id=\"elementor-tab-title-1322\" class=\"elementor-tab-title\" data-tab=\"2\" role=\"button\" aria-controls=\"elementor-tab-content-1322\" aria-expanded=\"false\">\n\t\t\t\t\t\t\t\t\t\t\t\t<span class=\"elementor-toggle-icon elementor-toggle-icon-left\" aria-hidden=\"true\">\n\t\t\t\t\t\t\t\t\t\t\t\t\t\t\t<span class=\"elementor-toggle-icon-closed\"><svg class=\"e-font-icon-svg e-fas-caret-right\" viewBox=\"0 0 192 512\" xmlns=\"http:\/\/www.w3.org\/2000\/svg\"><path d=\"M0 384.662V127.338c0-17.818 21.543-26.741 34.142-14.142l128.662 128.662c7.81 7.81 7.81 20.474 0 28.284L34.142 398.804C21.543 411.404 0 402.48 0 384.662z\"><\/path><\/svg><\/span>\n\t\t\t\t\t\t\t\t<span class=\"elementor-toggle-icon-opened\"><svg class=\"elementor-toggle-icon-opened e-font-icon-svg e-fas-caret-up\" viewBox=\"0 0 320 512\" xmlns=\"http:\/\/www.w3.org\/2000\/svg\"><path d=\"M288.662 352H31.338c-17.818 0-26.741-21.543-14.142-34.142l128.662-128.662c7.81-7.81 20.474-7.81 28.284 0l128.662 128.662c12.6 12.599 3.676 34.142-14.142 34.142z\"><\/path><\/svg><\/span>\n\t\t\t\t\t\t\t\t\t\t\t\t\t<\/span>\n\t\t\t\t\t\t\t\t\t\t\t\t<a class=\"elementor-toggle-title\" tabindex=\"0\">Korak 2: \u00c9lan Lash Lift- Step 2 Solution<\/a>\n\t\t\t\t\t<\/div>\n\n\t\t\t\t\t<div id=\"elementor-tab-content-1322\" class=\"elementor-tab-content elementor-clearfix\" data-tab=\"2\" role=\"region\" aria-labelledby=\"elementor-tab-title-1322\"><p>Po ustvarjanju za\u010detnega loka ta serumb utrdi obliko loka in globinsko neguje trepalnice. Formula vzpostavi naravni pH trepalnic in zape\u010dati povrhnjico, tako da trepalnice ostanejo gladke in sijo\u010de. Ta korak je klju\u010dnega pomena za ohranjanje elasti\u010dnosti loka in negovanje trepalnic, ki so mehke, sijo\u010de in popolnoma privihane.  <\/p>\n<ul>\n<li aria-level=\"2\">Zagotavlja privihanost trepalnic, ohranja njihovo obliko in elasti\u010dnost<\/li>\n<li aria-level=\"2\">Neguje in meh\u010da trepalnice<\/li>\n<li aria-level=\"2\">\u0160\u010diti trepalnice pred pretirano obdelavo in morebitnimi po\u0161kodbami zaradi bazi\u010dnih sredstev<\/li>\n<\/ul>\n<\/div>\n\t\t\t\t<\/div>\n\t\t\t\t\t\t\t<div class=\"elementor-toggle-item\">\n\t\t\t\t\t<div id=\"elementor-tab-title-1323\" class=\"elementor-tab-title\" data-tab=\"3\" role=\"button\" aria-controls=\"elementor-tab-content-1323\" aria-expanded=\"false\">\n\t\t\t\t\t\t\t\t\t\t\t\t<span class=\"elementor-toggle-icon elementor-toggle-icon-left\" aria-hidden=\"true\">\n\t\t\t\t\t\t\t\t\t\t\t\t\t\t\t<span class=\"elementor-toggle-icon-closed\"><svg class=\"e-font-icon-svg e-fas-caret-right\" viewBox=\"0 0 192 512\" xmlns=\"http:\/\/www.w3.org\/2000\/svg\"><path d=\"M0 384.662V127.338c0-17.818 21.543-26.741 34.142-14.142l128.662 128.662c7.81 7.81 7.81 20.474 0 28.284L34.142 398.804C21.543 411.404 0 402.48 0 384.662z\"><\/path><\/svg><\/span>\n\t\t\t\t\t\t\t\t<span class=\"elementor-toggle-icon-opened\"><svg class=\"elementor-toggle-icon-opened e-font-icon-svg e-fas-caret-up\" viewBox=\"0 0 320 512\" xmlns=\"http:\/\/www.w3.org\/2000\/svg\"><path d=\"M288.662 352H31.338c-17.818 0-26.741-21.543-14.142-34.142l128.662-128.662c7.81-7.81 20.474-7.81 28.284 0l128.662 128.662c12.6 12.599 3.676 34.142-14.142 34.142z\"><\/path><\/svg><\/span>\n\t\t\t\t\t\t\t\t\t\t\t\t\t<\/span>\n\t\t\t\t\t\t\t\t\t\t\t\t<a class=\"elementor-toggle-title\" tabindex=\"0\">Korak 3: \u00c9lan Lash Lift- Lash Plex<\/a>\n\t\t\t\t\t<\/div>\n\n\t\t\t\t\t<div id=\"elementor-tab-content-1323\" class=\"elementor-tab-content elementor-clearfix\" data-tab=\"3\" role=\"region\" aria-labelledby=\"elementor-tab-title-1323\"><p>\u00c9lanov Lash Plex zagotavlja vrhunsko nego trepalnic, saj zdru\u017euje AminoPLEX za notranjo mo\u010d in KeraPLEX za zunanjo za\u0161\u010dito. AminoPLEX, bogat z esencialnimi aminokislinami, globinsko pomlajuje vlakna trepalnic ter zagotavlja elasti\u010dnost in vla\u017eenje od znotraj.  <\/p>\n<p>KeraPLEX z me\u0161anico keratina in pantenola ovije trepalnice v za\u0161\u010ditni sloj, pove\u010da debelino in doda sijaj. Ta zunanji sloj je bistvenega pomena za ohranjanje privihanosti in prepre\u010devanje po\u0161kodb po dvigu trepalnic. <\/p>\n<ul>\n<li aria-level=\"1\">AminoPLEX krepi od znotraj- za \u010dvrste in navla\u017eene trepalnice<\/li>\n<li aria-level=\"1\">KeraPLEX doda za\u0161\u010ditni sloj na vsako trepalnico<\/li>\n<li aria-level=\"1\">Poskrbi, da trepalnice ostanejo zdrave, privihane in sijo\u010de<\/li>\n<\/ul>\n<\/div>\n\t\t\t\t<\/div>\n\t\t\t\t\t\t\t\t<\/div>\n\t\t\t\t\t\t<\/div>\n\t\t\t\t<\/div>\n\t\t\t\t<\/div>\n\t\t<div class=\"elementor-element elementor-element-299d2ca9 e-con-full e-flex e-con e-child\" data-id=\"299d2ca9\" data-element_type=\"container\">\n\t\t\t\t<div class=\"elementor-element elementor-element-595bb184 elementor-widget elementor-widget-image\" data-id=\"595bb184\" data-element_type=\"widget\" data-widget_type=\"image.default\">\n\t\t\t\t<div class=\"elementor-widget-container\">\n\t\t\t\t\t\t\t\t\t\t\t\t\t\t\t<img decoding=\"async\" width=\"2000\" height=\"2000\" src=\"https:\/\/browsomepro.com\/wp-content\/uploads\/2024\/04\/elan-textures-browsome2.webp\" class=\"attachment-full size-full wp-image-13208\" alt=\"\" srcset=\"https:\/\/browsomepro.com\/wp-content\/uploads\/2024\/04\/elan-textures-browsome2.webp 2000w, https:\/\/browsomepro.com\/wp-content\/uploads\/2024\/04\/elan-textures-browsome2-300x300.webp 300w, https:\/\/browsomepro.com\/wp-content\/uploads\/2024\/04\/elan-textures-browsome2-1024x1024.webp 1024w, https:\/\/browsomepro.com\/wp-content\/uploads\/2024\/04\/elan-textures-browsome2-150x150.webp 150w, https:\/\/browsomepro.com\/wp-content\/uploads\/2024\/04\/elan-textures-browsome2-768x768.webp 768w, https:\/\/browsomepro.com\/wp-content\/uploads\/2024\/04\/elan-textures-browsome2-1536x1536.webp 1536w, https:\/\/browsomepro.com\/wp-content\/uploads\/2024\/04\/elan-textures-browsome2-990x990.webp 990w, https:\/\/browsomepro.com\/wp-content\/uploads\/2024\/04\/elan-textures-browsome2-441x441.webp 441w, https:\/\/browsomepro.com\/wp-content\/uploads\/2024\/04\/elan-textures-browsome2-100x100.webp 100w, https:\/\/browsomepro.com\/wp-content\/uploads\/2024\/04\/elan-textures-browsome2-800x800.webp 800w\" sizes=\"(max-width: 360px) 147px, (max-width: 2000px) 100vw, 2000px\" \/>\t\t\t\t\t\t\t\t\t\t\t\t\t\t\t<\/div>\n\t\t\t\t<\/div>\n\t\t\t\t<\/div>\n\t\t\t\t\t<\/div>\n\t\t\t\t<\/div>\n\t\t\t\t<\/div>\n\t\t","protected":false},"excerpt":{"rendered":"<p>INOVATIVNI PROFESIONALNI SISTEM ZA VIHANJE TREPALNIC \u201cLASH CURLup\u201d Korak 1 je serum, ki se uporablja za PRVI del postopka za dvig trepalnic. Izdelek zmeh\u010da povrhnjico trepalnice, s tem pa dvigne luske povrhnjice in olaj\u0161a prodiranje aktivnih sestavin v trepalnice. pH raztopine je 9,0-9,5. Kako deluje 1. korak: amonijev tioglikolat, ki je ena od sestavin, odpre povrhnjico in olaj\u0161a prodiranje aktivnih sestavin v trepalnice. Vpliva na disulfidne vezi in jih preoblikuje, dla\u010dice trepalnic postavi na mesto in pomaga oblikovati potreben lok trepalnic (po obliki silikonske blazinice); serum je ekonomi\u010den in enostaven za uporabo ter ima mehko teksturo zaradi posebnih sestavin. Negovalni kompleks na osnovi vla\u017eilnih sestavin &#8211; keratina in kolagena &#8211; med postopkom vihanja \u0161\u010diti beljakovinske strukture dla\u010dic trepalnic, ohranja potrebno vlago, \u0161\u010diti trepalnice pred izsu\u0161itvijo in po\u0161kodbami, jih zgosti ter trepalnicam zagotavlja gostoto in volumen.     [cg_accordion title=\"Sestavine\"]AQUA, THIOGLYCOLIC ACID, CETEARYL ALCOHOL, AMMONIUM HYDROXIDE, PROPYLENE GLYCOL, ETHANOLAMINE, PARAFFINUM LIQUIDUM, ETHYLHEXYL STEARATE, SODIUM ERYTHORBATE, HYDROLYZED KERATIN, ETHYLHEXYLGLYCERIN, PHENOXYETHANOL, CETEARETH-20, HYDROLYZED COLLAGEN, TETRASODIUM EDTA, POLYQUATERNIUM-22, PARFUM, CITRIC ACID, CETRIMONIUM CHLORIDE, LIMONENE, LINALOOL. [\/cg_accordion] Koli\u010dina: 10 ml Proizvedeno v: <span style=\"font-weight: 400;\">TUR\u010cIJA<\/span><br \/>Rok uporabe po odprtju: 2 meseca <\/p>\n","protected":false},"featured_media":13161,"template":"","meta":{"_acf_changed":false,"_monsterinsights_skip_tracking":false,"_monsterinsights_sitenote_active":false,"_monsterinsights_sitenote_note":"","_monsterinsights_sitenote_category":0},"product_brand":[],"product_cat":[239,238,267,234,229],"product_tag":[],"class_list":{"0":"post-14615","1":"product","2":"type-product","3":"status-publish","4":"has-post-thumbnail","6":"product_cat-elan-sl","7":"product_cat-nakup-po-znamki","8":"product_cat-vihanje-trepalnic-sl-2","9":"product_cat-serumi-za-vihanje-trepalnic","10":"product_cat-trepalnice","12":"first","13":"instock","14":"taxable","15":"shipping-taxable","16":"purchasable","17":"product-type-simple"},"acf":[],"aioseo_notices":[],"_links":{"self":[{"href":"https:\/\/browsomepro.com\/sl\/wp-json\/wp\/v2\/product\/14615","targetHints":{"allow":["GET"]}}],"collection":[{"href":"https:\/\/browsomepro.com\/sl\/wp-json\/wp\/v2\/product"}],"about":[{"href":"https:\/\/browsomepro.com\/sl\/wp-json\/wp\/v2\/types\/product"}],"version-history":[{"count":1,"href":"https:\/\/browsomepro.com\/sl\/wp-json\/wp\/v2\/product\/14615\/revisions"}],"predecessor-version":[{"id":14616,"href":"https:\/\/browsomepro.com\/sl\/wp-json\/wp\/v2\/product\/14615\/revisions\/14616"}],"wp:featuredmedia":[{"embeddable":true,"href":"https:\/\/browsomepro.com\/sl\/wp-json\/wp\/v2\/media\/13161"}],"wp:attachment":[{"href":"https:\/\/browsomepro.com\/sl\/wp-json\/wp\/v2\/media?parent=14615"}],"wp:term":[{"taxonomy":"product_brand","embeddable":true,"href":"https:\/\/browsomepro.com\/sl\/wp-json\/wp\/v2\/product_brand?post=14615"},{"taxonomy":"product_cat","embeddable":true,"href":"https:\/\/browsomepro.com\/sl\/wp-json\/wp\/v2\/product_cat?post=14615"},{"taxonomy":"product_tag","embeddable":true,"href":"https:\/\/browsomepro.com\/sl\/wp-json\/wp\/v2\/product_tag?post=14615"}],"curies":[{"name":"wp","href":"https:\/\/api.w.org\/{rel}","templated":true}]}}