{"id":14597,"date":"2024-04-05T12:03:09","date_gmt":"2024-04-05T11:03:09","guid":{"rendered":"https:\/\/browsomepro.com\/product\/elan-2-in-1-colour-brow-mask-13-chestnut\/"},"modified":"2026-02-02T14:26:57","modified_gmt":"2026-02-02T13:26:57","slug":"elan-2-in-1-colour-brow-mask-13-chestnut","status":"publish","type":"product","link":"https:\/\/browsomepro.com\/sl\/izdelek\/elan-2-in-1-colour-brow-mask-13-chestnut\/","title":{"rendered":"\u00c9lan &#8211; 2-In-1 Colour Brow Mask &#8211; 13 Chestnut"},"content":{"rendered":"\t\t<div data-elementor-type=\"product-post\" data-elementor-id=\"14597\" class=\"elementor elementor-14597 elementor-8332\" data-elementor-post-type=\"product\">\n\t\t\t\t<div class=\"elementor-element elementor-element-215837b1 e-flex e-con-boxed e-con e-parent\" data-id=\"215837b1\" data-element_type=\"container\">\n\t\t\t\t\t<div class=\"e-con-inner\">\n\t\t<div class=\"elementor-element elementor-element-7f24ea0a e-con-full e-flex e-con e-child\" data-id=\"7f24ea0a\" data-element_type=\"container\">\n\t\t\t\t<div class=\"elementor-element elementor-element-114e049f elementor-widget elementor-widget-image\" data-id=\"114e049f\" data-element_type=\"widget\" data-widget_type=\"image.default\">\n\t\t\t\t<div class=\"elementor-widget-container\">\n\t\t\t\t\t\t\t\t\t\t\t\t\t\t\t<img fetchpriority=\"high\" decoding=\"async\" width=\"2000\" height=\"2000\" src=\"https:\/\/browsomepro.com\/wp-content\/uploads\/2024\/04\/ELAN-COLOR-BROW-MASK-BROWSOME.webp\" class=\"attachment-full size-full wp-image-13263\" alt=\"\" srcset=\"https:\/\/browsomepro.com\/wp-content\/uploads\/2024\/04\/ELAN-COLOR-BROW-MASK-BROWSOME.webp 2000w, https:\/\/browsomepro.com\/wp-content\/uploads\/2024\/04\/ELAN-COLOR-BROW-MASK-BROWSOME-300x300.webp 300w, https:\/\/browsomepro.com\/wp-content\/uploads\/2024\/04\/ELAN-COLOR-BROW-MASK-BROWSOME-1024x1024.webp 1024w, https:\/\/browsomepro.com\/wp-content\/uploads\/2024\/04\/ELAN-COLOR-BROW-MASK-BROWSOME-150x150.webp 150w, https:\/\/browsomepro.com\/wp-content\/uploads\/2024\/04\/ELAN-COLOR-BROW-MASK-BROWSOME-768x768.webp 768w, https:\/\/browsomepro.com\/wp-content\/uploads\/2024\/04\/ELAN-COLOR-BROW-MASK-BROWSOME-1536x1536.webp 1536w, https:\/\/browsomepro.com\/wp-content\/uploads\/2024\/04\/ELAN-COLOR-BROW-MASK-BROWSOME-990x990.webp 990w, https:\/\/browsomepro.com\/wp-content\/uploads\/2024\/04\/ELAN-COLOR-BROW-MASK-BROWSOME-441x441.webp 441w, https:\/\/browsomepro.com\/wp-content\/uploads\/2024\/04\/ELAN-COLOR-BROW-MASK-BROWSOME-100x100.webp 100w, https:\/\/browsomepro.com\/wp-content\/uploads\/2024\/04\/ELAN-COLOR-BROW-MASK-BROWSOME-800x800.webp 800w\" sizes=\"(max-width: 360px) 147px, (max-width: 2000px) 100vw, 2000px\" \/>\t\t\t\t\t\t\t\t\t\t\t\t\t\t\t<\/div>\n\t\t\t\t<\/div>\n\t\t\t\t<\/div>\n\t\t<div class=\"elementor-element elementor-element-1e192f7f e-con-full e-flex e-con e-child\" data-id=\"1e192f7f\" data-element_type=\"container\" data-settings=\"{&quot;background_background&quot;:&quot;classic&quot;}\">\n\t\t\t\t<div class=\"elementor-element elementor-element-2c12f897 elementor-widget elementor-widget-heading\" data-id=\"2c12f897\" data-element_type=\"widget\" data-widget_type=\"heading.default\">\n\t\t\t\t<div class=\"elementor-widget-container\">\n\t\t\t\t\t<h2 class=\"elementor-heading-title elementor-size-default\">Negujte in obarvajte obrvi<\/h2>\t\t\t\t<\/div>\n\t\t\t\t<\/div>\n\t\t\t\t<div class=\"elementor-element elementor-element-35e72ba7 elementor-widget elementor-widget-text-editor\" data-id=\"35e72ba7\" data-element_type=\"widget\" data-widget_type=\"text-editor.default\">\n\t\t\t\t<div class=\"elementor-widget-container\">\n\t\t\t\t\t\t\t\t\t<p>Maska za obrvi \u00c9lan Colour Brow Mask na novo definira na\u010din nege obrvi, saj v enem inovativnem izdelku zdru\u017euje nego in barvanje. Zasnovana je tako, da ne obarvale dla\u010dic obrvi, temve\u010d tudi ko\u017eo okoli njih do 4 dni. Masko odlikujejo globoka nega, obnovitvene lastnosti in sposobnost krepitve debeline dla\u010dic obrvi.   <\/p>\n<p>Maska vsebuje FiberHanceTM, patentiran kompleks, ki deluje od znotraj navzven in krepi dlake, da postanejo bolj obvladljive in pro\u017ene. <\/p>\n<p>Za doseganje najbolj\u0161ih mo\u017enih rezultatov z masko za obrvi \u00c9lan Colour Brow Mask priporo\u010damo tudi uporabo naslednjih izdelkov:<\/p>\n<p>-\u00c9lan Cleansing Detox Mousse <br \/>-\u00c9lan Colour Fix<br \/>-\u00c9lan Brow Elixir<\/p>\n\t\t\t\t\t\t\t\t<\/div>\n\t\t\t\t<\/div>\n\t\t\t\t<div class=\"elementor-element elementor-element-7d0db6b4 elementor-widget elementor-widget-toggle\" data-id=\"7d0db6b4\" data-element_type=\"widget\" data-widget_type=\"toggle.default\">\n\t\t\t\t<div class=\"elementor-widget-container\">\n\t\t\t\t\t\t\t<div class=\"elementor-toggle\">\n\t\t\t\t\t\t\t<div class=\"elementor-toggle-item\">\n\t\t\t\t\t<div id=\"elementor-tab-title-2091\" class=\"elementor-tab-title\" data-tab=\"1\" role=\"button\" aria-controls=\"elementor-tab-content-2091\" aria-expanded=\"false\">\n\t\t\t\t\t\t\t\t\t\t\t\t<span class=\"elementor-toggle-icon elementor-toggle-icon-left\" aria-hidden=\"true\">\n\t\t\t\t\t\t\t\t\t\t\t\t\t\t\t<span class=\"elementor-toggle-icon-closed\"><svg class=\"e-font-icon-svg e-fas-caret-right\" viewBox=\"0 0 192 512\" xmlns=\"http:\/\/www.w3.org\/2000\/svg\"><path d=\"M0 384.662V127.338c0-17.818 21.543-26.741 34.142-14.142l128.662 128.662c7.81 7.81 7.81 20.474 0 28.284L34.142 398.804C21.543 411.404 0 402.48 0 384.662z\"><\/path><\/svg><\/span>\n\t\t\t\t\t\t\t\t<span class=\"elementor-toggle-icon-opened\"><svg class=\"elementor-toggle-icon-opened e-font-icon-svg e-fas-caret-up\" viewBox=\"0 0 320 512\" xmlns=\"http:\/\/www.w3.org\/2000\/svg\"><path d=\"M288.662 352H31.338c-17.818 0-26.741-21.543-14.142-34.142l128.662-128.662c7.81-7.81 20.474-7.81 28.284 0l128.662 128.662c12.6 12.599 3.676 34.142-14.142 34.142z\"><\/path><\/svg><\/span>\n\t\t\t\t\t\t\t\t\t\t\t\t\t<\/span>\n\t\t\t\t\t\t\t\t\t\t\t\t<a class=\"elementor-toggle-title\" tabindex=\"0\">Navodila za uporabo<\/a>\n\t\t\t\t\t<\/div>\n\n\t\t\t\t\t<div id=\"elementor-tab-content-2091\" class=\"elementor-tab-content elementor-clearfix\" data-tab=\"1\" role=\"region\" aria-labelledby=\"elementor-tab-title-2091\"><p>\u00c9lan Colour maska za obrvi je na voljo v treh unikatnih odtenkih: 11 AMETHYST, 12 COCOA in 13 CHESTNUT. Ne glede na to, ali \u017eelite prilagoditi odtenek po beljenju, poglobiti svojo naravno barvo ali le na hitro popraviti obrvi, je tu popoln odtenek za vas. Z me\u0161anjem in kombiniranjem ustvarite idealno barvo, da bodo va\u0161e obrvi vedno videti najbolj\u0161e.  <\/p>\n<p><strong>Navodila za uporabo:<\/strong><\/p>\n<p>Korak 1 &#8211; Obmo\u010dje obrvi o\u010distite z \u00c9lan Cleansing Detox Mousse.<br \/>Korak 2 &#8211; S \u010dopi\u010dem nanesite majhno koli\u010dino in poskrbite za enakomerno porazdelitev.<br \/>Korak 3 &#8211; Pustite delovati od 5 do 15 minut, odvisno od \u017eelene intenzivnosti.<br \/>Korak 4 &#8211; Odve\u010dno koli\u010dino ne\u017eno odstranite z navla\u017eeno bomba\u017eno blazinico.<\/p>\n<\/div>\n\t\t\t\t<\/div>\n\t\t\t\t\t\t\t\t<\/div>\n\t\t\t\t\t\t<\/div>\n\t\t\t\t<\/div>\n\t\t\t\t<\/div>\n\t\t\t\t\t<\/div>\n\t\t\t\t<\/div>\n\t\t\t\t<\/div>\n\t\t","protected":false},"excerpt":{"rendered":"<p>Maska za obrvi ima dve glavni funkciji &#8211; nego in toniranje. Neguje in obarva ne le dla\u010dic obrvi, temve\u010d tudi ko\u017eo okoli obrvi. Zaradi svoje posebne sestave &#8220;COLOR BROW MASK&#8221; s tonizirajo\u010dim u\u010dinkom globinsko neguje, obnavlja in zgosti dla\u010dice obrvi. Maska vsebuje edinstven patentiran kompleks FiberHanceTM, ki dla\u010dice obnovi od znotraj, jih okrepi in jih naredi bolj vodljive. [cg_accordion title=\"Sestavine\"]AQUA, PROPYLENE GLYCOL, CETEARYL ALCOHOL, DISTEAROYLETHYL HYDROXYETHYLMONIUM METHOSULFATE, ETHYLHEXYL STEARATE, ETHOXYDIGLYCOL, GLYCERYL STEARATE, PEG-100 STEARATE, CETEARETH-20, N,N&#8217;-BIS(2-HYDROXYETHYL)-2-NITRO-P-PHENYLENEDIAMINE, DISODIUM EDTA, HYDROXYPROPYLGLUCONAMIDE, HYDROXYPROPYLAMMONIUM GLUCONATE, CYCLOPENTASILOXANE, DIMETHICONOL, ACID VIOLET 43, BASIC BLUE 99, HC ORANGE NO.1, PARFUM, ETHANOLAMINE, CETRIMONIUM CHLORIDE, BENZYL ALCOHOL, METHYLCHLOROISOTHIAZOLINONE, METHYLISOTHIAZOLINONE. [\/cg_accordion] Koli\u010dina: 25 ml Proizvedeno v: <span style=\"font-weight: 400;\">Ukrajina<\/span><br \/>Rok trajanja po odprtju: 3 mesece   <\/p>\n","protected":false},"featured_media":13178,"template":"","meta":{"_acf_changed":false,"_monsterinsights_skip_tracking":false,"_monsterinsights_sitenote_active":false,"_monsterinsights_sitenote_note":"","_monsterinsights_sitenote_category":0},"product_brand":[],"product_cat":[239,238,266,211,209],"product_tag":[],"class_list":{"0":"post-14597","1":"product","2":"type-product","3":"status-publish","4":"has-post-thumbnail","6":"product_cat-elan-sl","7":"product_cat-nakup-po-znamki","8":"product_cat-nega-po-tretmaju-in-priprava-koze-sl","9":"product_cat-after-care-in-priprava-koze","10":"product_cat-obrvi","12":"first","13":"instock","14":"taxable","15":"shipping-taxable","16":"purchasable","17":"product-type-simple"},"acf":[],"aioseo_notices":[],"_links":{"self":[{"href":"https:\/\/browsomepro.com\/sl\/wp-json\/wp\/v2\/product\/14597","targetHints":{"allow":["GET"]}}],"collection":[{"href":"https:\/\/browsomepro.com\/sl\/wp-json\/wp\/v2\/product"}],"about":[{"href":"https:\/\/browsomepro.com\/sl\/wp-json\/wp\/v2\/types\/product"}],"version-history":[{"count":1,"href":"https:\/\/browsomepro.com\/sl\/wp-json\/wp\/v2\/product\/14597\/revisions"}],"predecessor-version":[{"id":14598,"href":"https:\/\/browsomepro.com\/sl\/wp-json\/wp\/v2\/product\/14597\/revisions\/14598"}],"wp:featuredmedia":[{"embeddable":true,"href":"https:\/\/browsomepro.com\/sl\/wp-json\/wp\/v2\/media\/13178"}],"wp:attachment":[{"href":"https:\/\/browsomepro.com\/sl\/wp-json\/wp\/v2\/media?parent=14597"}],"wp:term":[{"taxonomy":"product_brand","embeddable":true,"href":"https:\/\/browsomepro.com\/sl\/wp-json\/wp\/v2\/product_brand?post=14597"},{"taxonomy":"product_cat","embeddable":true,"href":"https:\/\/browsomepro.com\/sl\/wp-json\/wp\/v2\/product_cat?post=14597"},{"taxonomy":"product_tag","embeddable":true,"href":"https:\/\/browsomepro.com\/sl\/wp-json\/wp\/v2\/product_tag?post=14597"}],"curies":[{"name":"wp","href":"https:\/\/api.w.org\/{rel}","templated":true}]}}