{"id":14589,"date":"2024-04-09T06:08:43","date_gmt":"2024-04-09T05:08:43","guid":{"rendered":"https:\/\/browsomepro.com\/product\/elan-brow-book-digitalna-verzija-anglescina\/"},"modified":"2025-07-07T00:48:35","modified_gmt":"2025-07-06T23:48:35","slug":"elan-brow-book-digitalna-verzija-anglescina","status":"publish","type":"product","link":"https:\/\/browsomepro.com\/sl\/izdelek\/elan-brow-book-digitalna-verzija-anglescina\/","title":{"rendered":"\u00c9lan &#8211; Brow Book &#8211; Digitalna verzija (Angle\u0161\u010dina)"},"content":{"rendered":"\t\t<div data-elementor-type=\"product-post\" data-elementor-id=\"14589\" class=\"elementor elementor-14589 elementor-8447\" data-elementor-post-type=\"product\">\n\t\t\t\t<div class=\"elementor-element elementor-element-3699557b e-flex e-con-boxed e-con e-parent\" data-id=\"3699557b\" data-element_type=\"container\">\n\t\t\t\t\t<div class=\"e-con-inner\">\n\t\t<div class=\"elementor-element elementor-element-5b9a1e36 e-con-full e-flex e-con e-child\" data-id=\"5b9a1e36\" data-element_type=\"container\">\n\t\t\t\t<div class=\"elementor-element elementor-element-5b9c3286 elementor-widget elementor-widget-image\" data-id=\"5b9c3286\" data-element_type=\"widget\" data-widget_type=\"image.default\">\n\t\t\t\t<div class=\"elementor-widget-container\">\n\t\t\t\t\t\t\t\t\t\t\t\t\t\t\t<img fetchpriority=\"high\" decoding=\"async\" width=\"2000\" height=\"2000\" src=\"https:\/\/browsomepro.com\/wp-content\/uploads\/2024\/04\/BROWSOME_ELAN-BROW-BOOK1.webp\" class=\"attachment-full size-full wp-image-13281\" alt=\"\" srcset=\"https:\/\/browsomepro.com\/wp-content\/uploads\/2024\/04\/BROWSOME_ELAN-BROW-BOOK1.webp 2000w, https:\/\/browsomepro.com\/wp-content\/uploads\/2024\/04\/BROWSOME_ELAN-BROW-BOOK1-300x300.webp 300w, https:\/\/browsomepro.com\/wp-content\/uploads\/2024\/04\/BROWSOME_ELAN-BROW-BOOK1-1024x1024.webp 1024w, https:\/\/browsomepro.com\/wp-content\/uploads\/2024\/04\/BROWSOME_ELAN-BROW-BOOK1-150x150.webp 150w, https:\/\/browsomepro.com\/wp-content\/uploads\/2024\/04\/BROWSOME_ELAN-BROW-BOOK1-768x768.webp 768w, https:\/\/browsomepro.com\/wp-content\/uploads\/2024\/04\/BROWSOME_ELAN-BROW-BOOK1-1536x1536.webp 1536w, https:\/\/browsomepro.com\/wp-content\/uploads\/2024\/04\/BROWSOME_ELAN-BROW-BOOK1-990x990.webp 990w, https:\/\/browsomepro.com\/wp-content\/uploads\/2024\/04\/BROWSOME_ELAN-BROW-BOOK1-441x441.webp 441w, https:\/\/browsomepro.com\/wp-content\/uploads\/2024\/04\/BROWSOME_ELAN-BROW-BOOK1-100x100.webp 100w, https:\/\/browsomepro.com\/wp-content\/uploads\/2024\/04\/BROWSOME_ELAN-BROW-BOOK1-800x800.webp 800w\" sizes=\"(max-width: 360px) 147px, (max-width: 2000px) 100vw, 2000px\" \/>\t\t\t\t\t\t\t\t\t\t\t\t\t\t\t<\/div>\n\t\t\t\t<\/div>\n\t\t\t\t<\/div>\n\t\t<div class=\"elementor-element elementor-element-5d4762c9 e-con-full e-flex e-con e-child\" data-id=\"5d4762c9\" data-element_type=\"container\" data-settings=\"{&quot;background_background&quot;:&quot;classic&quot;}\">\n\t\t\t\t<div class=\"elementor-element elementor-element-5f03ce30 elementor-widget elementor-widget-heading\" data-id=\"5f03ce30\" data-element_type=\"widget\" data-widget_type=\"heading.default\">\n\t\t\t\t<div class=\"elementor-widget-container\">\n\t\t\t\t\t<h2 class=\"elementor-heading-title elementor-size-default\">Obvladajte umetnost oblikovanja obrvi<\/h2>\t\t\t\t<\/div>\n\t\t\t\t<\/div>\n\t\t\t\t<div class=\"elementor-element elementor-element-5861bd15 elementor-widget elementor-widget-text-editor\" data-id=\"5861bd15\" data-element_type=\"widget\" data-widget_type=\"text-editor.default\">\n\t\t\t\t<div class=\"elementor-widget-container\">\n\t\t\t\t\t\t\t\t\t<p>Knjiga \u00c9lan Brow Book, ki jo je ustvarila ekipa profesionalnih oblikovalcev obrvi, je va\u0161 popoln priro\u010dnik za doseganje popolnih obrvi.<\/p>\n<p>Ta obse\u017een priro\u010dnik vsebuje jasna navodila po korakih in dragocena znanja, s katerimi je obvladovanje zahtevnih tehnik oblikovanja obrvi dosegljivo vsakomur. Ne glede na to, ali \u0161ele vstopate v lepotno industrijo ali \u017eelite nadgraditi svoje znanje, je ta knjiga zasnovana tako, da bo pove\u010dala va\u0161o samozavest in kompetence pri ustvarjanju brezhibnih obrvi. <\/p>\n<ul>\n<li aria-level=\"1\"><b>Prakti\u010dna navodila: <\/b>Z lahkoto sledite smernicam, ki krepijo va\u0161e razumevanje in spretnosti ter vam omogo\u010dajo izpopolnitev oblikovanja in barvanja obrvi za razli\u010dne tipe obraza.<\/li>\n<li aria-level=\"1\"><b>Nasveti in triki profesionalcev:<\/b> Pridobite zaupne nasvete o vsem -od osnovnega oblikovanja do naprednih korekcijskih tehnik, in poskrbite, da bo va\u0161e delo izstopalo.<\/li>\n<li aria-level=\"1\"><b>Kon\u010dni rezultati:<\/b> Nau\u010deno lahko samozavestno uporabite. Ta knjiga vas bo nau\u010dila, kako prilagoditi pristop posamezni stranki. <\/li>\n<\/ul>\n\t\t\t\t\t\t\t\t<\/div>\n\t\t\t\t<\/div>\n\t\t\t\t<\/div>\n\t\t\t\t\t<\/div>\n\t\t\t\t<\/div>\n\t\t\t\t<\/div>\n\t\t","protected":false},"excerpt":{"rendered":"<p>&#8220;ELAN BROW BOOK&#8221; je klju\u010d do popolnih obrvi, novih spoznanj o posebnostih barvanja in podrobnega opisa vsakega posameznega postopka. Knjiga je namenjena artistom, ki se \u017eelijo nau\u010diti novih tehnik, in \u017eelijo izbolj\u0161ati svoje rezultate. <\/p>\n","protected":false},"featured_media":13280,"template":"","meta":{"_acf_changed":false,"_monsterinsights_skip_tracking":false,"_monsterinsights_sitenote_active":false,"_monsterinsights_sitenote_note":"","_monsterinsights_sitenote_category":0},"product_brand":[],"product_cat":[239,238,307,210,209],"product_tag":[],"class_list":{"0":"post-14589","1":"product","2":"type-product","3":"status-publish","4":"has-post-thumbnail","6":"product_cat-elan-sl","7":"product_cat-nakup-po-znamki","8":"product_cat-pripomocki-sl-3","9":"product_cat-dodatki","10":"product_cat-obrvi","12":"first","13":"instock","14":"virtual","15":"taxable","16":"purchasable","17":"product-type-simple"},"acf":[],"aioseo_notices":[],"_links":{"self":[{"href":"https:\/\/browsomepro.com\/sl\/wp-json\/wp\/v2\/product\/14589","targetHints":{"allow":["GET"]}}],"collection":[{"href":"https:\/\/browsomepro.com\/sl\/wp-json\/wp\/v2\/product"}],"about":[{"href":"https:\/\/browsomepro.com\/sl\/wp-json\/wp\/v2\/types\/product"}],"version-history":[{"count":1,"href":"https:\/\/browsomepro.com\/sl\/wp-json\/wp\/v2\/product\/14589\/revisions"}],"predecessor-version":[{"id":14590,"href":"https:\/\/browsomepro.com\/sl\/wp-json\/wp\/v2\/product\/14589\/revisions\/14590"}],"wp:featuredmedia":[{"embeddable":true,"href":"https:\/\/browsomepro.com\/sl\/wp-json\/wp\/v2\/media\/13280"}],"wp:attachment":[{"href":"https:\/\/browsomepro.com\/sl\/wp-json\/wp\/v2\/media?parent=14589"}],"wp:term":[{"taxonomy":"product_brand","embeddable":true,"href":"https:\/\/browsomepro.com\/sl\/wp-json\/wp\/v2\/product_brand?post=14589"},{"taxonomy":"product_cat","embeddable":true,"href":"https:\/\/browsomepro.com\/sl\/wp-json\/wp\/v2\/product_cat?post=14589"},{"taxonomy":"product_tag","embeddable":true,"href":"https:\/\/browsomepro.com\/sl\/wp-json\/wp\/v2\/product_tag?post=14589"}],"curies":[{"name":"wp","href":"https:\/\/api.w.org\/{rel}","templated":true}]}}