{"id":14587,"date":"2024-04-09T06:16:39","date_gmt":"2024-04-09T05:16:39","guid":{"rendered":"https:\/\/browsomepro.com\/product\/elan-eyebrow-tint-removing-expert-system-brow-d-color-emulsion-1\/"},"modified":"2024-08-07T17:35:23","modified_gmt":"2024-08-07T17:35:23","slug":"elan-eyebrow-tint-removing-expert-system-brow-d-color-emulsion-1","status":"publish","type":"product","link":"https:\/\/browsomepro.com\/sl\/izdelek\/elan-eyebrow-tint-removing-expert-system-brow-d-color-emulsion-1\/","title":{"rendered":"\u00c9lan &#8211; Eyebrow Tint Removing Expert System \u201cBrow D-Color\u201d Emulsion 1"},"content":{"rendered":"\t\t<div data-elementor-type=\"product-post\" data-elementor-id=\"14587\" class=\"elementor elementor-14587 elementor-8456\" data-elementor-post-type=\"product\">\n\t\t\t\t<div class=\"elementor-element elementor-element-3699557b e-flex e-con-boxed e-con e-parent\" data-id=\"3699557b\" data-element_type=\"container\">\n\t\t\t\t\t<div class=\"e-con-inner\">\n\t\t<div class=\"elementor-element elementor-element-5b9a1e36 e-con-full e-flex e-con e-child\" data-id=\"5b9a1e36\" data-element_type=\"container\">\n\t\t\t\t<div class=\"elementor-element elementor-element-5b9c3286 elementor-widget elementor-widget-image\" data-id=\"5b9c3286\" data-element_type=\"widget\" data-widget_type=\"image.default\">\n\t\t\t\t<div class=\"elementor-widget-container\">\n\t\t\t\t\t\t\t\t\t\t\t\t\t\t\t<img fetchpriority=\"high\" decoding=\"async\" width=\"900\" height=\"900\" src=\"https:\/\/browsomepro.com\/wp-content\/uploads\/2024\/04\/Elan-Eyebrow-Tint-Removing-Expert-System-Brow-D-Color-Emulsion-2-1.jpeg\" class=\"attachment-full size-full wp-image-13190\" alt=\"\" srcset=\"https:\/\/browsomepro.com\/wp-content\/uploads\/2024\/04\/Elan-Eyebrow-Tint-Removing-Expert-System-Brow-D-Color-Emulsion-2-1.jpeg 900w, https:\/\/browsomepro.com\/wp-content\/uploads\/2024\/04\/Elan-Eyebrow-Tint-Removing-Expert-System-Brow-D-Color-Emulsion-2-1-300x300.jpeg 300w, https:\/\/browsomepro.com\/wp-content\/uploads\/2024\/04\/Elan-Eyebrow-Tint-Removing-Expert-System-Brow-D-Color-Emulsion-2-1-150x150.jpeg 150w, https:\/\/browsomepro.com\/wp-content\/uploads\/2024\/04\/Elan-Eyebrow-Tint-Removing-Expert-System-Brow-D-Color-Emulsion-2-1-768x768.jpeg 768w, https:\/\/browsomepro.com\/wp-content\/uploads\/2024\/04\/Elan-Eyebrow-Tint-Removing-Expert-System-Brow-D-Color-Emulsion-2-1-441x441.jpeg 441w, https:\/\/browsomepro.com\/wp-content\/uploads\/2024\/04\/Elan-Eyebrow-Tint-Removing-Expert-System-Brow-D-Color-Emulsion-2-1-100x100.jpeg 100w, https:\/\/browsomepro.com\/wp-content\/uploads\/2024\/04\/Elan-Eyebrow-Tint-Removing-Expert-System-Brow-D-Color-Emulsion-2-1-800x800.jpeg 800w\" sizes=\"(max-width: 360px) 147px, (max-width: 900px) 100vw, 900px\" \/>\t\t\t\t\t\t\t\t\t\t\t\t\t\t\t<\/div>\n\t\t\t\t<\/div>\n\t\t\t\t<\/div>\n\t\t<div class=\"elementor-element elementor-element-5d4762c9 e-con-full e-flex e-con e-child\" data-id=\"5d4762c9\" data-element_type=\"container\" data-settings=\"{&quot;background_background&quot;:&quot;classic&quot;}\">\n\t\t\t\t<div class=\"elementor-element elementor-element-5f03ce30 elementor-widget elementor-widget-heading\" data-id=\"5f03ce30\" data-element_type=\"widget\" data-widget_type=\"heading.default\">\n\t\t\t\t<div class=\"elementor-widget-container\">\n\t\t\t\t\t<h2 class=\"elementor-heading-title elementor-size-default\">U\u010dinkovita re\u0161itev za odstranjevanje sinteti\u010dnih barv<\/h2>\t\t\t\t<\/div>\n\t\t\t\t<\/div>\n\t\t\t\t<div class=\"elementor-element elementor-element-5861bd15 elementor-widget elementor-widget-text-editor\" data-id=\"5861bd15\" data-element_type=\"widget\" data-widget_type=\"text-editor.default\">\n\t\t\t\t<div class=\"elementor-widget-container\">\n\t\t\t\t\t\t\t\t\t<p><span style=\"font-weight: 400;\">\u00c9lan Brow D-Colour je u\u010dinkovita re\u0161itev za brow artiste, ki se spopadajo z izzivi pretemne obarvanosti obrvi. Z uporabo izdelka \u00c9lan Brow D-Colour lahko dose\u017eete natan\u010dno barvno korekcijo in ohranite nepo\u0161kodovanost naravnih dla\u010dic obrvi va\u0161e stranke. Ne vsebuje amoniaka ali persulfatov, kar zagotavlja ne\u017eno, a u\u010dinkovito metodo odstranjevanja barv iz dla\u010dic.  <\/span><\/p>\n<p><span style=\"font-weight: 400;\">Za doseganje najbolj\u0161ih mo\u017enih rezultatov z sistemom \u00c9lan Brow D-Colour priporo\u010damo tudi uporabo naslednjih izdelkov:<\/span><\/p>\n<p><span style=\"font-weight: 400;\">-\u00c9lan Oxidizing Emulsion<\/span><span style=\"font-weight: 400;\"><br \/><\/span><span style=\"font-weight: 400;\">-\u00c9lan Cleansing Detox Mousse <br \/><\/span><span style=\"font-weight: 400;\">-\u00c9lan Colour Fix<\/span><\/p>\n\t\t\t\t\t\t\t\t<\/div>\n\t\t\t\t<\/div>\n\t\t\t\t<div class=\"elementor-element elementor-element-a2cac15 elementor-widget elementor-widget-toggle\" data-id=\"a2cac15\" data-element_type=\"widget\" data-widget_type=\"toggle.default\">\n\t\t\t\t<div class=\"elementor-widget-container\">\n\t\t\t\t\t\t\t<div class=\"elementor-toggle\">\n\t\t\t\t\t\t\t<div class=\"elementor-toggle-item\">\n\t\t\t\t\t<div id=\"elementor-tab-title-1701\" class=\"elementor-tab-title\" data-tab=\"1\" role=\"button\" aria-controls=\"elementor-tab-content-1701\" aria-expanded=\"false\">\n\t\t\t\t\t\t\t\t\t\t\t\t<span class=\"elementor-toggle-icon elementor-toggle-icon-left\" aria-hidden=\"true\">\n\t\t\t\t\t\t\t\t\t\t\t\t\t\t\t<span class=\"elementor-toggle-icon-closed\"><svg class=\"e-font-icon-svg e-fas-caret-right\" viewBox=\"0 0 192 512\" xmlns=\"http:\/\/www.w3.org\/2000\/svg\"><path d=\"M0 384.662V127.338c0-17.818 21.543-26.741 34.142-14.142l128.662 128.662c7.81 7.81 7.81 20.474 0 28.284L34.142 398.804C21.543 411.404 0 402.48 0 384.662z\"><\/path><\/svg><\/span>\n\t\t\t\t\t\t\t\t<span class=\"elementor-toggle-icon-opened\"><svg class=\"elementor-toggle-icon-opened e-font-icon-svg e-fas-caret-up\" viewBox=\"0 0 320 512\" xmlns=\"http:\/\/www.w3.org\/2000\/svg\"><path d=\"M288.662 352H31.338c-17.818 0-26.741-21.543-14.142-34.142l128.662-128.662c7.81-7.81 20.474-7.81 28.284 0l128.662 128.662c12.6 12.599 3.676 34.142-14.142 34.142z\"><\/path><\/svg><\/span>\n\t\t\t\t\t\t\t\t\t\t\t\t\t<\/span>\n\t\t\t\t\t\t\t\t\t\t\t\t<a class=\"elementor-toggle-title\" tabindex=\"0\">Postopek po korakih<\/a>\n\t\t\t\t\t<\/div>\n\n\t\t\t\t\t<div id=\"elementor-tab-content-1701\" class=\"elementor-tab-content elementor-clearfix\" data-tab=\"1\" role=\"region\" aria-labelledby=\"elementor-tab-title-1701\"><p><b>Korak 1- <\/b><b>\u00c9lan Brow D-Colour<\/b><b> <\/b><\/p>\n<p><span style=\"font-weight: 400;\">Emulzijo 1 in emulzijo 2 zme\u0161ajte v razmerju 1:1 v nekovinski posodi in nanesite s \u010dopi\u010dem. Pustite delovati od 5 do 15 minut, odvisno od stanja dlak obrvi in \u017eelenega odtenka. <\/span><\/p>\n<p><b>Korak 2- <\/b><b>\u00c9lan Cleansing Detox Mousse <\/b><\/p>\n<p><span style=\"font-weight: 400;\">Po kon\u010danem postopku za \u010di\u0161\u010denje nanesite<\/span><span style=\"font-weight: 400;\"> \u00c9lan Cleansing Detox Mousse <\/span><span style=\"font-weight: 400;\">za obrvi in peno odstranite z vatirano blazinico, navla\u017eeno z vodo.<\/span><\/p>\n<p><b>Korak 3- Korekcija odtenka<\/b><\/p>\n<p><span style=\"font-weight: 400;\">Za hladen podton uporabite oksidacijsko emulzijo 3 % iz linije \u00c9LAN professional (3-5 minut). Za topel podton ne uporabljajte oksidacijske emulzije 3 %. <\/span><\/p>\n<p><b>Korak 4- Colour Fix<\/b><\/p>\n<p><span style=\"font-weight: 400;\">Nanesite \u00c9lan Colour Fix, ki dlakam daje pro\u017enost, prepre\u010duje lomljenje in \u0161\u010diti odtenek pred prehitrim bledenjem. Enostaven za nana\u0161anje, \u00c9lan Colour Fix je odli\u010den zaklju\u010dni korak pri vsaki storitvi barvanja, saj zagotavlja, da barva ostane dlje \u010dasa obstojna. <\/span><\/p>\n<\/div>\n\t\t\t\t<\/div>\n\t\t\t\t\t\t\t\t<\/div>\n\t\t\t\t\t\t<\/div>\n\t\t\t\t<\/div>\n\t\t\t\t<\/div>\n\t\t\t\t\t<\/div>\n\t\t\t\t<\/div>\n\t\t\t\t<\/div>\n\t\t","protected":false},"excerpt":{"rendered":"<p>Profesionalni sistem je bil razvit za odstranjevanje temnih umetnih pigmentov, ki so se nabrali v dla\u010dicah obrvi. Ne vpliva na naravni pigment dla\u010dic obrvi. Uporabljajte samo v kombinaciji z emulzijo 1 in emulzijo 2. [cg_accordion title=\"Sestavine\"]AQUA, SODIUM OXYMETHYLENE, SULFOXYLATE, COCAMIDE DEA, CETEARYL ALCOHOL, SODIUM LAURETH SULFATE, UREA, PARFUM, METHYLCHLOROISOTHIAZOLINONE, METHYLISOTHIAZOLINONE, LIMONENE, LINALOOL. [\/cg_accordion] Koli\u010dina: 10 ml Izdelano v: <span style=\"font-weight: 400;\">Tur\u010dija <\/span>Rok uporabe po odprtju: 6 mesecev  <\/p>\n","protected":false},"featured_media":13905,"template":"","meta":{"_acf_changed":false,"_monsterinsights_skip_tracking":false,"_monsterinsights_sitenote_active":false,"_monsterinsights_sitenote_note":"","_monsterinsights_sitenote_category":0},"product_brand":[],"product_cat":[263,239,265,238,214,215,209],"product_tag":[],"class_list":{"0":"post-14587","1":"product","2":"type-product","3":"status-publish","4":"has-post-thumbnail","6":"product_cat-barve-za-obrvi-sl-3","7":"product_cat-elan-sl","8":"product_cat-laminacija-obrvi-sl-3","9":"product_cat-nakup-po-znamki","10":"product_cat-barve-za-obrvi","11":"product_cat-laminacija-obrvi","12":"product_cat-obrvi","14":"first","15":"instock","16":"taxable","17":"shipping-taxable","18":"purchasable","19":"product-type-simple"},"acf":[],"aioseo_notices":[],"_links":{"self":[{"href":"https:\/\/browsomepro.com\/sl\/wp-json\/wp\/v2\/product\/14587","targetHints":{"allow":["GET"]}}],"collection":[{"href":"https:\/\/browsomepro.com\/sl\/wp-json\/wp\/v2\/product"}],"about":[{"href":"https:\/\/browsomepro.com\/sl\/wp-json\/wp\/v2\/types\/product"}],"version-history":[{"count":1,"href":"https:\/\/browsomepro.com\/sl\/wp-json\/wp\/v2\/product\/14587\/revisions"}],"predecessor-version":[{"id":14588,"href":"https:\/\/browsomepro.com\/sl\/wp-json\/wp\/v2\/product\/14587\/revisions\/14588"}],"wp:featuredmedia":[{"embeddable":true,"href":"https:\/\/browsomepro.com\/sl\/wp-json\/wp\/v2\/media\/13905"}],"wp:attachment":[{"href":"https:\/\/browsomepro.com\/sl\/wp-json\/wp\/v2\/media?parent=14587"}],"wp:term":[{"taxonomy":"product_brand","embeddable":true,"href":"https:\/\/browsomepro.com\/sl\/wp-json\/wp\/v2\/product_brand?post=14587"},{"taxonomy":"product_cat","embeddable":true,"href":"https:\/\/browsomepro.com\/sl\/wp-json\/wp\/v2\/product_cat?post=14587"},{"taxonomy":"product_tag","embeddable":true,"href":"https:\/\/browsomepro.com\/sl\/wp-json\/wp\/v2\/product_tag?post=14587"}],"curies":[{"name":"wp","href":"https:\/\/api.w.org\/{rel}","templated":true}]}}