{"id":14583,"date":"2024-04-09T06:30:11","date_gmt":"2024-04-09T05:30:11","guid":{"rendered":"https:\/\/browsomepro.com\/product\/elan-cleansing-detox-mousse\/"},"modified":"2026-03-10T20:23:56","modified_gmt":"2026-03-10T19:23:56","slug":"elan-cleansing-detox-mousse","status":"publish","type":"product","link":"https:\/\/browsomepro.com\/sl\/izdelek\/elan-cleansing-detox-mousse\/","title":{"rendered":"\u00c9lan &#8211; Cleansing Detox &#8211; Mousse"},"content":{"rendered":"\t\t<div data-elementor-type=\"product-post\" data-elementor-id=\"14583\" class=\"elementor elementor-14583 elementor-8472\" data-elementor-post-type=\"product\">\n\t\t\t\t<div class=\"elementor-element elementor-element-3699557b e-flex e-con-boxed e-con e-parent\" data-id=\"3699557b\" data-element_type=\"container\">\n\t\t\t\t\t<div class=\"e-con-inner\">\n\t\t<div class=\"elementor-element elementor-element-5b9a1e36 e-con-full e-flex e-con e-child\" data-id=\"5b9a1e36\" data-element_type=\"container\">\n\t\t\t\t<div class=\"elementor-element elementor-element-5b9c3286 elementor-widget elementor-widget-image\" data-id=\"5b9c3286\" data-element_type=\"widget\" data-widget_type=\"image.default\">\n\t\t\t\t<div class=\"elementor-widget-container\">\n\t\t\t\t\t\t\t\t\t\t\t\t\t\t\t<img fetchpriority=\"high\" decoding=\"async\" width=\"2000\" height=\"2000\" src=\"https:\/\/browsomepro.com\/wp-content\/uploads\/2024\/04\/ELAN-DETOX-MOUSSES-BROWSOME.webp\" class=\"attachment-full size-full wp-image-13260\" alt=\"\" srcset=\"https:\/\/browsomepro.com\/wp-content\/uploads\/2024\/04\/ELAN-DETOX-MOUSSES-BROWSOME.webp 2000w, https:\/\/browsomepro.com\/wp-content\/uploads\/2024\/04\/ELAN-DETOX-MOUSSES-BROWSOME-300x300.webp 300w, https:\/\/browsomepro.com\/wp-content\/uploads\/2024\/04\/ELAN-DETOX-MOUSSES-BROWSOME-1024x1024.webp 1024w, https:\/\/browsomepro.com\/wp-content\/uploads\/2024\/04\/ELAN-DETOX-MOUSSES-BROWSOME-150x150.webp 150w, https:\/\/browsomepro.com\/wp-content\/uploads\/2024\/04\/ELAN-DETOX-MOUSSES-BROWSOME-768x768.webp 768w, https:\/\/browsomepro.com\/wp-content\/uploads\/2024\/04\/ELAN-DETOX-MOUSSES-BROWSOME-1536x1536.webp 1536w, https:\/\/browsomepro.com\/wp-content\/uploads\/2024\/04\/ELAN-DETOX-MOUSSES-BROWSOME-990x990.webp 990w, https:\/\/browsomepro.com\/wp-content\/uploads\/2024\/04\/ELAN-DETOX-MOUSSES-BROWSOME-441x441.webp 441w, https:\/\/browsomepro.com\/wp-content\/uploads\/2024\/04\/ELAN-DETOX-MOUSSES-BROWSOME-100x100.webp 100w, https:\/\/browsomepro.com\/wp-content\/uploads\/2024\/04\/ELAN-DETOX-MOUSSES-BROWSOME-800x800.webp 800w\" sizes=\"(max-width: 360px) 147px, (max-width: 2000px) 100vw, 2000px\" \/>\t\t\t\t\t\t\t\t\t\t\t\t\t\t\t<\/div>\n\t\t\t\t<\/div>\n\t\t\t\t<\/div>\n\t\t<div class=\"elementor-element elementor-element-5d4762c9 e-con-full e-flex e-con e-child\" data-id=\"5d4762c9\" data-element_type=\"container\" data-settings=\"{&quot;background_background&quot;:&quot;classic&quot;}\">\n\t\t\t\t<div class=\"elementor-element elementor-element-5f03ce30 elementor-widget elementor-widget-heading\" data-id=\"5f03ce30\" data-element_type=\"widget\" data-widget_type=\"heading.default\">\n\t\t\t\t<div class=\"elementor-widget-container\">\n\t\t\t\t\t<h2 class=\"elementor-heading-title elementor-size-default\">Temelj za dolgotrajne rezultate<\/h2>\t\t\t\t<\/div>\n\t\t\t\t<\/div>\n\t\t\t\t<div class=\"elementor-element elementor-element-5861bd15 elementor-widget elementor-widget-text-editor\" data-id=\"5861bd15\" data-element_type=\"widget\" data-widget_type=\"text-editor.default\">\n\t\t\t\t<div class=\"elementor-widget-container\">\n\t\t\t\t\t\t\t\t\t<p>Doseganje dolgotrajnih rezultatov pri laminaciji obrvi in vihanju trepalnic se za\u010dne s klju\u010dnim korakom priprave ko\u017ee in dla\u010dic. \u00c9lanovi detox \u010distilni moussi so posebej formulirani, da ustvarijo idealno podlago za tretmaje in zagotovijo, da se vsaka barva ali lifting bolje oprime in je obstojen dlje \u010dasa.  <\/p>\n<p><b>Zakaj je \u010di\u0161\u010denje pred tretmajem pomembno:<\/b><\/p>\n<ul>\n<li aria-level=\"1\"><b>Globinsko \u010di\u0161\u010denje:<\/b> \u00c9lan pene ne\u017eno odstranijo nakopi\u010deno ma\u0161\u010dobo, sebum in ne\u010disto\u010de, s tem pa omogo\u010dijo u\u010dinkovitej\u0161o prodornost serumov ali barv.<\/li>\n<li aria-level=\"1\"><b>Skrb za ko\u017eo:<\/b> Ne\u017ena, a u\u010dinkovita formula \u0161\u010diti pred izsu\u0161itvijo in dra\u017eenjem, kar je klju\u010dnega pomena za ob\u010dutljive predele okoli o\u010di.<\/li>\n<li aria-level=\"1\"><b>Ve\u010dja u\u010dinkovitost tretmajev: <\/b>Ustrezno o\u010di\u0161\u010dena ko\u017ea in dla\u010dice zagotavljajo bolj sijo\u010do in obstojno barvo ter bolj izrazit dvig trepalnic ali obrvi.<\/li>\n<\/ul>\n\t\t\t\t\t\t\t\t<\/div>\n\t\t\t\t<\/div>\n\t\t\t\t<\/div>\n\t\t\t\t\t<\/div>\n\t\t\t\t<\/div>\n\t\t<div class=\"elementor-element elementor-element-732ac5bc e-flex e-con-boxed e-con e-parent\" data-id=\"732ac5bc\" data-element_type=\"container\">\n\t\t\t\t\t<div class=\"e-con-inner\">\n\t\t<div class=\"elementor-element elementor-element-2823f277 e-con-full e-flex e-con e-child\" data-id=\"2823f277\" data-element_type=\"container\" data-settings=\"{&quot;background_background&quot;:&quot;classic&quot;}\">\n\t\t\t\t<div class=\"elementor-element elementor-element-7c381a07 elementor-widget elementor-widget-heading\" data-id=\"7c381a07\" data-element_type=\"widget\" data-widget_type=\"heading.default\">\n\t\t\t\t<div class=\"elementor-widget-container\">\n\t\t\t\t\t<h2 class=\"elementor-heading-title elementor-size-default\">Priprava in za\u0161\u010dita<\/h2>\t\t\t\t<\/div>\n\t\t\t\t<\/div>\n\t\t\t\t<div class=\"elementor-element elementor-element-208ceebd elementor-widget elementor-widget-text-editor\" data-id=\"208ceebd\" data-element_type=\"widget\" data-widget_type=\"text-editor.default\">\n\t\t\t\t<div class=\"elementor-widget-container\">\n\t\t\t\t\t\t\t\t\t<p><b>\u00c9lan Cleansing Detox-Mousse<\/b><\/p>\n<p>\u00c9lan Cleansing Detox-Mousse prese\u017ee obi\u010dajno \u010di\u0161\u010denje s svojimi skrbno izbranimi sestavinami, ki ne le pripravijo ko\u017eo, temve\u010d tudi skrbijo za njeno zdravje. <\/p>\n<p>Pena vsebuje undecenolno kislino, znano po svojih protimikrobnih lastnostih, ki zagotavlja \u010disto osnovo za vse tretmaje. Izvle\u010dek belega badlja in mle\u010dna kislina skupaj ne\u017eno eksfolirata ko\u017eo, odstranjujeta ne\u010disto\u010de in hkrati ohranjata naravno vla\u017enost ko\u017ee.  <\/p>\n<p>Ta premi\u0161ljena kombinacija sestavin zagotavlja, da sta ko\u017ea in dla\u010dice odli\u010dno pripravljene, kar pripomore k bolj\u0161emu oprijemanju tretmaja, zato je nepogre\u0161ljiv pripomo\u010dek tako pri profesionalnih kot pri doma\u010dih lepotnih postopkih. <\/p>\n<ul>\n<li aria-level=\"1\"><b>Ne\u017ena, a u\u010dinkovita: <\/b>Ne\u017ena formula globinsko o\u010disti ko\u017eo, ne da bi odvzela vlago ali povzro\u010dila dra\u017eenje.<\/li>\n<li aria-level=\"1\"><b>Pomirja ko\u017eo: <\/b>vsebuje izvle\u010dek ognji\u010da, ki pomirja ko\u017eo in zmanj\u0161uje rde\u010dico.<\/li>\n<li aria-level=\"1\"><b>Izbolj\u0161a oprijemljivost barve: <\/b>Z odstranjevanjem ne\u010disto\u010d in odve\u010dnih olj poskrbi, da se barve in odtenki bolje oprimejo in so obstojni dlje \u010dasa.<\/li>\n<\/ul>\n\t\t\t\t\t\t\t\t<\/div>\n\t\t\t\t<\/div>\n\t\t\t\t<div class=\"elementor-element elementor-element-a2cac15 elementor-widget elementor-widget-toggle\" data-id=\"a2cac15\" data-element_type=\"widget\" data-widget_type=\"toggle.default\">\n\t\t\t\t<div class=\"elementor-widget-container\">\n\t\t\t\t\t\t\t<div class=\"elementor-toggle\">\n\t\t\t\t\t\t\t<div class=\"elementor-toggle-item\">\n\t\t\t\t\t<div id=\"elementor-tab-title-1701\" class=\"elementor-tab-title\" data-tab=\"1\" role=\"button\" aria-controls=\"elementor-tab-content-1701\" aria-expanded=\"false\">\n\t\t\t\t\t\t\t\t\t\t\t\t<span class=\"elementor-toggle-icon elementor-toggle-icon-left\" aria-hidden=\"true\">\n\t\t\t\t\t\t\t\t\t\t\t\t\t\t\t<span class=\"elementor-toggle-icon-closed\"><svg class=\"e-font-icon-svg e-fas-caret-right\" viewBox=\"0 0 192 512\" xmlns=\"http:\/\/www.w3.org\/2000\/svg\"><path d=\"M0 384.662V127.338c0-17.818 21.543-26.741 34.142-14.142l128.662 128.662c7.81 7.81 7.81 20.474 0 28.284L34.142 398.804C21.543 411.404 0 402.48 0 384.662z\"><\/path><\/svg><\/span>\n\t\t\t\t\t\t\t\t<span class=\"elementor-toggle-icon-opened\"><svg class=\"elementor-toggle-icon-opened e-font-icon-svg e-fas-caret-up\" viewBox=\"0 0 320 512\" xmlns=\"http:\/\/www.w3.org\/2000\/svg\"><path d=\"M288.662 352H31.338c-17.818 0-26.741-21.543-14.142-34.142l128.662-128.662c7.81-7.81 20.474-7.81 28.284 0l128.662 128.662c12.6 12.599 3.676 34.142-14.142 34.142z\"><\/path><\/svg><\/span>\n\t\t\t\t\t\t\t\t\t\t\t\t\t<\/span>\n\t\t\t\t\t\t\t\t\t\t\t\t<a class=\"elementor-toggle-title\" tabindex=\"0\">\u00c9lan Cleansing Detox Mousse Soft<\/a>\n\t\t\t\t\t<\/div>\n\n\t\t\t\t\t<div id=\"elementor-tab-content-1701\" class=\"elementor-tab-content elementor-clearfix\" data-tab=\"1\" role=\"region\" aria-labelledby=\"elementor-tab-title-1701\"><p>\u00c9lan Cleansing Detox Mousse Soft ponuja ne\u017enej\u0161i pristop k \u010di\u0161\u010denju pred tretmajem, idealen tudi za najbolj ob\u010dutljive tipe ko\u017ee. <\/p>\n<p>Njegova ne\u017ena formula brez sulfatov je obogatena z izvle\u010dki verbene in bisabolola, ki sta znana po svojih pomirjujo\u010dih in vla\u017eilnih lastnostih. Ta univerzalna pena ne le pripravlja ko\u017eo na profesionalne tretmaje, ampak je hkrati tudi ne\u017eno sredstvo za \u010di\u0161\u010denje obraza. <\/p>\n<ul>\n<li aria-level=\"1\"><b>Izjemno ne\u017eno \u010di\u0161\u010denje:<\/b> zagotavlja, da tudi na najbolj ob\u010dutljivi ko\u017ei ni neprijetnih ob\u010dutkov.<\/li>\n<li aria-level=\"1\"><b>Vla\u017eilni in pomirjujo\u010di blagodejni u\u010dinek: <\/b>S pantenolom in izvle\u010dkom ognji\u010da ko\u017eo vla\u017ei in pomirja ter prepre\u010duje izsu\u0161itev in dra\u017eenje.<\/li>\n<li aria-level=\"1\"><b>Izbolj\u0161a rezultate tretmaja:<\/b> Ustvari odli\u010dno osnovo za uspe\u0161no urejanje obrvi in trepalnic.<\/li>\n<\/ul>\n<p>Z vklju\u010devanjem moussov \u00c9lan v rutino pred tretmajem ne le pove\u010date obstojnost tretmaja obrvi in trepalnic, temve\u010d tudi bistveno izbolj\u0161ate zdravje in videz tretiranih predelov.<\/p>\n<\/div>\n\t\t\t\t<\/div>\n\t\t\t\t\t\t\t\t<\/div>\n\t\t\t\t\t\t<\/div>\n\t\t\t\t<\/div>\n\t\t\t\t<\/div>\n\t\t<div class=\"elementor-element elementor-element-2a778160 e-con-full e-flex e-con e-child\" data-id=\"2a778160\" data-element_type=\"container\">\n\t\t\t\t<div class=\"elementor-element elementor-element-2ad14c01 elementor-widget elementor-widget-image\" data-id=\"2ad14c01\" data-element_type=\"widget\" data-widget_type=\"image.default\">\n\t\t\t\t<div class=\"elementor-widget-container\">\n\t\t\t\t\t\t\t\t\t\t\t\t\t\t\t<img decoding=\"async\" width=\"2000\" height=\"2000\" src=\"https:\/\/browsomepro.com\/wp-content\/uploads\/2024\/04\/mousse-elan.webp\" class=\"attachment-full size-full wp-image-13261\" alt=\"\" srcset=\"https:\/\/browsomepro.com\/wp-content\/uploads\/2024\/04\/mousse-elan.webp 2000w, https:\/\/browsomepro.com\/wp-content\/uploads\/2024\/04\/mousse-elan-300x300.webp 300w, https:\/\/browsomepro.com\/wp-content\/uploads\/2024\/04\/mousse-elan-1024x1024.webp 1024w, https:\/\/browsomepro.com\/wp-content\/uploads\/2024\/04\/mousse-elan-150x150.webp 150w, https:\/\/browsomepro.com\/wp-content\/uploads\/2024\/04\/mousse-elan-768x768.webp 768w, https:\/\/browsomepro.com\/wp-content\/uploads\/2024\/04\/mousse-elan-1536x1536.webp 1536w, https:\/\/browsomepro.com\/wp-content\/uploads\/2024\/04\/mousse-elan-990x990.webp 990w, https:\/\/browsomepro.com\/wp-content\/uploads\/2024\/04\/mousse-elan-441x441.webp 441w, https:\/\/browsomepro.com\/wp-content\/uploads\/2024\/04\/mousse-elan-100x100.webp 100w, https:\/\/browsomepro.com\/wp-content\/uploads\/2024\/04\/mousse-elan-800x800.webp 800w\" sizes=\"(max-width: 360px) 147px, (max-width: 2000px) 100vw, 2000px\" \/>\t\t\t\t\t\t\t\t\t\t\t\t\t\t\t<\/div>\n\t\t\t\t<\/div>\n\t\t\t\t<\/div>\n\t\t\t\t\t<\/div>\n\t\t\t\t<\/div>\n\t\t\t\t<\/div>\n\t\t","protected":false},"excerpt":{"rendered":"<p>Zasnovana za \u010di\u0161\u010denje in razma\u0161\u010devanje ko\u017ee in dla\u010dic. Dermatolo\u0161ko testirano. Detox-mousse omogo\u010da intenzivno fiksacijo barve. Zaradi undecenolne kisline ima baktericidne lastnosti. * Blago peno brez sulfatov je mogo\u010de priporo\u010diti tudi za ob\u010dutljivo ko\u017eo. Zaradi sestavin za detox &#8211; izvle\u010dka belega badlja in mle\u010dne kisline &#8211; izdelek ne\u017eno o\u010disti ko\u017eo in dla\u010dice keratiniziranih delcev, sebuma, toksinov in drugih ne\u010disto\u010d. Izvle\u010dek ognji\u010da vla\u017ei in pomirja ko\u017eo ter prepre\u010duje njeno izsu\u0161itev in dra\u017eenje.<br \/> * potrjeno z mikrobiolo\u0161kimi testi, po katerih je izdelek pokazal pozitiven rezultat v boju proti Staphylococcus aureus, Candida albicans, Pseudomonas aeruginosa, Escherichia coli. Navodila za uporabo: Pritisnite na pumpico, da iz stekleni\u010dke iztisnete peno. Nanesite potrebno koli\u010dino na obrvi s \u010dopi\u010dem, ne\u017eno jo razporedite, nato jo sperite z vodo. Po potrebi postopek ponovite.         [cg_accordion title=\"Sestavine\"]AQUA, COCAMIDOPROPYL BETAINE, GLYCERIN, LAURYL GLUCOSIDE, DISODIUM COCOAMPHODIACETATE, PEG-7 GLYCERYL COCOATE, SILYBUM MARIANUM EXTRACT, PANTHENOL, POLYQUATERNIUM-10, PHENOXYETHANOL, CITRIC ACID, CALENDULA OFFICINALIS FLOWER EXTRACT, PARFUM, ETHYLHEXYLGLYCERIN, PIROCTONE OLAMINE. [\/cg_accordion] Koli\u010dina: 150 ml Izdelano v: Tur\u010dija Rok uporabe po odprtju: 6 mesecev<\/p>\n","protected":false},"featured_media":13196,"template":"","meta":{"_acf_changed":false,"_monsterinsights_skip_tracking":false,"_monsterinsights_sitenote_active":false,"_monsterinsights_sitenote_note":"","_monsterinsights_sitenote_category":0},"product_brand":[],"product_cat":[239,265,238,266,211,215,231,209,229],"product_tag":[],"class_list":{"0":"post-14583","1":"product","2":"type-product","3":"status-publish","4":"has-post-thumbnail","6":"product_cat-elan-sl","7":"product_cat-laminacija-obrvi-sl-3","8":"product_cat-nakup-po-znamki","9":"product_cat-nega-po-tretmaju-in-priprava-koze-sl","10":"product_cat-after-care-in-priprava-koze","11":"product_cat-laminacija-obrvi","12":"product_cat-nega-po-tretmajih-in-priprava","13":"product_cat-obrvi","14":"product_cat-trepalnice","16":"first","17":"instock","18":"taxable","19":"shipping-taxable","20":"purchasable","21":"product-type-simple"},"acf":[],"aioseo_notices":[],"_links":{"self":[{"href":"https:\/\/browsomepro.com\/sl\/wp-json\/wp\/v2\/product\/14583","targetHints":{"allow":["GET"]}}],"collection":[{"href":"https:\/\/browsomepro.com\/sl\/wp-json\/wp\/v2\/product"}],"about":[{"href":"https:\/\/browsomepro.com\/sl\/wp-json\/wp\/v2\/types\/product"}],"version-history":[{"count":1,"href":"https:\/\/browsomepro.com\/sl\/wp-json\/wp\/v2\/product\/14583\/revisions"}],"predecessor-version":[{"id":14584,"href":"https:\/\/browsomepro.com\/sl\/wp-json\/wp\/v2\/product\/14583\/revisions\/14584"}],"wp:featuredmedia":[{"embeddable":true,"href":"https:\/\/browsomepro.com\/sl\/wp-json\/wp\/v2\/media\/13196"}],"wp:attachment":[{"href":"https:\/\/browsomepro.com\/sl\/wp-json\/wp\/v2\/media?parent=14583"}],"wp:term":[{"taxonomy":"product_brand","embeddable":true,"href":"https:\/\/browsomepro.com\/sl\/wp-json\/wp\/v2\/product_brand?post=14583"},{"taxonomy":"product_cat","embeddable":true,"href":"https:\/\/browsomepro.com\/sl\/wp-json\/wp\/v2\/product_cat?post=14583"},{"taxonomy":"product_tag","embeddable":true,"href":"https:\/\/browsomepro.com\/sl\/wp-json\/wp\/v2\/product_tag?post=14583"}],"curies":[{"name":"wp","href":"https:\/\/api.w.org\/{rel}","templated":true}]}}