{"id":14581,"date":"2024-04-09T06:36:56","date_gmt":"2024-04-09T05:36:56","guid":{"rendered":"https:\/\/browsomepro.com\/product\/elan-lash-lamination-fixing-gel-easy-fix\/"},"modified":"2025-04-01T09:18:21","modified_gmt":"2025-04-01T08:18:21","slug":"elan-lash-lamination-fixing-gel-easy-fix","status":"publish","type":"product","link":"https:\/\/browsomepro.com\/sl\/izdelek\/elan-lash-lamination-fixing-gel-easy-fix\/","title":{"rendered":"\u00c9lan &#8211; Lash Lamination Fixing Gel Easy Fix"},"content":{"rendered":"\t\t<div data-elementor-type=\"product-post\" data-elementor-id=\"14581\" class=\"elementor elementor-14581\" data-elementor-post-type=\"product\">\n\t\t\t\t<div class=\"elementor-element elementor-element-3699557b e-flex e-con-boxed e-con e-parent\" data-id=\"3699557b\" data-element_type=\"container\">\n\t\t\t\t\t<div class=\"e-con-inner\">\n\t\t<div class=\"elementor-element elementor-element-5b9a1e36 e-con-full e-flex e-con e-child\" data-id=\"5b9a1e36\" data-element_type=\"container\">\n\t\t\t\t<div class=\"elementor-element elementor-element-5b9c3286 elementor-widget elementor-widget-image\" data-id=\"5b9c3286\" data-element_type=\"widget\" data-widget_type=\"image.default\">\n\t\t\t\t<div class=\"elementor-widget-container\">\n\t\t\t\t\t\t\t\t\t\t\t\t\t\t\t<img fetchpriority=\"high\" decoding=\"async\" width=\"2000\" height=\"2000\" src=\"https:\/\/browsomepro.com\/wp-content\/uploads\/2024\/03\/BROWSOME-EASYFIX-FIXINGGEL-copy.webp\" class=\"attachment-full size-full wp-image-13175\" alt=\"\" srcset=\"https:\/\/browsomepro.com\/wp-content\/uploads\/2024\/03\/BROWSOME-EASYFIX-FIXINGGEL-copy.webp 2000w, https:\/\/browsomepro.com\/wp-content\/uploads\/2024\/03\/BROWSOME-EASYFIX-FIXINGGEL-copy-300x300.webp 300w, https:\/\/browsomepro.com\/wp-content\/uploads\/2024\/03\/BROWSOME-EASYFIX-FIXINGGEL-copy-1024x1024.webp 1024w, https:\/\/browsomepro.com\/wp-content\/uploads\/2024\/03\/BROWSOME-EASYFIX-FIXINGGEL-copy-150x150.webp 150w, https:\/\/browsomepro.com\/wp-content\/uploads\/2024\/03\/BROWSOME-EASYFIX-FIXINGGEL-copy-768x768.webp 768w, https:\/\/browsomepro.com\/wp-content\/uploads\/2024\/03\/BROWSOME-EASYFIX-FIXINGGEL-copy-1536x1536.webp 1536w, https:\/\/browsomepro.com\/wp-content\/uploads\/2024\/03\/BROWSOME-EASYFIX-FIXINGGEL-copy-990x990.webp 990w, https:\/\/browsomepro.com\/wp-content\/uploads\/2024\/03\/BROWSOME-EASYFIX-FIXINGGEL-copy-441x441.webp 441w, https:\/\/browsomepro.com\/wp-content\/uploads\/2024\/03\/BROWSOME-EASYFIX-FIXINGGEL-copy-100x100.webp 100w, https:\/\/browsomepro.com\/wp-content\/uploads\/2024\/03\/BROWSOME-EASYFIX-FIXINGGEL-copy-800x800.webp 800w\" sizes=\"(max-width: 360px) 147px, (max-width: 2000px) 100vw, 2000px\" \/>\t\t\t\t\t\t\t\t\t\t\t\t\t\t\t<\/div>\n\t\t\t\t<\/div>\n\t\t\t\t<\/div>\n\t\t<div class=\"elementor-element elementor-element-5d4762c9 e-con-full e-flex e-con e-child\" data-id=\"5d4762c9\" data-element_type=\"container\" data-settings=\"{&quot;background_background&quot;:&quot;classic&quot;}\">\n\t\t\t\t<div class=\"elementor-element elementor-element-5f03ce30 elementor-widget elementor-widget-heading\" data-id=\"5f03ce30\" data-element_type=\"widget\" data-widget_type=\"heading.default\">\n\t\t\t\t<div class=\"elementor-widget-container\">\n\t\t\t\t\t<h2 class=\"elementor-heading-title elementor-size-default\">Hitra in enostavna aplikacija<\/h2>\t\t\t\t<\/div>\n\t\t\t\t<\/div>\n\t\t\t\t<div class=\"elementor-element elementor-element-5861bd15 elementor-widget elementor-widget-text-editor\" data-id=\"5861bd15\" data-element_type=\"widget\" data-widget_type=\"text-editor.default\">\n\t\t\t\t<div class=\"elementor-widget-container\">\n\t\t\t\t\t\t\t\t\t<p>Lepilo je razvito za poenostavitev postopka nana\u0161anja, zagotavlja hitro in zanesljivo pritrditev silikonskih blazinic na veke ter zagotavlja, da se trepalnice brezhibno prilepijo na blazinice. <\/p>\n<ul>\n<li aria-level=\"1\"><b>U\u010dinkovita raba:<\/b> Prilo\u017een je poseben aplikator s \u010dopi\u010dem, zasnovan za natan\u010dno in enostavno uporabo, ki omogo\u010da hiter in brezhiben nanos brez packanja.<\/li>\n<li aria-level=\"1\"><b>Mo\u010dan:<\/b> Formulacija lepila zagotavlja trden oprijem silikonskih blazinic in trepalnic, kar omogo\u010da, da ostanejo na svojem mestu med celotnim postopkom.<\/li>\n<li aria-level=\"1\"><b>Enostavno odstranjevanje:<\/b> Kljub mo\u010dni obstojnosti je mogo\u010de lepilo zlahka sprati z vodo, tako da je odstranitev enako enostavna kot nanos.<\/li>\n<\/ul>\n\t\t\t\t\t\t\t\t<\/div>\n\t\t\t\t<\/div>\n\t\t\t\t<\/div>\n\t\t\t\t\t<\/div>\n\t\t\t\t<\/div>\n\t\t\t\t<\/div>\n\t\t","protected":false},"excerpt":{"rendered":"<p>Profesionalno lepilo &#8220;Easy FIX&#8221; je razvit za postopek vihanja trepalnic. Gel zagotavlja hitro in zanesljivo pritrditev silikonskih blazinic na veke in trepalnic na blazinice. Zaradi prisotnosti posebnega \u010dopi\u010da-aplikatorja je nanos fiksirnega gela &#8220;Easy FIX&#8221; enostavno in priro\u010dno. Izdelek se enostavno odstrani z vodo. [cg_accordion title=\"Sestavine\"]DISTILLED WATER, PROPYLENE GLYCOL, AMP ACRYLATE COPOLYMER, ETHYL ALCOHOL, PHENOXYETHANOL [\/cg_accordion] Koli\u010dina: 5 ml Izdelano v: Ju\u017ena Koreja Rok uporabe po odprtju: 6 mesecev   <\/p>\n","protected":false},"featured_media":13175,"template":"","meta":{"_acf_changed":false,"_monsterinsights_skip_tracking":false,"_monsterinsights_sitenote_active":false,"_monsterinsights_sitenote_note":"","_monsterinsights_sitenote_category":0},"product_brand":[],"product_cat":[239,238,267,233,229],"product_tag":[],"class_list":{"0":"post-14581","1":"product","2":"type-product","3":"status-publish","4":"has-post-thumbnail","6":"product_cat-elan-sl","7":"product_cat-nakup-po-znamki","8":"product_cat-vihanje-trepalnic-sl-2","9":"product_cat-lash-lift-lepila-in-balmi","10":"product_cat-trepalnice","12":"first","13":"outofstock","14":"taxable","15":"shipping-taxable","16":"purchasable","17":"product-type-simple"},"acf":[],"aioseo_notices":[],"_links":{"self":[{"href":"https:\/\/browsomepro.com\/sl\/wp-json\/wp\/v2\/product\/14581","targetHints":{"allow":["GET"]}}],"collection":[{"href":"https:\/\/browsomepro.com\/sl\/wp-json\/wp\/v2\/product"}],"about":[{"href":"https:\/\/browsomepro.com\/sl\/wp-json\/wp\/v2\/types\/product"}],"version-history":[{"count":1,"href":"https:\/\/browsomepro.com\/sl\/wp-json\/wp\/v2\/product\/14581\/revisions"}],"predecessor-version":[{"id":14582,"href":"https:\/\/browsomepro.com\/sl\/wp-json\/wp\/v2\/product\/14581\/revisions\/14582"}],"wp:featuredmedia":[{"embeddable":true,"href":"https:\/\/browsomepro.com\/sl\/wp-json\/wp\/v2\/media\/13175"}],"wp:attachment":[{"href":"https:\/\/browsomepro.com\/sl\/wp-json\/wp\/v2\/media?parent=14581"}],"wp:term":[{"taxonomy":"product_brand","embeddable":true,"href":"https:\/\/browsomepro.com\/sl\/wp-json\/wp\/v2\/product_brand?post=14581"},{"taxonomy":"product_cat","embeddable":true,"href":"https:\/\/browsomepro.com\/sl\/wp-json\/wp\/v2\/product_cat?post=14581"},{"taxonomy":"product_tag","embeddable":true,"href":"https:\/\/browsomepro.com\/sl\/wp-json\/wp\/v2\/product_tag?post=14581"}],"curies":[{"name":"wp","href":"https:\/\/api.w.org\/{rel}","templated":true}]}}