{"id":14545,"date":"2024-04-16T08:52:45","date_gmt":"2024-04-16T07:52:45","guid":{"rendered":"https:\/\/browsomepro.com\/product\/noemi-pink-premium-hard-wax-500g\/"},"modified":"2025-12-01T13:04:50","modified_gmt":"2025-12-01T12:04:50","slug":"noemi-pink-premium-hard-wax-500g","status":"publish","type":"product","link":"https:\/\/browsomepro.com\/sl\/izdelek\/noemi-pink-premium-hard-wax-500g\/","title":{"rendered":"Noemi &#8211; Pink Premium Hard Wax 500g"},"content":{"rendered":"\t\t<div data-elementor-type=\"product-post\" data-elementor-id=\"14545\" class=\"elementor elementor-14545 elementor-8774\" data-elementor-post-type=\"product\">\n\t\t\t\t<div class=\"elementor-element elementor-element-3699557b e-flex e-con-boxed e-con e-parent\" data-id=\"3699557b\" data-element_type=\"container\">\n\t\t\t\t\t<div class=\"e-con-inner\">\n\t\t<div class=\"elementor-element elementor-element-5b9a1e36 e-con-full e-flex e-con e-child\" data-id=\"5b9a1e36\" data-element_type=\"container\">\n\t\t\t\t<div class=\"elementor-element elementor-element-5b9c3286 elementor-widget elementor-widget-image\" data-id=\"5b9c3286\" data-element_type=\"widget\" data-widget_type=\"image.default\">\n\t\t\t\t<div class=\"elementor-widget-container\">\n\t\t\t\t\t\t\t\t\t\t\t\t\t\t\t<img fetchpriority=\"high\" decoding=\"async\" width=\"2000\" height=\"2000\" src=\"https:\/\/browsomepro.com\/wp-content\/uploads\/2024\/04\/NOEMI-WAXING-BROWSOME.webp\" class=\"attachment-full size-full wp-image-13392\" alt=\"\" sizes=\"(max-width: 360px) 147px, \" \/>\t\t\t\t\t\t\t\t\t\t\t\t\t\t\t<\/div>\n\t\t\t\t<\/div>\n\t\t\t\t<\/div>\n\t\t<div class=\"elementor-element elementor-element-5d4762c9 e-con-full e-flex e-con e-child\" data-id=\"5d4762c9\" data-element_type=\"container\" data-settings=\"{&quot;background_background&quot;:&quot;classic&quot;}\">\n\t\t\t\t<div class=\"elementor-element elementor-element-5f03ce30 elementor-widget elementor-widget-heading\" data-id=\"5f03ce30\" data-element_type=\"widget\" data-widget_type=\"heading.default\">\n\t\t\t\t<div class=\"elementor-widget-container\">\n\t\t\t\t\t<h2 class=\"elementor-heading-title elementor-size-default\">Nebole\u010de voskanje se za\u010dne tukaj.<\/h2>\t\t\t\t<\/div>\n\t\t\t\t<\/div>\n\t\t\t\t<div class=\"elementor-element elementor-element-5861bd15 elementor-widget elementor-widget-text-editor\" data-id=\"5861bd15\" data-element_type=\"widget\" data-widget_type=\"text-editor.default\">\n\t\t\t\t<div class=\"elementor-widget-container\">\n\t\t\t\t\t\t\t\t\t<p><span style=\"font-weight: 400;\">Izbira pravega voska je klju\u010dna za nebole\u010do izku\u0161njo voskanja. Kvaliteten vosek, ki se dobro oprime dlak, ne pa ko\u017ee, bo bistveno zmanj\u0161al neugodje, povezano z voskanjem. Tak\u0161ni voski omogo\u010dajo \u010distej\u0161e in hitrej\u0161e odstranjevanje dlak, kar ne samo zmanj\u0161uje bole\u010dino, temve\u010d tudi pove\u010duje u\u010dinkovitost voskanja.   <\/span><\/p>\n<p><span style=\"font-weight: 400;\">Noemi je predstavil dva osnovna izdelka, ki olaj\u0161ata voskanje in zagotavljata nebole\u010do izku\u0161njo za stranke. <\/span><\/p>\n\t\t\t\t\t\t\t\t<\/div>\n\t\t\t\t<\/div>\n\t\t\t\t<div class=\"elementor-element elementor-element-a2cac15 elementor-widget elementor-widget-toggle\" data-id=\"a2cac15\" data-element_type=\"widget\" data-widget_type=\"toggle.default\">\n\t\t\t\t<div class=\"elementor-widget-container\">\n\t\t\t\t\t\t\t<div class=\"elementor-toggle\">\n\t\t\t\t\t\t\t<div class=\"elementor-toggle-item\">\n\t\t\t\t\t<div id=\"elementor-tab-title-1701\" class=\"elementor-tab-title\" data-tab=\"1\" role=\"button\" aria-controls=\"elementor-tab-content-1701\" aria-expanded=\"false\">\n\t\t\t\t\t\t\t\t\t\t\t\t<span class=\"elementor-toggle-icon elementor-toggle-icon-left\" aria-hidden=\"true\">\n\t\t\t\t\t\t\t\t\t\t\t\t\t\t\t<span class=\"elementor-toggle-icon-closed\"><svg class=\"e-font-icon-svg e-fas-caret-right\" viewBox=\"0 0 192 512\" xmlns=\"http:\/\/www.w3.org\/2000\/svg\"><path d=\"M0 384.662V127.338c0-17.818 21.543-26.741 34.142-14.142l128.662 128.662c7.81 7.81 7.81 20.474 0 28.284L34.142 398.804C21.543 411.404 0 402.48 0 384.662z\"><\/path><\/svg><\/span>\n\t\t\t\t\t\t\t\t<span class=\"elementor-toggle-icon-opened\"><svg class=\"elementor-toggle-icon-opened e-font-icon-svg e-fas-caret-up\" viewBox=\"0 0 320 512\" xmlns=\"http:\/\/www.w3.org\/2000\/svg\"><path d=\"M288.662 352H31.338c-17.818 0-26.741-21.543-14.142-34.142l128.662-128.662c7.81-7.81 20.474-7.81 28.284 0l128.662 128.662c12.6 12.599 3.676 34.142-14.142 34.142z\"><\/path><\/svg><\/span>\n\t\t\t\t\t\t\t\t\t\t\t\t\t<\/span>\n\t\t\t\t\t\t\t\t\t\t\t\t<a class=\"elementor-toggle-title\" tabindex=\"0\">Noemi Premium Hard Wax<\/a>\n\t\t\t\t\t<\/div>\n\n\t\t\t\t\t<div id=\"elementor-tab-content-1701\" class=\"elementor-tab-content elementor-clearfix\" data-tab=\"1\" role=\"region\" aria-labelledby=\"elementor-tab-title-1701\"><p><span style=\"font-weight: 400;\">Noemi Premium Hard Wax je oblikovan za ne\u017eno, a u\u010dinkovito voskanje. Kremasta tekstura voska omogo\u010da fleksibilno nana\u0161anje, ki se dobro oprime dlak, ne pa ko\u017ee, kar zmanj\u0161uje bole\u010dino in naredi postopek bolj udoben za stranke. Prijeten vonj izbolj\u0161a senzori\u010dno izku\u0161njo, medtem ko hranilne sestavine poskrbijo za ob\u010dutljivo ko\u017eo.  <\/span><\/p>\n<\/div>\n\t\t\t\t<\/div>\n\t\t\t\t\t\t\t<div class=\"elementor-toggle-item\">\n\t\t\t\t\t<div id=\"elementor-tab-title-1702\" class=\"elementor-tab-title\" data-tab=\"2\" role=\"button\" aria-controls=\"elementor-tab-content-1702\" aria-expanded=\"false\">\n\t\t\t\t\t\t\t\t\t\t\t\t<span class=\"elementor-toggle-icon elementor-toggle-icon-left\" aria-hidden=\"true\">\n\t\t\t\t\t\t\t\t\t\t\t\t\t\t\t<span class=\"elementor-toggle-icon-closed\"><svg class=\"e-font-icon-svg e-fas-caret-right\" viewBox=\"0 0 192 512\" xmlns=\"http:\/\/www.w3.org\/2000\/svg\"><path d=\"M0 384.662V127.338c0-17.818 21.543-26.741 34.142-14.142l128.662 128.662c7.81 7.81 7.81 20.474 0 28.284L34.142 398.804C21.543 411.404 0 402.48 0 384.662z\"><\/path><\/svg><\/span>\n\t\t\t\t\t\t\t\t<span class=\"elementor-toggle-icon-opened\"><svg class=\"elementor-toggle-icon-opened e-font-icon-svg e-fas-caret-up\" viewBox=\"0 0 320 512\" xmlns=\"http:\/\/www.w3.org\/2000\/svg\"><path d=\"M288.662 352H31.338c-17.818 0-26.741-21.543-14.142-34.142l128.662-128.662c7.81-7.81 20.474-7.81 28.284 0l128.662 128.662c12.6 12.599 3.676 34.142-14.142 34.142z\"><\/path><\/svg><\/span>\n\t\t\t\t\t\t\t\t\t\t\t\t\t<\/span>\n\t\t\t\t\t\t\t\t\t\t\t\t<a class=\"elementor-toggle-title\" tabindex=\"0\">Noemi All-in-One Pre  Post Wax Lotion <\/a>\n\t\t\t\t\t<\/div>\n\n\t\t\t\t\t<div id=\"elementor-tab-content-1702\" class=\"elementor-tab-content elementor-clearfix\" data-tab=\"2\" role=\"region\" aria-labelledby=\"elementor-tab-title-1702\"><p><span style=\"font-weight: 400;\">Za temeljito nego je Noemi All-in-One Pre Post Wax Lotion idealen. Z dodatkom pomirjevalnega azulena in hladilnega mentola ta losjon pomirja ko\u017eo pred in po voskanju, ter zmanj\u0161uje dra\u017eenje. Hitro vla\u017ei ko\u017eo brez lepljivega filma, kar zagotavlja udoben in osve\u017eujo\u010d ob\u010dutek.   <\/span><\/p>\n<p><span style=\"font-weight: 400;\">Ta losjon poenostavi voskanje za artiste in pove\u010da udobje za stranke, zato je tudi nujen pripomo\u010dek vsakega profesionalca, ki \u017eeli nadgraditi svoje voskanje.<\/span><\/p>\n<\/div>\n\t\t\t\t<\/div>\n\t\t\t\t\t\t\t\t<\/div>\n\t\t\t\t\t\t<\/div>\n\t\t\t\t<\/div>\n\t\t\t\t<\/div>\n\t\t\t\t\t<\/div>\n\t\t\t\t<\/div>\n\t\t\t\t<\/div>\n\t\t","protected":false},"excerpt":{"rendered":"<p><span style=\"font-weight: 400;\">Noemi vosek \u2013 Najnovej\u0161a in ne\u017ena formula Noemi Professional, znani po inovativnih izdelkih vrhunske kakovosti.<\/span><\/p>\n<p><span style=\"font-weight: 400;\">Prednosti Noemi Premium voska:<\/span><\/p>\n<ul>\n<li style=\"font-weight: 400;\" aria-level=\"1\"><span style=\"font-weight: 400;\">\u010cudovit vonj<\/span><\/li>\n<li style=\"font-weight: 400;\" aria-level=\"1\"><span style=\"font-weight: 400;\">Izredno prilagodljiv<\/span><\/li>\n<li style=\"font-weight: 400;\" aria-level=\"1\"><span style=\"font-weight: 400;\">Kremasta tekstura<\/span><\/li>\n<li style=\"font-weight: 400;\" aria-level=\"1\"><span style=\"font-weight: 400;\">Ne\u017een do ko\u017ee<\/span><\/li>\n<li style=\"font-weight: 400;\" aria-level=\"1\"><span style=\"font-weight: 400;\">Ve\u010dstranski oprijem<\/span><\/li>\n<li style=\"font-weight: 400;\" aria-level=\"1\"><span style=\"font-weight: 400;\">Visokokakovostni materiali<\/span><\/li>\n<\/ul>\n<p>[cg_accordion title=\"Sestavine\"]Hydrogenated Poly(C6-20 Oledin), Hydrogenated Microcrystalline Wax, Ethylene\/VA Copolymer, Paraffin, Titanium Dioxide, Parfum, Liquidum, Limonene, Linalool, Pentaerythrityl Tetra-Di-T-Butyl Hydroxyhydrocinnamate, CI 15850. [\/cg_accordion] Koli\u010dina: 500 g Proizvedeno v: <span style=\"font-weight: 400;\">Italija <\/span>Rok uporabe po odprtju: 24 mesecev<\/p>\n","protected":false},"featured_media":13391,"template":"","meta":{"_acf_changed":false,"_monsterinsights_skip_tracking":false,"_monsterinsights_sitenote_active":false,"_monsterinsights_sitenote_note":"","_monsterinsights_sitenote_category":0},"product_brand":[],"product_cat":[256,238,255,260,210,215,209],"product_tag":[],"class_list":{"0":"post-14545","1":"product","2":"type-product","3":"status-publish","4":"has-post-thumbnail","6":"product_cat-laminacija-obrvi-sl-2","7":"product_cat-nakup-po-znamki","8":"product_cat-noemi-sl","9":"product_cat-pripomocki","10":"product_cat-dodatki","11":"product_cat-laminacija-obrvi","12":"product_cat-obrvi","14":"first","15":"instock","16":"taxable","17":"shipping-taxable","18":"purchasable","19":"product-type-simple"},"acf":[],"aioseo_notices":[],"_links":{"self":[{"href":"https:\/\/browsomepro.com\/sl\/wp-json\/wp\/v2\/product\/14545","targetHints":{"allow":["GET"]}}],"collection":[{"href":"https:\/\/browsomepro.com\/sl\/wp-json\/wp\/v2\/product"}],"about":[{"href":"https:\/\/browsomepro.com\/sl\/wp-json\/wp\/v2\/types\/product"}],"version-history":[{"count":1,"href":"https:\/\/browsomepro.com\/sl\/wp-json\/wp\/v2\/product\/14545\/revisions"}],"predecessor-version":[{"id":14546,"href":"https:\/\/browsomepro.com\/sl\/wp-json\/wp\/v2\/product\/14545\/revisions\/14546"}],"wp:featuredmedia":[{"embeddable":true,"href":"https:\/\/browsomepro.com\/sl\/wp-json\/wp\/v2\/media\/13391"}],"wp:attachment":[{"href":"https:\/\/browsomepro.com\/sl\/wp-json\/wp\/v2\/media?parent=14545"}],"wp:term":[{"taxonomy":"product_brand","embeddable":true,"href":"https:\/\/browsomepro.com\/sl\/wp-json\/wp\/v2\/product_brand?post=14545"},{"taxonomy":"product_cat","embeddable":true,"href":"https:\/\/browsomepro.com\/sl\/wp-json\/wp\/v2\/product_cat?post=14545"},{"taxonomy":"product_tag","embeddable":true,"href":"https:\/\/browsomepro.com\/sl\/wp-json\/wp\/v2\/product_tag?post=14545"}],"curies":[{"name":"wp","href":"https:\/\/api.w.org\/{rel}","templated":true}]}}