{"id":14529,"date":"2024-04-16T09:26:11","date_gmt":"2024-04-16T08:26:11","guid":{"rendered":"https:\/\/browsomepro.com\/product\/noemi-dye-yellow-corrector\/"},"modified":"2024-08-07T03:57:00","modified_gmt":"2024-08-07T03:57:00","slug":"noemi-dye-yellow-corrector","status":"publish","type":"product","link":"https:\/\/browsomepro.com\/sl\/izdelek\/noemi-dye-yellow-corrector\/","title":{"rendered":"Noemi &#8211; Dye Yellow (Corrector)"},"content":{"rendered":"\t\t<div data-elementor-type=\"product-post\" data-elementor-id=\"14529\" class=\"elementor elementor-14529 elementor-8835\" data-elementor-post-type=\"product\">\n\t\t\t\t<div class=\"elementor-element elementor-element-6811dbb3 e-flex e-con-boxed e-con e-parent\" data-id=\"6811dbb3\" data-element_type=\"container\">\n\t\t\t\t\t<div class=\"e-con-inner\">\n\t\t<div class=\"elementor-element elementor-element-7ea9f70 e-con-full e-flex e-con e-child\" data-id=\"7ea9f70\" data-element_type=\"container\">\n\t\t\t\t<div class=\"elementor-element elementor-element-3668182a elementor-widget elementor-widget-image\" data-id=\"3668182a\" data-element_type=\"widget\" data-widget_type=\"image.default\">\n\t\t\t\t<div class=\"elementor-widget-container\">\n\t\t\t\t\t\t\t\t\t\t\t\t\t\t\t<img fetchpriority=\"high\" decoding=\"async\" width=\"1080\" height=\"1080\" src=\"https:\/\/browsomepro.com\/wp-content\/uploads\/2024\/04\/noemi-colors-browsome.webp\" class=\"attachment-full size-full wp-image-13350\" alt=\"\" srcset=\"https:\/\/browsomepro.com\/wp-content\/uploads\/2024\/04\/noemi-colors-browsome.webp 1080w, https:\/\/browsomepro.com\/wp-content\/uploads\/2024\/04\/noemi-colors-browsome-300x300.webp 300w, https:\/\/browsomepro.com\/wp-content\/uploads\/2024\/04\/noemi-colors-browsome-1024x1024.webp 1024w, https:\/\/browsomepro.com\/wp-content\/uploads\/2024\/04\/noemi-colors-browsome-150x150.webp 150w, https:\/\/browsomepro.com\/wp-content\/uploads\/2024\/04\/noemi-colors-browsome-768x768.webp 768w, https:\/\/browsomepro.com\/wp-content\/uploads\/2024\/04\/noemi-colors-browsome-990x990.webp 990w, https:\/\/browsomepro.com\/wp-content\/uploads\/2024\/04\/noemi-colors-browsome-441x441.webp 441w, https:\/\/browsomepro.com\/wp-content\/uploads\/2024\/04\/noemi-colors-browsome-100x100.webp 100w, https:\/\/browsomepro.com\/wp-content\/uploads\/2024\/04\/noemi-colors-browsome-800x800.webp 800w\" sizes=\"(max-width: 360px) 147px, (max-width: 1080px) 100vw, 1080px\" \/>\t\t\t\t\t\t\t\t\t\t\t\t\t\t\t<\/div>\n\t\t\t\t<\/div>\n\t\t\t\t<\/div>\n\t\t<div class=\"elementor-element elementor-element-317e4ff9 e-con-full e-flex e-con e-child\" data-id=\"317e4ff9\" data-element_type=\"container\" data-settings=\"{&quot;background_background&quot;:&quot;classic&quot;}\">\n\t\t\t\t<div class=\"elementor-element elementor-element-5ff99553 elementor-widget elementor-widget-heading\" data-id=\"5ff99553\" data-element_type=\"widget\" data-widget_type=\"heading.default\">\n\t\t\t\t<div class=\"elementor-widget-container\">\n\t\t\t\t\t<h2 class=\"elementor-heading-title elementor-size-default\">Naravna obstojnost barve<\/h2>\t\t\t\t<\/div>\n\t\t\t\t<\/div>\n\t\t\t\t<div class=\"elementor-element elementor-element-22867414 elementor-widget elementor-widget-text-editor\" data-id=\"22867414\" data-element_type=\"widget\" data-widget_type=\"text-editor.default\">\n\t\t\t\t<div class=\"elementor-widget-container\">\n\t\t\t\t\t\t\t\t\t<p><span style=\"font-weight: 400;\">Noemijeva inovativna formula zagotavlja, da barva globoko prodre in se u\u010dinkovito ve\u017ee, kar daje osupljiv odtenek, ki traja do 8 dni na ko\u017ei in do 6 tednov na dla\u010dicah. S \u0161irokim naborom odtenkov in prozornim korektorjem lahko prilagodite vsak odtenek po individualnem slogu va\u0161ih strank.  <\/span><\/p>\n<p><span style=\"font-weight: 400;\">Formulirano z naravnimi sestavinami, ki negujejo in \u0161\u010ditijo: izvle\u010dek kane spodbuja rast las, olj\u010dno olje globoko vla\u017ei, zeleni \u010daj \u0161\u010diti pred po\u0161kodbami okolja, aloe vera pa pomirja ko\u017eo. <\/span><\/p>\n<p><span style=\"font-weight: 400;\">Te sestavine skupaj zagotavljajo, da je vsak nanos enako koristen kot dolgotrajen.<\/span><\/p>\n\t\t\t\t\t\t\t\t<\/div>\n\t\t\t\t<\/div>\n\t\t\t\t<div class=\"elementor-element elementor-element-36d7c224 elementor-widget elementor-widget-toggle\" data-id=\"36d7c224\" data-element_type=\"widget\" data-widget_type=\"toggle.default\">\n\t\t\t\t<div class=\"elementor-widget-container\">\n\t\t\t\t\t\t\t<div class=\"elementor-toggle\">\n\t\t\t\t\t\t\t<div class=\"elementor-toggle-item\">\n\t\t\t\t\t<div id=\"elementor-tab-title-9201\" class=\"elementor-tab-title\" data-tab=\"1\" role=\"button\" aria-controls=\"elementor-tab-content-9201\" aria-expanded=\"false\">\n\t\t\t\t\t\t\t\t\t\t\t\t<span class=\"elementor-toggle-icon elementor-toggle-icon-left\" aria-hidden=\"true\">\n\t\t\t\t\t\t\t\t\t\t\t\t\t\t\t<span class=\"elementor-toggle-icon-closed\"><svg class=\"e-font-icon-svg e-fas-caret-right\" viewBox=\"0 0 192 512\" xmlns=\"http:\/\/www.w3.org\/2000\/svg\"><path d=\"M0 384.662V127.338c0-17.818 21.543-26.741 34.142-14.142l128.662 128.662c7.81 7.81 7.81 20.474 0 28.284L34.142 398.804C21.543 411.404 0 402.48 0 384.662z\"><\/path><\/svg><\/span>\n\t\t\t\t\t\t\t\t<span class=\"elementor-toggle-icon-opened\"><svg class=\"elementor-toggle-icon-opened e-font-icon-svg e-fas-caret-up\" viewBox=\"0 0 320 512\" xmlns=\"http:\/\/www.w3.org\/2000\/svg\"><path d=\"M288.662 352H31.338c-17.818 0-26.741-21.543-14.142-34.142l128.662-128.662c7.81-7.81 20.474-7.81 28.284 0l128.662 128.662c12.6 12.599 3.676 34.142-14.142 34.142z\"><\/path><\/svg><\/span>\n\t\t\t\t\t\t\t\t\t\t\t\t\t<\/span>\n\t\t\t\t\t\t\t\t\t\t\t\t<a class=\"elementor-toggle-title\" tabindex=\"0\">Priljubljene kombinacije in me\u0161anice<\/a>\n\t\t\t\t\t<\/div>\n\n\t\t\t\t\t<div id=\"elementor-tab-content-9201\" class=\"elementor-tab-content elementor-clearfix\" data-tab=\"1\" role=\"region\" aria-labelledby=\"elementor-tab-title-9201\"><p><span style=\"font-weight: 400;\">Noemi paleta barv je formulirana za ustvarjalnost, kar vam omogo\u010da svobodo me\u0161anja in ujemanja. To omogo\u010da, da vsaka stranka prejme odtenek, ki je edinstven zanjo. Ne glede na to, ali ciljate na ne\u017eno ali dramati\u010dno spremembo, imate mo\u010d ustvariti idealno me\u0161anico in narediti vsak tretma unikaten. <\/span><\/p>\n<p><b>Priljubljene kombinacije<\/b><\/p>\n<p><span style=\"font-weight: 400;\">Golden Blond (80%) + Graphite (20%)=<\/span><b> Blond <br \/><\/b><span style=\"font-weight: 400;\">Light Brown (90%) + Clear Colour Corrector (10%) =<strong>Temno blond <\/strong><br \/><\/span><span style=\"font-weight: 400;\">Golden Blond (90%) + Cooper Mahogany (10%) = <strong>Jagodno blond<br \/><\/strong><\/span><span style=\"font-weight: 400;\">Medium Brown (80%) + Cooper (20%) = <\/span><b>Rde\u010dkasta<br \/><\/b> <span style=\"font-weight: 400;\">Dark Brown (90%) + Chestnut (10%) = <\/span><b>Temno rjava<br \/><\/b> <span style=\"font-weight: 400;\">Black (90%) + Graphite (10%) =<\/span><b> \u010crna<\/b> <span style=\"font-weight: 400;\">Black (90%) + Blue Black (10%) = <strong>Za trepalnice<\/strong><\/span><\/p>\n<\/div>\n\t\t\t\t<\/div>\n\t\t\t\t\t\t\t\t<\/div>\n\t\t\t\t\t\t<\/div>\n\t\t\t\t<\/div>\n\t\t\t\t<\/div>\n\t\t\t\t\t<\/div>\n\t\t\t\t<\/div>\n\t\t<div class=\"elementor-element elementor-element-196fba53 e-flex e-con-boxed e-con e-parent\" data-id=\"196fba53\" data-element_type=\"container\">\n\t\t\t\t\t<div class=\"e-con-inner\">\n\t\t<div class=\"elementor-element elementor-element-4f0a99bb e-con-full e-flex e-con e-child\" data-id=\"4f0a99bb\" data-element_type=\"container\" data-settings=\"{&quot;background_background&quot;:&quot;classic&quot;}\">\n\t\t\t\t<div class=\"elementor-element elementor-element-77e801b4 elementor-widget elementor-widget-heading\" data-id=\"77e801b4\" data-element_type=\"widget\" data-widget_type=\"heading.default\">\n\t\t\t\t<div class=\"elementor-widget-container\">\n\t\t\t\t\t<h2 class=\"elementor-heading-title elementor-size-default\">Opisi odtenkov<\/h2>\t\t\t\t<\/div>\n\t\t\t\t<\/div>\n\t\t\t\t<div class=\"elementor-element elementor-element-57451af9 elementor-widget elementor-widget-text-editor\" data-id=\"57451af9\" data-element_type=\"widget\" data-widget_type=\"text-editor.default\">\n\t\t\t\t<div class=\"elementor-widget-container\">\n\t\t\t\t\t\t\t\t\t<p><span style=\"font-weight: 400;\">&#8211; <\/span><b>Golden Blond<\/b><span style=\"font-weight: 400;\">, <\/span><b>Cooper Mahogany<\/b><span style=\"font-weight: 400;\"> in <\/span><b>Graphite<\/b><span style=\"font-weight: 400;\"> so najsvetlej\u0161i odtenki z nizko intenzivnostjo pigmenta. Pustijo zelo rahel odtis na ko\u017ei. Uporabite   <\/span><b>Golden Blond <\/b><span style=\"font-weight: 400;\">za dodajanje topline,<\/span><b> Cooper Mahogany<\/b><span style=\"font-weight: 400;\"> za dodajanje rde\u010dega tona<\/span><b> in Graphite<\/b> <span style=\"font-weight: 400;\">za hladen ton v va\u0161ih me\u0161anicah odtenkov.<\/span><\/p>\n<p><span style=\"font-weight: 400;\">&#8211; <\/span><b>Light Brown<\/b><span style=\"font-weight: 400;\">,<\/span><b> Chestnut<\/b><span style=\"font-weight: 400;\"> in<\/span> <b>Medium Brown<\/b> <span style=\"font-weight: 400;\">imajo vsi srednjo do visoko intenzivnost<\/span>. <b>Light Brown<\/b> <span style=\"font-weight: 400;\">ima srednjo pigmentacijo in se lahko uporablja samostojno za temne blondinke in ne\u017ene rjavolaske.<\/span> <b>Chestnut<\/b> <span style=\"font-weight: 400;\">je rde\u010de-rjav odtenek, ki pu\u0161\u010da srednje do odtis made\u017e na ko\u017ei. <\/span><b>Medium Brown<\/b><span style=\"font-weight: 400;\"> je topel \u010dokoladni odtenek, ki ga lahko me\u0161ate s katerokoli modro\/zeleno osnovo za ustvarjanje hladnej\u0161ega rjavega odtenka.<\/span> <\/p>\n<p><span style=\"font-weight: 400;\">&#8211; <\/span><b>Dark Brown<\/b><span style=\"font-weight: 400;\">, <\/span><b>Black <\/b><span style=\"font-weight: 400;\">in<\/span> <b>Blue Black<\/b> <span style=\"font-weight: 400;\">so odtenki z najmo\u010dnej\u0161o intenzivnostjo.<\/span> <b>Dark Brown <\/b><span style=\"font-weight: 400;\">je eden najtemnej\u0161ih odtenkov in je primeren za temne rjavolaske.<\/span> <b>Black <\/b><span style=\"font-weight: 400;\">je nevtralen odtenek, ki na ko\u017ei pusti zelo temen rjav odtis.<\/span> <b>Blue Black<\/b> <span style=\"font-weight: 400;\">je popoln odtenek za trepalnice in se lahko uporablja tudi kot korektor za katerokoli toplo barvo.<\/span> <\/p>\n\t\t\t\t\t\t\t\t<\/div>\n\t\t\t\t<\/div>\n\t\t\t\t<\/div>\n\t\t<div class=\"elementor-element elementor-element-32a59063 e-con-full e-flex e-con e-child\" data-id=\"32a59063\" data-element_type=\"container\">\n\t\t\t\t<div class=\"elementor-element elementor-element-61bfa46f elementor-widget elementor-widget-image\" data-id=\"61bfa46f\" data-element_type=\"widget\" data-widget_type=\"image.default\">\n\t\t\t\t<div class=\"elementor-widget-container\">\n\t\t\t\t\t\t\t\t\t\t\t\t\t\t\t<img decoding=\"async\" width=\"2000\" height=\"2000\" src=\"https:\/\/browsomepro.com\/wp-content\/uploads\/2024\/04\/NOEMI-BROWSOME3.webp\" class=\"attachment-full size-full wp-image-13351\" alt=\"\" srcset=\"https:\/\/browsomepro.com\/wp-content\/uploads\/2024\/04\/NOEMI-BROWSOME3.webp 2000w, https:\/\/browsomepro.com\/wp-content\/uploads\/2024\/04\/NOEMI-BROWSOME3-300x300.webp 300w, https:\/\/browsomepro.com\/wp-content\/uploads\/2024\/04\/NOEMI-BROWSOME3-1024x1024.webp 1024w, https:\/\/browsomepro.com\/wp-content\/uploads\/2024\/04\/NOEMI-BROWSOME3-150x150.webp 150w, https:\/\/browsomepro.com\/wp-content\/uploads\/2024\/04\/NOEMI-BROWSOME3-768x768.webp 768w, https:\/\/browsomepro.com\/wp-content\/uploads\/2024\/04\/NOEMI-BROWSOME3-1536x1536.webp 1536w, https:\/\/browsomepro.com\/wp-content\/uploads\/2024\/04\/NOEMI-BROWSOME3-990x990.webp 990w, https:\/\/browsomepro.com\/wp-content\/uploads\/2024\/04\/NOEMI-BROWSOME3-441x441.webp 441w, https:\/\/browsomepro.com\/wp-content\/uploads\/2024\/04\/NOEMI-BROWSOME3-100x100.webp 100w, https:\/\/browsomepro.com\/wp-content\/uploads\/2024\/04\/NOEMI-BROWSOME3-800x800.webp 800w\" sizes=\"(max-width: 360px) 147px, (max-width: 2000px) 100vw, 2000px\" \/>\t\t\t\t\t\t\t\t\t\t\t\t\t\t\t<\/div>\n\t\t\t\t<\/div>\n\t\t\t\t<\/div>\n\t\t\t\t\t<\/div>\n\t\t\t\t<\/div>\n\t\t\t\t<\/div>\n\t\t","protected":false},"excerpt":{"rendered":"<p><span style=\"font-weight: 400;\">Predstavljamo NOEMI korektor &#8211; yellow. Omogo\u010da ustvarjanje palete novih barvnih odtenkov. Rumena niansa se odli\u010dno ujema z naravno rde\u010dimi lasmi, zaradi \u010desar je idealna za stranke z rde\u010dimi lasmi, saj omogo\u010da ustvarjanje globine in topline v zlatih odtenkih.  <\/span><\/p>\n<p><span style=\"font-weight: 400;\">Z uporabo rumene lahko prilagodite odtenke, saj v kombinaciji z zelenimi ali oran\u017enimi toni nevtralizira neza\u017eelene odtenke. Je vsestransko orodje za profesionalne stiliste, ki \u017eelijo obogatiti svoje barvne mo\u017enosti in ponuditi svojim strankam personalizirano barvo. <\/span><\/p>\n<p><span style=\"font-weight: 400;\">PREDSTAVLJAMO NOEMI BARVE &#8211; popolnoma nove hibridne barve<\/span>.<span style=\"font-weight: 400;\"> Barve se lahko uporabljajo tako za obrvi kot za trepalnice<\/span>.<span style=\"font-weight: 400;\">Izdelek ne samo da barva dla\u010dice, temve\u010d tudi vsebuje hranilne sestavine, ki jih krepijo in spodbujajo rast<\/span>.<span style=\"font-weight: 400;\">Barve so veganske.<\/span><span style=\"font-weight: 400;\">Ena tuba zadostuje za pribli\u017eno 60 nanosov.<\/span>[cg_accordion title=\"Sestavine\"]Aqua, Cetearyl Alcohol, Triethanolamine, Ceteareth 25, Glyceryl Monostearate, Paraphenylenediamine, Propylene Glycol, Henna extract, Sodium Sulphite anhydrous, Aloe Vera Extract, EDTA, Ascorbic Acid, Green Tea Extract, Olive oil[\/cg_accordion] Koli\u010dina: 15 ml Proizvedeno v: <span style=\"font-weight: 400;\">NEM\u010cIJI <\/span>Rok uporabe po odprtju: 12 mesecev<\/p>\n","protected":false},"featured_media":13584,"template":"","meta":{"_acf_changed":false,"_monsterinsights_skip_tracking":false,"_monsterinsights_sitenote_active":false,"_monsterinsights_sitenote_note":"","_monsterinsights_sitenote_category":0},"product_brand":[],"product_cat":[257,256,238,255,258,214,235,209,229],"product_tag":[],"class_list":{"0":"post-14529","1":"product","2":"type-product","3":"status-publish","4":"has-post-thumbnail","6":"product_cat-barve-za-obrvi-sl-2","7":"product_cat-laminacija-obrvi-sl-2","8":"product_cat-nakup-po-znamki","9":"product_cat-noemi-sl","10":"product_cat-vihanje-trepalnic-sl","11":"product_cat-barve-za-obrvi","12":"product_cat-barve-za-trepalnice","13":"product_cat-obrvi","14":"product_cat-trepalnice","16":"first","17":"instock","18":"taxable","19":"shipping-taxable","20":"purchasable","21":"product-type-simple"},"acf":[],"aioseo_notices":[],"_links":{"self":[{"href":"https:\/\/browsomepro.com\/sl\/wp-json\/wp\/v2\/product\/14529","targetHints":{"allow":["GET"]}}],"collection":[{"href":"https:\/\/browsomepro.com\/sl\/wp-json\/wp\/v2\/product"}],"about":[{"href":"https:\/\/browsomepro.com\/sl\/wp-json\/wp\/v2\/types\/product"}],"version-history":[{"count":1,"href":"https:\/\/browsomepro.com\/sl\/wp-json\/wp\/v2\/product\/14529\/revisions"}],"predecessor-version":[{"id":14530,"href":"https:\/\/browsomepro.com\/sl\/wp-json\/wp\/v2\/product\/14529\/revisions\/14530"}],"wp:featuredmedia":[{"embeddable":true,"href":"https:\/\/browsomepro.com\/sl\/wp-json\/wp\/v2\/media\/13584"}],"wp:attachment":[{"href":"https:\/\/browsomepro.com\/sl\/wp-json\/wp\/v2\/media?parent=14529"}],"wp:term":[{"taxonomy":"product_brand","embeddable":true,"href":"https:\/\/browsomepro.com\/sl\/wp-json\/wp\/v2\/product_brand?post=14529"},{"taxonomy":"product_cat","embeddable":true,"href":"https:\/\/browsomepro.com\/sl\/wp-json\/wp\/v2\/product_cat?post=14529"},{"taxonomy":"product_tag","embeddable":true,"href":"https:\/\/browsomepro.com\/sl\/wp-json\/wp\/v2\/product_tag?post=14529"}],"curies":[{"name":"wp","href":"https:\/\/api.w.org\/{rel}","templated":true}]}}