{"id":14511,"date":"2024-04-21T11:12:36","date_gmt":"2024-04-21T10:12:36","guid":{"rendered":"https:\/\/browsomepro.com\/product\/noemi-mapping-string-gold\/"},"modified":"2026-04-14T15:16:26","modified_gmt":"2026-04-14T14:16:26","slug":"noemi-mapping-string-gold","status":"publish","type":"product","link":"https:\/\/browsomepro.com\/sl\/izdelek\/noemi-mapping-string-gold\/","title":{"rendered":"Noemi &#8211; Mapping string Gold"},"content":{"rendered":"\t\t<div data-elementor-type=\"product-post\" data-elementor-id=\"14511\" class=\"elementor elementor-14511 elementor-8981\" data-elementor-post-type=\"product\">\n\t\t\t\t<div class=\"elementor-element elementor-element-3699557b e-flex e-con-boxed e-con e-parent\" data-id=\"3699557b\" data-element_type=\"container\">\n\t\t\t\t\t<div class=\"e-con-inner\">\n\t\t<div class=\"elementor-element elementor-element-5b9a1e36 e-con-full e-flex e-con e-child\" data-id=\"5b9a1e36\" data-element_type=\"container\">\n\t\t\t\t<div class=\"elementor-element elementor-element-5b9c3286 elementor-widget elementor-widget-image\" data-id=\"5b9c3286\" data-element_type=\"widget\" data-widget_type=\"image.default\">\n\t\t\t\t<div class=\"elementor-widget-container\">\n\t\t\t\t\t\t\t\t\t\t\t\t\t\t\t<img fetchpriority=\"high\" decoding=\"async\" width=\"2000\" height=\"2000\" src=\"https:\/\/browsomepro.com\/wp-content\/uploads\/2024\/04\/noemi-strings-browsome.webp\" class=\"attachment-full size-full wp-image-13358\" alt=\"\" srcset=\"https:\/\/browsomepro.com\/wp-content\/uploads\/2024\/04\/noemi-strings-browsome.webp 2000w, https:\/\/browsomepro.com\/wp-content\/uploads\/2024\/04\/noemi-strings-browsome-300x300.webp 300w, https:\/\/browsomepro.com\/wp-content\/uploads\/2024\/04\/noemi-strings-browsome-1024x1024.webp 1024w, https:\/\/browsomepro.com\/wp-content\/uploads\/2024\/04\/noemi-strings-browsome-150x150.webp 150w, https:\/\/browsomepro.com\/wp-content\/uploads\/2024\/04\/noemi-strings-browsome-768x768.webp 768w, https:\/\/browsomepro.com\/wp-content\/uploads\/2024\/04\/noemi-strings-browsome-1536x1536.webp 1536w, https:\/\/browsomepro.com\/wp-content\/uploads\/2024\/04\/noemi-strings-browsome-990x990.webp 990w, https:\/\/browsomepro.com\/wp-content\/uploads\/2024\/04\/noemi-strings-browsome-441x441.webp 441w, https:\/\/browsomepro.com\/wp-content\/uploads\/2024\/04\/noemi-strings-browsome-100x100.webp 100w, https:\/\/browsomepro.com\/wp-content\/uploads\/2024\/04\/noemi-strings-browsome-800x800.webp 800w\" sizes=\"(max-width: 360px) 147px, (max-width: 2000px) 100vw, 2000px\" \/>\t\t\t\t\t\t\t\t\t\t\t\t\t\t\t<\/div>\n\t\t\t\t<\/div>\n\t\t\t\t<\/div>\n\t\t<div class=\"elementor-element elementor-element-5d4762c9 e-con-full e-flex e-con e-child\" data-id=\"5d4762c9\" data-element_type=\"container\" data-settings=\"{&quot;background_background&quot;:&quot;classic&quot;}\">\n\t\t\t\t<div class=\"elementor-element elementor-element-5f03ce30 elementor-widget elementor-widget-heading\" data-id=\"5f03ce30\" data-element_type=\"widget\" data-widget_type=\"heading.default\">\n\t\t\t\t<div class=\"elementor-widget-container\">\n\t\t\t\t\t<h2 class=\"elementor-heading-title elementor-size-default\">Natan\u010dno za\u010drtajte linije<\/h2>\t\t\t\t<\/div>\n\t\t\t\t<\/div>\n\t\t\t\t<div class=\"elementor-element elementor-element-5861bd15 elementor-widget elementor-widget-text-editor\" data-id=\"5861bd15\" data-element_type=\"widget\" data-widget_type=\"text-editor.default\">\n\t\t\t\t<div class=\"elementor-widget-container\">\n\t\t\t\t\t\t\t\t\t<p><span style=\"font-weight: 400;\">Noemi pripomo\u010dki, zasnovani posebej za natan\u010dnost in enostavnost, zagotavljajo, da se vsak postopek obrvi za\u010dne z jasnim na\u010drtom za uspeh.<\/span><\/p>\n<p><b>Brow Mapping String (pink\/gold)<\/b><\/p>\n<p><span style=\"font-weight: 400;\">Noemi obarvana nit omogo\u010da, da enostavno za\u010drtate obrvi pred barvanjem. Izbirajte med \u017eivahno roza ali zlato barvo, da va\u0161emu delu dodate poseben pe\u010dat.  <\/span><\/p>\n<p><span style=\"font-weight: 400;\">Vsak paket vsebuje 10 metrov niti, kar zadostuje za pribli\u017eno 50 nanosov. <\/span><\/p>\n<p><b>Noemi Brow Mapping Pen<\/b><\/p>\n<p><span style=\"font-weight: 400;\">Dopolnite nit za oblikovanje obrvi s pisalom Noemi Brow Mapping Pen, pripomo\u010dkom, ki je ustvarjen za zarisovanje oblike, katera najbolj ustreza obraznim potezam va\u0161e stranke.<\/span><\/p>\n\t\t\t\t\t\t\t\t<\/div>\n\t\t\t\t<\/div>\n\t\t\t\t<\/div>\n\t\t\t\t\t<\/div>\n\t\t\t\t<\/div>\n\t\t\t\t<\/div>\n\t\t","protected":false},"excerpt":{"rendered":"<div class=\"woocommerce-product-details__short-description\">\n<p><span class=\"\">Obarvana nit olaj\u0161a oblikovanje obrvi pred barvanjem. <\/span>Vzemite toliko niti, kolikor potrebujete, in za\u010dnite. Z njo boste lahko narisali natan\u010dne in \u010diste linije. Paket vsebuje 10 m niti, kar zadostuje za pribli\u017eno 50 nanosov. Na voljo v roza ali zlati barvi za \u0161e lep\u0161e in privla\u010dnej\u0161e fotografije.     <\/div>\n","protected":false},"featured_media":13265,"template":"","meta":{"_acf_changed":false,"_monsterinsights_skip_tracking":false,"_monsterinsights_sitenote_active":false,"_monsterinsights_sitenote_note":"","_monsterinsights_sitenote_category":0},"product_brand":[],"product_cat":[261,257,238,255,260,218,214,210,209],"product_tag":[],"class_list":{"0":"post-14511","1":"product","2":"type-product","3":"status-publish","4":"has-post-thumbnail","6":"product_cat-arhitektura-obrvi-sl-2","7":"product_cat-barve-za-obrvi-sl-2","8":"product_cat-nakup-po-znamki","9":"product_cat-noemi-sl","10":"product_cat-pripomocki","11":"product_cat-arhitektura-obrvi","12":"product_cat-barve-za-obrvi","13":"product_cat-dodatki","14":"product_cat-obrvi","16":"first","17":"instock","18":"taxable","19":"shipping-taxable","20":"purchasable","21":"product-type-simple"},"acf":[],"aioseo_notices":[],"_links":{"self":[{"href":"https:\/\/browsomepro.com\/sl\/wp-json\/wp\/v2\/product\/14511","targetHints":{"allow":["GET"]}}],"collection":[{"href":"https:\/\/browsomepro.com\/sl\/wp-json\/wp\/v2\/product"}],"about":[{"href":"https:\/\/browsomepro.com\/sl\/wp-json\/wp\/v2\/types\/product"}],"version-history":[{"count":1,"href":"https:\/\/browsomepro.com\/sl\/wp-json\/wp\/v2\/product\/14511\/revisions"}],"predecessor-version":[{"id":14512,"href":"https:\/\/browsomepro.com\/sl\/wp-json\/wp\/v2\/product\/14511\/revisions\/14512"}],"wp:featuredmedia":[{"embeddable":true,"href":"https:\/\/browsomepro.com\/sl\/wp-json\/wp\/v2\/media\/13265"}],"wp:attachment":[{"href":"https:\/\/browsomepro.com\/sl\/wp-json\/wp\/v2\/media?parent=14511"}],"wp:term":[{"taxonomy":"product_brand","embeddable":true,"href":"https:\/\/browsomepro.com\/sl\/wp-json\/wp\/v2\/product_brand?post=14511"},{"taxonomy":"product_cat","embeddable":true,"href":"https:\/\/browsomepro.com\/sl\/wp-json\/wp\/v2\/product_cat?post=14511"},{"taxonomy":"product_tag","embeddable":true,"href":"https:\/\/browsomepro.com\/sl\/wp-json\/wp\/v2\/product_tag?post=14511"}],"curies":[{"name":"wp","href":"https:\/\/api.w.org\/{rel}","templated":true}]}}