{"id":14457,"date":"2024-05-06T10:46:53","date_gmt":"2024-05-06T10:46:53","guid":{"rendered":"https:\/\/browsomepro.com\/product\/infinity-tint-oxidizer-30ml\/"},"modified":"2025-02-17T15:07:11","modified_gmt":"2025-02-17T14:07:11","slug":"infinity-tint-oxidizer-30ml","status":"publish","type":"product","link":"https:\/\/browsomepro.com\/sl\/izdelek\/infinity-tint-oxidizer-30ml\/","title":{"rendered":"Infinity &#8211; Tint Oxidizer 30ml"},"content":{"rendered":"\t\t<div data-elementor-type=\"product-post\" data-elementor-id=\"14457\" class=\"elementor elementor-14457 elementor-9514\" data-elementor-post-type=\"product\">\n\t\t\t\t<div class=\"elementor-element elementor-element-19ce5716 e-flex e-con-boxed e-con e-parent\" data-id=\"19ce5716\" data-element_type=\"container\">\n\t\t\t\t\t<div class=\"e-con-inner\">\n\t\t<div class=\"elementor-element elementor-element-14d6bc32 e-con-full e-flex e-con e-child\" data-id=\"14d6bc32\" data-element_type=\"container\">\n\t\t\t\t<div class=\"elementor-element elementor-element-6521e549 elementor-widget elementor-widget-image\" data-id=\"6521e549\" data-element_type=\"widget\" data-widget_type=\"image.default\">\n\t\t\t\t<div class=\"elementor-widget-container\">\n\t\t\t\t\t\t\t\t\t\t\t\t\t\t\t<img fetchpriority=\"high\" decoding=\"async\" width=\"2000\" height=\"2000\" src=\"https:\/\/browsomepro.com\/wp-content\/uploads\/2024\/05\/aqua-browsome.webp\" class=\"attachment-full size-full wp-image-13427\" alt=\"\" srcset=\"https:\/\/browsomepro.com\/wp-content\/uploads\/2024\/05\/aqua-browsome.webp 2000w, https:\/\/browsomepro.com\/wp-content\/uploads\/2024\/05\/aqua-browsome-300x300.webp 300w, https:\/\/browsomepro.com\/wp-content\/uploads\/2024\/05\/aqua-browsome-1024x1024.webp 1024w, https:\/\/browsomepro.com\/wp-content\/uploads\/2024\/05\/aqua-browsome-150x150.webp 150w, https:\/\/browsomepro.com\/wp-content\/uploads\/2024\/05\/aqua-browsome-768x768.webp 768w, https:\/\/browsomepro.com\/wp-content\/uploads\/2024\/05\/aqua-browsome-1536x1536.webp 1536w, https:\/\/browsomepro.com\/wp-content\/uploads\/2024\/05\/aqua-browsome-990x990.webp 990w, https:\/\/browsomepro.com\/wp-content\/uploads\/2024\/05\/aqua-browsome-441x441.webp 441w, https:\/\/browsomepro.com\/wp-content\/uploads\/2024\/05\/aqua-browsome-100x100.webp 100w, https:\/\/browsomepro.com\/wp-content\/uploads\/2024\/05\/aqua-browsome-800x800.webp 800w\" sizes=\"(max-width: 360px) 147px, (max-width: 2000px) 100vw, 2000px\" \/>\t\t\t\t\t\t\t\t\t\t\t\t\t\t\t<\/div>\n\t\t\t\t<\/div>\n\t\t\t\t<\/div>\n\t\t<div class=\"elementor-element elementor-element-7a16d744 e-con-full e-flex e-con e-child\" data-id=\"7a16d744\" data-element_type=\"container\" data-settings=\"{&quot;background_background&quot;:&quot;classic&quot;}\">\n\t\t\t\t<div class=\"elementor-element elementor-element-4adb2992 elementor-widget elementor-widget-heading\" data-id=\"4adb2992\" data-element_type=\"widget\" data-widget_type=\"heading.default\">\n\t\t\t\t<div class=\"elementor-widget-container\">\n\t\t\t\t\t<h2 class=\"elementor-heading-title elementor-size-default\">Revolucija pri barvanju obrvi<\/h2>\t\t\t\t<\/div>\n\t\t\t\t<\/div>\n\t\t\t\t<div class=\"elementor-element elementor-element-3130bb21 elementor-widget elementor-widget-text-editor\" data-id=\"3130bb21\" data-element_type=\"widget\" data-widget_type=\"text-editor.default\">\n\t\t\t\t<div class=\"elementor-widget-container\">\n\t\t\t\t\t\t\t\t\t<p><span style=\"font-weight: 400;\">Infinity Aqua Drops predstavljajo preboj v tehnologiji barvanja obrvi. Kot prva teko\u010da hibridna barva brez kane na svetu, ponujajo edinstveno prednost peptidov, ki slu\u017eijo gradnji vezi in zagotavljajo lepe in bolj zdrave obrvi. Te inovativne barve zdru\u017eujejo enostavnost tradicionalnih barv z dolgotrajnostjo kane, vendar brez njenih omejitev.   <\/span><\/p>\n<p><span style=\"font-weight: 400;\"><strong>Primerno za<\/strong><strong> airbrush kot tudi za tradicionalno nana\u0161anje.<\/strong> Te barve zagotavljajo vsestranskost brez kompromisov.<\/span><\/p>\n\t\t\t\t\t\t\t\t<\/div>\n\t\t\t\t<\/div>\n\t\t\t\t<div class=\"elementor-element elementor-element-577d349a elementor-widget elementor-widget-toggle\" data-id=\"577d349a\" data-element_type=\"widget\" data-widget_type=\"toggle.default\">\n\t\t\t\t<div class=\"elementor-widget-container\">\n\t\t\t\t\t\t\t<div class=\"elementor-toggle\">\n\t\t\t\t\t\t\t<div class=\"elementor-toggle-item\">\n\t\t\t\t\t<div id=\"elementor-tab-title-1461\" class=\"elementor-tab-title\" data-tab=\"1\" role=\"button\" aria-controls=\"elementor-tab-content-1461\" aria-expanded=\"false\">\n\t\t\t\t\t\t\t\t\t\t\t\t<span class=\"elementor-toggle-icon elementor-toggle-icon-left\" aria-hidden=\"true\">\n\t\t\t\t\t\t\t\t\t\t\t\t\t\t\t<span class=\"elementor-toggle-icon-closed\"><svg class=\"e-font-icon-svg e-fas-caret-right\" viewBox=\"0 0 192 512\" xmlns=\"http:\/\/www.w3.org\/2000\/svg\"><path d=\"M0 384.662V127.338c0-17.818 21.543-26.741 34.142-14.142l128.662 128.662c7.81 7.81 7.81 20.474 0 28.284L34.142 398.804C21.543 411.404 0 402.48 0 384.662z\"><\/path><\/svg><\/span>\n\t\t\t\t\t\t\t\t<span class=\"elementor-toggle-icon-opened\"><svg class=\"elementor-toggle-icon-opened e-font-icon-svg e-fas-caret-up\" viewBox=\"0 0 320 512\" xmlns=\"http:\/\/www.w3.org\/2000\/svg\"><path d=\"M288.662 352H31.338c-17.818 0-26.741-21.543-14.142-34.142l128.662-128.662c7.81-7.81 20.474-7.81 28.284 0l128.662 128.662c12.6 12.599 3.676 34.142-14.142 34.142z\"><\/path><\/svg><\/span>\n\t\t\t\t\t\t\t\t\t\t\t\t\t<\/span>\n\t\t\t\t\t\t\t\t\t\t\t\t<a class=\"elementor-toggle-title\" tabindex=\"0\">Koraki do dolgotrajne barve<\/a>\n\t\t\t\t\t<\/div>\n\n\t\t\t\t\t<div id=\"elementor-tab-content-1461\" class=\"elementor-tab-content elementor-clearfix\" data-tab=\"1\" role=\"region\" aria-labelledby=\"elementor-tab-title-1461\"><p><b>Korak 1: Infinity Saline Solution<\/b><\/p>\n<p><span style=\"font-weight: 400;\">Preden katera koli barva dose\u017ee obrvi, je pomembno za\u010deti s \u010distim platnom. Saline Solution Infinity Aqua Drops o\u010disti obmo\u010dje obrvi, odstranjuje olja in ne\u010disto\u010de, ki bi lahko motile nanos barve. Ta korak je klju\u010den za zagotovitev, da se barva pravilno oprime in je videti enakomerno.  <\/span><\/p>\n<ul>\n<li style=\"font-weight: 400;\" aria-level=\"1\"><b>Navodila za uporabo:<\/b><span style=\"font-weight: 400;\"> Po \u010di\u0161\u010denju nanesite Saline Solution, da dodatno razmastite ko\u017eo in jo pripravite na barvanje. Ta raztopina je varna za uporabo okoli ob\u010dutljivega predela o\u010di in pomaga prepre\u010diti morebitno dra\u017eenje med postopkom barvanja. Uporabite Saline Solution po drugem koraku laminacije obrvi za razmastitev obmo\u010dja in odstranitev olj pred hibridnim barvanjem in voskanjem.  <\/span><\/li>\n<\/ul>\n<p><b>Korak 2: Infinity Tint Oxidizer<\/b><\/p>\n<p><span style=\"font-weight: 400;\">Ustvarite popoln odtenek z me\u0161anjem izbranih barv Infinity Aqua Drops z oksidantom. Me\u0161anica je formulirana tako, da je ne\u017ena, a u\u010dinkovita, kar omogo\u010da natan\u010den in \u010dist nanos tudi na ob\u010dutljivo obmo\u010dje ko\u017ee. <\/span><\/p>\n<ul>\n<li style=\"font-weight: 400;\" aria-level=\"1\"><b>Navodila za uporabo:<\/b><span style=\"font-weight: 400;\"> Zme\u0161ajte barvo z oksidantom v razmerju 1:1 za bolj kremasto konsistenco, popolno za obi\u010dajno barvanje obrvi. Za Airbrush obrvi mora biti konsistenca nekoliko bolj teko\u010da, zato jo me\u0161ajte v razmerju 3:1 ali 2:1. <\/span><\/li>\n<\/ul>\n<p><b>Korak 3: Barvanje<\/b><\/p>\n<p><span style=\"font-weight: 400;\">Pustite, da barva deluje. \u010cas delovanja prilagodite \u017eeleni intenzivnosti barve. Ta faza je klju\u010dna, saj definira odtenek in zagotovi dolgotrajnost barve tako na ko\u017ei kot na dla\u010dicah. <\/span><\/p>\n<ul>\n<li style=\"font-weight: 400;\" aria-level=\"1\"><span style=\"font-weight: 400;\">Barvo pustite delovati do 15 minut, nato jo ne\u017eno odstranite z vla\u017eno vatirano blazinico, tako da zagotovite, da je barva popolnoma odstranjena.<\/span><\/li>\n<\/ul>\n<\/div>\n\t\t\t\t<\/div>\n\t\t\t\t\t\t\t\t<\/div>\n\t\t\t\t\t\t<\/div>\n\t\t\t\t<\/div>\n\t\t\t\t<\/div>\n\t\t\t\t\t<\/div>\n\t\t\t\t<\/div>\n\t\t\t\t<\/div>\n\t\t","protected":false},"excerpt":{"rendered":"<p><span style=\"font-weight: 400;\">Razvijalec je posebej oblikovan za uporabo z Infinity barvami. Omogo\u010da varno in u\u010dinkovito doseganje popolnih odtenkov. <\/span><\/p>\n<p><span style=\"font-weight: 400;\">Navodila za uporabo:<\/span><\/p>\n<p><span style=\"font-weight: 400;\">Razvijalec zme\u0161ajte z Infinity barvami v razmerju 1:1, dokler me\u0161anica ne postane kremasta in dobro preme\u0161ana. Nanesite na obrvi ali trepalnice s \u010dopi\u010dem v tankih slojih. Med delom vedno nosite rokavice. Ne me\u0161ajte v kovinski posodi ali s kovinsko lopatico. Izdelek je zasnovan za zagotavljanje dolgotrajnega rezultata.    <\/span><\/p>\n<p>[cg_accordion title=\"Sestavine\"]Pure Water, Hydrogen Peroxide, Cetearyl Alcohol, Ceteareth petrolatum, Glyceryl Stearate, Disodium phosphate, Etidronic acid, Essence [\/cg_accordion] Koli\u010dina: 30 ml Proizvedeno v: ZDA Rok uporabe po odprtju: 24 mesecev<\/p>\n","protected":false},"featured_media":9744,"template":"","meta":{"_acf_changed":false,"_monsterinsights_skip_tracking":false,"_monsterinsights_sitenote_active":false,"_monsterinsights_sitenote_note":"","_monsterinsights_sitenote_category":0},"product_brand":[],"product_cat":[297,298,238,330,214,209],"product_tag":[],"class_list":{"0":"post-14457","1":"product","2":"type-product","3":"status-publish","4":"has-post-thumbnail","6":"product_cat-infinity-sl","7":"product_cat-laminacija-obrvi-sl-6","8":"product_cat-nakup-po-znamki","9":"product_cat-barve-za-obrvi-sl-8","10":"product_cat-barve-za-obrvi","11":"product_cat-obrvi","13":"first","14":"outofstock","15":"taxable","16":"shipping-taxable","17":"purchasable","18":"product-type-simple"},"acf":[],"aioseo_notices":[],"_links":{"self":[{"href":"https:\/\/browsomepro.com\/sl\/wp-json\/wp\/v2\/product\/14457","targetHints":{"allow":["GET"]}}],"collection":[{"href":"https:\/\/browsomepro.com\/sl\/wp-json\/wp\/v2\/product"}],"about":[{"href":"https:\/\/browsomepro.com\/sl\/wp-json\/wp\/v2\/types\/product"}],"version-history":[{"count":1,"href":"https:\/\/browsomepro.com\/sl\/wp-json\/wp\/v2\/product\/14457\/revisions"}],"predecessor-version":[{"id":14458,"href":"https:\/\/browsomepro.com\/sl\/wp-json\/wp\/v2\/product\/14457\/revisions\/14458"}],"wp:featuredmedia":[{"embeddable":true,"href":"https:\/\/browsomepro.com\/sl\/wp-json\/wp\/v2\/media\/9744"}],"wp:attachment":[{"href":"https:\/\/browsomepro.com\/sl\/wp-json\/wp\/v2\/media?parent=14457"}],"wp:term":[{"taxonomy":"product_brand","embeddable":true,"href":"https:\/\/browsomepro.com\/sl\/wp-json\/wp\/v2\/product_brand?post=14457"},{"taxonomy":"product_cat","embeddable":true,"href":"https:\/\/browsomepro.com\/sl\/wp-json\/wp\/v2\/product_cat?post=14457"},{"taxonomy":"product_tag","embeddable":true,"href":"https:\/\/browsomepro.com\/sl\/wp-json\/wp\/v2\/product_tag?post=14457"}],"curies":[{"name":"wp","href":"https:\/\/api.w.org\/{rel}","templated":true}]}}