{"id":14427,"date":"2024-05-15T11:54:16","date_gmt":"2024-05-15T11:54:16","guid":{"rendered":"https:\/\/browsomepro.com\/product\/permalift-perfect-line-copic\/"},"modified":"2025-10-16T20:16:20","modified_gmt":"2025-10-16T19:16:20","slug":"permalift-perfect-line-copic","status":"publish","type":"product","link":"https:\/\/browsomepro.com\/sl\/izdelek\/permalift-perfect-line-copic\/","title":{"rendered":"Permalift &#8211; Perfect Line \u010copi\u010d"},"content":{"rendered":"\t\t<div data-elementor-type=\"product-post\" data-elementor-id=\"14427\" class=\"elementor elementor-14427 elementor-10041\" data-elementor-post-type=\"product\">\n\t\t\t\t<div class=\"elementor-element elementor-element-1e4c1707 e-flex e-con-boxed e-con e-parent\" data-id=\"1e4c1707\" data-element_type=\"container\">\n\t\t\t\t\t<div class=\"e-con-inner\">\n\t\t<div class=\"elementor-element elementor-element-30301065 e-con-full e-flex e-con e-child\" data-id=\"30301065\" data-element_type=\"container\">\n\t\t\t\t<div class=\"elementor-element elementor-element-481ca105 elementor-widget elementor-widget-image\" data-id=\"481ca105\" data-element_type=\"widget\" data-widget_type=\"image.default\">\n\t\t\t\t<div class=\"elementor-widget-container\">\n\t\t\t\t\t\t\t\t\t\t\t\t\t\t\t<img fetchpriority=\"high\" decoding=\"async\" width=\"2000\" height=\"2000\" src=\"https:\/\/browsomepro.com\/wp-content\/uploads\/2024\/05\/permalift-brushes-tools-browsome.webp\" class=\"attachment-full size-full wp-image-13714\" alt=\"\" srcset=\"https:\/\/browsomepro.com\/wp-content\/uploads\/2024\/05\/permalift-brushes-tools-browsome.webp 2000w, https:\/\/browsomepro.com\/wp-content\/uploads\/2024\/05\/permalift-brushes-tools-browsome-300x300.webp 300w, https:\/\/browsomepro.com\/wp-content\/uploads\/2024\/05\/permalift-brushes-tools-browsome-150x150.webp 150w, https:\/\/browsomepro.com\/wp-content\/uploads\/2024\/05\/permalift-brushes-tools-browsome-800x800.webp 800w, https:\/\/browsomepro.com\/wp-content\/uploads\/2024\/05\/permalift-brushes-tools-browsome-1024x1024.webp 1024w, https:\/\/browsomepro.com\/wp-content\/uploads\/2024\/05\/permalift-brushes-tools-browsome-768x768.webp 768w, https:\/\/browsomepro.com\/wp-content\/uploads\/2024\/05\/permalift-brushes-tools-browsome-1536x1536.webp 1536w, https:\/\/browsomepro.com\/wp-content\/uploads\/2024\/05\/permalift-brushes-tools-browsome-990x990.webp 990w, https:\/\/browsomepro.com\/wp-content\/uploads\/2024\/05\/permalift-brushes-tools-browsome-441x441.webp 441w, https:\/\/browsomepro.com\/wp-content\/uploads\/2024\/05\/permalift-brushes-tools-browsome-100x100.webp 100w\" sizes=\"(max-width: 360px) 147px, (max-width: 2000px) 100vw, 2000px\" \/>\t\t\t\t\t\t\t\t\t\t\t\t\t\t\t<\/div>\n\t\t\t\t<\/div>\n\t\t\t\t<\/div>\n\t\t<div class=\"elementor-element elementor-element-6f13076 e-con-full e-flex e-con e-child\" data-id=\"6f13076\" data-element_type=\"container\" data-settings=\"{&quot;background_background&quot;:&quot;classic&quot;}\">\n\t\t\t\t<div class=\"elementor-element elementor-element-3b8177ca elementor-widget elementor-widget-heading\" data-id=\"3b8177ca\" data-element_type=\"widget\" data-widget_type=\"heading.default\">\n\t\t\t\t<div class=\"elementor-widget-container\">\n\t\t\t\t\t<h2 class=\"elementor-heading-title elementor-size-default\">Permalift Must-Have \u010copi\u010di<\/h2>\t\t\t\t<\/div>\n\t\t\t\t<\/div>\n\t\t\t\t<div class=\"elementor-element elementor-element-7674b4c8 elementor-widget elementor-widget-text-editor\" data-id=\"7674b4c8\" data-element_type=\"widget\" data-widget_type=\"text-editor.default\">\n\t\t\t\t<div class=\"elementor-widget-container\">\n\t\t\t\t\t\t\t\t\t<p><span style=\"font-weight: 400;\">Nadgradite svoje tretmaje obrvi in trepalnic s kompletom \u010dopi\u010dev Permalift, profesionalno oblikovanimi za artiste, ki i\u0161\u010dejo natan\u010dnost in kakovost. Vsak set ponuja specializirane pripomo\u010dke, prilagojene izbolj\u0161anju vsakega koraka va\u0161e storitve &#8211; od nanosa serumov do zaklju\u010dnih dotikov, kar zagotavlja brezhibne rezultate. <\/span><\/p>\n<p><b>Permalift Brow \u010copi\u010di Master Kit<\/b><\/p>\n<p><span style=\"font-weight: 400;\">Komplet sedmih razli\u010dnih \u010dopi\u010dev izpolnjuje razli\u010dne potrebe pri tretmajih obrvi. Ne glede na to, ali nana\u0161ate barvo, korektor ali osvetljevalec, vam ti \u010dopi\u010di pomagajo dose\u010di natan\u010dne linije in brezhibno zabrisovanje.  <\/span><\/p>\n<p><b>Permalift Brow and Lash Silikonski \u010copi\u010di Set<\/b><\/p>\n<p><span style=\"font-weight: 400;\">Set je posebej oblikovan za postopke dviga obrvi in trepalnic ter vklju\u010duje pet silikonskih \u010dopi\u010dev, od katerih je vsak namenjen razli\u010dnim korakom postopka laminacije in vihanja. Silikonski \u010dopi\u010di so idealni za enakomerno nana\u0161anje serumov brez absorpcije izdelka. <\/span><\/p>\n\t\t\t\t\t\t\t\t<\/div>\n\t\t\t\t<\/div>\n\t\t\t\t<div class=\"elementor-element elementor-element-60e37b7b elementor-widget elementor-widget-toggle\" data-id=\"60e37b7b\" data-element_type=\"widget\" data-widget_type=\"toggle.default\">\n\t\t\t\t<div class=\"elementor-widget-container\">\n\t\t\t\t\t\t\t<div class=\"elementor-toggle\">\n\t\t\t\t\t\t\t<div class=\"elementor-toggle-item\">\n\t\t\t\t\t<div id=\"elementor-tab-title-1621\" class=\"elementor-tab-title\" data-tab=\"1\" role=\"button\" aria-controls=\"elementor-tab-content-1621\" aria-expanded=\"false\">\n\t\t\t\t\t\t\t\t\t\t\t\t<span class=\"elementor-toggle-icon elementor-toggle-icon-left\" aria-hidden=\"true\">\n\t\t\t\t\t\t\t\t\t\t\t\t\t\t\t<span class=\"elementor-toggle-icon-closed\"><svg class=\"e-font-icon-svg e-fas-caret-right\" viewBox=\"0 0 192 512\" xmlns=\"http:\/\/www.w3.org\/2000\/svg\"><path d=\"M0 384.662V127.338c0-17.818 21.543-26.741 34.142-14.142l128.662 128.662c7.81 7.81 7.81 20.474 0 28.284L34.142 398.804C21.543 411.404 0 402.48 0 384.662z\"><\/path><\/svg><\/span>\n\t\t\t\t\t\t\t\t<span class=\"elementor-toggle-icon-opened\"><svg class=\"elementor-toggle-icon-opened e-font-icon-svg e-fas-caret-up\" viewBox=\"0 0 320 512\" xmlns=\"http:\/\/www.w3.org\/2000\/svg\"><path d=\"M288.662 352H31.338c-17.818 0-26.741-21.543-14.142-34.142l128.662-128.662c7.81-7.81 20.474-7.81 28.284 0l128.662 128.662c12.6 12.599 3.676 34.142-14.142 34.142z\"><\/path><\/svg><\/span>\n\t\t\t\t\t\t\t\t\t\t\t\t\t<\/span>\n\t\t\t\t\t\t\t\t\t\t\t\t<a class=\"elementor-toggle-title\" tabindex=\"0\">Kako skrbeti za svoje \u010dopi\u010de<\/a>\n\t\t\t\t\t<\/div>\n\n\t\t\t\t\t<div id=\"elementor-tab-content-1621\" class=\"elementor-tab-content elementor-clearfix\" data-tab=\"1\" role=\"region\" aria-labelledby=\"elementor-tab-title-1621\"><p><span style=\"font-weight: 400;\">Da ohranite svoje \u010dopi\u010de v najbolj\u0161em stanju, sledite tem preprostim navodilom za nego:<\/span><\/p>\n<ol>\n<li style=\"font-weight: 400;\" aria-level=\"1\"><span style=\"font-weight: 400;\">Sperite \u010dopi\u010de pod mla\u010dno vodo po vsaki uporabi.<\/span><\/li>\n<li style=\"font-weight: 400;\" aria-level=\"1\"><span style=\"font-weight: 400;\">Nanesite ne\u017eno \u010distilo in ne\u017eno skrta\u010dite \u010dopi\u010de.<\/span><\/li>\n<li style=\"font-weight: 400;\" aria-level=\"1\"><span style=\"font-weight: 400;\">Temeljito sperite, da odstranite vso milo in ostanke.<\/span><\/li>\n<li style=\"font-weight: 400;\" aria-level=\"1\"><span style=\"font-weight: 400;\">Ne\u017eno osu\u0161ite \u010dopi\u010de s \u010disto brisa\u010do, da odstranite odve\u010dno vlago.<\/span><\/li>\n<li style=\"font-weight: 400;\" aria-level=\"1\"><span style=\"font-weight: 400;\">Ponovno oblikujte glave \u010dopi\u010dev in jih pustite, da se posu\u0161ijo na zraku. Polo\u017eite jih ravno na podlago, da ohranijo obliko.<\/span><\/li>\n<\/ol>\n<\/div>\n\t\t\t\t<\/div>\n\t\t\t\t\t\t\t\t<\/div>\n\t\t\t\t\t\t<\/div>\n\t\t\t\t<\/div>\n\t\t\t\t<\/div>\n\t\t\t\t\t<\/div>\n\t\t\t\t<\/div>\n\t\t\t\t<\/div>\n\t\t","protected":false},"excerpt":{"rendered":"<p>Nepremagljiva najljub\u0161i \u010dopi\u010d iz kompleta Brow Brushes Master Kit. S tem \u010dopi\u010dem lahko lepo in gladko nanesete razli\u010dne produkte v finih linijah \u2013 primeren za vihanje trepalnic, laminacijo obrvi ali barvanje obrvi. <\/p>\n","protected":false},"featured_media":13696,"template":"","meta":{"_acf_changed":false,"_monsterinsights_skip_tracking":false,"_monsterinsights_sitenote_active":false,"_monsterinsights_sitenote_note":"","_monsterinsights_sitenote_category":0},"product_brand":[],"product_cat":[238,288,292,210,209],"product_tag":[],"class_list":{"0":"post-14427","1":"product","2":"type-product","3":"status-publish","4":"has-post-thumbnail","6":"product_cat-nakup-po-znamki","7":"product_cat-permalift-sl","8":"product_cat-pripomocki-sl-2","9":"product_cat-dodatki","10":"product_cat-obrvi","12":"first","13":"instock","14":"taxable","15":"shipping-taxable","16":"purchasable","17":"product-type-simple"},"acf":[],"aioseo_notices":[],"_links":{"self":[{"href":"https:\/\/browsomepro.com\/sl\/wp-json\/wp\/v2\/product\/14427","targetHints":{"allow":["GET"]}}],"collection":[{"href":"https:\/\/browsomepro.com\/sl\/wp-json\/wp\/v2\/product"}],"about":[{"href":"https:\/\/browsomepro.com\/sl\/wp-json\/wp\/v2\/types\/product"}],"version-history":[{"count":1,"href":"https:\/\/browsomepro.com\/sl\/wp-json\/wp\/v2\/product\/14427\/revisions"}],"predecessor-version":[{"id":14428,"href":"https:\/\/browsomepro.com\/sl\/wp-json\/wp\/v2\/product\/14427\/revisions\/14428"}],"wp:featuredmedia":[{"embeddable":true,"href":"https:\/\/browsomepro.com\/sl\/wp-json\/wp\/v2\/media\/13696"}],"wp:attachment":[{"href":"https:\/\/browsomepro.com\/sl\/wp-json\/wp\/v2\/media?parent=14427"}],"wp:term":[{"taxonomy":"product_brand","embeddable":true,"href":"https:\/\/browsomepro.com\/sl\/wp-json\/wp\/v2\/product_brand?post=14427"},{"taxonomy":"product_cat","embeddable":true,"href":"https:\/\/browsomepro.com\/sl\/wp-json\/wp\/v2\/product_cat?post=14427"},{"taxonomy":"product_tag","embeddable":true,"href":"https:\/\/browsomepro.com\/sl\/wp-json\/wp\/v2\/product_tag?post=14427"}],"curies":[{"name":"wp","href":"https:\/\/api.w.org\/{rel}","templated":true}]}}