{"id":14419,"date":"2024-05-15T13:49:32","date_gmt":"2024-05-15T12:49:32","guid":{"rendered":"https:\/\/browsomepro.com\/product\/permalift-brow-lift-perming-lotion-no-1\/"},"modified":"2025-09-11T09:50:14","modified_gmt":"2025-09-11T08:50:14","slug":"permalift-brow-lift-perming-lotion-no-1","status":"publish","type":"product","link":"https:\/\/browsomepro.com\/sl\/izdelek\/permalift-brow-lift-perming-lotion-no-1\/","title":{"rendered":"Permalift &#8211; Brow Lift Perming lotion no.1"},"content":{"rendered":"\t\t<div data-elementor-type=\"product-post\" data-elementor-id=\"14419\" class=\"elementor elementor-14419 elementor-10071\" data-elementor-post-type=\"product\">\n\t\t\t\t<div class=\"elementor-element elementor-element-b8d62f7 e-flex e-con-boxed e-con e-parent\" data-id=\"b8d62f7\" data-element_type=\"container\">\n\t\t\t\t\t<div class=\"e-con-inner\">\n\t\t<div class=\"elementor-element elementor-element-101855cd e-con-full e-flex e-con e-child\" data-id=\"101855cd\" data-element_type=\"container\">\n\t\t\t\t<div class=\"elementor-element elementor-element-1d222524 elementor-widget elementor-widget-image\" data-id=\"1d222524\" data-element_type=\"widget\" data-widget_type=\"image.default\">\n\t\t\t\t<div class=\"elementor-widget-container\">\n\t\t\t\t\t\t\t\t\t\t\t\t\t\t\t<img fetchpriority=\"high\" decoding=\"async\" width=\"2000\" height=\"2000\" src=\"https:\/\/browsomepro.com\/wp-content\/uploads\/2024\/05\/permalift-brow-sistem-browsome-1.webp\" class=\"attachment-full size-full wp-image-13713\" alt=\"\" srcset=\"https:\/\/browsomepro.com\/wp-content\/uploads\/2024\/05\/permalift-brow-sistem-browsome-1.webp 2000w, https:\/\/browsomepro.com\/wp-content\/uploads\/2024\/05\/permalift-brow-sistem-browsome-1-300x300.webp 300w, https:\/\/browsomepro.com\/wp-content\/uploads\/2024\/05\/permalift-brow-sistem-browsome-1-150x150.webp 150w, https:\/\/browsomepro.com\/wp-content\/uploads\/2024\/05\/permalift-brow-sistem-browsome-1-800x800.webp 800w, https:\/\/browsomepro.com\/wp-content\/uploads\/2024\/05\/permalift-brow-sistem-browsome-1-1024x1024.webp 1024w, https:\/\/browsomepro.com\/wp-content\/uploads\/2024\/05\/permalift-brow-sistem-browsome-1-768x768.webp 768w, https:\/\/browsomepro.com\/wp-content\/uploads\/2024\/05\/permalift-brow-sistem-browsome-1-1536x1536.webp 1536w, https:\/\/browsomepro.com\/wp-content\/uploads\/2024\/05\/permalift-brow-sistem-browsome-1-990x990.webp 990w, https:\/\/browsomepro.com\/wp-content\/uploads\/2024\/05\/permalift-brow-sistem-browsome-1-441x441.webp 441w, https:\/\/browsomepro.com\/wp-content\/uploads\/2024\/05\/permalift-brow-sistem-browsome-1-100x100.webp 100w\" sizes=\"(max-width: 360px) 147px, (max-width: 2000px) 100vw, 2000px\" \/>\t\t\t\t\t\t\t\t\t\t\t\t\t\t\t<\/div>\n\t\t\t\t<\/div>\n\t\t\t\t<\/div>\n\t\t<div class=\"elementor-element elementor-element-6719e462 e-con-full e-flex e-con e-child\" data-id=\"6719e462\" data-element_type=\"container\" data-settings=\"{&quot;background_background&quot;:&quot;classic&quot;}\">\n\t\t\t\t<div class=\"elementor-element elementor-element-abe4b50 elementor-widget elementor-widget-heading\" data-id=\"abe4b50\" data-element_type=\"widget\" data-widget_type=\"heading.default\">\n\t\t\t\t<div class=\"elementor-widget-container\">\n\t\t\t\t\t<h2 class=\"elementor-heading-title elementor-size-default\">Napredna formulacija za optimalne rezultate<\/h2>\t\t\t\t<\/div>\n\t\t\t\t<\/div>\n\t\t\t\t<div class=\"elementor-element elementor-element-445aa10c elementor-widget elementor-widget-text-editor\" data-id=\"445aa10c\" data-element_type=\"widget\" data-widget_type=\"text-editor.default\">\n\t\t\t\t<div class=\"elementor-widget-container\">\n\t\t\t\t\t\t\t\t\t<p><span style=\"font-weight: 400;\">Permalift sistem za laminacijo obrvi izstopa s svojimi edinstvenimi veganskimi formulami, ki zdru\u017eujejo u\u010dinkovitost in varnost ter zagotavljajo, da vsaka tretma laminacije poudari naravno lepoto va\u0161ih strank, ne da bi ogrozila zdravje njihovih obrvi.<\/span><\/p>\n<p><span style=\"font-weight: 400;\">Vsak korak v Permalift sistemu vsebuje skrbno izbrane sestavine, ki ohranjajo obrvi mo\u010dne in svilnate. <\/span><\/p>\n<p><b>Koraki do \u010dudovitih obrvi<\/b><\/p>\n<p><span style=\"font-weight: 400;\">Postopek laminacije obrvi Permalift je zasnovan tako, da vam omogo\u010da nadzor nad tretmajem, prilagajanje razli\u010dnim tipom dla\u010dic in \u017eeljenim rezultatom.<\/span><\/p>\n\t\t\t\t\t\t\t\t<\/div>\n\t\t\t\t<\/div>\n\t\t\t\t<div class=\"elementor-element elementor-element-6bc7546b elementor-widget elementor-widget-toggle\" data-id=\"6bc7546b\" data-element_type=\"widget\" data-widget_type=\"toggle.default\">\n\t\t\t\t<div class=\"elementor-widget-container\">\n\t\t\t\t\t\t\t<div class=\"elementor-toggle\">\n\t\t\t\t\t\t\t<div class=\"elementor-toggle-item\">\n\t\t\t\t\t<div id=\"elementor-tab-title-1801\" class=\"elementor-tab-title\" data-tab=\"1\" role=\"button\" aria-controls=\"elementor-tab-content-1801\" aria-expanded=\"false\">\n\t\t\t\t\t\t\t\t\t\t\t\t<span class=\"elementor-toggle-icon elementor-toggle-icon-left\" aria-hidden=\"true\">\n\t\t\t\t\t\t\t\t\t\t\t\t\t\t\t<span class=\"elementor-toggle-icon-closed\"><svg class=\"e-font-icon-svg e-fas-caret-right\" viewBox=\"0 0 192 512\" xmlns=\"http:\/\/www.w3.org\/2000\/svg\"><path d=\"M0 384.662V127.338c0-17.818 21.543-26.741 34.142-14.142l128.662 128.662c7.81 7.81 7.81 20.474 0 28.284L34.142 398.804C21.543 411.404 0 402.48 0 384.662z\"><\/path><\/svg><\/span>\n\t\t\t\t\t\t\t\t<span class=\"elementor-toggle-icon-opened\"><svg class=\"elementor-toggle-icon-opened e-font-icon-svg e-fas-caret-up\" viewBox=\"0 0 320 512\" xmlns=\"http:\/\/www.w3.org\/2000\/svg\"><path d=\"M288.662 352H31.338c-17.818 0-26.741-21.543-14.142-34.142l128.662-128.662c7.81-7.81 20.474-7.81 28.284 0l128.662 128.662c12.6 12.599 3.676 34.142-14.142 34.142z\"><\/path><\/svg><\/span>\n\t\t\t\t\t\t\t\t\t\t\t\t\t<\/span>\n\t\t\t\t\t\t\t\t\t\t\t\t<a class=\"elementor-toggle-title\" tabindex=\"0\">Korak 1 - Brow Lift Pro Express Perming Lotion<\/a>\n\t\t\t\t\t<\/div>\n\n\t\t\t\t\t<div id=\"elementor-tab-content-1801\" class=\"elementor-tab-content elementor-clearfix\" data-tab=\"1\" role=\"region\" aria-labelledby=\"elementor-tab-title-1801\"><p><span style=\"font-weight: 400;\">Prvi korak zmeh\u010da dlake, jih ne\u017eno sprocesira, a hkrati tudi \u0161\u010diti. Edinstvena formula \u0161\u010diti ob\u010dutljive dlake pred po\u0161kodbami. <\/span><\/p>\n<p><span style=\"font-weight: 400;\">Pokrijte z osmotsko folijo in pustite delovati 2 minuti. Nato odstranite folijo in po\u010de\u0161ite dlake obrvi. Pustite delovati 8 do 15 minut, odvisno od stanja dlak in \u017eelene intenzivnosti. Odstranite s suho bomba\u017eno blazinico.   <\/span><\/p>\n<\/div>\n\t\t\t\t<\/div>\n\t\t\t\t\t\t\t<div class=\"elementor-toggle-item\">\n\t\t\t\t\t<div id=\"elementor-tab-title-1802\" class=\"elementor-tab-title\" data-tab=\"2\" role=\"button\" aria-controls=\"elementor-tab-content-1802\" aria-expanded=\"false\">\n\t\t\t\t\t\t\t\t\t\t\t\t<span class=\"elementor-toggle-icon elementor-toggle-icon-left\" aria-hidden=\"true\">\n\t\t\t\t\t\t\t\t\t\t\t\t\t\t\t<span class=\"elementor-toggle-icon-closed\"><svg class=\"e-font-icon-svg e-fas-caret-right\" viewBox=\"0 0 192 512\" xmlns=\"http:\/\/www.w3.org\/2000\/svg\"><path d=\"M0 384.662V127.338c0-17.818 21.543-26.741 34.142-14.142l128.662 128.662c7.81 7.81 7.81 20.474 0 28.284L34.142 398.804C21.543 411.404 0 402.48 0 384.662z\"><\/path><\/svg><\/span>\n\t\t\t\t\t\t\t\t<span class=\"elementor-toggle-icon-opened\"><svg class=\"elementor-toggle-icon-opened e-font-icon-svg e-fas-caret-up\" viewBox=\"0 0 320 512\" xmlns=\"http:\/\/www.w3.org\/2000\/svg\"><path d=\"M288.662 352H31.338c-17.818 0-26.741-21.543-14.142-34.142l128.662-128.662c7.81-7.81 20.474-7.81 28.284 0l128.662 128.662c12.6 12.599 3.676 34.142-14.142 34.142z\"><\/path><\/svg><\/span>\n\t\t\t\t\t\t\t\t\t\t\t\t\t<\/span>\n\t\t\t\t\t\t\t\t\t\t\t\t<a class=\"elementor-toggle-title\" tabindex=\"0\">Korak 2 - Brow Lift Fixing Lotion<\/a>\n\t\t\t\t\t<\/div>\n\n\t\t\t\t\t<div id=\"elementor-tab-content-1802\" class=\"elementor-tab-content elementor-clearfix\" data-tab=\"2\" role=\"region\" aria-labelledby=\"elementor-tab-title-1802\"><p><span style=\"font-weight: 400;\">Ko so obrvi sprocesirane, ta losjon utrdi obliko. Njegova formula z vodikovim peroksidom u\u010dinkovito utrdi dlake brez \u0161kodljivih vplivov.  <\/span><\/p>\n<p><span style=\"font-weight: 400;\">Pustite delovati 10 minut ali prilagodite \u010das glede na korak 1 za bolj prilagojen tretma. Odstranite s suho bomba\u017eno blazinico.  <\/span><\/p>\n<\/div>\n\t\t\t\t<\/div>\n\t\t\t\t\t\t\t<div class=\"elementor-toggle-item\">\n\t\t\t\t\t<div id=\"elementor-tab-title-1803\" class=\"elementor-tab-title\" data-tab=\"3\" role=\"button\" aria-controls=\"elementor-tab-content-1803\" aria-expanded=\"false\">\n\t\t\t\t\t\t\t\t\t\t\t\t<span class=\"elementor-toggle-icon elementor-toggle-icon-left\" aria-hidden=\"true\">\n\t\t\t\t\t\t\t\t\t\t\t\t\t\t\t<span class=\"elementor-toggle-icon-closed\"><svg class=\"e-font-icon-svg e-fas-caret-right\" viewBox=\"0 0 192 512\" xmlns=\"http:\/\/www.w3.org\/2000\/svg\"><path d=\"M0 384.662V127.338c0-17.818 21.543-26.741 34.142-14.142l128.662 128.662c7.81 7.81 7.81 20.474 0 28.284L34.142 398.804C21.543 411.404 0 402.48 0 384.662z\"><\/path><\/svg><\/span>\n\t\t\t\t\t\t\t\t<span class=\"elementor-toggle-icon-opened\"><svg class=\"elementor-toggle-icon-opened e-font-icon-svg e-fas-caret-up\" viewBox=\"0 0 320 512\" xmlns=\"http:\/\/www.w3.org\/2000\/svg\"><path d=\"M288.662 352H31.338c-17.818 0-26.741-21.543-14.142-34.142l128.662-128.662c7.81-7.81 20.474-7.81 28.284 0l128.662 128.662c12.6 12.599 3.676 34.142-14.142 34.142z\"><\/path><\/svg><\/span>\n\t\t\t\t\t\t\t\t\t\t\t\t\t<\/span>\n\t\t\t\t\t\t\t\t\t\t\t\t<a class=\"elementor-toggle-title\" tabindex=\"0\">Korak 3 - Mineral Boost (opcijsko) <\/a>\n\t\t\t\t\t<\/div>\n\n\t\t\t\t\t<div id=\"elementor-tab-content-1803\" class=\"elementor-tab-content elementor-clearfix\" data-tab=\"3\" role=\"region\" aria-labelledby=\"elementor-tab-title-1803\"><p><span style=\"font-weight: 400;\">Ta pomemben korak vna\u0161a v obrvi bogato me\u0161anico keratina, naravnega proteina, ki krepi strukturo dlak. Losjon izbolj\u0161uje trajanje dviga in barve, ter dodaja zdrav sijaj. <\/span><\/p>\n<\/div>\n\t\t\t\t<\/div>\n\t\t\t\t\t\t\t<div class=\"elementor-toggle-item\">\n\t\t\t\t\t<div id=\"elementor-tab-title-1804\" class=\"elementor-tab-title\" data-tab=\"4\" role=\"button\" aria-controls=\"elementor-tab-content-1804\" aria-expanded=\"false\">\n\t\t\t\t\t\t\t\t\t\t\t\t<span class=\"elementor-toggle-icon elementor-toggle-icon-left\" aria-hidden=\"true\">\n\t\t\t\t\t\t\t\t\t\t\t\t\t\t\t<span class=\"elementor-toggle-icon-closed\"><svg class=\"e-font-icon-svg e-fas-caret-right\" viewBox=\"0 0 192 512\" xmlns=\"http:\/\/www.w3.org\/2000\/svg\"><path d=\"M0 384.662V127.338c0-17.818 21.543-26.741 34.142-14.142l128.662 128.662c7.81 7.81 7.81 20.474 0 28.284L34.142 398.804C21.543 411.404 0 402.48 0 384.662z\"><\/path><\/svg><\/span>\n\t\t\t\t\t\t\t\t<span class=\"elementor-toggle-icon-opened\"><svg class=\"elementor-toggle-icon-opened e-font-icon-svg e-fas-caret-up\" viewBox=\"0 0 320 512\" xmlns=\"http:\/\/www.w3.org\/2000\/svg\"><path d=\"M288.662 352H31.338c-17.818 0-26.741-21.543-14.142-34.142l128.662-128.662c7.81-7.81 20.474-7.81 28.284 0l128.662 128.662c12.6 12.599 3.676 34.142-14.142 34.142z\"><\/path><\/svg><\/span>\n\t\t\t\t\t\t\t\t\t\t\t\t\t<\/span>\n\t\t\t\t\t\t\t\t\t\t\t\t<a class=\"elementor-toggle-title\" tabindex=\"0\">Korak 4 - Lash Lift Keratin Lotion<\/a>\n\t\t\t\t\t<\/div>\n\n\t\t\t\t\t<div id=\"elementor-tab-content-1804\" class=\"elementor-tab-content elementor-clearfix\" data-tab=\"4\" role=\"region\" aria-labelledby=\"elementor-tab-title-1804\"><p><span style=\"font-weight: 400;\">Ta pomemben korak vna\u0161a v obrvi bogato me\u0161anico keratina, naravnega proteina, ki krepi strukturo dlak. Losjon izbolj\u0161uje trajanje laminacije in barve, ter dodaja zdrav sijaj. <\/span><\/p>\n<p><span style=\"font-weight: 400;\">Edinstvena formula brez izpiranja omogo\u010da, da se krepitev obrvi nadaljuje tudi po koncu tretmaja, kar zagotavlja dolgotrajne rezultate za va\u0161e stranke.<\/span><\/p>\n<\/div>\n\t\t\t\t<\/div>\n\t\t\t\t\t\t\t\t<\/div>\n\t\t\t\t\t\t<\/div>\n\t\t\t\t<\/div>\n\t\t\t\t<\/div>\n\t\t\t\t\t<\/div>\n\t\t\t\t<\/div>\n\t\t\t\t<\/div>\n\t\t","protected":false},"excerpt":{"rendered":"<p><span style=\"font-weight: 400;\">Prvi korak zmeh\u010da obrvi z amonijevim tioglikolatom, nudi za\u0161\u010ditne elemente, ki ne\u017eno sprocesirajo tudi najbolj trde obrvi. Njegova edinstvena formula \u0161\u010diti ob\u010dutljive obrvi pred morebitnimi po\u0161kodbami. <\/span><\/p>\n<p>[cg_accordion title=\"Sestavine\"]Aqua, Ammonium Thioglycolate, Cetearyl Alcohol, Ceteareth-20, Ethanolamine, Glycerin, Paraffinum Liquidum, Chamomilla recutita, Hydrolyzed Corn Protein, Hydrolyzed Wheat Protein, Hydrolyzed Soy Protein, Dimethicone, Parfum, Polyquaternium-6, Etidronic Acid, Cetrimonium, Chloride, Ammonium Hydroxide, Phenoxyethanol, Ethylhexylglycerin, Tetrasodium Edta, Sodium Sulfite, Propylene Glycol, Citronellol [\/cg_accordion] Koli\u010dina: 5 ml Proizvedeno v: EU Rok uporabe po odprtju: 6 mesecev<\/p>\n","protected":false},"featured_media":13691,"template":"","meta":{"_acf_changed":false,"_monsterinsights_skip_tracking":false,"_monsterinsights_sitenote_active":false,"_monsterinsights_sitenote_note":"","_monsterinsights_sitenote_category":0},"product_brand":[],"product_cat":[293,238,288,215,209],"product_tag":[],"class_list":{"0":"post-14419","1":"product","2":"type-product","3":"status-publish","4":"has-post-thumbnail","6":"product_cat-laminacija-obrvi-sl-5","7":"product_cat-nakup-po-znamki","8":"product_cat-permalift-sl","9":"product_cat-laminacija-obrvi","10":"product_cat-obrvi","12":"first","13":"outofstock","14":"taxable","15":"shipping-taxable","16":"purchasable","17":"product-type-simple"},"acf":[],"aioseo_notices":[],"_links":{"self":[{"href":"https:\/\/browsomepro.com\/sl\/wp-json\/wp\/v2\/product\/14419","targetHints":{"allow":["GET"]}}],"collection":[{"href":"https:\/\/browsomepro.com\/sl\/wp-json\/wp\/v2\/product"}],"about":[{"href":"https:\/\/browsomepro.com\/sl\/wp-json\/wp\/v2\/types\/product"}],"version-history":[{"count":1,"href":"https:\/\/browsomepro.com\/sl\/wp-json\/wp\/v2\/product\/14419\/revisions"}],"predecessor-version":[{"id":14420,"href":"https:\/\/browsomepro.com\/sl\/wp-json\/wp\/v2\/product\/14419\/revisions\/14420"}],"wp:featuredmedia":[{"embeddable":true,"href":"https:\/\/browsomepro.com\/sl\/wp-json\/wp\/v2\/media\/13691"}],"wp:attachment":[{"href":"https:\/\/browsomepro.com\/sl\/wp-json\/wp\/v2\/media?parent=14419"}],"wp:term":[{"taxonomy":"product_brand","embeddable":true,"href":"https:\/\/browsomepro.com\/sl\/wp-json\/wp\/v2\/product_brand?post=14419"},{"taxonomy":"product_cat","embeddable":true,"href":"https:\/\/browsomepro.com\/sl\/wp-json\/wp\/v2\/product_cat?post=14419"},{"taxonomy":"product_tag","embeddable":true,"href":"https:\/\/browsomepro.com\/sl\/wp-json\/wp\/v2\/product_tag?post=14419"}],"curies":[{"name":"wp","href":"https:\/\/api.w.org\/{rel}","templated":true}]}}