{"id":14405,"date":"2024-05-16T07:19:56","date_gmt":"2024-05-16T07:19:56","guid":{"rendered":"https:\/\/browsomepro.com\/product\/permalift-tint-ring\/"},"modified":"2025-01-15T13:00:10","modified_gmt":"2025-01-15T12:00:10","slug":"permalift-tint-ring","status":"publish","type":"product","link":"https:\/\/browsomepro.com\/sl\/izdelek\/permalift-tint-ring\/","title":{"rendered":"Permalift &#8211; Tint Ring"},"content":{"rendered":"\t\t<div data-elementor-type=\"product-post\" data-elementor-id=\"14405\" class=\"elementor elementor-14405 elementor-10121\" data-elementor-post-type=\"product\">\n\t\t\t\t<div class=\"elementor-element elementor-element-437e276d e-flex e-con-boxed e-con e-parent\" data-id=\"437e276d\" data-element_type=\"container\">\n\t\t\t\t\t<div class=\"e-con-inner\">\n\t\t<div class=\"elementor-element elementor-element-dff617c e-con-full e-flex e-con e-child\" data-id=\"dff617c\" data-element_type=\"container\">\n\t\t\t\t<div class=\"elementor-element elementor-element-7c9c5632 elementor-widget elementor-widget-image\" data-id=\"7c9c5632\" data-element_type=\"widget\" data-widget_type=\"image.default\">\n\t\t\t\t<div class=\"elementor-widget-container\">\n\t\t\t\t\t\t\t\t\t\t\t\t\t\t\t<img fetchpriority=\"high\" decoding=\"async\" width=\"2000\" height=\"2000\" src=\"https:\/\/browsomepro.com\/wp-content\/uploads\/2024\/05\/permalift-precision-tools-browsome.webp\" class=\"attachment-full size-full wp-image-13711\" alt=\"\" srcset=\"https:\/\/browsomepro.com\/wp-content\/uploads\/2024\/05\/permalift-precision-tools-browsome.webp 2000w, https:\/\/browsomepro.com\/wp-content\/uploads\/2024\/05\/permalift-precision-tools-browsome-300x300.webp 300w, https:\/\/browsomepro.com\/wp-content\/uploads\/2024\/05\/permalift-precision-tools-browsome-150x150.webp 150w, https:\/\/browsomepro.com\/wp-content\/uploads\/2024\/05\/permalift-precision-tools-browsome-800x800.webp 800w, https:\/\/browsomepro.com\/wp-content\/uploads\/2024\/05\/permalift-precision-tools-browsome-1024x1024.webp 1024w, https:\/\/browsomepro.com\/wp-content\/uploads\/2024\/05\/permalift-precision-tools-browsome-768x768.webp 768w, https:\/\/browsomepro.com\/wp-content\/uploads\/2024\/05\/permalift-precision-tools-browsome-1536x1536.webp 1536w, https:\/\/browsomepro.com\/wp-content\/uploads\/2024\/05\/permalift-precision-tools-browsome-990x990.webp 990w, https:\/\/browsomepro.com\/wp-content\/uploads\/2024\/05\/permalift-precision-tools-browsome-441x441.webp 441w, https:\/\/browsomepro.com\/wp-content\/uploads\/2024\/05\/permalift-precision-tools-browsome-100x100.webp 100w\" sizes=\"(max-width: 360px) 147px, (max-width: 2000px) 100vw, 2000px\" \/>\t\t\t\t\t\t\t\t\t\t\t\t\t\t\t<\/div>\n\t\t\t\t<\/div>\n\t\t\t\t<\/div>\n\t\t<div class=\"elementor-element elementor-element-5571a43 e-con-full e-flex e-con e-child\" data-id=\"5571a43\" data-element_type=\"container\" data-settings=\"{&quot;background_background&quot;:&quot;classic&quot;}\">\n\t\t\t\t<div class=\"elementor-element elementor-element-799ddf26 elementor-widget elementor-widget-heading\" data-id=\"799ddf26\" data-element_type=\"widget\" data-widget_type=\"heading.default\">\n\t\t\t\t<div class=\"elementor-widget-container\">\n\t\t\t\t\t<h2 class=\"elementor-heading-title elementor-size-default\">Pove\u010dajte natan\u010dnost s Permaliftom<\/h2>\t\t\t\t<\/div>\n\t\t\t\t<\/div>\n\t\t\t\t<div class=\"elementor-element elementor-element-6f161620 elementor-widget elementor-widget-text-editor\" data-id=\"6f161620\" data-element_type=\"widget\" data-widget_type=\"text-editor.default\">\n\t\t\t\t<div class=\"elementor-widget-container\">\n\t\t\t\t\t\t\t\t\t<p><span style=\"font-weight: 400;\">V svetu tretmajev za trepalnice in obrvi je razlika med dobrim in odli\u010dnim pogosto odvisna od pripomo\u010dkov, ki jih uporabljate. <\/span><\/p>\n<p><span style=\"font-weight: 400;\">Pripomo\u010dki Permalift so bili ustvarjeni za izbolj\u0161anje natan\u010dnosti, u\u010dinkovitosti tretmajev in doseganje brezhibnih rezultatov.<\/span><\/p>\n<ul>\n<li style=\"font-weight: 400;\" aria-level=\"1\"><b>Okolju prijazno:<\/b> <span style=\"font-weight: 400;\">Permalift daje v svojih proizvodnih procesih prednost trajnosti, s \u010dimer zagotavlja, da so pripomo\u010dki enako dobri za planet kot za va\u0161e stranke.<\/span><\/li>\n<li style=\"font-weight: 400;\" aria-level=\"1\"><b>Ro\u010dno izdelano:<\/b> <span style=\"font-weight: 400;\">Vsak Y-glavnik in drugi specializirani pripomo\u010dki so skrbno ro\u010dno izdelani, kar zagotavlja neprimerljivo kakovost in vzdr\u017eljivost.<\/span><\/li>\n<li style=\"font-weight: 400;\" aria-level=\"1\"><b>Visokokakovostni materiali: <\/b><span style=\"font-weight: 400;\">Permalift uporablja visokokakovostno kovino v svojih pripomo\u010dkih, za njihovo dolgo \u017eivljenjsko dobo in higienske lastnosti. Zato so zanesljiva izbira.<\/span><\/li>\n<li style=\"font-weight: 400;\" aria-level=\"1\"><b>Ve\u010dkratna uporaba:<\/b> <span style=\"font-weight: 400;\">Pripomo\u010dki so zasnovani za ve\u010dkratno uporabo, enostavni za \u010di\u0161\u010denje in vzdr\u017eevanje.<\/span><\/li>\n<\/ul>\n\t\t\t\t\t\t\t\t<\/div>\n\t\t\t\t<\/div>\n\t\t\t\t<\/div>\n\t\t\t\t\t<\/div>\n\t\t\t\t<\/div>\n\t\t<div class=\"elementor-element elementor-element-4bdca7ab e-flex e-con-boxed e-con e-parent\" data-id=\"4bdca7ab\" data-element_type=\"container\">\n\t\t\t\t\t<div class=\"e-con-inner\">\n\t\t<div class=\"elementor-element elementor-element-1bf746b8 e-con-full e-flex e-con e-child\" data-id=\"1bf746b8\" data-element_type=\"container\" data-settings=\"{&quot;background_background&quot;:&quot;classic&quot;}\">\n\t\t\t\t<div class=\"elementor-element elementor-element-314cb290 elementor-widget elementor-widget-heading\" data-id=\"314cb290\" data-element_type=\"widget\" data-widget_type=\"heading.default\">\n\t\t\t\t<div class=\"elementor-widget-container\">\n\t\t\t\t\t<h2 class=\"elementor-heading-title elementor-size-default\">Inovacije se sre\u010dajo s trajnostjo<\/h2>\t\t\t\t<\/div>\n\t\t\t\t<\/div>\n\t\t\t\t<div class=\"elementor-element elementor-element-9aa2a01 elementor-widget elementor-widget-text-editor\" data-id=\"9aa2a01\" data-element_type=\"widget\" data-widget_type=\"text-editor.default\">\n\t\t\t\t<div class=\"elementor-widget-container\">\n\t\t\t\t\t\t\t\t\t<p><span style=\"font-weight: 400;\">V svetu tretmajev za trepalnice in obrvi je razlika med dobrim in odli\u010dnim pogosto odvisna od pripomo\u010dkov, ki jih uporabljate. <\/span><\/p>\n<p><span style=\"font-weight: 400;\">Pripomo\u010dki Permalift so bili ustvarjeni za izbolj\u0161anje natan\u010dnosti, u\u010dinkovitosti tretmajev in doseganje brezhibnih rezultatov.<\/span><\/p>\n<ul>\n<li style=\"font-weight: 400;\" aria-level=\"1\"><b>Okolju prijazno:<\/b> <span style=\"font-weight: 400;\">Permalift daje v svojih proizvodnih procesih prednost trajnosti, s \u010dimer zagotavlja, da so pripomo\u010dki enako dobri za planet kot za va\u0161e stranke.<\/span><\/li>\n<li style=\"font-weight: 400;\" aria-level=\"1\"><b>Ro\u010dno izdelano:<\/b> <span style=\"font-weight: 400;\">Vsak Y-glavnik in drugi specializirani pripomo\u010dki so skrbno ro\u010dno izdelani, kar zagotavlja neprimerljivo kakovost in vzdr\u017eljivost.<\/span><\/li>\n<li style=\"font-weight: 400;\" aria-level=\"1\"><b>Visokokakovostni materiali: <\/b><span style=\"font-weight: 400;\">Permalift uporablja visokokakovostno kovino v svojih pripomo\u010dkih, za njihovo dolgo \u017eivljenjsko dobo in higienske lastnosti. Zato so zanesljiva izbira.<\/span><\/li>\n<li style=\"font-weight: 400;\" aria-level=\"1\"><b>Ve\u010dkratna uporaba:<\/b> <span style=\"font-weight: 400;\">Pripomo\u010dki so zasnovani za ve\u010dkratno uporabo, enostavni za \u010di\u0161\u010denje in vzdr\u017eevanje.<\/span><\/li>\n<\/ul>\n\t\t\t\t\t\t\t\t<\/div>\n\t\t\t\t<\/div>\n\t\t\t\t<div class=\"elementor-element elementor-element-508b9b91 elementor-widget elementor-widget-toggle\" data-id=\"508b9b91\" data-element_type=\"widget\" data-widget_type=\"toggle.default\">\n\t\t\t\t<div class=\"elementor-widget-container\">\n\t\t\t\t\t\t\t<div class=\"elementor-toggle\">\n\t\t\t\t\t\t\t<div class=\"elementor-toggle-item\">\n\t\t\t\t\t<div id=\"elementor-tab-title-1351\" class=\"elementor-tab-title\" data-tab=\"1\" role=\"button\" aria-controls=\"elementor-tab-content-1351\" aria-expanded=\"false\">\n\t\t\t\t\t\t\t\t\t\t\t\t<span class=\"elementor-toggle-icon elementor-toggle-icon-left\" aria-hidden=\"true\">\n\t\t\t\t\t\t\t\t\t\t\t\t\t\t\t<span class=\"elementor-toggle-icon-closed\"><svg class=\"e-font-icon-svg e-fas-caret-right\" viewBox=\"0 0 192 512\" xmlns=\"http:\/\/www.w3.org\/2000\/svg\"><path d=\"M0 384.662V127.338c0-17.818 21.543-26.741 34.142-14.142l128.662 128.662c7.81 7.81 7.81 20.474 0 28.284L34.142 398.804C21.543 411.404 0 402.48 0 384.662z\"><\/path><\/svg><\/span>\n\t\t\t\t\t\t\t\t<span class=\"elementor-toggle-icon-opened\"><svg class=\"elementor-toggle-icon-opened e-font-icon-svg e-fas-caret-up\" viewBox=\"0 0 320 512\" xmlns=\"http:\/\/www.w3.org\/2000\/svg\"><path d=\"M288.662 352H31.338c-17.818 0-26.741-21.543-14.142-34.142l128.662-128.662c7.81-7.81 20.474-7.81 28.284 0l128.662 128.662c12.6 12.599 3.676 34.142-14.142 34.142z\"><\/path><\/svg><\/span>\n\t\t\t\t\t\t\t\t\t\t\t\t\t<\/span>\n\t\t\t\t\t\t\t\t\t\t\t\t<a class=\"elementor-toggle-title\" tabindex=\"0\">Permalift 3D Isolator Pripomo\u010dek<\/a>\n\t\t\t\t\t<\/div>\n\n\t\t\t\t\t<div id=\"elementor-tab-content-1351\" class=\"elementor-tab-content elementor-clearfix\" data-tab=\"1\" role=\"region\" aria-labelledby=\"elementor-tab-title-1351\"><p><span style=\"font-weight: 400;\">Revolucionarni pripomo\u010dek z ro\u010dno izdelanim 3D konico in vgrajenim Y-glavnikom. Revolucionira va\u0161 postopek dviga trepalnic, saj omogo\u010da popolno lo\u010devanje trepalnic brez truda. Ne samo, da pove\u010da natan\u010dnost va\u0161ega dela, ampak tudi prihrani dragocen \u010das med vsakim tretmajem.  <\/span><\/p>\n<\/div>\n\t\t\t\t<\/div>\n\t\t\t\t\t\t\t<div class=\"elementor-toggle-item\">\n\t\t\t\t\t<div id=\"elementor-tab-title-1352\" class=\"elementor-tab-title\" data-tab=\"2\" role=\"button\" aria-controls=\"elementor-tab-content-1352\" aria-expanded=\"false\">\n\t\t\t\t\t\t\t\t\t\t\t\t<span class=\"elementor-toggle-icon elementor-toggle-icon-left\" aria-hidden=\"true\">\n\t\t\t\t\t\t\t\t\t\t\t\t\t\t\t<span class=\"elementor-toggle-icon-closed\"><svg class=\"e-font-icon-svg e-fas-caret-right\" viewBox=\"0 0 192 512\" xmlns=\"http:\/\/www.w3.org\/2000\/svg\"><path d=\"M0 384.662V127.338c0-17.818 21.543-26.741 34.142-14.142l128.662 128.662c7.81 7.81 7.81 20.474 0 28.284L34.142 398.804C21.543 411.404 0 402.48 0 384.662z\"><\/path><\/svg><\/span>\n\t\t\t\t\t\t\t\t<span class=\"elementor-toggle-icon-opened\"><svg class=\"elementor-toggle-icon-opened e-font-icon-svg e-fas-caret-up\" viewBox=\"0 0 320 512\" xmlns=\"http:\/\/www.w3.org\/2000\/svg\"><path d=\"M288.662 352H31.338c-17.818 0-26.741-21.543-14.142-34.142l128.662-128.662c7.81-7.81 20.474-7.81 28.284 0l128.662 128.662c12.6 12.599 3.676 34.142-14.142 34.142z\"><\/path><\/svg><\/span>\n\t\t\t\t\t\t\t\t\t\t\t\t\t<\/span>\n\t\t\t\t\t\t\t\t\t\t\t\t<a class=\"elementor-toggle-title\" tabindex=\"0\">Permalift Isolator Comb<\/a>\n\t\t\t\t\t<\/div>\n\n\t\t\t\t\t<div id=\"elementor-tab-content-1352\" class=\"elementor-tab-content elementor-clearfix\" data-tab=\"2\" role=\"region\" aria-labelledby=\"elementor-tab-title-1352\"><p><span style=\"font-weight: 400;\">Ta inovativen pripomo\u010dek je zasnovan za enostavno razporeditev in lo\u010devanje trepalnic. Z natan\u010dno konico za postavitev in prakti\u010dnim glavnikom za lo\u010devanje. Idealno za profesionalno uporabo. Je vsestranski pripomo\u010dek, ki zagotavlja natan\u010dnost pri vsakem dvigu trepalnic, kar vam pomaga hitro dose\u010di osupljive rezultate. <\/span><\/p>\n<\/div>\n\t\t\t\t<\/div>\n\t\t\t\t\t\t\t<div class=\"elementor-toggle-item\">\n\t\t\t\t\t<div id=\"elementor-tab-title-1353\" class=\"elementor-tab-title\" data-tab=\"3\" role=\"button\" aria-controls=\"elementor-tab-content-1353\" aria-expanded=\"false\">\n\t\t\t\t\t\t\t\t\t\t\t\t<span class=\"elementor-toggle-icon elementor-toggle-icon-left\" aria-hidden=\"true\">\n\t\t\t\t\t\t\t\t\t\t\t\t\t\t\t<span class=\"elementor-toggle-icon-closed\"><svg class=\"e-font-icon-svg e-fas-caret-right\" viewBox=\"0 0 192 512\" xmlns=\"http:\/\/www.w3.org\/2000\/svg\"><path d=\"M0 384.662V127.338c0-17.818 21.543-26.741 34.142-14.142l128.662 128.662c7.81 7.81 7.81 20.474 0 28.284L34.142 398.804C21.543 411.404 0 402.48 0 384.662z\"><\/path><\/svg><\/span>\n\t\t\t\t\t\t\t\t<span class=\"elementor-toggle-icon-opened\"><svg class=\"elementor-toggle-icon-opened e-font-icon-svg e-fas-caret-up\" viewBox=\"0 0 320 512\" xmlns=\"http:\/\/www.w3.org\/2000\/svg\"><path d=\"M288.662 352H31.338c-17.818 0-26.741-21.543-14.142-34.142l128.662-128.662c7.81-7.81 20.474-7.81 28.284 0l128.662 128.662c12.6 12.599 3.676 34.142-14.142 34.142z\"><\/path><\/svg><\/span>\n\t\t\t\t\t\t\t\t\t\t\t\t\t<\/span>\n\t\t\t\t\t\t\t\t\t\t\t\t<a class=\"elementor-toggle-title\" tabindex=\"0\">Permalift 3-in-1 Lash Lift Y-Comb<\/a>\n\t\t\t\t\t<\/div>\n\n\t\t\t\t\t<div id=\"elementor-tab-content-1353\" class=\"elementor-tab-content elementor-clearfix\" data-tab=\"3\" role=\"region\" aria-labelledby=\"elementor-tab-title-1353\"><p><span style=\"font-weight: 400;\">Permalift 3-v-1 Y-Comb vklju\u010duje izolator iz kovine, kar postavlja nov standard v industriji. Ta pripomo\u010dek ponuja ve\u010dfunkcijsko uporabo, ki poenostavi postopek dviga trepalnic. <\/span><\/p>\n<\/div>\n\t\t\t\t<\/div>\n\t\t\t\t\t\t\t<div class=\"elementor-toggle-item\">\n\t\t\t\t\t<div id=\"elementor-tab-title-1354\" class=\"elementor-tab-title\" data-tab=\"4\" role=\"button\" aria-controls=\"elementor-tab-content-1354\" aria-expanded=\"false\">\n\t\t\t\t\t\t\t\t\t\t\t\t<span class=\"elementor-toggle-icon elementor-toggle-icon-left\" aria-hidden=\"true\">\n\t\t\t\t\t\t\t\t\t\t\t\t\t\t\t<span class=\"elementor-toggle-icon-closed\"><svg class=\"e-font-icon-svg e-fas-caret-right\" viewBox=\"0 0 192 512\" xmlns=\"http:\/\/www.w3.org\/2000\/svg\"><path d=\"M0 384.662V127.338c0-17.818 21.543-26.741 34.142-14.142l128.662 128.662c7.81 7.81 7.81 20.474 0 28.284L34.142 398.804C21.543 411.404 0 402.48 0 384.662z\"><\/path><\/svg><\/span>\n\t\t\t\t\t\t\t\t<span class=\"elementor-toggle-icon-opened\"><svg class=\"elementor-toggle-icon-opened e-font-icon-svg e-fas-caret-up\" viewBox=\"0 0 320 512\" xmlns=\"http:\/\/www.w3.org\/2000\/svg\"><path d=\"M288.662 352H31.338c-17.818 0-26.741-21.543-14.142-34.142l128.662-128.662c7.81-7.81 20.474-7.81 28.284 0l128.662 128.662c12.6 12.599 3.676 34.142-14.142 34.142z\"><\/path><\/svg><\/span>\n\t\t\t\t\t\t\t\t\t\t\t\t\t<\/span>\n\t\t\t\t\t\t\t\t\t\t\t\t<a class=\"elementor-toggle-title\" tabindex=\"0\">Permalift Lash Lift Metal Y-Comb<\/a>\n\t\t\t\t\t<\/div>\n\n\t\t\t\t\t<div id=\"elementor-tab-content-1354\" class=\"elementor-tab-content elementor-clearfix\" data-tab=\"4\" role=\"region\" aria-labelledby=\"elementor-tab-title-1354\"><p><span style=\"font-weight: 400;\">Ro\u010dno izdelan za zagotavljanje trajnosti in visoke zmogljivosti. Ta inovativen pripomo\u010dek poenostavi postopek lo\u010devanja in dviga trepalnic za hitrej\u0161i in bolj u\u010dinkovit dvig.<\/span><\/p>\n<\/div>\n\t\t\t\t<\/div>\n\t\t\t\t\t\t\t<div class=\"elementor-toggle-item\">\n\t\t\t\t\t<div id=\"elementor-tab-title-1355\" class=\"elementor-tab-title\" data-tab=\"5\" role=\"button\" aria-controls=\"elementor-tab-content-1355\" aria-expanded=\"false\">\n\t\t\t\t\t\t\t\t\t\t\t\t<span class=\"elementor-toggle-icon elementor-toggle-icon-left\" aria-hidden=\"true\">\n\t\t\t\t\t\t\t\t\t\t\t\t\t\t\t<span class=\"elementor-toggle-icon-closed\"><svg class=\"e-font-icon-svg e-fas-caret-right\" viewBox=\"0 0 192 512\" xmlns=\"http:\/\/www.w3.org\/2000\/svg\"><path d=\"M0 384.662V127.338c0-17.818 21.543-26.741 34.142-14.142l128.662 128.662c7.81 7.81 7.81 20.474 0 28.284L34.142 398.804C21.543 411.404 0 402.48 0 384.662z\"><\/path><\/svg><\/span>\n\t\t\t\t\t\t\t\t<span class=\"elementor-toggle-icon-opened\"><svg class=\"elementor-toggle-icon-opened e-font-icon-svg e-fas-caret-up\" viewBox=\"0 0 320 512\" xmlns=\"http:\/\/www.w3.org\/2000\/svg\"><path d=\"M288.662 352H31.338c-17.818 0-26.741-21.543-14.142-34.142l128.662-128.662c7.81-7.81 20.474-7.81 28.284 0l128.662 128.662c12.6 12.599 3.676 34.142-14.142 34.142z\"><\/path><\/svg><\/span>\n\t\t\t\t\t\t\t\t\t\t\t\t\t<\/span>\n\t\t\t\t\t\t\t\t\t\t\t\t<a class=\"elementor-toggle-title\" tabindex=\"0\">Permalift Tint Ring<\/a>\n\t\t\t\t\t<\/div>\n\n\t\t\t\t\t<div id=\"elementor-tab-content-1355\" class=\"elementor-tab-content elementor-clearfix\" data-tab=\"5\" role=\"region\" aria-labelledby=\"elementor-tab-title-1355\"><p><span style=\"font-weight: 400;\">Na\u0161 ekskluzivno oblikovan kovinski prstan omogo\u010da enostavno me\u0161anje barv ali serumov za tretmaje trepalnic in obrvi. Ro\u010dno izdelan in eleganten, doda pridih razko\u0161ja postopku tretmaja, zaradi \u010desar je priljubljen med artistkami. Zagotavlja funkcionalnost in enostavnosti uporabe. <\/span><\/p>\n<\/div>\n\t\t\t\t<\/div>\n\t\t\t\t\t\t\t\t<\/div>\n\t\t\t\t\t\t<\/div>\n\t\t\t\t<\/div>\n\t\t\t\t<\/div>\n\t\t<div class=\"elementor-element elementor-element-487410e0 e-con-full e-flex e-con e-child\" data-id=\"487410e0\" data-element_type=\"container\">\n\t\t\t\t<div class=\"elementor-element elementor-element-39b310fb elementor-widget elementor-widget-image\" data-id=\"39b310fb\" data-element_type=\"widget\" data-widget_type=\"image.default\">\n\t\t\t\t<div class=\"elementor-widget-container\">\n\t\t\t\t\t\t\t\t\t\t\t\t\t\t\t<img decoding=\"async\" width=\"2000\" height=\"2000\" src=\"https:\/\/browsomepro.com\/wp-content\/uploads\/2024\/05\/permalift-precision-tools-browsome1-copy.webp\" class=\"attachment-full size-full wp-image-13712\" alt=\"\" srcset=\"https:\/\/browsomepro.com\/wp-content\/uploads\/2024\/05\/permalift-precision-tools-browsome1-copy.webp 2000w, https:\/\/browsomepro.com\/wp-content\/uploads\/2024\/05\/permalift-precision-tools-browsome1-copy-300x300.webp 300w, https:\/\/browsomepro.com\/wp-content\/uploads\/2024\/05\/permalift-precision-tools-browsome1-copy-150x150.webp 150w, https:\/\/browsomepro.com\/wp-content\/uploads\/2024\/05\/permalift-precision-tools-browsome1-copy-800x800.webp 800w, https:\/\/browsomepro.com\/wp-content\/uploads\/2024\/05\/permalift-precision-tools-browsome1-copy-1024x1024.webp 1024w, https:\/\/browsomepro.com\/wp-content\/uploads\/2024\/05\/permalift-precision-tools-browsome1-copy-768x768.webp 768w, https:\/\/browsomepro.com\/wp-content\/uploads\/2024\/05\/permalift-precision-tools-browsome1-copy-1536x1536.webp 1536w, https:\/\/browsomepro.com\/wp-content\/uploads\/2024\/05\/permalift-precision-tools-browsome1-copy-990x990.webp 990w, https:\/\/browsomepro.com\/wp-content\/uploads\/2024\/05\/permalift-precision-tools-browsome1-copy-441x441.webp 441w, https:\/\/browsomepro.com\/wp-content\/uploads\/2024\/05\/permalift-precision-tools-browsome1-copy-100x100.webp 100w\" sizes=\"(max-width: 360px) 147px, (max-width: 2000px) 100vw, 2000px\" \/>\t\t\t\t\t\t\t\t\t\t\t\t\t\t\t<\/div>\n\t\t\t\t<\/div>\n\t\t\t\t<\/div>\n\t\t\t\t\t<\/div>\n\t\t\t\t<\/div>\n\t\t\t\t<\/div>\n\t\t","protected":false},"excerpt":{"rendered":"<p>Ekskluzivni prstan, razvit za olaj\u0161anje izvajanja tretmajev . Ta prstan je izdelan iz kakovostne kovine in je ro\u010dno izdelan. Izdelek se lahko uporablja za me\u0161anje barv, pa tudi za nanos serumov.  <\/p>\n","protected":false},"featured_media":13587,"template":"","meta":{"_acf_changed":false,"_monsterinsights_skip_tracking":false,"_monsterinsights_sitenote_active":false,"_monsterinsights_sitenote_note":"","_monsterinsights_sitenote_category":0},"product_brand":[],"product_cat":[294,238,288,292,290,214,235,230,210,209,229],"product_tag":[],"class_list":{"0":"post-14405","1":"product","2":"type-product","3":"status-publish","4":"has-post-thumbnail","6":"product_cat-barve-za-obrvi-sl-5","7":"product_cat-nakup-po-znamki","8":"product_cat-permalift-sl","9":"product_cat-pripomocki-sl-2","10":"product_cat-vihanje-trepalnic-sl-5","11":"product_cat-barve-za-obrvi","12":"product_cat-barve-za-trepalnice","13":"product_cat-dodatki-sl","14":"product_cat-dodatki","15":"product_cat-obrvi","16":"product_cat-trepalnice","18":"first","19":"outofstock","20":"taxable","21":"shipping-taxable","22":"purchasable","23":"product-type-simple"},"acf":[],"aioseo_notices":[],"_links":{"self":[{"href":"https:\/\/browsomepro.com\/sl\/wp-json\/wp\/v2\/product\/14405","targetHints":{"allow":["GET"]}}],"collection":[{"href":"https:\/\/browsomepro.com\/sl\/wp-json\/wp\/v2\/product"}],"about":[{"href":"https:\/\/browsomepro.com\/sl\/wp-json\/wp\/v2\/types\/product"}],"version-history":[{"count":1,"href":"https:\/\/browsomepro.com\/sl\/wp-json\/wp\/v2\/product\/14405\/revisions"}],"predecessor-version":[{"id":14406,"href":"https:\/\/browsomepro.com\/sl\/wp-json\/wp\/v2\/product\/14405\/revisions\/14406"}],"wp:featuredmedia":[{"embeddable":true,"href":"https:\/\/browsomepro.com\/sl\/wp-json\/wp\/v2\/media\/13587"}],"wp:attachment":[{"href":"https:\/\/browsomepro.com\/sl\/wp-json\/wp\/v2\/media?parent=14405"}],"wp:term":[{"taxonomy":"product_brand","embeddable":true,"href":"https:\/\/browsomepro.com\/sl\/wp-json\/wp\/v2\/product_brand?post=14405"},{"taxonomy":"product_cat","embeddable":true,"href":"https:\/\/browsomepro.com\/sl\/wp-json\/wp\/v2\/product_cat?post=14405"},{"taxonomy":"product_tag","embeddable":true,"href":"https:\/\/browsomepro.com\/sl\/wp-json\/wp\/v2\/product_tag?post=14405"}],"curies":[{"name":"wp","href":"https:\/\/api.w.org\/{rel}","templated":true}]}}