{"id":14401,"date":"2024-05-16T07:40:57","date_gmt":"2024-05-16T07:40:57","guid":{"rendered":"https:\/\/browsomepro.com\/product\/permalift-dvojni-timer\/"},"modified":"2025-06-29T14:03:41","modified_gmt":"2025-06-29T13:03:41","slug":"permalift-dvojni-timer","status":"publish","type":"product","link":"https:\/\/browsomepro.com\/sl\/izdelek\/permalift-dvojni-timer\/","title":{"rendered":"Permalift &#8211; Dvojni Timer"},"content":{"rendered":"\t\t<div data-elementor-type=\"product-post\" data-elementor-id=\"14401\" class=\"elementor elementor-14401 elementor-10135\" data-elementor-post-type=\"product\">\n\t\t\t\t<div class=\"elementor-element elementor-element-1953cfd e-flex e-con-boxed e-con e-parent\" data-id=\"1953cfd\" data-element_type=\"container\">\n\t\t\t\t\t<div class=\"e-con-inner\">\n\t\t<div class=\"elementor-element elementor-element-87cd783 e-con-full e-flex e-con e-child\" data-id=\"87cd783\" data-element_type=\"container\">\n\t\t\t\t<div class=\"elementor-element elementor-element-9e14373 elementor-widget elementor-widget-image\" data-id=\"9e14373\" data-element_type=\"widget\" data-widget_type=\"image.default\">\n\t\t\t\t<div class=\"elementor-widget-container\">\n\t\t\t\t\t\t\t\t\t\t\t\t\t\t\t<img fetchpriority=\"high\" decoding=\"async\" width=\"1080\" height=\"1080\" src=\"https:\/\/browsomepro.com\/wp-content\/uploads\/2024\/05\/Permalift-Double-Timer.webp\" class=\"attachment-full size-full wp-image-13525\" alt=\"\" srcset=\"https:\/\/browsomepro.com\/wp-content\/uploads\/2024\/05\/Permalift-Double-Timer.webp 1080w, https:\/\/browsomepro.com\/wp-content\/uploads\/2024\/05\/Permalift-Double-Timer-300x300.webp 300w, https:\/\/browsomepro.com\/wp-content\/uploads\/2024\/05\/Permalift-Double-Timer-1024x1024.webp 1024w, https:\/\/browsomepro.com\/wp-content\/uploads\/2024\/05\/Permalift-Double-Timer-150x150.webp 150w, https:\/\/browsomepro.com\/wp-content\/uploads\/2024\/05\/Permalift-Double-Timer-768x768.webp 768w, https:\/\/browsomepro.com\/wp-content\/uploads\/2024\/05\/Permalift-Double-Timer-990x990.webp 990w, https:\/\/browsomepro.com\/wp-content\/uploads\/2024\/05\/Permalift-Double-Timer-441x441.webp 441w, https:\/\/browsomepro.com\/wp-content\/uploads\/2024\/05\/Permalift-Double-Timer-100x100.webp 100w, https:\/\/browsomepro.com\/wp-content\/uploads\/2024\/05\/Permalift-Double-Timer-800x800.webp 800w\" sizes=\"(max-width: 360px) 147px, (max-width: 1080px) 100vw, 1080px\" \/>\t\t\t\t\t\t\t\t\t\t\t\t\t\t\t<\/div>\n\t\t\t\t<\/div>\n\t\t\t\t<\/div>\n\t\t<div class=\"elementor-element elementor-element-583689fd e-con-full e-flex e-con e-child\" data-id=\"583689fd\" data-element_type=\"container\" data-settings=\"{&quot;background_background&quot;:&quot;classic&quot;}\">\n\t\t\t\t<div class=\"elementor-element elementor-element-5f8cff95 elementor-widget elementor-widget-heading\" data-id=\"5f8cff95\" data-element_type=\"widget\" data-widget_type=\"heading.default\">\n\t\t\t\t<div class=\"elementor-widget-container\">\n\t\t\t\t\t<h2 class=\"elementor-heading-title elementor-size-default\">Dvojna u\u010dinkovitost<\/h2>\t\t\t\t<\/div>\n\t\t\t\t<\/div>\n\t\t\t\t<div class=\"elementor-element elementor-element-13e0469d elementor-widget elementor-widget-text-editor\" data-id=\"13e0469d\" data-element_type=\"widget\" data-widget_type=\"text-editor.default\">\n\t\t\t\t<div class=\"elementor-widget-container\">\n\t\t\t\t\t\t\t\t\t<p><span style=\"font-weight: 400;\">Artisti pogosto hkrati izvajajo ve\u010d tretmajev, zato je Permalift oblikoval idealen Dvojni Timer za tretmaje vihanja trepalnic in laminacije obrvi.<\/span><\/p>\n<p><span style=\"font-weight: 400;\">Opremljen z dvema timerjema, ta pripomo\u010dek omogo\u010da enostavno upravljanje dveh tretmajev hkrati. Uporabite en timer za laminacijo obrvi in drugega za dvig trepalnic. Ni\u010d ve\u010d preklapljanja med timerji ali ugibanja\u2014dvojni timer Permalift ohranja va\u0161 delovni tok gladek in u\u010dinkovit ter vam pomaga dose\u010di brezhibne rezultate.  <\/span><\/p>\n\t\t\t\t\t\t\t\t<\/div>\n\t\t\t\t<\/div>\n\t\t\t\t<\/div>\n\t\t\t\t\t<\/div>\n\t\t\t\t<\/div>\n\t\t\t\t<\/div>\n\t\t","protected":false},"excerpt":{"rendered":"<p><span style=\"font-weight: 400;\">Odkrijte idealen timer za profesionalne tretmaje vihanja trepalnic in laminacije obrvi. Vklju\u010duje dva natan\u010dno nastavljiva timerja, ki sta bistvena za izvajanje visokokakovostnih kombiniranih tretmajev na trepalnicah in obrveh. Specializiran timer je zasnovan za zagotavljanje natan\u010dnega \u010dasovnega usklajevanja pri vsakem koraku postopka, kar je klju\u010dno za doseganje optimalnih rezultatov pri dvigu trepalnic in laminaciji obrvi.  <\/span><\/p>\n","protected":false},"featured_media":13709,"template":"","meta":{"_acf_changed":false,"_monsterinsights_skip_tracking":false,"_monsterinsights_sitenote_active":false,"_monsterinsights_sitenote_note":"","_monsterinsights_sitenote_category":0},"product_brand":[],"product_cat":[238,288,292,230,210,209,229],"product_tag":[],"class_list":{"0":"post-14401","1":"product","2":"type-product","3":"status-publish","4":"has-post-thumbnail","6":"product_cat-nakup-po-znamki","7":"product_cat-permalift-sl","8":"product_cat-pripomocki-sl-2","9":"product_cat-dodatki-sl","10":"product_cat-dodatki","11":"product_cat-obrvi","12":"product_cat-trepalnice","14":"first","15":"outofstock","16":"taxable","17":"shipping-taxable","18":"purchasable","19":"product-type-simple"},"acf":[],"aioseo_notices":[],"_links":{"self":[{"href":"https:\/\/browsomepro.com\/sl\/wp-json\/wp\/v2\/product\/14401","targetHints":{"allow":["GET"]}}],"collection":[{"href":"https:\/\/browsomepro.com\/sl\/wp-json\/wp\/v2\/product"}],"about":[{"href":"https:\/\/browsomepro.com\/sl\/wp-json\/wp\/v2\/types\/product"}],"version-history":[{"count":1,"href":"https:\/\/browsomepro.com\/sl\/wp-json\/wp\/v2\/product\/14401\/revisions"}],"predecessor-version":[{"id":14402,"href":"https:\/\/browsomepro.com\/sl\/wp-json\/wp\/v2\/product\/14401\/revisions\/14402"}],"wp:featuredmedia":[{"embeddable":true,"href":"https:\/\/browsomepro.com\/sl\/wp-json\/wp\/v2\/media\/13709"}],"wp:attachment":[{"href":"https:\/\/browsomepro.com\/sl\/wp-json\/wp\/v2\/media?parent=14401"}],"wp:term":[{"taxonomy":"product_brand","embeddable":true,"href":"https:\/\/browsomepro.com\/sl\/wp-json\/wp\/v2\/product_brand?post=14401"},{"taxonomy":"product_cat","embeddable":true,"href":"https:\/\/browsomepro.com\/sl\/wp-json\/wp\/v2\/product_cat?post=14401"},{"taxonomy":"product_tag","embeddable":true,"href":"https:\/\/browsomepro.com\/sl\/wp-json\/wp\/v2\/product_tag?post=14401"}],"curies":[{"name":"wp","href":"https:\/\/api.w.org\/{rel}","templated":true}]}}