{"id":14397,"date":"2024-05-16T07:47:07","date_gmt":"2024-05-16T06:47:07","guid":{"rendered":"https:\/\/browsomepro.com\/product\/permalift-keratin-boost\/"},"modified":"2024-10-22T16:45:01","modified_gmt":"2024-10-22T16:45:01","slug":"permalift-keratin-boost","status":"publish","type":"product","link":"https:\/\/browsomepro.com\/sl\/izdelek\/permalift-keratin-boost\/","title":{"rendered":"Permalift &#8211; Keratin Boost"},"content":{"rendered":"\t\t<div data-elementor-type=\"product-post\" data-elementor-id=\"14397\" class=\"elementor elementor-14397 elementor-10149\" data-elementor-post-type=\"product\">\n\t\t\t\t<div class=\"elementor-element elementor-element-1953cfd e-flex e-con-boxed e-con e-parent\" data-id=\"1953cfd\" data-element_type=\"container\">\n\t\t\t\t\t<div class=\"e-con-inner\">\n\t\t<div class=\"elementor-element elementor-element-87cd783 e-con-full e-flex e-con e-child\" data-id=\"87cd783\" data-element_type=\"container\">\n\t\t\t\t<div class=\"elementor-element elementor-element-9e14373 elementor-widget elementor-widget-image\" data-id=\"9e14373\" data-element_type=\"widget\" data-widget_type=\"image.default\">\n\t\t\t\t<div class=\"elementor-widget-container\">\n\t\t\t\t\t\t\t\t\t\t\t\t\t\t\t<img fetchpriority=\"high\" decoding=\"async\" width=\"1080\" height=\"1080\" src=\"https:\/\/browsomepro.com\/wp-content\/uploads\/2024\/05\/Permalift-Keratin-Boost.webp\" class=\"attachment-full size-full wp-image-13529\" alt=\"\" srcset=\"https:\/\/browsomepro.com\/wp-content\/uploads\/2024\/05\/Permalift-Keratin-Boost.webp 1080w, https:\/\/browsomepro.com\/wp-content\/uploads\/2024\/05\/Permalift-Keratin-Boost-300x300.webp 300w, https:\/\/browsomepro.com\/wp-content\/uploads\/2024\/05\/Permalift-Keratin-Boost-1024x1024.webp 1024w, https:\/\/browsomepro.com\/wp-content\/uploads\/2024\/05\/Permalift-Keratin-Boost-150x150.webp 150w, https:\/\/browsomepro.com\/wp-content\/uploads\/2024\/05\/Permalift-Keratin-Boost-768x768.webp 768w, https:\/\/browsomepro.com\/wp-content\/uploads\/2024\/05\/Permalift-Keratin-Boost-990x990.webp 990w, https:\/\/browsomepro.com\/wp-content\/uploads\/2024\/05\/Permalift-Keratin-Boost-441x441.webp 441w, https:\/\/browsomepro.com\/wp-content\/uploads\/2024\/05\/Permalift-Keratin-Boost-100x100.webp 100w, https:\/\/browsomepro.com\/wp-content\/uploads\/2024\/05\/Permalift-Keratin-Boost-800x800.webp 800w\" sizes=\"(max-width: 360px) 147px, (max-width: 1080px) 100vw, 1080px\" \/>\t\t\t\t\t\t\t\t\t\t\t\t\t\t\t<\/div>\n\t\t\t\t<\/div>\n\t\t\t\t<\/div>\n\t\t<div class=\"elementor-element elementor-element-583689fd e-con-full e-flex e-con e-child\" data-id=\"583689fd\" data-element_type=\"container\" data-settings=\"{&quot;background_background&quot;:&quot;classic&quot;}\">\n\t\t\t\t<div class=\"elementor-element elementor-element-5f8cff95 elementor-widget elementor-widget-heading\" data-id=\"5f8cff95\" data-element_type=\"widget\" data-widget_type=\"heading.default\">\n\t\t\t\t<div class=\"elementor-widget-container\">\n\t\t\t\t\t<h2 class=\"elementor-heading-title elementor-size-default\">Negovalna formula za rast<\/h2>\t\t\t\t<\/div>\n\t\t\t\t<\/div>\n\t\t\t\t<div class=\"elementor-element elementor-element-13e0469d elementor-widget elementor-widget-text-editor\" data-id=\"13e0469d\" data-element_type=\"widget\" data-widget_type=\"text-editor.default\">\n\t\t\t\t<div class=\"elementor-widget-container\">\n\t\t\t\t\t\t\t\t\t<p><span style=\"font-weight: 400;\">Keratin je pomemben protein, ki ga najdemo v laseh, ko\u017ei in nohtih, ter igra klju\u010dno vlogo pri ohranjanju zdravja in mo\u010di va\u0161ih obrvi in trepalnic. Pri tretmajih laminacije obrvi in dviga trepalnic keratin pomaga popravljati po\u0161kodbe, doda volumen in zagotovi za\u0161\u010dito pred \u0161kodljivimi kemijskimi u\u010dinki. <\/span><\/p>\n<p><span style=\"font-weight: 400;\">Permalift Keratin Boost je zasnovan za spodbujanje rasti, volumna in mo\u010di, kar vam daje naravno polnej\u0161e, dalj\u0161e in mo\u010dnej\u0161e obrvi in trepalnice.<\/span><\/p>\n\t\t\t\t\t\t\t\t<\/div>\n\t\t\t\t<\/div>\n\t\t\t\t<div class=\"elementor-element elementor-element-1e6b58d5 elementor-widget elementor-widget-toggle\" data-id=\"1e6b58d5\" data-element_type=\"widget\" data-widget_type=\"toggle.default\">\n\t\t\t\t<div class=\"elementor-widget-container\">\n\t\t\t\t\t\t\t<div class=\"elementor-toggle\">\n\t\t\t\t\t\t\t<div class=\"elementor-toggle-item\">\n\t\t\t\t\t<div id=\"elementor-tab-title-5101\" class=\"elementor-tab-title\" data-tab=\"1\" role=\"button\" aria-controls=\"elementor-tab-content-5101\" aria-expanded=\"false\">\n\t\t\t\t\t\t\t\t\t\t\t\t<span class=\"elementor-toggle-icon elementor-toggle-icon-left\" aria-hidden=\"true\">\n\t\t\t\t\t\t\t\t\t\t\t\t\t\t\t<span class=\"elementor-toggle-icon-closed\"><svg class=\"e-font-icon-svg e-fas-caret-right\" viewBox=\"0 0 192 512\" xmlns=\"http:\/\/www.w3.org\/2000\/svg\"><path d=\"M0 384.662V127.338c0-17.818 21.543-26.741 34.142-14.142l128.662 128.662c7.81 7.81 7.81 20.474 0 28.284L34.142 398.804C21.543 411.404 0 402.48 0 384.662z\"><\/path><\/svg><\/span>\n\t\t\t\t\t\t\t\t<span class=\"elementor-toggle-icon-opened\"><svg class=\"elementor-toggle-icon-opened e-font-icon-svg e-fas-caret-up\" viewBox=\"0 0 320 512\" xmlns=\"http:\/\/www.w3.org\/2000\/svg\"><path d=\"M288.662 352H31.338c-17.818 0-26.741-21.543-14.142-34.142l128.662-128.662c7.81-7.81 20.474-7.81 28.284 0l128.662 128.662c12.6 12.599 3.676 34.142-14.142 34.142z\"><\/path><\/svg><\/span>\n\t\t\t\t\t\t\t\t\t\t\t\t\t<\/span>\n\t\t\t\t\t\t\t\t\t\t\t\t<a class=\"elementor-toggle-title\" tabindex=\"0\">Navodila za uporabo:<\/a>\n\t\t\t\t\t<\/div>\n\n\t\t\t\t\t<div id=\"elementor-tab-content-5101\" class=\"elementor-tab-content elementor-clearfix\" data-tab=\"1\" role=\"region\" aria-labelledby=\"elementor-tab-title-5101\"><ol>\n<li style=\"font-weight: 400;\" aria-level=\"1\"><span style=\"font-weight: 400;\">Serum nanesite 1-2 krat dnevno na \u010diste, suhe obrvi in trepalnice.<\/span><\/li>\n<li style=\"font-weight: 400;\" aria-level=\"1\"><span style=\"font-weight: 400;\">Pustite, da Keratin Boost deluje \u010dez no\u010d ali pred nanosom drugih izdelkov.<\/span><\/li>\n<li style=\"font-weight: 400;\" aria-level=\"1\"><span style=\"font-weight: 400;\">Ob redni uporabi boste opazili znatno izbolj\u0161anje volumna in gostote va\u0161ih obrvi in trepalnic, kot tudi ve\u010djo mo\u010d in za\u0161\u010dito.<\/span><\/li>\n<\/ol>\n<\/div>\n\t\t\t\t<\/div>\n\t\t\t\t\t\t\t\t<\/div>\n\t\t\t\t\t\t<\/div>\n\t\t\t\t<\/div>\n\t\t\t\t<\/div>\n\t\t\t\t\t<\/div>\n\t\t\t\t<\/div>\n\t\t\t\t<\/div>\n\t\t","protected":false},"excerpt":{"rendered":"<p><span style=\"font-weight: 400;\">Ta serum je skrbno zasnovan z edinstveno formulo, ki zdru\u017euje keratin in izbrane sestavine seruma za spodbujanje rasti, gostote in mo\u010di obrvi ter trepalnic. Idealen je za tiste, ki si \u017eelijo naravno bolj polne, dalj\u0161e in mo\u010dnej\u0161e obrvi in trepalnice. <\/span><\/p>\n<p>[cg_accordion title=\"Sestavine\"]Aqua, Keratin, Chamaecyparis Obtusa Leaf Extract, Panthenol, Glycyrrhiza Galbra Root Extract, Thuja Orientalist Extract, Zingiber Officinale, Root Extract, Benzyl Alcohol, Limonene. Mannitol Hydroxypeopyl Starch Phosphate, Acetyl Tetrapeptide-3, Ethylhexglycerin, Peg-40 Hydrogenated Castor Oil, Dextran. Acetyl Tetrapeptide-3, Ethylhexglycerin, Peg-40 Hydrogenated Castor Oil, Dextran   [\/cg_accordion] Koli\u010dina: 5 ml Proizvedeno v: EU Rok uporabe po odprtju: 12 mesecev<\/p>\n","protected":false},"featured_media":13916,"template":"","meta":{"_acf_changed":false,"_monsterinsights_skip_tracking":false,"_monsterinsights_sitenote_active":false,"_monsterinsights_sitenote_note":"","_monsterinsights_sitenote_category":0},"product_brand":[],"product_cat":[289,238,288,211,231,209,229],"product_tag":[],"class_list":{"0":"post-14397","1":"product","2":"type-product","3":"status-publish","4":"has-post-thumbnail","6":"product_cat-aftercare-in-priprava-koze","7":"product_cat-nakup-po-znamki","8":"product_cat-permalift-sl","9":"product_cat-after-care-in-priprava-koze","10":"product_cat-nega-po-tretmajih-in-priprava","11":"product_cat-obrvi","12":"product_cat-trepalnice","14":"first","15":"instock","16":"taxable","17":"shipping-taxable","18":"purchasable","19":"product-type-simple"},"acf":[],"aioseo_notices":[],"_links":{"self":[{"href":"https:\/\/browsomepro.com\/sl\/wp-json\/wp\/v2\/product\/14397","targetHints":{"allow":["GET"]}}],"collection":[{"href":"https:\/\/browsomepro.com\/sl\/wp-json\/wp\/v2\/product"}],"about":[{"href":"https:\/\/browsomepro.com\/sl\/wp-json\/wp\/v2\/types\/product"}],"version-history":[{"count":1,"href":"https:\/\/browsomepro.com\/sl\/wp-json\/wp\/v2\/product\/14397\/revisions"}],"predecessor-version":[{"id":14398,"href":"https:\/\/browsomepro.com\/sl\/wp-json\/wp\/v2\/product\/14397\/revisions\/14398"}],"wp:featuredmedia":[{"embeddable":true,"href":"https:\/\/browsomepro.com\/sl\/wp-json\/wp\/v2\/media\/13916"}],"wp:attachment":[{"href":"https:\/\/browsomepro.com\/sl\/wp-json\/wp\/v2\/media?parent=14397"}],"wp:term":[{"taxonomy":"product_brand","embeddable":true,"href":"https:\/\/browsomepro.com\/sl\/wp-json\/wp\/v2\/product_brand?post=14397"},{"taxonomy":"product_cat","embeddable":true,"href":"https:\/\/browsomepro.com\/sl\/wp-json\/wp\/v2\/product_cat?post=14397"},{"taxonomy":"product_tag","embeddable":true,"href":"https:\/\/browsomepro.com\/sl\/wp-json\/wp\/v2\/product_tag?post=14397"}],"curies":[{"name":"wp","href":"https:\/\/api.w.org\/{rel}","templated":true}]}}