{"id":14381,"date":"2024-05-28T17:45:45","date_gmt":"2024-05-28T17:45:45","guid":{"rendered":"https:\/\/browsomepro.com\/product\/buff-browz-hybrid-brow-stain-auburn-15-ml\/"},"modified":"2024-08-20T17:51:29","modified_gmt":"2024-08-20T17:51:29","slug":"buff-browz-hybrid-brow-stain-auburn-15-ml","status":"publish","type":"product","link":"https:\/\/browsomepro.com\/sl\/izdelek\/buff-browz-hybrid-brow-stain-auburn-15-ml\/","title":{"rendered":"Buff Browz \u2013 Hybrid Brow Stain AUBURN 15 ml"},"content":{"rendered":"\t\t<div data-elementor-type=\"product-post\" data-elementor-id=\"14381\" class=\"elementor elementor-14381 elementor-10306\" data-elementor-post-type=\"product\">\n\t\t\t\t<div class=\"elementor-element elementor-element-154b6306 e-flex e-con-boxed e-con e-parent\" data-id=\"154b6306\" data-element_type=\"container\">\n\t\t\t\t\t<div class=\"e-con-inner\">\n\t\t<div class=\"elementor-element elementor-element-532b5b86 e-con-full e-flex e-con e-child\" data-id=\"532b5b86\" data-element_type=\"container\">\n\t\t\t\t<div class=\"elementor-element elementor-element-2e0ece52 elementor-widget elementor-widget-image\" data-id=\"2e0ece52\" data-element_type=\"widget\" data-widget_type=\"image.default\">\n\t\t\t\t<div class=\"elementor-widget-container\">\n\t\t\t\t\t\t\t\t\t\t\t\t\t\t\t<img fetchpriority=\"high\" decoding=\"async\" width=\"2000\" height=\"2000\" src=\"https:\/\/browsomepro.com\/wp-content\/uploads\/2024\/05\/buff-browz-stains.webp\" class=\"attachment-full size-full wp-image-13716\" alt=\"\" srcset=\"https:\/\/browsomepro.com\/wp-content\/uploads\/2024\/05\/buff-browz-stains.webp 2000w, https:\/\/browsomepro.com\/wp-content\/uploads\/2024\/05\/buff-browz-stains-300x300.webp 300w, https:\/\/browsomepro.com\/wp-content\/uploads\/2024\/05\/buff-browz-stains-150x150.webp 150w, https:\/\/browsomepro.com\/wp-content\/uploads\/2024\/05\/buff-browz-stains-800x800.webp 800w, https:\/\/browsomepro.com\/wp-content\/uploads\/2024\/05\/buff-browz-stains-1024x1024.webp 1024w, https:\/\/browsomepro.com\/wp-content\/uploads\/2024\/05\/buff-browz-stains-768x768.webp 768w, https:\/\/browsomepro.com\/wp-content\/uploads\/2024\/05\/buff-browz-stains-1536x1536.webp 1536w, https:\/\/browsomepro.com\/wp-content\/uploads\/2024\/05\/buff-browz-stains-990x990.webp 990w, https:\/\/browsomepro.com\/wp-content\/uploads\/2024\/05\/buff-browz-stains-441x441.webp 441w, https:\/\/browsomepro.com\/wp-content\/uploads\/2024\/05\/buff-browz-stains-100x100.webp 100w\" sizes=\"(max-width: 360px) 147px, (max-width: 2000px) 100vw, 2000px\" \/>\t\t\t\t\t\t\t\t\t\t\t\t\t\t\t<\/div>\n\t\t\t\t<\/div>\n\t\t\t\t<\/div>\n\t\t<div class=\"elementor-element elementor-element-5df74915 e-con-full e-flex e-con e-child\" data-id=\"5df74915\" data-element_type=\"container\" data-settings=\"{&quot;background_background&quot;:&quot;classic&quot;}\">\n\t\t\t\t<div class=\"elementor-element elementor-element-1fb7a8a1 elementor-widget elementor-widget-heading\" data-id=\"1fb7a8a1\" data-element_type=\"widget\" data-widget_type=\"heading.default\">\n\t\t\t\t<div class=\"elementor-widget-container\">\n\t\t\t\t\t<h2 class=\"elementor-heading-title elementor-size-default\">Mo\u010d kane z enostavnostjo barve<\/h2>\t\t\t\t<\/div>\n\t\t\t\t<\/div>\n\t\t\t\t<div class=\"elementor-element elementor-element-4e46447f elementor-widget elementor-widget-text-editor\" data-id=\"4e46447f\" data-element_type=\"widget\" data-widget_type=\"text-editor.default\">\n\t\t\t\t<div class=\"elementor-widget-container\">\n\t\t\t\t\t\t\t\t\t<p><span style=\"font-weight: 400;\">Buff Browz Hybrid Stain zdru\u017euje intenzivnost in naravne prednosti kane z enostavnostjo in vsestranskostjo barve. Ne glede na to, ali uporabljate ro\u010dno nana\u0161anje ali airbrush tehniko, ti inovativni izdelki zagotavljajo intenzivne in dolgotrajne rezultate, ki pritegnejo va\u0161e stranke. <\/span><\/p>\n<p><span style=\"font-weight: 400;\">Vsebuje:<\/span><\/p>\n<ul>\n<li style=\"font-weight: 400;\" aria-level=\"1\"><b>Kana:<\/b> <span style=\"font-weight: 400;\">Naravno barvilo, ki hrani in krepi lase.<\/span><\/li>\n<li style=\"font-weight: 400;\" aria-level=\"1\"><b>Aloe Vera<\/b><span style=\"font-weight: 400;\">: Vsebuje esencialne aminokisline za optimalno zdravje ko\u017ee in las, zadr\u017euje vlago za sijo\u010d videz.<\/span><\/li>\n<li style=\"font-weight: 400;\" aria-level=\"1\"><b>Izvle\u010dek vrtnice:<\/b><span style=\"font-weight: 400;\"> Bogat z vitamini A, B3, C in E, izbolj\u0161uje sijaj in pomirja ko\u017eo.<\/span><\/li>\n<li style=\"font-weight: 400;\" aria-level=\"1\"><b>\u017dafran: <\/b><span style=\"font-weight: 400;\">Antioksidant, ki spodbuja rast dla\u010dic.<\/span><\/li>\n<li style=\"font-weight: 400;\" aria-level=\"1\"><b>Eteri\u010dno olje limone:<\/b><span style=\"font-weight: 400;\"> Zagotavlja vitamine A in C, bistvene za zdrave dla\u010dice in hidrirano ko\u017eo.<\/span><\/li>\n<\/ul>\n\t\t\t\t\t\t\t\t<\/div>\n\t\t\t\t<\/div>\n\t\t\t\t<\/div>\n\t\t\t\t\t<\/div>\n\t\t\t\t<\/div>\n\t\t<div class=\"elementor-element elementor-element-44a43c21 e-flex e-con-boxed e-con e-parent\" data-id=\"44a43c21\" data-element_type=\"container\">\n\t\t\t\t\t<div class=\"e-con-inner\">\n\t\t<div class=\"elementor-element elementor-element-25029f60 e-con-full e-flex e-con e-child\" data-id=\"25029f60\" data-element_type=\"container\" data-settings=\"{&quot;background_background&quot;:&quot;classic&quot;}\">\n\t\t\t\t<div class=\"elementor-element elementor-element-46d7f287 elementor-widget elementor-widget-heading\" data-id=\"46d7f287\" data-element_type=\"widget\" data-widget_type=\"heading.default\">\n\t\t\t\t<div class=\"elementor-widget-container\">\n\t\t\t\t\t<h2 class=\"elementor-heading-title elementor-size-default\">Opisi odtenkov<\/h2>\t\t\t\t<\/div>\n\t\t\t\t<\/div>\n\t\t\t\t<div class=\"elementor-element elementor-element-7192b3c6 elementor-widget elementor-widget-text-editor\" data-id=\"7192b3c6\" data-element_type=\"widget\" data-widget_type=\"text-editor.default\">\n\t\t\t\t<div class=\"elementor-widget-container\">\n\t\t\t\t\t\t\t\t\t<ul>\n<li style=\"font-weight: 400;\" aria-level=\"1\"><b>Blondie: <\/b><span style=\"font-weight: 400;\">Najsvetlej\u0161i odtenek s hladnim podtonom, idealen za zelo svetle lase ali za me\u0161anje svetlej\u0161ih odtenkov.<\/span><\/li>\n<li style=\"font-weight: 400;\" aria-level=\"1\"><b>Taupe<\/b><span style=\"font-weight: 400;\">: Popoln za temne, pepelnato blond odtenke. Lahko se uporablja samostojno ali za prilagajanje drugih odtenkov. <\/span><\/li>\n<li style=\"font-weight: 400;\" aria-level=\"1\"><b>Copper<\/b><span style=\"font-weight: 400;\">: Srednje svetla kostanjevo rjava, odli\u010dna za dodajanje topline rjavolaskam.<\/span><\/li>\n<li style=\"font-weight: 400;\" aria-level=\"1\"><b>Maroon<\/b><span style=\"font-weight: 400;\">: Topla, srednje rjava, ki \u010dudovito dopolnjuje kostanjevo rde\u010de lase.<\/span><\/li>\n<li style=\"font-weight: 400;\" aria-level=\"1\"><b>Auburn<\/b><span style=\"font-weight: 400;\">: Idealna za dodajanje topline in poudarjanje rde\u010dih tonov v katerem koli odtenku.<\/span><\/li>\n<li style=\"font-weight: 400;\" aria-level=\"1\"><b>Almond<\/b><span style=\"font-weight: 400;\">: Nevtralno-topla svetlo rjava, primerna za ve\u010dino strank.<\/span><\/li>\n<li style=\"font-weight: 400;\" aria-level=\"1\"><b>Oak<\/b><span style=\"font-weight: 400;\">: Vsestransko uporabna, nevtralno-topla srednje rjava, priljubljena med rjavolaskami.<\/span><\/li>\n<li style=\"font-weight: 400;\" aria-level=\"1\"><b>Espresso<\/b><span style=\"font-weight: 400;\">: Temno rjava z nevtralno-hladnim tonom, popolna za globlje odtenke.<\/span><\/li>\n<li style=\"font-weight: 400;\" aria-level=\"1\"><b>Onyx<\/b><span style=\"font-weight: 400;\">: Najtemnej\u0161i odtenek s hladnim tonom, lahko se me\u0161a za poglabljanje drugih barv.<\/span><\/li>\n<\/ul>\n\t\t\t\t\t\t\t\t<\/div>\n\t\t\t\t<\/div>\n\t\t\t\t<div class=\"elementor-element elementor-element-dd4e983 elementor-widget elementor-widget-toggle\" data-id=\"dd4e983\" data-element_type=\"widget\" data-widget_type=\"toggle.default\">\n\t\t\t\t<div class=\"elementor-widget-container\">\n\t\t\t\t\t\t\t<div class=\"elementor-toggle\">\n\t\t\t\t\t\t\t<div class=\"elementor-toggle-item\">\n\t\t\t\t\t<div id=\"elementor-tab-title-2321\" class=\"elementor-tab-title\" data-tab=\"1\" role=\"button\" aria-controls=\"elementor-tab-content-2321\" aria-expanded=\"false\">\n\t\t\t\t\t\t\t\t\t\t\t\t<span class=\"elementor-toggle-icon elementor-toggle-icon-left\" aria-hidden=\"true\">\n\t\t\t\t\t\t\t\t\t\t\t\t\t\t\t<span class=\"elementor-toggle-icon-closed\"><svg class=\"e-font-icon-svg e-fas-caret-right\" viewBox=\"0 0 192 512\" xmlns=\"http:\/\/www.w3.org\/2000\/svg\"><path d=\"M0 384.662V127.338c0-17.818 21.543-26.741 34.142-14.142l128.662 128.662c7.81 7.81 7.81 20.474 0 28.284L34.142 398.804C21.543 411.404 0 402.48 0 384.662z\"><\/path><\/svg><\/span>\n\t\t\t\t\t\t\t\t<span class=\"elementor-toggle-icon-opened\"><svg class=\"elementor-toggle-icon-opened e-font-icon-svg e-fas-caret-up\" viewBox=\"0 0 320 512\" xmlns=\"http:\/\/www.w3.org\/2000\/svg\"><path d=\"M288.662 352H31.338c-17.818 0-26.741-21.543-14.142-34.142l128.662-128.662c7.81-7.81 20.474-7.81 28.284 0l128.662 128.662c12.6 12.599 3.676 34.142-14.142 34.142z\"><\/path><\/svg><\/span>\n\t\t\t\t\t\t\t\t\t\t\t\t\t<\/span>\n\t\t\t\t\t\t\t\t\t\t\t\t<a class=\"elementor-toggle-title\" tabindex=\"0\">\u010cas delovanja<\/a>\n\t\t\t\t\t<\/div>\n\n\t\t\t\t\t<div id=\"elementor-tab-content-2321\" class=\"elementor-tab-content elementor-clearfix\" data-tab=\"1\" role=\"region\" aria-labelledby=\"elementor-tab-title-2321\"><p><b>Naraven, blag odtis na ko\u017ei<\/b><span style=\"font-weight: 400;\">: Pustite delovati 8-10 minut. Ta \u010das je idealen za stranke, ki \u017eelijo bolj opazno barvo, ne da bi bila preve\u010d izrazita. <\/span><\/p>\n<p><b>Srednje intenziven odtis na ko\u017ei<\/b><span style=\"font-weight: 400;\">: Pustite delovati 8-10 minut. Ta \u010das je idealen za stranke, ki \u017eelijo bolj opazno barvo, ne da bi bila preve\u010d izrazita. <\/span><\/p>\n<p><b>Mo\u010dan odtis na ko\u017ei<\/b><span style=\"font-weight: 400;\">: Pustite delovati 10-18 minut. To je popolno za stranke, ki \u017eelijo globok, drzen videz. <\/span><\/p>\n<p><b>Odstranjevanje<\/b><span style=\"font-weight: 400;\">: Ko je \u010das delovanja kon\u010dan, odstranite barvo z vla\u017eno bomba\u017eno blazinico. Poskrbite, da bo ves izdelek temeljito odstranjen, da se razkrije kon\u010dna barva. <\/span><\/p>\n<\/div>\n\t\t\t\t<\/div>\n\t\t\t\t\t\t\t\t<\/div>\n\t\t\t\t\t\t<\/div>\n\t\t\t\t<\/div>\n\t\t\t\t<\/div>\n\t\t<div class=\"elementor-element elementor-element-73a29a61 e-con-full e-flex e-con e-child\" data-id=\"73a29a61\" data-element_type=\"container\">\n\t\t\t\t<div class=\"elementor-element elementor-element-64d05397 elementor-widget elementor-widget-image\" data-id=\"64d05397\" data-element_type=\"widget\" data-widget_type=\"image.default\">\n\t\t\t\t<div class=\"elementor-widget-container\">\n\t\t\t\t\t\t\t\t\t\t\t\t\t\t\t<img decoding=\"async\" width=\"2000\" height=\"2000\" src=\"https:\/\/browsomepro.com\/wp-content\/uploads\/2024\/05\/buff-browz-stains1-browsome.webp\" class=\"attachment-full size-full wp-image-13717\" alt=\"\" srcset=\"https:\/\/browsomepro.com\/wp-content\/uploads\/2024\/05\/buff-browz-stains1-browsome.webp 2000w, https:\/\/browsomepro.com\/wp-content\/uploads\/2024\/05\/buff-browz-stains1-browsome-300x300.webp 300w, https:\/\/browsomepro.com\/wp-content\/uploads\/2024\/05\/buff-browz-stains1-browsome-150x150.webp 150w, https:\/\/browsomepro.com\/wp-content\/uploads\/2024\/05\/buff-browz-stains1-browsome-800x800.webp 800w, https:\/\/browsomepro.com\/wp-content\/uploads\/2024\/05\/buff-browz-stains1-browsome-1024x1024.webp 1024w, https:\/\/browsomepro.com\/wp-content\/uploads\/2024\/05\/buff-browz-stains1-browsome-768x768.webp 768w, https:\/\/browsomepro.com\/wp-content\/uploads\/2024\/05\/buff-browz-stains1-browsome-1536x1536.webp 1536w, https:\/\/browsomepro.com\/wp-content\/uploads\/2024\/05\/buff-browz-stains1-browsome-990x990.webp 990w, https:\/\/browsomepro.com\/wp-content\/uploads\/2024\/05\/buff-browz-stains1-browsome-441x441.webp 441w, https:\/\/browsomepro.com\/wp-content\/uploads\/2024\/05\/buff-browz-stains1-browsome-100x100.webp 100w\" sizes=\"(max-width: 360px) 147px, (max-width: 2000px) 100vw, 2000px\" \/>\t\t\t\t\t\t\t\t\t\t\t\t\t\t\t<\/div>\n\t\t\t\t<\/div>\n\t\t\t\t<\/div>\n\t\t\t\t\t<\/div>\n\t\t\t\t<\/div>\n\t\t\t\t<\/div>\n\t\t","protected":false},"excerpt":{"rendered":"<p><b>GLAVNE ZNA\u010cILNOSTI<\/b><\/p>\n<ul>\n<li style=\"font-weight: 400;\" aria-level=\"1\"><span style=\"font-weight: 400;\">Lahko se uporablja pri laminaciji obrvi.<\/span><\/li>\n<li style=\"font-weight: 400;\" aria-level=\"1\"><span style=\"font-weight: 400;\">Barve so obstojne do 10 dni na ko\u017ei in do 6 tednov na dla\u010dicah.<\/span><\/li>\n<li style=\"font-weight: 400;\" aria-level=\"1\"><span style=\"font-weight: 400;\">Globoko prodre v lasno skorjo za dolgotrajnej\u0161i u\u010dinek.<\/span><\/li>\n<li style=\"font-weight: 400;\" aria-level=\"1\"><span style=\"font-weight: 400;\">\u010ceprav je sistem barv zelo napreden, je enostaven za uporabo.<\/span><\/li>\n<li style=\"font-weight: 400;\" aria-level=\"1\"><span style=\"font-weight: 400;\">\u010cas delovanja je kraj\u0161i kot pri drugih znamkah.<\/span><\/li>\n<li style=\"font-weight: 400;\" aria-level=\"1\"><span style=\"font-weight: 400;\">Varno za uporabo, saj ima nizko stopnjo alergenov in ne vsebuje: kokosa, niklja, glutena, parabenov, lanolina ali di\u0161av.<\/span><\/li>\n<\/ul>\n<p><b>NAVODILA ZA ME\u0160ANJE<\/b><\/p>\n<p><span style=\"font-weight: 400;\">Priporo\u010damo uporabo me\u0161anice 6 kapljic barvila in 3 kapljic razvijalca za mo\u010dan in u\u010dinkovit rezultat.<\/span><\/p>\n<p><b>\u010cAS DELOVANJA<\/b><\/p>\n<p><span style=\"font-weight: 400;\">Za naraven, rahel videz priporo\u010damo \u010das delovanja barv 5-7 minut, za srednje intenziven odtenek 8-10 minut in za temen odtenek 10-18 minut.<\/span><\/p>\n<p>[cg_accordion title=\"Sestavine\"]LAWSONIA INERMIS EXTRACT (HENNA), ROSA DAMASCENA FLOWER EXTRACT, CROCUS SATIVUS FLOWER EXTRACT, ALOE BARBADENSIS LEAF EXTRACT, PROPYLENE GLYCOL, ISOPROPYL ALCOHOL, M-AMINOPHENOL, P-PHENYLENEDIAMINE, PHENOXYETHANOL, P-AMINOPHENOL, ETHANOLAMINE, SODIUM SULFITE, DISODIUM EDTA, CARBOMER, CITRUS LIMON PEEL OIL(LEMON OIL), 1,5-NAPHTHALENEDIOL, 4-AMINO-2-HYDROXYTOLUENE, 1-NAPHTHOL, CONTAINS P-PHENYLENEDIAMINE 0.25%, 1-NAPHTHOL 0.005%, 1,5-NAPHTHALENEDIOL 0.05%. [\/cg_accordion] Koli\u010dina: 15 ml Proizvedeno v: Indiji Ustvarjeno v: Veliki Britaniji<\/p>\n","protected":false},"featured_media":13582,"template":"","meta":{"_acf_changed":false,"_monsterinsights_skip_tracking":false,"_monsterinsights_sitenote_active":false,"_monsterinsights_sitenote_note":"","_monsterinsights_sitenote_category":0},"product_brand":[],"product_cat":[287,285,286,238,214,209],"product_tag":[],"class_list":{"0":"post-14381","1":"product","2":"type-product","3":"status-publish","4":"has-post-thumbnail","6":"product_cat-barve-za-obrvi-sl-4","7":"product_cat-buff-browz-sl","8":"product_cat-laminacija-obrvi-sl-4","9":"product_cat-nakup-po-znamki","10":"product_cat-barve-za-obrvi","11":"product_cat-obrvi","13":"first","14":"instock","15":"taxable","16":"shipping-taxable","17":"purchasable","18":"product-type-simple"},"acf":[],"aioseo_notices":[],"_links":{"self":[{"href":"https:\/\/browsomepro.com\/sl\/wp-json\/wp\/v2\/product\/14381","targetHints":{"allow":["GET"]}}],"collection":[{"href":"https:\/\/browsomepro.com\/sl\/wp-json\/wp\/v2\/product"}],"about":[{"href":"https:\/\/browsomepro.com\/sl\/wp-json\/wp\/v2\/types\/product"}],"version-history":[{"count":2,"href":"https:\/\/browsomepro.com\/sl\/wp-json\/wp\/v2\/product\/14381\/revisions"}],"predecessor-version":[{"id":14384,"href":"https:\/\/browsomepro.com\/sl\/wp-json\/wp\/v2\/product\/14381\/revisions\/14384"}],"wp:featuredmedia":[{"embeddable":true,"href":"https:\/\/browsomepro.com\/sl\/wp-json\/wp\/v2\/media\/13582"}],"wp:attachment":[{"href":"https:\/\/browsomepro.com\/sl\/wp-json\/wp\/v2\/media?parent=14381"}],"wp:term":[{"taxonomy":"product_brand","embeddable":true,"href":"https:\/\/browsomepro.com\/sl\/wp-json\/wp\/v2\/product_brand?post=14381"},{"taxonomy":"product_cat","embeddable":true,"href":"https:\/\/browsomepro.com\/sl\/wp-json\/wp\/v2\/product_cat?post=14381"},{"taxonomy":"product_tag","embeddable":true,"href":"https:\/\/browsomepro.com\/sl\/wp-json\/wp\/v2\/product_tag?post=14381"}],"curies":[{"name":"wp","href":"https:\/\/api.w.org\/{rel}","templated":true}]}}