{"id":14308,"date":"2024-06-20T13:31:04","date_gmt":"2024-06-20T13:31:04","guid":{"rendered":"https:\/\/browsomepro.com\/product\/maxymova-step-1-lift-15ml\/"},"modified":"2026-04-16T11:00:13","modified_gmt":"2026-04-16T10:00:13","slug":"maxymova-step-1-lift-15ml","status":"publish","type":"product","link":"https:\/\/browsomepro.com\/sl\/izdelek\/maxymova-step-1-lift-15ml\/","title":{"rendered":"Maxymova \u2013 Step 1 LIFT 15ml"},"content":{"rendered":"\t\t<div data-elementor-type=\"product-post\" data-elementor-id=\"14308\" class=\"elementor elementor-14308 elementor-10678\" data-elementor-post-type=\"product\">\n\t\t\t\t<div class=\"elementor-element elementor-element-2ce65a61 e-flex e-con-boxed e-con e-parent\" data-id=\"2ce65a61\" data-element_type=\"container\">\n\t\t\t\t\t<div class=\"e-con-inner\">\n\t\t<div class=\"elementor-element elementor-element-caece84 e-con-full e-flex e-con e-child\" data-id=\"caece84\" data-element_type=\"container\">\n\t\t\t\t<div class=\"elementor-element elementor-element-22f9b9e0 elementor-widget elementor-widget-image\" data-id=\"22f9b9e0\" data-element_type=\"widget\" data-widget_type=\"image.default\">\n\t\t\t\t<div class=\"elementor-widget-container\">\n\t\t\t\t\t\t\t\t\t\t\t\t\t\t\t<img fetchpriority=\"high\" decoding=\"async\" width=\"2000\" height=\"2000\" src=\"https:\/\/browsomepro.com\/wp-content\/uploads\/2024\/06\/maxymova.webp\" class=\"attachment-full size-full wp-image-13725\" alt=\"\" srcset=\"https:\/\/browsomepro.com\/wp-content\/uploads\/2024\/06\/maxymova.webp 2000w, https:\/\/browsomepro.com\/wp-content\/uploads\/2024\/06\/maxymova-300x300.webp 300w, https:\/\/browsomepro.com\/wp-content\/uploads\/2024\/06\/maxymova-150x150.webp 150w, https:\/\/browsomepro.com\/wp-content\/uploads\/2024\/06\/maxymova-800x800.webp 800w, https:\/\/browsomepro.com\/wp-content\/uploads\/2024\/06\/maxymova-1024x1024.webp 1024w, https:\/\/browsomepro.com\/wp-content\/uploads\/2024\/06\/maxymova-768x768.webp 768w, https:\/\/browsomepro.com\/wp-content\/uploads\/2024\/06\/maxymova-1536x1536.webp 1536w, https:\/\/browsomepro.com\/wp-content\/uploads\/2024\/06\/maxymova-990x990.webp 990w, https:\/\/browsomepro.com\/wp-content\/uploads\/2024\/06\/maxymova-441x441.webp 441w, https:\/\/browsomepro.com\/wp-content\/uploads\/2024\/06\/maxymova-100x100.webp 100w\" sizes=\"(max-width: 360px) 147px, (max-width: 2000px) 100vw, 2000px\" \/>\t\t\t\t\t\t\t\t\t\t\t\t\t\t\t<\/div>\n\t\t\t\t<\/div>\n\t\t\t\t<\/div>\n\t\t<div class=\"elementor-element elementor-element-3cb204ef e-con-full e-flex e-con e-child\" data-id=\"3cb204ef\" data-element_type=\"container\" data-settings=\"{&quot;background_background&quot;:&quot;classic&quot;}\">\n\t\t\t\t<div class=\"elementor-element elementor-element-6d5fb04a elementor-widget elementor-widget-heading\" data-id=\"6d5fb04a\" data-element_type=\"widget\" data-widget_type=\"heading.default\">\n\t\t\t\t<div class=\"elementor-widget-container\">\n\t\t\t\t\t<h2 class=\"elementor-heading-title elementor-size-default\">Inovativna nega in ne\u017ena formulacija<\/h2>\t\t\t\t<\/div>\n\t\t\t\t<\/div>\n\t\t\t\t<div class=\"elementor-element elementor-element-2d919ee4 elementor-widget elementor-widget-text-editor\" data-id=\"2d919ee4\" data-element_type=\"widget\" data-widget_type=\"text-editor.default\">\n\t\t\t\t<div class=\"elementor-widget-container\">\n\t\t\t\t\t\t\t\t\t<p>Maxymova profesionalni izdelki za laminacijo trepalnic in obrvi ponujajo inovativno me\u0161anico u\u010dinkovitosti in nege, zasnovano za dolgotrajne rezultate ob ohranjanju zdravja dla\u010dic. <\/p>\n<p>Ena izmed klju\u010dnih lastnosti je odsotnost kemi\u010dnih vonjav, zaradi \u010desar so ti izdelki primerni za stranke z ob\u010dutljivimi o\u010dmi.<\/p>\n<p>Za dosego najbolj\u0161ih mo\u017enih rezultatov z Maxymova sistemom priporo\u010damo uporabo naslednjih izdelkov:<\/p>\n<ul>\n<li aria-level=\"1\">Maxymova \u010cistilna Pena<\/li>\n<li aria-level=\"1\">Maxymova Goccia Blue Diamond Serum<\/li>\n<li aria-level=\"1\">Maxymova Brow Lash Cocktail<\/li>\n<\/ul>\n\t\t\t\t\t\t\t\t<\/div>\n\t\t\t\t<\/div>\n\t\t\t\t<\/div>\n\t\t\t\t\t<\/div>\n\t\t\t\t<\/div>\n\t\t<div class=\"elementor-element elementor-element-73ad07a9 e-flex e-con-boxed e-con e-parent\" data-id=\"73ad07a9\" data-element_type=\"container\">\n\t\t\t\t\t<div class=\"e-con-inner\">\n\t\t<div class=\"elementor-element elementor-element-2ad8111b e-con-full e-flex e-con e-child\" data-id=\"2ad8111b\" data-element_type=\"container\" data-settings=\"{&quot;background_background&quot;:&quot;classic&quot;}\">\n\t\t\t\t<div class=\"elementor-element elementor-element-20971bc7 elementor-widget elementor-widget-heading\" data-id=\"20971bc7\" data-element_type=\"widget\" data-widget_type=\"heading.default\">\n\t\t\t\t<div class=\"elementor-widget-container\">\n\t\t\t\t\t<h2 class=\"elementor-heading-title elementor-size-default\">Koraki za dosego optimalnih rezultatov<\/h2>\t\t\t\t<\/div>\n\t\t\t\t<\/div>\n\t\t\t\t<div class=\"elementor-element elementor-element-14875bc4 elementor-widget elementor-widget-text-editor\" data-id=\"14875bc4\" data-element_type=\"widget\" data-widget_type=\"text-editor.default\">\n\t\t\t\t<div class=\"elementor-widget-container\">\n\t\t\t\t\t\t\t\t\t<p><b>Korak 1 &#8211; Maxymova LIFT <\/b><\/p>\n<p>Korak 1 LIFT je prva faza, ki razgrajuje disulfidne vezi znotraj dla\u010dic. Nova sijo\u010da tekstura seruma zagotavlja ne\u017eno, a u\u010dinkovito nana\u0161anje. Po prete\u010denem \u010dasu, ne\u017eno odstranite izdelek s suho vatirano pal\u010dko.  <\/p>\n<p>\u010cas delovanja za obrvi in trepalnice<\/p>\n<ul>\n<li aria-level=\"1\">Tanke in \u0161ibke dlake: 4-5 min <\/li>\n<li aria-level=\"1\">Srednje mo\u010dne dlake: 6-7 min<\/li>\n<li aria-level=\"1\">Goste, mo\u010dne dlake: 8-9 min<\/li>\n<li aria-level=\"1\">Zelo goste, mo\u010dne dlake: 10-12 min<\/li>\n<\/ul>\n\t\t\t\t\t\t\t\t<\/div>\n\t\t\t\t<\/div>\n\t\t\t\t<div class=\"elementor-element elementor-element-86ff719 elementor-widget elementor-widget-toggle\" data-id=\"86ff719\" data-element_type=\"widget\" data-widget_type=\"toggle.default\">\n\t\t\t\t<div class=\"elementor-widget-container\">\n\t\t\t\t\t\t\t<div class=\"elementor-toggle\">\n\t\t\t\t\t\t\t<div class=\"elementor-toggle-item\">\n\t\t\t\t\t<div id=\"elementor-tab-title-1411\" class=\"elementor-tab-title\" data-tab=\"1\" role=\"button\" aria-controls=\"elementor-tab-content-1411\" aria-expanded=\"false\">\n\t\t\t\t\t\t\t\t\t\t\t\t<span class=\"elementor-toggle-icon elementor-toggle-icon-left\" aria-hidden=\"true\">\n\t\t\t\t\t\t\t\t\t\t\t\t\t\t\t<span class=\"elementor-toggle-icon-closed\"><svg class=\"e-font-icon-svg e-fas-caret-right\" viewBox=\"0 0 192 512\" xmlns=\"http:\/\/www.w3.org\/2000\/svg\"><path d=\"M0 384.662V127.338c0-17.818 21.543-26.741 34.142-14.142l128.662 128.662c7.81 7.81 7.81 20.474 0 28.284L34.142 398.804C21.543 411.404 0 402.48 0 384.662z\"><\/path><\/svg><\/span>\n\t\t\t\t\t\t\t\t<span class=\"elementor-toggle-icon-opened\"><svg class=\"elementor-toggle-icon-opened e-font-icon-svg e-fas-caret-up\" viewBox=\"0 0 320 512\" xmlns=\"http:\/\/www.w3.org\/2000\/svg\"><path d=\"M288.662 352H31.338c-17.818 0-26.741-21.543-14.142-34.142l128.662-128.662c7.81-7.81 20.474-7.81 28.284 0l128.662 128.662c12.6 12.599 3.676 34.142-14.142 34.142z\"><\/path><\/svg><\/span>\n\t\t\t\t\t\t\t\t\t\t\t\t\t<\/span>\n\t\t\t\t\t\t\t\t\t\t\t\t<a class=\"elementor-toggle-title\" tabindex=\"0\">Korak 2 - Maxymova FIX<\/a>\n\t\t\t\t\t<\/div>\n\n\t\t\t\t\t<div id=\"elementor-tab-content-1411\" class=\"elementor-tab-content elementor-clearfix\" data-tab=\"1\" role=\"region\" aria-labelledby=\"elementor-tab-title-1411\"><p>Korak 2 FIX \u201czaklene\u201d novo obliko z ustvarjanjem novih disulfidnih vezi. Ta faza je klju\u010dna za postavitev \u017eelenega loka in oblike. Ima revolucionarno formulo, ki deluje brez neprijetnih vonjav. Po preteku \u010dasa serum odstranite z vla\u017eno vatirano pal\u010dko.   <\/p>\n<p>Ne glede na tip dla\u010dic, pustite delovati 7 do 8 minut. <\/p>\n<\/div>\n\t\t\t\t<\/div>\n\t\t\t\t\t\t\t<div class=\"elementor-toggle-item\">\n\t\t\t\t\t<div id=\"elementor-tab-title-1412\" class=\"elementor-tab-title\" data-tab=\"2\" role=\"button\" aria-controls=\"elementor-tab-content-1412\" aria-expanded=\"false\">\n\t\t\t\t\t\t\t\t\t\t\t\t<span class=\"elementor-toggle-icon elementor-toggle-icon-left\" aria-hidden=\"true\">\n\t\t\t\t\t\t\t\t\t\t\t\t\t\t\t<span class=\"elementor-toggle-icon-closed\"><svg class=\"e-font-icon-svg e-fas-caret-right\" viewBox=\"0 0 192 512\" xmlns=\"http:\/\/www.w3.org\/2000\/svg\"><path d=\"M0 384.662V127.338c0-17.818 21.543-26.741 34.142-14.142l128.662 128.662c7.81 7.81 7.81 20.474 0 28.284L34.142 398.804C21.543 411.404 0 402.48 0 384.662z\"><\/path><\/svg><\/span>\n\t\t\t\t\t\t\t\t<span class=\"elementor-toggle-icon-opened\"><svg class=\"elementor-toggle-icon-opened e-font-icon-svg e-fas-caret-up\" viewBox=\"0 0 320 512\" xmlns=\"http:\/\/www.w3.org\/2000\/svg\"><path d=\"M288.662 352H31.338c-17.818 0-26.741-21.543-14.142-34.142l128.662-128.662c7.81-7.81 20.474-7.81 28.284 0l128.662 128.662c12.6 12.599 3.676 34.142-14.142 34.142z\"><\/path><\/svg><\/span>\n\t\t\t\t\t\t\t\t\t\t\t\t\t<\/span>\n\t\t\t\t\t\t\t\t\t\t\t\t<a class=\"elementor-toggle-title\" tabindex=\"0\">Korak 3 (opcijsko)- Maxymova Goccia Serum ali Blue Diamond Serum<\/a>\n\t\t\t\t\t<\/div>\n\n\t\t\t\t\t<div id=\"elementor-tab-content-1412\" class=\"elementor-tab-content elementor-clearfix\" data-tab=\"2\" role=\"region\" aria-labelledby=\"elementor-tab-title-1412\"><p>Po drugem koraku postopka nanesite Goccia Serum ali Blue Diamond Serum, da nahranite in izbolj\u0161ate sijaj trepalnic in obrvi. Ti intenzivni serumi revitalizirajo in krepijo, zagotavljajo volumen in sijo\u010d videz.  <\/p>\n<p>Nanesite 2-3 kapljice s \u010dopi\u010dem in pustite delovati 5-10 minut, nato odstranite s suho vatirano blazinico. <\/p>\n<\/div>\n\t\t\t\t<\/div>\n\t\t\t\t\t\t\t<div class=\"elementor-toggle-item\">\n\t\t\t\t\t<div id=\"elementor-tab-title-1413\" class=\"elementor-tab-title\" data-tab=\"3\" role=\"button\" aria-controls=\"elementor-tab-content-1413\" aria-expanded=\"false\">\n\t\t\t\t\t\t\t\t\t\t\t\t<span class=\"elementor-toggle-icon elementor-toggle-icon-left\" aria-hidden=\"true\">\n\t\t\t\t\t\t\t\t\t\t\t\t\t\t\t<span class=\"elementor-toggle-icon-closed\"><svg class=\"e-font-icon-svg e-fas-caret-right\" viewBox=\"0 0 192 512\" xmlns=\"http:\/\/www.w3.org\/2000\/svg\"><path d=\"M0 384.662V127.338c0-17.818 21.543-26.741 34.142-14.142l128.662 128.662c7.81 7.81 7.81 20.474 0 28.284L34.142 398.804C21.543 411.404 0 402.48 0 384.662z\"><\/path><\/svg><\/span>\n\t\t\t\t\t\t\t\t<span class=\"elementor-toggle-icon-opened\"><svg class=\"elementor-toggle-icon-opened e-font-icon-svg e-fas-caret-up\" viewBox=\"0 0 320 512\" xmlns=\"http:\/\/www.w3.org\/2000\/svg\"><path d=\"M288.662 352H31.338c-17.818 0-26.741-21.543-14.142-34.142l128.662-128.662c7.81-7.81 20.474-7.81 28.284 0l128.662 128.662c12.6 12.599 3.676 34.142-14.142 34.142z\"><\/path><\/svg><\/span>\n\t\t\t\t\t\t\t\t\t\t\t\t\t<\/span>\n\t\t\t\t\t\t\t\t\t\t\t\t<a class=\"elementor-toggle-title\" tabindex=\"0\">Korak 4 - Maxymova Hydration  Keratin Booster<\/a>\n\t\t\t\t\t<\/div>\n\n\t\t\t\t\t<div id=\"elementor-tab-content-1413\" class=\"elementor-tab-content elementor-clearfix\" data-tab=\"3\" role=\"region\" aria-labelledby=\"elementor-tab-title-1413\"><p>Zadnji korak, Hydration Keratin Booster, vla\u017ei in krepi trepalnice ter obrvi s keratinom, kolagenom in aloe vero. Zagotavlja, da obdelane dla\u010dice ostanejo mehke, elasti\u010dne in sijo\u010de. Izpiranje ni potrebno.  <\/p>\n<\/div>\n\t\t\t\t<\/div>\n\t\t\t\t\t\t\t<div class=\"elementor-toggle-item\">\n\t\t\t\t\t<div id=\"elementor-tab-title-1414\" class=\"elementor-tab-title\" data-tab=\"4\" role=\"button\" aria-controls=\"elementor-tab-content-1414\" aria-expanded=\"false\">\n\t\t\t\t\t\t\t\t\t\t\t\t<span class=\"elementor-toggle-icon elementor-toggle-icon-left\" aria-hidden=\"true\">\n\t\t\t\t\t\t\t\t\t\t\t\t\t\t\t<span class=\"elementor-toggle-icon-closed\"><svg class=\"e-font-icon-svg e-fas-caret-right\" viewBox=\"0 0 192 512\" xmlns=\"http:\/\/www.w3.org\/2000\/svg\"><path d=\"M0 384.662V127.338c0-17.818 21.543-26.741 34.142-14.142l128.662 128.662c7.81 7.81 7.81 20.474 0 28.284L34.142 398.804C21.543 411.404 0 402.48 0 384.662z\"><\/path><\/svg><\/span>\n\t\t\t\t\t\t\t\t<span class=\"elementor-toggle-icon-opened\"><svg class=\"elementor-toggle-icon-opened e-font-icon-svg e-fas-caret-up\" viewBox=\"0 0 320 512\" xmlns=\"http:\/\/www.w3.org\/2000\/svg\"><path d=\"M288.662 352H31.338c-17.818 0-26.741-21.543-14.142-34.142l128.662-128.662c7.81-7.81 20.474-7.81 28.284 0l128.662 128.662c12.6 12.599 3.676 34.142-14.142 34.142z\"><\/path><\/svg><\/span>\n\t\t\t\t\t\t\t\t\t\t\t\t\t<\/span>\n\t\t\t\t\t\t\t\t\t\t\t\t<a class=\"elementor-toggle-title\" tabindex=\"0\">Korak 5 (opcijsko): Maxymova Lash Brow Cocktail <\/a>\n\t\t\t\t\t<\/div>\n\n\t\t\t\t\t<div id=\"elementor-tab-content-1414\" class=\"elementor-tab-content elementor-clearfix\" data-tab=\"4\" role=\"region\" aria-labelledby=\"elementor-tab-title-1414\"><p>Zaklju\u010dite tretma z Lash Brow Cocktail, revolucionarnim zaklju\u010dnim serumom, ki spodbuja rast in izbolj\u0161uje zdravje dla\u010dic. Obogaten z biotinom in rastlinskim keratinom zagotavlja intenzivno hranjenje in za\u0161\u010dito.  <\/p>\n<p>Nanesite serum s \u010dopi\u010dem, ne\u017eno pre\u010desite trepalnice ali obrvi in ne izpirajte. To zagotavlja dolgotrajne koristi tretmaja in izbolj\u0161a splo\u0161no zdravje dla\u010dic. <\/p>\n<\/div>\n\t\t\t\t<\/div>\n\t\t\t\t\t\t\t\t<\/div>\n\t\t\t\t\t\t<\/div>\n\t\t\t\t<\/div>\n\t\t\t\t<\/div>\n\t\t<div class=\"elementor-element elementor-element-49ef91ff e-con-full e-flex e-con e-child\" data-id=\"49ef91ff\" data-element_type=\"container\">\n\t\t\t\t<div class=\"elementor-element elementor-element-63625f51 elementor-widget elementor-widget-image\" data-id=\"63625f51\" data-element_type=\"widget\" data-widget_type=\"image.default\">\n\t\t\t\t<div class=\"elementor-widget-container\">\n\t\t\t\t\t\t\t\t\t\t\t\t\t\t\t<img decoding=\"async\" width=\"2000\" height=\"2000\" src=\"https:\/\/browsomepro.com\/wp-content\/uploads\/2024\/06\/maxymova1.webp\" class=\"attachment-full size-full wp-image-13726\" alt=\"\" srcset=\"https:\/\/browsomepro.com\/wp-content\/uploads\/2024\/06\/maxymova1.webp 2000w, https:\/\/browsomepro.com\/wp-content\/uploads\/2024\/06\/maxymova1-300x300.webp 300w, https:\/\/browsomepro.com\/wp-content\/uploads\/2024\/06\/maxymova1-150x150.webp 150w, https:\/\/browsomepro.com\/wp-content\/uploads\/2024\/06\/maxymova1-800x800.webp 800w, https:\/\/browsomepro.com\/wp-content\/uploads\/2024\/06\/maxymova1-1024x1024.webp 1024w, https:\/\/browsomepro.com\/wp-content\/uploads\/2024\/06\/maxymova1-768x768.webp 768w, https:\/\/browsomepro.com\/wp-content\/uploads\/2024\/06\/maxymova1-1536x1536.webp 1536w, https:\/\/browsomepro.com\/wp-content\/uploads\/2024\/06\/maxymova1-990x990.webp 990w, https:\/\/browsomepro.com\/wp-content\/uploads\/2024\/06\/maxymova1-441x441.webp 441w, https:\/\/browsomepro.com\/wp-content\/uploads\/2024\/06\/maxymova1-100x100.webp 100w\" sizes=\"(max-width: 360px) 147px, (max-width: 2000px) 100vw, 2000px\" \/>\t\t\t\t\t\t\t\t\t\t\t\t\t\t\t<\/div>\n\t\t\t\t<\/div>\n\t\t\t\t<\/div>\n\t\t\t\t\t<\/div>\n\t\t\t\t<\/div>\n\t\t\t\t<\/div>\n\t\t","protected":false},"excerpt":{"rendered":"<p><span style=\"font-weight: 400;\">Znamka Maxymova ponuja vrhunske izdelke za vihanje trepalnic in laminacijo obrvi, razvite v tesnem sodelovanju z najbolj\u0161imi italijanskimi artistkami. Njihova ekskluzivna formula zagotavlja prijazen in u\u010dinkovit dvig trepalnic brez neprijetnih vonjav. <\/span><\/p>\n<p><span style=\"font-weight: 400;\">Izdelki so namenjeni izklju\u010dno profesionalni uporabi, kar zagotavlja vrhunsko kakovost in zadovoljstvo strank.<\/span>[cg_accordion title=\"Sestavine\"]Aqua [Water], Cetearyl Alcohol, Ammonium Thioglycolate, Ammonium Bicarbonate, Parfum [Fragrance], Propylene Glycol, Ammonium Hydroxide, Caramel, Ceteareth-25, Cetrimonium Chloride, Phenoxyethanol, Polyquaternium-6, Synthetic Fluorphlogopite, Ethylhexylglycerin, Tetrasodium Edta, Ci 77891 [Titanium Dioxide], Ci 77491 [Iron Oxides], Tin Oxide. [\/cg_accordion]<span style=\"font-weight: 400;\">Koli\u010dina: 15 ml <\/span><span style=\"font-weight: 400;\">Proizvedeno v: Italija<\/span><span style=\"font-weight: 400;\"> Rok uporabe po odprtju: 4 mesece <br \/><\/span><\/p>\n","protected":false},"featured_media":13728,"template":"","meta":{"_acf_changed":false,"_monsterinsights_skip_tracking":false,"_monsterinsights_sitenote_active":false,"_monsterinsights_sitenote_note":"","_monsterinsights_sitenote_category":0},"product_brand":[],"product_cat":[242,241,238,244,215,209,234,229],"product_tag":[],"class_list":{"0":"post-14308","1":"product","2":"type-product","3":"status-publish","4":"has-post-thumbnail","6":"product_cat-laminacija-obrvi-sl","7":"product_cat-maxymova-sl","8":"product_cat-nakup-po-znamki","9":"product_cat-vihanje-trepalnic","10":"product_cat-laminacija-obrvi","11":"product_cat-obrvi","12":"product_cat-serumi-za-vihanje-trepalnic","13":"product_cat-trepalnice","15":"first","16":"instock","17":"taxable","18":"shipping-taxable","19":"purchasable","20":"product-type-simple"},"acf":[],"aioseo_notices":[],"_links":{"self":[{"href":"https:\/\/browsomepro.com\/sl\/wp-json\/wp\/v2\/product\/14308","targetHints":{"allow":["GET"]}}],"collection":[{"href":"https:\/\/browsomepro.com\/sl\/wp-json\/wp\/v2\/product"}],"about":[{"href":"https:\/\/browsomepro.com\/sl\/wp-json\/wp\/v2\/types\/product"}],"version-history":[{"count":2,"href":"https:\/\/browsomepro.com\/sl\/wp-json\/wp\/v2\/product\/14308\/revisions"}],"predecessor-version":[{"id":17964,"href":"https:\/\/browsomepro.com\/sl\/wp-json\/wp\/v2\/product\/14308\/revisions\/17964"}],"wp:featuredmedia":[{"embeddable":true,"href":"https:\/\/browsomepro.com\/sl\/wp-json\/wp\/v2\/media\/13728"}],"wp:attachment":[{"href":"https:\/\/browsomepro.com\/sl\/wp-json\/wp\/v2\/media?parent=14308"}],"wp:term":[{"taxonomy":"product_brand","embeddable":true,"href":"https:\/\/browsomepro.com\/sl\/wp-json\/wp\/v2\/product_brand?post=14308"},{"taxonomy":"product_cat","embeddable":true,"href":"https:\/\/browsomepro.com\/sl\/wp-json\/wp\/v2\/product_cat?post=14308"},{"taxonomy":"product_tag","embeddable":true,"href":"https:\/\/browsomepro.com\/sl\/wp-json\/wp\/v2\/product_tag?post=14308"}],"curies":[{"name":"wp","href":"https:\/\/api.w.org\/{rel}","templated":true}]}}