{"id":14255,"date":"2024-07-04T07:05:19","date_gmt":"2024-07-04T06:05:19","guid":{"rendered":"https:\/\/browsomepro.com\/product\/staleks-pro-expert-tweezers-10-type-3\/"},"modified":"2025-01-15T22:01:04","modified_gmt":"2025-01-15T21:01:04","slug":"staleks-pro-expert-tweezers-10-type-3","status":"publish","type":"product","link":"https:\/\/browsomepro.com\/sl\/izdelek\/staleks-pro-expert-tweezers-10-type-3\/","title":{"rendered":"Staleks &#8211; Pro Expert Tweezers 10 Type 3"},"content":{"rendered":"\t\t<div data-elementor-type=\"product-post\" data-elementor-id=\"14255\" class=\"elementor elementor-14255 elementor-11415\" data-elementor-post-type=\"product\">\n\t\t\t\t<div class=\"elementor-element elementor-element-29fd324e e-flex e-con-boxed e-con e-parent\" data-id=\"29fd324e\" data-element_type=\"container\">\n\t\t\t\t\t<div class=\"e-con-inner\">\n\t\t<div class=\"elementor-element elementor-element-391535f9 e-con-full e-flex e-con e-child\" data-id=\"391535f9\" data-element_type=\"container\">\n\t\t\t\t<div class=\"elementor-element elementor-element-2f27f9b5 elementor-widget elementor-widget-image\" data-id=\"2f27f9b5\" data-element_type=\"widget\" data-widget_type=\"image.default\">\n\t\t\t\t<div class=\"elementor-widget-container\">\n\t\t\t\t\t\t\t\t\t\t\t\t\t\t\t<img fetchpriority=\"high\" decoding=\"async\" width=\"1500\" height=\"1500\" src=\"https:\/\/browsomepro.com\/wp-content\/uploads\/2024\/07\/staleks-tweezers-bs.webp\" class=\"attachment-full size-full wp-image-13792\" alt=\"\" srcset=\"https:\/\/browsomepro.com\/wp-content\/uploads\/2024\/07\/staleks-tweezers-bs.webp 1500w, https:\/\/browsomepro.com\/wp-content\/uploads\/2024\/07\/staleks-tweezers-bs-300x300.webp 300w, https:\/\/browsomepro.com\/wp-content\/uploads\/2024\/07\/staleks-tweezers-bs-150x150.webp 150w, https:\/\/browsomepro.com\/wp-content\/uploads\/2024\/07\/staleks-tweezers-bs-800x800.webp 800w, https:\/\/browsomepro.com\/wp-content\/uploads\/2024\/07\/staleks-tweezers-bs-1024x1024.webp 1024w, https:\/\/browsomepro.com\/wp-content\/uploads\/2024\/07\/staleks-tweezers-bs-768x768.webp 768w, https:\/\/browsomepro.com\/wp-content\/uploads\/2024\/07\/staleks-tweezers-bs-990x990.webp 990w, https:\/\/browsomepro.com\/wp-content\/uploads\/2024\/07\/staleks-tweezers-bs-441x441.webp 441w, https:\/\/browsomepro.com\/wp-content\/uploads\/2024\/07\/staleks-tweezers-bs-100x100.webp 100w\" sizes=\"(max-width: 360px) 147px, (max-width: 1500px) 100vw, 1500px\" \/>\t\t\t\t\t\t\t\t\t\t\t\t\t\t\t<\/div>\n\t\t\t\t<\/div>\n\t\t\t\t<\/div>\n\t\t<div class=\"elementor-element elementor-element-53c6261d e-con-full e-flex e-con e-child\" data-id=\"53c6261d\" data-element_type=\"container\" data-settings=\"{&quot;background_background&quot;:&quot;classic&quot;}\">\n\t\t\t\t<div class=\"elementor-element elementor-element-709684ad elementor-widget elementor-widget-heading\" data-id=\"709684ad\" data-element_type=\"widget\" data-widget_type=\"heading.default\">\n\t\t\t\t<div class=\"elementor-widget-container\">\n\t\t\t\t\t<h2 class=\"elementor-heading-title elementor-size-default\">Popolna natan\u010dnost s Staleksom<\/h2>\t\t\t\t<\/div>\n\t\t\t\t<\/div>\n\t\t\t\t<div class=\"elementor-element elementor-element-321c37e2 elementor-widget elementor-widget-text-editor\" data-id=\"321c37e2\" data-element_type=\"widget\" data-widget_type=\"text-editor.default\">\n\t\t\t\t<div class=\"elementor-widget-container\">\n\t\t\t\t\t\t\t\t\t<p><span style=\"font-weight: 400;\">Staleks ponuja \u0161tevilne vrhunsko oblikovane pincete, ki so nepogre\u0161ljive za natan\u010dne tretmaje obrvi in trepalnic. Izdelane iz nerjave\u010dega jekla. Pincete so dovr\u0161eno izdelane, kar zagotavlja, da nikoli ne zarjavijo in jih je enostavno vzdr\u017eevati. <\/span><\/p>\n<\/p>\n<p><span style=\"font-weight: 400;\">Pincete Staleks omogo\u010dajo varen oprijem, kar zagotavlja enostavno odstranjevanje tudi najtanj\u0161ih dlak. Oblika in mat zaklju\u010dek ro\u010dajev nudita udoben oprijem. <\/span><\/p>\n\t\t\t\t\t\t\t\t<\/div>\n\t\t\t\t<\/div>\n\t\t\t\t<div class=\"elementor-element elementor-element-3a844c1f elementor-widget elementor-widget-toggle\" data-id=\"3a844c1f\" data-element_type=\"widget\" data-widget_type=\"toggle.default\">\n\t\t\t\t<div class=\"elementor-widget-container\">\n\t\t\t\t\t\t\t<div class=\"elementor-toggle\">\n\t\t\t\t\t\t\t<div class=\"elementor-toggle-item\">\n\t\t\t\t\t<div id=\"elementor-tab-title-9811\" class=\"elementor-tab-title\" data-tab=\"1\" role=\"button\" aria-controls=\"elementor-tab-content-9811\" aria-expanded=\"false\">\n\t\t\t\t\t\t\t\t\t\t\t\t<span class=\"elementor-toggle-icon elementor-toggle-icon-left\" aria-hidden=\"true\">\n\t\t\t\t\t\t\t\t\t\t\t\t\t\t\t<span class=\"elementor-toggle-icon-closed\"><svg class=\"e-font-icon-svg e-fas-caret-right\" viewBox=\"0 0 192 512\" xmlns=\"http:\/\/www.w3.org\/2000\/svg\"><path d=\"M0 384.662V127.338c0-17.818 21.543-26.741 34.142-14.142l128.662 128.662c7.81 7.81 7.81 20.474 0 28.284L34.142 398.804C21.543 411.404 0 402.48 0 384.662z\"><\/path><\/svg><\/span>\n\t\t\t\t\t\t\t\t<span class=\"elementor-toggle-icon-opened\"><svg class=\"elementor-toggle-icon-opened e-font-icon-svg e-fas-caret-up\" viewBox=\"0 0 320 512\" xmlns=\"http:\/\/www.w3.org\/2000\/svg\"><path d=\"M288.662 352H31.338c-17.818 0-26.741-21.543-14.142-34.142l128.662-128.662c7.81-7.81 20.474-7.81 28.284 0l128.662 128.662c12.6 12.599 3.676 34.142-14.142 34.142z\"><\/path><\/svg><\/span>\n\t\t\t\t\t\t\t\t\t\t\t\t\t<\/span>\n\t\t\t\t\t\t\t\t\t\t\t\t<a class=\"elementor-toggle-title\" tabindex=\"0\">Kako skrbeti za svoje pincete<\/a>\n\t\t\t\t\t<\/div>\n\n\t\t\t\t\t<div id=\"elementor-tab-content-9811\" class=\"elementor-tab-content elementor-clearfix\" data-tab=\"1\" role=\"region\" aria-labelledby=\"elementor-tab-title-9811\"><ol>\n<li style=\"font-weight: 400;\" aria-level=\"1\"><span style=\"font-weight: 400;\">O\u010distite po vsaki uporabi: Obri\u0161ite pincete z alkoholom ali razku\u017eilom, da odstranite ostanke in ohranjate higieno.<\/span><\/li>\n<li style=\"font-weight: 400;\" aria-level=\"1\"><span style=\"font-weight: 400;\">Ustrezno shranjevanje: Hranite pincete v za\u0161\u010ditnem etujiju, da prepre\u010dite po\u0161kodbe konice in ohranite ostrino.<\/span><\/li>\n<li style=\"font-weight: 400;\" aria-level=\"1\"><span style=\"font-weight: 400;\">Izogibajte se padcem pincete: Ravnajte previdno, da prepre\u010dite zamik rezil.<\/span><\/li>\n<\/ol>\n<\/div>\n\t\t\t\t<\/div>\n\t\t\t\t\t\t\t\t<\/div>\n\t\t\t\t\t\t<\/div>\n\t\t\t\t<\/div>\n\t\t\t\t<\/div>\n\t\t\t\t\t<\/div>\n\t\t\t\t<\/div>\n\t\t\t\t<\/div>\n\t\t","protected":false},"excerpt":{"rendered":"<ul>\n<li>ozki, ravni robovi<\/li>\n<li>primerna za urejanje tanj\u0161ih in ozkih obrvi<\/li>\n<li>velika funkcionalna povr\u0161ina pincete zagotavlja zanesljiv oprijem celotne dlake, brez pu\u0161\u010danja korenin v foliklu<\/li>\n<li>zanesljiv oprijem tudi na najkraj\u0161ih, tankih dlakah zaradi ozkih robov pincete (0,1 mm)<\/li>\n<li>gladka povr\u0161ina zunanjega dela pincete prepre\u010duje praskanje ko\u017ee<\/li>\n<li>profesionalno ro\u010dno ostrenje<\/li>\n<li>omogo\u010da gladek poteg za zmanj\u0161anje utrujenosti rok<\/li>\n<li>stilski, prijeten na dotik satenast zaklju\u010dek<\/li>\n<li>ro\u010daji obi\u010dajne velikosti<\/li>\n<li>Nerjave\u010de jeklo AISI 420.<\/li>\n<\/ul>\n","protected":false},"featured_media":13787,"template":"","meta":{"_acf_changed":false,"_monsterinsights_skip_tracking":false,"_monsterinsights_sitenote_active":false,"_monsterinsights_sitenote_note":"","_monsterinsights_sitenote_category":0},"product_brand":[],"product_cat":[238,272,210,230,209,229],"product_tag":[],"class_list":{"0":"post-14255","1":"product","2":"type-product","3":"status-publish","4":"has-post-thumbnail","6":"product_cat-nakup-po-znamki","7":"product_cat-staleks-sl","8":"product_cat-dodatki","9":"product_cat-dodatki-sl","10":"product_cat-obrvi","11":"product_cat-trepalnice","13":"first","14":"instock","15":"taxable","16":"shipping-taxable","17":"purchasable","18":"product-type-simple"},"acf":[],"aioseo_notices":[],"_links":{"self":[{"href":"https:\/\/browsomepro.com\/sl\/wp-json\/wp\/v2\/product\/14255","targetHints":{"allow":["GET"]}}],"collection":[{"href":"https:\/\/browsomepro.com\/sl\/wp-json\/wp\/v2\/product"}],"about":[{"href":"https:\/\/browsomepro.com\/sl\/wp-json\/wp\/v2\/types\/product"}],"version-history":[{"count":1,"href":"https:\/\/browsomepro.com\/sl\/wp-json\/wp\/v2\/product\/14255\/revisions"}],"predecessor-version":[{"id":14256,"href":"https:\/\/browsomepro.com\/sl\/wp-json\/wp\/v2\/product\/14255\/revisions\/14256"}],"wp:featuredmedia":[{"embeddable":true,"href":"https:\/\/browsomepro.com\/sl\/wp-json\/wp\/v2\/media\/13787"}],"wp:attachment":[{"href":"https:\/\/browsomepro.com\/sl\/wp-json\/wp\/v2\/media?parent=14255"}],"wp:term":[{"taxonomy":"product_brand","embeddable":true,"href":"https:\/\/browsomepro.com\/sl\/wp-json\/wp\/v2\/product_brand?post=14255"},{"taxonomy":"product_cat","embeddable":true,"href":"https:\/\/browsomepro.com\/sl\/wp-json\/wp\/v2\/product_cat?post=14255"},{"taxonomy":"product_tag","embeddable":true,"href":"https:\/\/browsomepro.com\/sl\/wp-json\/wp\/v2\/product_tag?post=14255"}],"curies":[{"name":"wp","href":"https:\/\/api.w.org\/{rel}","templated":true}]}}