{"id":14217,"date":"2024-07-16T14:01:39","date_gmt":"2024-07-16T13:01:39","guid":{"rendered":"https:\/\/browsomepro.com\/product\/katya-vinog-lash-lift-blazinice-razlicne-velikosti-sky-blue-2\/"},"modified":"2026-04-10T08:05:36","modified_gmt":"2026-04-10T07:05:36","slug":"katya-vinog-lash-lift-blazinice-razlicne-velikosti-sky-blue-2","status":"publish","type":"product","link":"https:\/\/browsomepro.com\/sl\/izdelek\/katya-vinog-lash-lift-blazinice-razlicne-velikosti-sky-blue-2\/","title":{"rendered":"Katya Vinog &#8211; Lash Lift Blazinice (Razli\u010dne velikosti) &#8211; Sky Blue"},"content":{"rendered":"\t\t<div data-elementor-type=\"product-post\" data-elementor-id=\"14217\" class=\"elementor elementor-14217 elementor-11794\" data-elementor-post-type=\"product\">\n\t\t\t\t<div class=\"elementor-element elementor-element-bca9c61 e-flex e-con-boxed e-con e-parent\" data-id=\"bca9c61\" data-element_type=\"container\">\n\t\t\t\t\t<div class=\"e-con-inner\">\n\t\t<div class=\"elementor-element elementor-element-3a86c8c4 e-con-full e-flex e-con e-child\" data-id=\"3a86c8c4\" data-element_type=\"container\">\n\t\t\t\t<div class=\"elementor-element elementor-element-2e35738 elementor-widget elementor-widget-image\" data-id=\"2e35738\" data-element_type=\"widget\" data-widget_type=\"image.default\">\n\t\t\t\t<div class=\"elementor-widget-container\">\n\t\t\t\t\t\t\t\t\t\t\t\t\t\t\t<img fetchpriority=\"high\" decoding=\"async\" width=\"800\" height=\"800\" src=\"https:\/\/browsomepro.com\/wp-content\/uploads\/2024\/07\/Katya-Vinog-Lash-Lift-Compensators-Shine.webp\" class=\"attachment-full size-full wp-image-13849\" alt=\"\" srcset=\"https:\/\/browsomepro.com\/wp-content\/uploads\/2024\/07\/Katya-Vinog-Lash-Lift-Compensators-Shine.webp 800w, https:\/\/browsomepro.com\/wp-content\/uploads\/2024\/07\/Katya-Vinog-Lash-Lift-Compensators-Shine-300x300.webp 300w, https:\/\/browsomepro.com\/wp-content\/uploads\/2024\/07\/Katya-Vinog-Lash-Lift-Compensators-Shine-150x150.webp 150w, https:\/\/browsomepro.com\/wp-content\/uploads\/2024\/07\/Katya-Vinog-Lash-Lift-Compensators-Shine-768x768.webp 768w, https:\/\/browsomepro.com\/wp-content\/uploads\/2024\/07\/Katya-Vinog-Lash-Lift-Compensators-Shine-441x441.webp 441w, https:\/\/browsomepro.com\/wp-content\/uploads\/2024\/07\/Katya-Vinog-Lash-Lift-Compensators-Shine-100x100.webp 100w\" sizes=\"(max-width: 360px) 147px, (max-width: 800px) 100vw, 800px\" \/>\t\t\t\t\t\t\t\t\t\t\t\t\t\t\t<\/div>\n\t\t\t\t<\/div>\n\t\t\t\t<\/div>\n\t\t<div class=\"elementor-element elementor-element-ff76554 e-con-full e-flex e-con e-child\" data-id=\"ff76554\" data-element_type=\"container\" data-settings=\"{&quot;background_background&quot;:&quot;classic&quot;}\">\n\t\t\t\t<div class=\"elementor-element elementor-element-7c501a elementor-widget elementor-widget-heading\" data-id=\"7c501a\" data-element_type=\"widget\" data-widget_type=\"heading.default\">\n\t\t\t\t<div class=\"elementor-widget-container\">\n\t\t\t\t\t<h2 class=\"elementor-heading-title elementor-size-default\">Dose\u017eite popoln dvig trepalnic s silikonskimi blazinicami Katya Vinog<\/h2>\t\t\t\t<\/div>\n\t\t\t\t<\/div>\n\t\t\t\t<div class=\"elementor-element elementor-element-14dcd9d7 elementor-widget elementor-widget-text-editor\" data-id=\"14dcd9d7\" data-element_type=\"widget\" data-widget_type=\"text-editor.default\">\n\t\t\t\t<div class=\"elementor-widget-container\">\n\t\t\t\t\t\t\t\t\t<p><span style=\"font-weight: 400;\">Blazinice za vihanje trepalnic Katya Vinog so strokovno zasnovani za natan\u010dno in udobno izku\u0161njo dviga trepalnic. Te visoko-ploske hibridne blazinice imajo edinstveno obliko s \u0161estimi razli\u010dnimi velikostmi, kar omogo\u010da brezhibno prilagajanje vsem oblikam o\u010di. Inovativen dizajn zagotavlja, da naravne trepalnice popolnoma prekrijejo telo blazinice ali so le 1 mm pod njim, kar zagotavlja optimalno osnovo za ustvarjanje \u010dudovitih dvigov trepalnic.  <\/span><\/p>\n<p><span style=\"font-weight: 400;\">Posebna oblika in vi\u0161ina teh blazinic zdru\u017eujeta prednosti ploskih in okroglih oblik, zaradi \u010desar so izjemno vsestranski in u\u010dinkoviti. Ne glede na to, ali ima va\u0161a stranka ravne ali naravno zavihane trepalnice, te blazinice ponujajo popolno re\u0161itev. <\/span><\/p>\n\t\t\t\t\t\t\t\t<\/div>\n\t\t\t\t<\/div>\n\t\t\t\t<div class=\"elementor-element elementor-element-5f9e23df elementor-widget elementor-widget-toggle\" data-id=\"5f9e23df\" data-element_type=\"widget\" data-widget_type=\"toggle.default\">\n\t\t\t\t<div class=\"elementor-widget-container\">\n\t\t\t\t\t\t\t<div class=\"elementor-toggle\">\n\t\t\t\t\t\t\t<div class=\"elementor-toggle-item\">\n\t\t\t\t\t<div id=\"elementor-tab-title-1601\" class=\"elementor-tab-title\" data-tab=\"1\" role=\"button\" aria-controls=\"elementor-tab-content-1601\" aria-expanded=\"false\">\n\t\t\t\t\t\t\t\t\t\t\t\t<span class=\"elementor-toggle-icon elementor-toggle-icon-left\" aria-hidden=\"true\">\n\t\t\t\t\t\t\t\t\t\t\t\t\t\t\t<span class=\"elementor-toggle-icon-closed\"><svg class=\"e-font-icon-svg e-fas-caret-right\" viewBox=\"0 0 192 512\" xmlns=\"http:\/\/www.w3.org\/2000\/svg\"><path d=\"M0 384.662V127.338c0-17.818 21.543-26.741 34.142-14.142l128.662 128.662c7.81 7.81 7.81 20.474 0 28.284L34.142 398.804C21.543 411.404 0 402.48 0 384.662z\"><\/path><\/svg><\/span>\n\t\t\t\t\t\t\t\t<span class=\"elementor-toggle-icon-opened\"><svg class=\"elementor-toggle-icon-opened e-font-icon-svg e-fas-caret-up\" viewBox=\"0 0 320 512\" xmlns=\"http:\/\/www.w3.org\/2000\/svg\"><path d=\"M288.662 352H31.338c-17.818 0-26.741-21.543-14.142-34.142l128.662-128.662c7.81-7.81 20.474-7.81 28.284 0l128.662 128.662c12.6 12.599 3.676 34.142-14.142 34.142z\"><\/path><\/svg><\/span>\n\t\t\t\t\t\t\t\t\t\t\t\t\t<\/span>\n\t\t\t\t\t\t\t\t\t\t\t\t<a class=\"elementor-toggle-title\" tabindex=\"0\">Izbolj\u0161ajte Va\u0161 Lash Lift<\/a>\n\t\t\t\t\t<\/div>\n\n\t\t\t\t\t<div id=\"elementor-tab-content-1601\" class=\"elementor-tab-content elementor-clearfix\" data-tab=\"1\" role=\"region\" aria-labelledby=\"elementor-tab-title-1601\"><p><span style=\"font-weight: 400;\">Kompanzatorji za vihanje trepalnic Katya Vinog, so nepogre\u0161ljiv pripomo\u010dek za izbolj\u0161anje rezultatov dviga trepalnic. Igrajo klju\u010dno vlogo pri ohranjanju u\u010dinkovitosti serumov za vihanje trepalnic, saj prepre\u010dujejo izhlapevanje in pove\u010dujejo penetracijo. S stabilizacijo kemi\u010dnega procesa zagotavljajo, da serumi ostanejo na mestu, kar omogo\u010da bolj dosledno in u\u010dinkovito izvajanje tretmaja.  <\/span><\/p>\n<p><span style=\"font-weight: 400;\">Vsak set vsebuje tri vrste kompenzatorjev , vsak je oblikovan prav za dolo\u010den korak pri postopku vihanja trepalnic:<\/span><\/p>\n<ul>\n<li style=\"font-weight: 400;\" aria-level=\"1\">\n<p><b>Vijoli\u010dni kompenzator<\/b><span style=\"font-weight: 400;\">: Uporablja se v prvem koraku, da prepre\u010di izhlapevanje serumov in stabilizira kemi\u010den proces.<\/span><\/p>\n<\/li>\n<li style=\"font-weight: 400;\" aria-level=\"1\">\n<p><b>Prosojni kompenzator<\/b><span style=\"font-weight: 400;\">: Uporablja se med drugo fazo, \u0161e naprej stabilizira proces, prepre\u010duje izhlapevanje in odpravlja napetost pri koreninah trepalnic.<\/span><\/p>\n<\/li>\n<li style=\"font-weight: 400;\" aria-level=\"1\">\n<p><b>\u010crni kompenzator<\/b><span style=\"font-weight: 400;\">: Uporablja se med postopkom barvanja, zagotavlja enakomerno porazdelitev barve in prepre\u010duje, da bi barva pronicala v vodno linijo o\u010di.<\/span><\/p>\n<\/li>\n<\/ul>\n<\/div>\n\t\t\t\t<\/div>\n\t\t\t\t\t\t\t\t<\/div>\n\t\t\t\t\t\t<\/div>\n\t\t\t\t<\/div>\n\t\t\t\t<\/div>\n\t\t\t\t\t<\/div>\n\t\t\t\t<\/div>\n\t\t\t\t<\/div>\n\t\t","protected":false},"excerpt":{"rendered":"<p><strong>Silikonske blazinice za vihanje trepalnic od svetovno znane ruske umetnice Katye Vinog.<\/strong> Svetovno priznane blazinice so bile preoblikovane, tukaj je kolekcija Clover z novo in izbolj\u0161ano obliko ter bolj\u0161o teksturo.<em> Izbirajte med 6 velikostmi (velikosti 2 \/ 2.5 \/ 3 \/ 3.5 \/ 4 \/ 4.5)<\/em>. Blazinice za dvig trepalnic Katya Vinog so visoko-ploske hibridne blazinice, s kar 6 razli\u010dnimi velikostmi.<br \/>Inovativen dizajn zagotavlja, da naravne trepalnice popolnoma prekrijejo telo blazinice ali so le 1 mm pod njim, kar zagotavlja optimalno osnovo za ustvarjanje \u010dudovitih dvigov trepalnic. Zaradi edinstvene oblike lahko z lahkoto dose\u017eete<strong> popolno krivino trepalnic.<\/strong> Ko pride do silikonskih blazinic, tovrstne blazinice spadajo v samostojno kategorijo, saj niso tradicionalno plo\u0161\u010date niti okrogle, temve\u010d so kombinacija obeh svetov. Oblika in vi\u0161ina blazinic omogo\u010data, da se uporabljajo <strong>za popolnoma vse oblike o\u010di,<\/strong> zato vam ni potrebno dvakrat razmi\u0161ljati, katero silikonsko blazinico izbrati za stranko, saj vsaki\u010d zagotovijo neverjetne rezultate. <strong>Popoln par blazinic v razli\u010dnih velikostih, za vse mojstre vihanja trepalnic! <\/strong>Navodila: Po vsaki uporabi takoj o\u010distite s toplo vodo in milom, nato sperite z alkoholom za popolno dezinfekcijo.    <\/p>\n","protected":false},"featured_media":13884,"template":"","meta":{"_acf_changed":false,"_monsterinsights_skip_tracking":false,"_monsterinsights_sitenote_active":false,"_monsterinsights_sitenote_note":"","_monsterinsights_sitenote_category":0},"product_brand":[],"product_cat":[271,268,238,269,236,227,229],"product_tag":[],"class_list":{"0":"post-14217","1":"product","2":"type-product","3":"status-publish","4":"has-post-thumbnail","6":"product_cat-blazinice-in-kompenzatorji-sl-2","7":"product_cat-katya-vinog-sl","8":"product_cat-nakup-po-znamki","9":"product_cat-vihanje-trepalnic-sl-3","10":"product_cat-blazinice-in-kompenzatorji","11":"product_cat-najbolj-priljubljeni-izdelki","12":"product_cat-trepalnice","14":"first","15":"instock","16":"taxable","17":"shipping-taxable","18":"purchasable","19":"product-type-variable"},"acf":[],"aioseo_notices":[],"_links":{"self":[{"href":"https:\/\/browsomepro.com\/sl\/wp-json\/wp\/v2\/product\/14217","targetHints":{"allow":["GET"]}}],"collection":[{"href":"https:\/\/browsomepro.com\/sl\/wp-json\/wp\/v2\/product"}],"about":[{"href":"https:\/\/browsomepro.com\/sl\/wp-json\/wp\/v2\/types\/product"}],"version-history":[{"count":2,"href":"https:\/\/browsomepro.com\/sl\/wp-json\/wp\/v2\/product\/14217\/revisions"}],"predecessor-version":[{"id":15576,"href":"https:\/\/browsomepro.com\/sl\/wp-json\/wp\/v2\/product\/14217\/revisions\/15576"}],"wp:featuredmedia":[{"embeddable":true,"href":"https:\/\/browsomepro.com\/sl\/wp-json\/wp\/v2\/media\/13884"}],"wp:attachment":[{"href":"https:\/\/browsomepro.com\/sl\/wp-json\/wp\/v2\/media?parent=14217"}],"wp:term":[{"taxonomy":"product_brand","embeddable":true,"href":"https:\/\/browsomepro.com\/sl\/wp-json\/wp\/v2\/product_brand?post=14217"},{"taxonomy":"product_cat","embeddable":true,"href":"https:\/\/browsomepro.com\/sl\/wp-json\/wp\/v2\/product_cat?post=14217"},{"taxonomy":"product_tag","embeddable":true,"href":"https:\/\/browsomepro.com\/sl\/wp-json\/wp\/v2\/product_tag?post=14217"}],"curies":[{"name":"wp","href":"https:\/\/api.w.org\/{rel}","templated":true}]}}