{"id":14183,"date":"2024-07-19T15:54:27","date_gmt":"2024-07-19T14:54:27","guid":{"rendered":"https:\/\/browsomepro.com\/product\/elan-boomplex\/"},"modified":"2024-11-25T15:19:19","modified_gmt":"2024-11-25T14:19:19","slug":"elan-boomplex","status":"publish","type":"product","link":"https:\/\/browsomepro.com\/sl\/izdelek\/elan-boomplex\/","title":{"rendered":"\u00c9lan &#8211; Boomplex"},"content":{"rendered":"\t\t<div data-elementor-type=\"product-post\" data-elementor-id=\"14183\" class=\"elementor elementor-14183\" data-elementor-post-type=\"product\">\n\t\t\t\t<div class=\"elementor-element elementor-element-3699557b e-flex e-con-boxed e-con e-parent\" data-id=\"3699557b\" data-element_type=\"container\">\n\t\t\t\t\t<div class=\"e-con-inner\">\n\t\t<div class=\"elementor-element elementor-element-5b9a1e36 e-con-full e-flex e-con e-child\" data-id=\"5b9a1e36\" data-element_type=\"container\">\n\t\t\t\t<div class=\"elementor-element elementor-element-5b9c3286 elementor-widget elementor-widget-image\" data-id=\"5b9c3286\" data-element_type=\"widget\" data-widget_type=\"image.default\">\n\t\t\t\t<div class=\"elementor-widget-container\">\n\t\t\t\t\t\t\t\t\t\t\t\t\t\t\t<img fetchpriority=\"high\" decoding=\"async\" width=\"2000\" height=\"2000\" src=\"https:\/\/browsomepro.com\/wp-content\/uploads\/2024\/07\/boomplex2.webp\" class=\"attachment-full size-full wp-image-13985\" alt=\"\" srcset=\"https:\/\/browsomepro.com\/wp-content\/uploads\/2024\/07\/boomplex2.webp 2000w, https:\/\/browsomepro.com\/wp-content\/uploads\/2024\/07\/boomplex2-300x300.webp 300w, https:\/\/browsomepro.com\/wp-content\/uploads\/2024\/07\/boomplex2-150x150.webp 150w, https:\/\/browsomepro.com\/wp-content\/uploads\/2024\/07\/boomplex2-800x800.webp 800w, https:\/\/browsomepro.com\/wp-content\/uploads\/2024\/07\/boomplex2-1024x1024.webp 1024w, https:\/\/browsomepro.com\/wp-content\/uploads\/2024\/07\/boomplex2-768x768.webp 768w, https:\/\/browsomepro.com\/wp-content\/uploads\/2024\/07\/boomplex2-1536x1536.webp 1536w, https:\/\/browsomepro.com\/wp-content\/uploads\/2024\/07\/boomplex2-990x990.webp 990w, https:\/\/browsomepro.com\/wp-content\/uploads\/2024\/07\/boomplex2-441x441.webp 441w, https:\/\/browsomepro.com\/wp-content\/uploads\/2024\/07\/boomplex2-100x100.webp 100w\" sizes=\"(max-width: 360px) 147px, (max-width: 2000px) 100vw, 2000px\" \/>\t\t\t\t\t\t\t\t\t\t\t\t\t\t\t<\/div>\n\t\t\t\t<\/div>\n\t\t\t\t<\/div>\n\t\t<div class=\"elementor-element elementor-element-5d4762c9 e-con-full e-flex e-con e-child\" data-id=\"5d4762c9\" data-element_type=\"container\" data-settings=\"{&quot;background_background&quot;:&quot;classic&quot;}\">\n\t\t\t\t<div class=\"elementor-element elementor-element-5f03ce30 elementor-widget elementor-widget-heading\" data-id=\"5f03ce30\" data-element_type=\"widget\" data-widget_type=\"heading.default\">\n\t\t\t\t<div class=\"elementor-widget-container\">\n\t\t\t\t\t<h2 class=\"elementor-heading-title elementor-size-default\">Obnova in revitalizacija<\/h2>\t\t\t\t<\/div>\n\t\t\t\t<\/div>\n\t\t\t\t<div class=\"elementor-element elementor-element-5861bd15 elementor-widget elementor-widget-text-editor\" data-id=\"5861bd15\" data-element_type=\"widget\" data-widget_type=\"text-editor.default\">\n\t\t\t\t<div class=\"elementor-widget-container\">\n\t\t\t\t\t\t\t\t\t<p><span style=\"font-weight: 400;\">Obogatena z mono- in disaharidi, naravnimi aminokislinami, keratinom, pantenolom in izvle\u010dkom Prun\u00e9lla, ta mo\u010dna formula pomlajuje dla\u010dice in ohranja obliko zavihanih trepalnic. <\/span><\/p>\n<p><span style=\"font-weight: 400;\">Kombinacija sestavin \u0161\u010diti lasne folikle pred oksidativnim stresom, obnavlja po\u0161kodovana podro\u010dja od znotraj in obnavlja kutikularno plast las. Njegove antistresne lastnosti spodbujajo zdravo rast dla\u010dic, medtem ko keratin in pantenol pove\u010dujeta mo\u010d, elasti\u010dnost in sijaj. <\/span><\/p>\n<p><span style=\"font-weight: 400;\">Popolno za profesionalno in vsakodnevno doma\u010do nego, <\/span><span style=\"font-weight: 400;\">\u00c9lan Boomplex<\/span><span style=\"font-weight: 400;\"> zagotavlja, da so obrvi in trepalnice va\u0161ih strank zdrave in mo\u010dne.<\/span><\/p>\n\t\t\t\t\t\t\t\t<\/div>\n\t\t\t\t<\/div>\n\t\t\t\t<div class=\"elementor-element elementor-element-7a1a8c5 elementor-widget elementor-widget-toggle\" data-id=\"7a1a8c5\" data-element_type=\"widget\" data-widget_type=\"toggle.default\">\n\t\t\t\t<div class=\"elementor-widget-container\">\n\t\t\t\t\t\t\t<div class=\"elementor-toggle\">\n\t\t\t\t\t\t\t<div class=\"elementor-toggle-item\">\n\t\t\t\t\t<div id=\"elementor-tab-title-1281\" class=\"elementor-tab-title\" data-tab=\"1\" role=\"button\" aria-controls=\"elementor-tab-content-1281\" aria-expanded=\"false\">\n\t\t\t\t\t\t\t\t\t\t\t\t<span class=\"elementor-toggle-icon elementor-toggle-icon-left\" aria-hidden=\"true\">\n\t\t\t\t\t\t\t\t\t\t\t\t\t\t\t<span class=\"elementor-toggle-icon-closed\"><svg class=\"e-font-icon-svg e-fas-caret-right\" viewBox=\"0 0 192 512\" xmlns=\"http:\/\/www.w3.org\/2000\/svg\"><path d=\"M0 384.662V127.338c0-17.818 21.543-26.741 34.142-14.142l128.662 128.662c7.81 7.81 7.81 20.474 0 28.284L34.142 398.804C21.543 411.404 0 402.48 0 384.662z\"><\/path><\/svg><\/span>\n\t\t\t\t\t\t\t\t<span class=\"elementor-toggle-icon-opened\"><svg class=\"elementor-toggle-icon-opened e-font-icon-svg e-fas-caret-up\" viewBox=\"0 0 320 512\" xmlns=\"http:\/\/www.w3.org\/2000\/svg\"><path d=\"M288.662 352H31.338c-17.818 0-26.741-21.543-14.142-34.142l128.662-128.662c7.81-7.81 20.474-7.81 28.284 0l128.662 128.662c12.6 12.599 3.676 34.142-14.142 34.142z\"><\/path><\/svg><\/span>\n\t\t\t\t\t\t\t\t\t\t\t\t\t<\/span>\n\t\t\t\t\t\t\t\t\t\t\t\t<a class=\"elementor-toggle-title\" tabindex=\"0\">Navodila za uporabo \u00c9lan Boomplex<\/a>\n\t\t\t\t\t<\/div>\n\n\t\t\t\t\t<div id=\"elementor-tab-content-1281\" class=\"elementor-tab-content elementor-clearfix\" data-tab=\"1\" role=\"region\" aria-labelledby=\"elementor-tab-title-1281\"><p><b>Za obrvi:<\/b><\/p>\n<ol>\n<li style=\"font-weight: 400;\" aria-level=\"1\"><b>Pred barvanjem<\/b><span style=\"font-weight: 400;\">: Nanesite koncentrat na dlake obrvi in ko\u017eo okoli obrvi. Pustite, da se vpije 1-2 minuti. <\/span><\/li>\n<li style=\"font-weight: 400;\" aria-level=\"1\"><b>Med postopkom beljenja<\/b><span style=\"font-weight: 400;\">: Dodajte 2-3 kapljice v belilno me\u0161anico, da zmanj\u0161ate kemi\u010dni vpliv na dlake.<\/span><\/li>\n<li style=\"font-weight: 400;\" aria-level=\"1\"><b>Po laminaciji<\/b><span style=\"font-weight: 400;\">: Nanesite nekaj kapljic na o\u010di\u0161\u010deno obmo\u010dje obrvi s pipeto in pustite, da se popolnoma vpije.<\/span><\/li>\n<\/ol>\n<p><b>Za trepalnice:<\/b><\/p>\n<ul>\n<li style=\"font-weight: 400;\" aria-level=\"1\"><b>Po vihanju<\/b><span style=\"font-weight: 400;\">: Nanesite nekaj kapljic na trepalnice s pipeto, premikajte se od notranjega proti zunanjemu kotu o\u010desa. Pustite, da se popolnoma vpije. <\/span><\/li>\n<\/ul>\n<p><span style=\"font-weight: 400;\">\u00c9lan Boomplex<\/span> <span style=\"font-weight: 400;\">ne potrebuje izpiranja in je priporo\u010dljiv za vsakodnevno doma\u010do uporabo.<\/span><\/p>\n<\/div>\n\t\t\t\t<\/div>\n\t\t\t\t\t\t\t\t<\/div>\n\t\t\t\t\t\t<\/div>\n\t\t\t\t<\/div>\n\t\t\t\t<\/div>\n\t\t\t\t\t<\/div>\n\t\t\t\t<\/div>\n\t\t\t\t<\/div>\n\t\t","protected":false},"excerpt":{"rendered":"<p><span style=\"font-weight: 400;\">Univerzalni profesionalni koncentrat &#8220;BOOMPLEX&#8221; je zasnovan za obnovo in nego obrvi ter trepalnic po kemi\u010dnih tretmajih in za doma\u010do uporabo. Ohranja obliko dvignjenih trepalnic. <\/span><\/p>\n<p><span style=\"font-weight: 400;\">Klju\u010dne sestavine:<\/span><\/p>\n<ul>\n<li style=\"font-weight: 400;\" aria-level=\"1\"><span style=\"font-weight: 400;\">Mono- in disaharidi z aminokislinami: \u0160\u010ditijo folikle, obnavljajo beljakovinsko strukturo in zadr\u017eujejo vlago.<\/span><\/li>\n<li style=\"font-weight: 400;\" aria-level=\"1\"><span style=\"font-weight: 400;\">Izvle\u010dek Prunelle: Zmanj\u0161uje stres in pove\u010duje \u0161tevilo dlak v anageni fazi.<\/span><\/li>\n<li style=\"font-weight: 400;\" aria-level=\"1\"><span style=\"font-weight: 400;\">Hidroliziran keratin: Zapolnjuje vrzeli v po\u0161kodovanih dla\u010dicah.<\/span><\/li>\n<li style=\"font-weight: 400;\" aria-level=\"1\"><span style=\"font-weight: 400;\">Pantenol: Pove\u010da volumen, mehkobo in sijaj.<\/span><\/li>\n<\/ul>\n<p>[cg_accordion title=\"Sestavine\"]Aqua (Water), Propanediol, Glycerin, Polysorbate 20, Panthenol, Glucose, Fructose, Peg-12 Dimethicone, Sucrose, Hydrolyzed Wheat Protein, Glutamic Acid, Hydrolyzed Keratin, Lactic Acid, Urea, Methicone, Alanine, Aspartic Acid, Hexylene Glycol, Hexyl Nicotinate, Xanthan Gum, Tocopherol, Sodium Hydroxide, Dextrin, Prunella Vulgaris Extract, Alcohol, Disodium Phosphate, Ethylhexylglycerin, Phenoxyethanol, Sodium Benzoate, Benzyl Alcohol, Alpha-isomethyl Ionone, Potassium Sorbate, Benzyl Salicylate, Citronellol, Hexyl Cinnamal, Hydroxycitronellal, Linalool, Limonene, Parfum (Fragrance) [\/cg_accordion] Koli\u010dina: 10 ml Proizvedeno v: <span style=\"font-weight: 400;\">\u0160PANIJA <\/span>Rok uporabe po odprtju: 10 mesecev<\/p>\n","protected":false},"featured_media":13984,"template":"","meta":{"_acf_changed":false,"_monsterinsights_skip_tracking":false,"_monsterinsights_sitenote_active":false,"_monsterinsights_sitenote_note":"","_monsterinsights_sitenote_category":0},"product_brand":[],"product_cat":[239,265,238,266,267,211,215,227,231,209,229],"product_tag":[],"class_list":{"0":"post-14183","1":"product","2":"type-product","3":"status-publish","4":"has-post-thumbnail","6":"product_cat-elan-sl","7":"product_cat-laminacija-obrvi-sl-3","8":"product_cat-nakup-po-znamki","9":"product_cat-nega-po-tretmaju-in-priprava-koze-sl","10":"product_cat-vihanje-trepalnic-sl-2","11":"product_cat-after-care-in-priprava-koze","12":"product_cat-laminacija-obrvi","13":"product_cat-najbolj-priljubljeni-izdelki","14":"product_cat-nega-po-tretmajih-in-priprava","15":"product_cat-obrvi","16":"product_cat-trepalnice","18":"first","19":"outofstock","20":"taxable","21":"shipping-taxable","22":"purchasable","23":"product-type-simple"},"acf":[],"aioseo_notices":[],"_links":{"self":[{"href":"https:\/\/browsomepro.com\/sl\/wp-json\/wp\/v2\/product\/14183","targetHints":{"allow":["GET"]}}],"collection":[{"href":"https:\/\/browsomepro.com\/sl\/wp-json\/wp\/v2\/product"}],"about":[{"href":"https:\/\/browsomepro.com\/sl\/wp-json\/wp\/v2\/types\/product"}],"version-history":[{"count":5,"href":"https:\/\/browsomepro.com\/sl\/wp-json\/wp\/v2\/product\/14183\/revisions"}],"predecessor-version":[{"id":14188,"href":"https:\/\/browsomepro.com\/sl\/wp-json\/wp\/v2\/product\/14183\/revisions\/14188"}],"wp:featuredmedia":[{"embeddable":true,"href":"https:\/\/browsomepro.com\/sl\/wp-json\/wp\/v2\/media\/13984"}],"wp:attachment":[{"href":"https:\/\/browsomepro.com\/sl\/wp-json\/wp\/v2\/media?parent=14183"}],"wp:term":[{"taxonomy":"product_brand","embeddable":true,"href":"https:\/\/browsomepro.com\/sl\/wp-json\/wp\/v2\/product_brand?post=14183"},{"taxonomy":"product_cat","embeddable":true,"href":"https:\/\/browsomepro.com\/sl\/wp-json\/wp\/v2\/product_cat?post=14183"},{"taxonomy":"product_tag","embeddable":true,"href":"https:\/\/browsomepro.com\/sl\/wp-json\/wp\/v2\/product_tag?post=14183"}],"curies":[{"name":"wp","href":"https:\/\/api.w.org\/{rel}","templated":true}]}}