{"id":14181,"date":"2024-07-19T15:59:41","date_gmt":"2024-07-19T14:59:41","guid":{"rendered":"https:\/\/browsomepro.com\/product\/elan-keratin-cleaner\/"},"modified":"2025-11-28T18:19:17","modified_gmt":"2025-11-28T17:19:17","slug":"elan-keratin-cleaner","status":"publish","type":"product","link":"https:\/\/browsomepro.com\/sl\/izdelek\/elan-keratin-cleaner\/","title":{"rendered":"\u00c9lan &#8211; Keratin Cleaner"},"content":{"rendered":"\t\t<div data-elementor-type=\"product-post\" data-elementor-id=\"14181\" class=\"elementor elementor-14181 elementor-12048\" data-elementor-post-type=\"product\">\n\t\t\t\t<div class=\"elementor-element elementor-element-252b076 e-flex e-con-boxed e-con e-parent\" data-id=\"252b076\" data-element_type=\"container\">\n\t\t\t\t\t<div class=\"e-con-inner\">\n\t\t<div class=\"elementor-element elementor-element-3bb9b76 e-con-full e-flex e-con e-child\" data-id=\"3bb9b76\" data-element_type=\"container\">\n\t\t<div class=\"elementor-element elementor-element-24a06ff e-con-full e-flex e-con e-child\" data-id=\"24a06ff\" data-element_type=\"container\">\n\t\t\t\t<div class=\"elementor-element elementor-element-a506397 elementor-widget elementor-widget-image\" data-id=\"a506397\" data-element_type=\"widget\" data-widget_type=\"image.default\">\n\t\t\t\t<div class=\"elementor-widget-container\">\n\t\t\t\t\t\t\t\t\t\t\t\t\t\t\t<img fetchpriority=\"high\" decoding=\"async\" width=\"2000\" height=\"2000\" src=\"https:\/\/browsomepro.com\/wp-content\/uploads\/2024\/07\/ELAN-NEW-BROWSOME-KIT.webp\" class=\"attachment-full size-full wp-image-13996\" alt=\"\" srcset=\"https:\/\/browsomepro.com\/wp-content\/uploads\/2024\/07\/ELAN-NEW-BROWSOME-KIT.webp 2000w, https:\/\/browsomepro.com\/wp-content\/uploads\/2024\/07\/ELAN-NEW-BROWSOME-KIT-300x300.webp 300w, https:\/\/browsomepro.com\/wp-content\/uploads\/2024\/07\/ELAN-NEW-BROWSOME-KIT-150x150.webp 150w, https:\/\/browsomepro.com\/wp-content\/uploads\/2024\/07\/ELAN-NEW-BROWSOME-KIT-800x800.webp 800w, https:\/\/browsomepro.com\/wp-content\/uploads\/2024\/07\/ELAN-NEW-BROWSOME-KIT-1024x1024.webp 1024w, https:\/\/browsomepro.com\/wp-content\/uploads\/2024\/07\/ELAN-NEW-BROWSOME-KIT-768x768.webp 768w, https:\/\/browsomepro.com\/wp-content\/uploads\/2024\/07\/ELAN-NEW-BROWSOME-KIT-1536x1536.webp 1536w, https:\/\/browsomepro.com\/wp-content\/uploads\/2024\/07\/ELAN-NEW-BROWSOME-KIT-990x990.webp 990w, https:\/\/browsomepro.com\/wp-content\/uploads\/2024\/07\/ELAN-NEW-BROWSOME-KIT-441x441.webp 441w, https:\/\/browsomepro.com\/wp-content\/uploads\/2024\/07\/ELAN-NEW-BROWSOME-KIT-100x100.webp 100w\" sizes=\"(max-width: 360px) 147px, (max-width: 2000px) 100vw, 2000px\" \/>\t\t\t\t\t\t\t\t\t\t\t\t\t\t\t<\/div>\n\t\t\t\t<\/div>\n\t\t\t\t<\/div>\n\t\t<div class=\"elementor-element elementor-element-8287be0 e-con-full e-flex e-con e-child\" data-id=\"8287be0\" data-element_type=\"container\" data-settings=\"{&quot;background_background&quot;:&quot;classic&quot;}\">\n\t\t\t\t<div class=\"elementor-element elementor-element-c23641c elementor-widget elementor-widget-heading\" data-id=\"c23641c\" data-element_type=\"widget\" data-widget_type=\"heading.default\">\n\t\t\t\t<div class=\"elementor-widget-container\">\n\t\t\t\t\t<h2 class=\"elementor-heading-title elementor-size-default\">Profesionalna Priprava  <\/h2>\t\t\t\t<\/div>\n\t\t\t\t<\/div>\n\t\t\t\t<div class=\"elementor-element elementor-element-b3f1c3e elementor-widget elementor-widget-text-editor\" data-id=\"b3f1c3e\" data-element_type=\"widget\" data-widget_type=\"text-editor.default\">\n\t\t\t\t<div class=\"elementor-widget-container\">\n\t\t\t\t\t\t\t\t\t<p><span style=\"font-weight: 400;\">Kombinacija \u00c9lan Keratin Cleanser in raztopine \u00c9lan Pre-Wax zagotavlja vrhunsko pripravo za tretmaje obrvi in trepalnic. \u00c9lan Keratin Cleanser krepi in vla\u017ei dlake, medtem ko \u00c9lan Pre-Wax osve\u017euje in \u0161\u010diti ko\u017eo ter ustvarja popolno osnovo za vsak lepotni postopek. <\/span><\/p>\n\t\t\t\t\t\t\t\t<\/div>\n\t\t\t\t<\/div>\n\t\t\t\t<div class=\"elementor-element elementor-element-ea41b33 elementor-widget elementor-widget-toggle\" data-id=\"ea41b33\" data-element_type=\"widget\" data-widget_type=\"toggle.default\">\n\t\t\t\t<div class=\"elementor-widget-container\">\n\t\t\t\t\t\t\t<div class=\"elementor-toggle\">\n\t\t\t\t\t\t\t<div class=\"elementor-toggle-item\">\n\t\t\t\t\t<div id=\"elementor-tab-title-2451\" class=\"elementor-tab-title\" data-tab=\"1\" role=\"button\" aria-controls=\"elementor-tab-content-2451\" aria-expanded=\"false\">\n\t\t\t\t\t\t\t\t\t\t\t\t<span class=\"elementor-toggle-icon elementor-toggle-icon-left\" aria-hidden=\"true\">\n\t\t\t\t\t\t\t\t\t\t\t\t\t\t\t<span class=\"elementor-toggle-icon-closed\"><svg class=\"e-font-icon-svg e-fas-caret-right\" viewBox=\"0 0 192 512\" xmlns=\"http:\/\/www.w3.org\/2000\/svg\"><path d=\"M0 384.662V127.338c0-17.818 21.543-26.741 34.142-14.142l128.662 128.662c7.81 7.81 7.81 20.474 0 28.284L34.142 398.804C21.543 411.404 0 402.48 0 384.662z\"><\/path><\/svg><\/span>\n\t\t\t\t\t\t\t\t<span class=\"elementor-toggle-icon-opened\"><svg class=\"elementor-toggle-icon-opened e-font-icon-svg e-fas-caret-up\" viewBox=\"0 0 320 512\" xmlns=\"http:\/\/www.w3.org\/2000\/svg\"><path d=\"M288.662 352H31.338c-17.818 0-26.741-21.543-14.142-34.142l128.662-128.662c7.81-7.81 20.474-7.81 28.284 0l128.662 128.662c12.6 12.599 3.676 34.142-14.142 34.142z\"><\/path><\/svg><\/span>\n\t\t\t\t\t\t\t\t\t\t\t\t\t<\/span>\n\t\t\t\t\t\t\t\t\t\t\t\t<a class=\"elementor-toggle-title\" tabindex=\"0\">\u00c9lan Keratin Cleaner<\/a>\n\t\t\t\t\t<\/div>\n\n\t\t\t\t\t<div id=\"elementor-tab-content-2451\" class=\"elementor-tab-content elementor-clearfix\" data-tab=\"1\" role=\"region\" aria-labelledby=\"elementor-tab-title-2451\"><p><span style=\"font-weight: 400;\">Za optimalne rezultate pri barvanju obrvi in trepalnic je klju\u010dna pravilna priprava. \u00c9lan Keratin Cleaner je posebej formuliran za ne\u017eno in u\u010dinkovito razma\u0161\u010devanje ter \u010di\u0161\u010denje obrvi, trepalnic in ko\u017ee.  <\/span><\/p>\n<p><span style=\"font-weight: 400;\">Njegova edinstvena formula vklju\u010duje sojine proteine, svilo in hidroliziran keratin, ki so bistveni za krepitev las. Keratin je \u0161e posebej znan po svoji sposobnosti prodiranja v lasno steblo, kjer obnavlja in krepi strukturo las od znotraj, kar vodi do mo\u010dnej\u0161ih in bolj zdravih las. Poleg tega sorbitol in urea zagotavljata nujno vlago in hranila ko\u017ei, kar zagotavlja gladko in hidrirano podlago za vsak tretma.  <\/span><\/p>\n<p><b>Pred barvanjem<\/b><span style=\"font-weight: 400;\">: Obri\u0161ite \u017eeleno obmo\u010dje z vatirano blazinico, navla\u017eeno z raztopino, da razmastite obrvi in trepalnice.<\/span><\/p>\n<p><b>Oblikovanje obrvi<\/b><span style=\"font-weight: 400;\">: Nalijte raztopino v majhno posodico, pomo\u010dite \u010dopi\u010d za obrvi vanjo in odstranite odve\u010dni svin\u010dnik ali pasto za oblikovanje.<\/span><\/p>\n<\/div>\n\t\t\t\t<\/div>\n\t\t\t\t\t\t\t<div class=\"elementor-toggle-item\">\n\t\t\t\t\t<div id=\"elementor-tab-title-2452\" class=\"elementor-tab-title\" data-tab=\"2\" role=\"button\" aria-controls=\"elementor-tab-content-2452\" aria-expanded=\"false\">\n\t\t\t\t\t\t\t\t\t\t\t\t<span class=\"elementor-toggle-icon elementor-toggle-icon-left\" aria-hidden=\"true\">\n\t\t\t\t\t\t\t\t\t\t\t\t\t\t\t<span class=\"elementor-toggle-icon-closed\"><svg class=\"e-font-icon-svg e-fas-caret-right\" viewBox=\"0 0 192 512\" xmlns=\"http:\/\/www.w3.org\/2000\/svg\"><path d=\"M0 384.662V127.338c0-17.818 21.543-26.741 34.142-14.142l128.662 128.662c7.81 7.81 7.81 20.474 0 28.284L34.142 398.804C21.543 411.404 0 402.48 0 384.662z\"><\/path><\/svg><\/span>\n\t\t\t\t\t\t\t\t<span class=\"elementor-toggle-icon-opened\"><svg class=\"elementor-toggle-icon-opened e-font-icon-svg e-fas-caret-up\" viewBox=\"0 0 320 512\" xmlns=\"http:\/\/www.w3.org\/2000\/svg\"><path d=\"M288.662 352H31.338c-17.818 0-26.741-21.543-14.142-34.142l128.662-128.662c7.81-7.81 20.474-7.81 28.284 0l128.662 128.662c12.6 12.599 3.676 34.142-14.142 34.142z\"><\/path><\/svg><\/span>\n\t\t\t\t\t\t\t\t\t\t\t\t\t<\/span>\n\t\t\t\t\t\t\t\t\t\t\t\t<a class=\"elementor-toggle-title\" tabindex=\"0\">\u00c9lan Pre-Waxing Solution<\/a>\n\t\t\t\t\t<\/div>\n\n\t\t\t\t\t<div id=\"elementor-tab-content-2452\" class=\"elementor-tab-content elementor-clearfix\" data-tab=\"2\" role=\"region\" aria-labelledby=\"elementor-tab-title-2452\"><p><span style=\"font-weight: 400;\">\u00c9lan Pre-Waxing je zasnovan za pripravo ko\u017ee na odstranjevanje neza\u017eelenih dlak, zagotavlja udobno in u\u010dinkovito izku\u0161njo. Ta raztopina je obogatena z aktivnimi sestavinami, ki zagotavljajo ve\u010d prednosti: <\/span><\/p>\n<ul>\n<li style=\"font-weight: 400;\" aria-level=\"1\"><b>Mentol<\/b><span style=\"font-weight: 400;\">: Zagotavlja osve\u017eujo\u010d in za\u0161\u010ditni u\u010dinek na ob\u010dutljivi ko\u017ei obraza med odstranjevanjem dlak.<\/span><\/li>\n<li style=\"font-weight: 400;\" aria-level=\"1\"><b>Izvle\u010dek aloe vere in pantenol<\/b><span style=\"font-weight: 400;\">: Skupaj meh\u010data in vla\u017eita ko\u017eo, ohranjata njeno zdravje in pro\u017enost.<\/span><\/li>\n<li style=\"font-weight: 400;\" aria-level=\"1\"><b>Citronska kislina<\/b><span style=\"font-weight: 400;\">: Ponuja ne\u017eno \u010distilno delovanje, zagotavlja, da je ko\u017ea \u010dista in pripravljena na voskanje.<\/span><\/li>\n<\/ul>\n<p><b>Navodila za uporabo:<\/b><\/p>\n<ul>\n<li style=\"font-weight: 400;\" aria-level=\"1\"><span style=\"font-weight: 400;\">Nanesite raztopino z vatirano blazinico na \u017eelena obmo\u010dja tik pred voskanjem, da zagotovite \u010disto in dobro pripravljeno ko\u017eo.<\/span><\/li>\n<\/ul>\n<\/div>\n\t\t\t\t<\/div>\n\t\t\t\t\t\t\t\t<\/div>\n\t\t\t\t\t\t<\/div>\n\t\t\t\t<\/div>\n\t\t\t\t<\/div>\n\t\t\t\t<\/div>\n\t\t\t\t\t<\/div>\n\t\t\t\t<\/div>\n\t\t\t\t<\/div>\n\t\t","protected":false},"excerpt":{"rendered":"<p><span style=\"font-weight: 400;\">Keratinski preparat za temeljito \u010di\u0161\u010denje in pripravo obrvi ter trepalnic pred tretmaji. Ta visokokakovostna raztopina ne\u017eno odstrani ostanke li\u010dil, umazanijo in sebum, hkrati pa ohranja naravno vlago dla\u010dic. <\/span><\/p>\n<p><span style=\"font-weight: 400;\">Klju\u010dne lastnosti:<\/span><\/p>\n<ul>\n<li style=\"font-weight: 400;\" aria-level=\"1\"><span style=\"font-weight: 400;\">Blagi \u010distilci: U\u010dinkovito o\u010distijo brez dra\u017eenja ko\u017ee ali po\u0161kodovanja dla\u010dic.<\/span><\/li>\n<li style=\"font-weight: 400;\" aria-level=\"1\"><span style=\"font-weight: 400;\">Vla\u017eilne sestavine: Pomagajo ohranjati naravno raven hidracije dla\u010dic med \u010di\u0161\u010denjem.<\/span><\/li>\n<li style=\"font-weight: 400;\" aria-level=\"1\"><span style=\"font-weight: 400;\">Vsestranska uporaba: Primerno za vse postopke na obrveh in trepalnicah, vklju\u010dno z barvanjem, laminacijo in oblikovanjem.<\/span><\/li>\n<\/ul>\n<p>[cg_accordion title=\"Sestavine\"]AQUA, POLYSORBATE 20, HYDROLYZED SOY PROTEIN, TREHALOSE, HYDROLYZED SILK, SORBITOL, LAURYL GLUCOSIDE, DISODIUM COCOAMPHODIACETATE, UREA, KERATIN, PHENOXYETHANOL, ETHYLHEXYLGLYCERIN, BENZOPHENONE-4, SODIUM CHLORIDE, SODIUM SULFATE, PARFUM, BENZYL SALICYLATE, CITRONELLOL, HEXYL CINNAMAL, LIMONENE, LINALOOL, CI 28440. [\/cg_accordion] Koli\u010dina: 200 ml Proizvedeno v: TUR\u010cIJA<\/p>\n","protected":false},"featured_media":13982,"template":"","meta":{"_acf_changed":false,"_monsterinsights_skip_tracking":false,"_monsterinsights_sitenote_active":false,"_monsterinsights_sitenote_note":"","_monsterinsights_sitenote_category":0},"product_brand":[],"product_cat":[239,524,238,266,211,231,209,229],"product_tag":[],"class_list":{"0":"post-14181","1":"product","2":"type-product","3":"status-publish","4":"has-post-thumbnail","6":"product_cat-elan-sl","7":"product_cat-korejski-lash-lift","8":"product_cat-nakup-po-znamki","9":"product_cat-nega-po-tretmaju-in-priprava-koze-sl","10":"product_cat-after-care-in-priprava-koze","11":"product_cat-nega-po-tretmajih-in-priprava","12":"product_cat-obrvi","13":"product_cat-trepalnice","15":"first","16":"instock","17":"taxable","18":"shipping-taxable","19":"purchasable","20":"product-type-simple"},"acf":[],"aioseo_notices":[],"_links":{"self":[{"href":"https:\/\/browsomepro.com\/sl\/wp-json\/wp\/v2\/product\/14181","targetHints":{"allow":["GET"]}}],"collection":[{"href":"https:\/\/browsomepro.com\/sl\/wp-json\/wp\/v2\/product"}],"about":[{"href":"https:\/\/browsomepro.com\/sl\/wp-json\/wp\/v2\/types\/product"}],"version-history":[{"count":1,"href":"https:\/\/browsomepro.com\/sl\/wp-json\/wp\/v2\/product\/14181\/revisions"}],"predecessor-version":[{"id":14182,"href":"https:\/\/browsomepro.com\/sl\/wp-json\/wp\/v2\/product\/14181\/revisions\/14182"}],"wp:featuredmedia":[{"embeddable":true,"href":"https:\/\/browsomepro.com\/sl\/wp-json\/wp\/v2\/media\/13982"}],"wp:attachment":[{"href":"https:\/\/browsomepro.com\/sl\/wp-json\/wp\/v2\/media?parent=14181"}],"wp:term":[{"taxonomy":"product_brand","embeddable":true,"href":"https:\/\/browsomepro.com\/sl\/wp-json\/wp\/v2\/product_brand?post=14181"},{"taxonomy":"product_cat","embeddable":true,"href":"https:\/\/browsomepro.com\/sl\/wp-json\/wp\/v2\/product_cat?post=14181"},{"taxonomy":"product_tag","embeddable":true,"href":"https:\/\/browsomepro.com\/sl\/wp-json\/wp\/v2\/product_tag?post=14181"}],"curies":[{"name":"wp","href":"https:\/\/api.w.org\/{rel}","templated":true}]}}