{"id":14156,"date":"2024-07-19T16:08:01","date_gmt":"2024-07-19T15:08:01","guid":{"rendered":"https:\/\/browsomepro.com\/product\/elan-the-paste\/"},"modified":"2025-12-22T18:51:58","modified_gmt":"2025-12-22T17:51:58","slug":"elan-the-paste","status":"publish","type":"product","link":"https:\/\/browsomepro.com\/sl\/izdelek\/elan-the-paste\/","title":{"rendered":"\u00c9lan &#8211; The Paste"},"content":{"rendered":"\t\t<div data-elementor-type=\"product-post\" data-elementor-id=\"14156\" class=\"elementor elementor-14156 elementor-12063\" data-elementor-post-type=\"product\">\n\t\t\t\t<div class=\"elementor-element elementor-element-3699557b e-flex e-con-boxed e-con e-parent\" data-id=\"3699557b\" data-element_type=\"container\">\n\t\t\t\t\t<div class=\"e-con-inner\">\n\t\t<div class=\"elementor-element elementor-element-5b9a1e36 e-con-full e-flex e-con e-child\" data-id=\"5b9a1e36\" data-element_type=\"container\">\n\t\t\t\t<div class=\"elementor-element elementor-element-5b9c3286 elementor-widget elementor-widget-image\" data-id=\"5b9c3286\" data-element_type=\"widget\" data-widget_type=\"image.default\">\n\t\t\t\t<div class=\"elementor-widget-container\">\n\t\t\t\t\t\t\t\t\t\t\t\t\t\t\t<img fetchpriority=\"high\" decoding=\"async\" width=\"2000\" height=\"2000\" src=\"https:\/\/browsomepro.com\/wp-content\/uploads\/2024\/07\/thepaste2-browsome.webp\" class=\"attachment-full size-full wp-image-13980\" alt=\"\" srcset=\"https:\/\/browsomepro.com\/wp-content\/uploads\/2024\/07\/thepaste2-browsome.webp 2000w, https:\/\/browsomepro.com\/wp-content\/uploads\/2024\/07\/thepaste2-browsome-300x300.webp 300w, https:\/\/browsomepro.com\/wp-content\/uploads\/2024\/07\/thepaste2-browsome-150x150.webp 150w, https:\/\/browsomepro.com\/wp-content\/uploads\/2024\/07\/thepaste2-browsome-800x800.webp 800w, https:\/\/browsomepro.com\/wp-content\/uploads\/2024\/07\/thepaste2-browsome-1024x1024.webp 1024w, https:\/\/browsomepro.com\/wp-content\/uploads\/2024\/07\/thepaste2-browsome-768x768.webp 768w, https:\/\/browsomepro.com\/wp-content\/uploads\/2024\/07\/thepaste2-browsome-1536x1536.webp 1536w, https:\/\/browsomepro.com\/wp-content\/uploads\/2024\/07\/thepaste2-browsome-990x990.webp 990w, https:\/\/browsomepro.com\/wp-content\/uploads\/2024\/07\/thepaste2-browsome-441x441.webp 441w, https:\/\/browsomepro.com\/wp-content\/uploads\/2024\/07\/thepaste2-browsome-100x100.webp 100w\" sizes=\"(max-width: 360px) 147px, (max-width: 2000px) 100vw, 2000px\" \/>\t\t\t\t\t\t\t\t\t\t\t\t\t\t\t<\/div>\n\t\t\t\t<\/div>\n\t\t\t\t<\/div>\n\t\t<div class=\"elementor-element elementor-element-5d4762c9 e-con-full e-flex e-con e-child\" data-id=\"5d4762c9\" data-element_type=\"container\" data-settings=\"{&quot;background_background&quot;:&quot;classic&quot;}\">\n\t\t\t\t<div class=\"elementor-element elementor-element-5f03ce30 elementor-widget elementor-widget-heading\" data-id=\"5f03ce30\" data-element_type=\"widget\" data-widget_type=\"heading.default\">\n\t\t\t\t<div class=\"elementor-widget-container\">\n\t\t\t\t\t<h2 class=\"elementor-heading-title elementor-size-default\">Natan\u010dno obrisovanje<\/h2>\t\t\t\t<\/div>\n\t\t\t\t<\/div>\n\t\t\t\t<div class=\"elementor-element elementor-element-5861bd15 elementor-widget elementor-widget-text-editor\" data-id=\"5861bd15\" data-element_type=\"widget\" data-widget_type=\"text-editor.default\">\n\t\t\t\t<div class=\"elementor-widget-container\">\n\t\t\t\t\t\t\t\t\t<p><span style=\"font-weight: 400;\">Za natan\u010dne rezultate pri barvanju obrvi je klju\u010dnega pomena jasen obris. \u00c9lan The Paste je profesionalna konturirna pasta, zasnovana za pomo\u010d lepotnim strokovnjakom pri ustvarjanju popolnih kontur za barvanje in trajno li\u010denje.<\/span><\/p>\n<ul>\n<li style=\"font-weight: 400;\" aria-level=\"1\"><b>Mehka tekstura<\/b><span style=\"font-weight: 400;\">: To omogo\u010da enostavne prilagoditve, kar zagotavlja popolno konturo pred nanosom barve ali pigmenta.<\/span><\/li>\n<li style=\"font-weight: 400;\" aria-level=\"1\"><b>Enakomeren nanos<\/b><span style=\"font-weight: 400;\">: Pasta se gladko razporedi po ko\u017ei brez kapljanja, kar ustvarja \u010dist in natan\u010den obris.<\/span><\/li>\n<li style=\"font-weight: 400;\" aria-level=\"1\"><b>Za\u0161\u010dita pred barvo<\/b><span style=\"font-weight: 400;\">: Pasta deluje kot pregrada, ki prepre\u010duje \u0161irjenje barve in \u0161\u010diti ko\u017eo pred ne\u017eelenim obarvanjem.<\/span><\/li>\n<\/ul>\n<p><b>Enostavna odstranitev<\/b><span style=\"font-weight: 400;\">: Po postopku lahko pasto enostavno obri\u0161ete brez ostankov.<\/span><\/p>\n\t\t\t\t\t\t\t\t<\/div>\n\t\t\t\t<\/div>\n\t\t\t\t<\/div>\n\t\t\t\t\t<\/div>\n\t\t\t\t<\/div>\n\t\t\t\t<\/div>\n\t\t","protected":false},"excerpt":{"rendered":"<p><span style=\"font-weight: 400;\">Zasnovana za ozna\u010devanje oblike obrvi ali ustnic pred barvanjem ali postopki trajnega li\u010denja. <\/span><span style=\"font-weight: 400;\">Pasta se ne razma\u017ee, enostavno nanese in je prilagodljiva, kar zagotavlja natan\u010dno ustvarjanje kontur.<\/span> <span style=\"font-weight: 400;\">Ima mehko in pro\u017eno teksturo za gladek nanos.<\/span>[cg_accordion title=\"Sestavine\"]CI 77947, CI 77891, METHYL RICINOLEATE, PARAFFINUM LIQUIDUM, PETROLATUM, BEESWAX, PARAFFIN, LANOLIN, PEG-40 HYDROGENATED CASTOR OIL, PARFUM. [\/cg_accordion] Koli\u010dina: 8 g Proizvedeno v: <span style=\"font-weight: 400;\">TUR\u010cIJA <\/span>Rok uporabe: 24 mesecev<\/p>\n","protected":false},"featured_media":13981,"template":"","meta":{"_acf_changed":false,"_monsterinsights_skip_tracking":false,"_monsterinsights_sitenote_active":false,"_monsterinsights_sitenote_note":"","_monsterinsights_sitenote_category":0},"product_brand":[],"product_cat":[264,263,239,238,218,214,209],"product_tag":[],"class_list":{"0":"post-14156","1":"product","2":"type-product","3":"status-publish","4":"has-post-thumbnail","6":"product_cat-arhitektura-obrvi-sl-3","7":"product_cat-barve-za-obrvi-sl-3","8":"product_cat-elan-sl","9":"product_cat-nakup-po-znamki","10":"product_cat-arhitektura-obrvi","11":"product_cat-barve-za-obrvi","12":"product_cat-obrvi","14":"first","15":"instock","16":"taxable","17":"shipping-taxable","18":"purchasable","19":"product-type-simple"},"acf":[],"aioseo_notices":[],"_links":{"self":[{"href":"https:\/\/browsomepro.com\/sl\/wp-json\/wp\/v2\/product\/14156","targetHints":{"allow":["GET"]}}],"collection":[{"href":"https:\/\/browsomepro.com\/sl\/wp-json\/wp\/v2\/product"}],"about":[{"href":"https:\/\/browsomepro.com\/sl\/wp-json\/wp\/v2\/types\/product"}],"version-history":[{"count":1,"href":"https:\/\/browsomepro.com\/sl\/wp-json\/wp\/v2\/product\/14156\/revisions"}],"predecessor-version":[{"id":14157,"href":"https:\/\/browsomepro.com\/sl\/wp-json\/wp\/v2\/product\/14156\/revisions\/14157"}],"wp:featuredmedia":[{"embeddable":true,"href":"https:\/\/browsomepro.com\/sl\/wp-json\/wp\/v2\/media\/13981"}],"wp:attachment":[{"href":"https:\/\/browsomepro.com\/sl\/wp-json\/wp\/v2\/media?parent=14156"}],"wp:term":[{"taxonomy":"product_brand","embeddable":true,"href":"https:\/\/browsomepro.com\/sl\/wp-json\/wp\/v2\/product_brand?post=14156"},{"taxonomy":"product_cat","embeddable":true,"href":"https:\/\/browsomepro.com\/sl\/wp-json\/wp\/v2\/product_cat?post=14156"},{"taxonomy":"product_tag","embeddable":true,"href":"https:\/\/browsomepro.com\/sl\/wp-json\/wp\/v2\/product_tag?post=14156"}],"curies":[{"name":"wp","href":"https:\/\/api.w.org\/{rel}","templated":true}]}}