{"id":15394,"date":"2020-10-09T13:39:05","date_gmt":"2020-10-09T13:39:05","guid":{"rendered":"https:\/\/browsomepro.com\/o-nas\/"},"modified":"2024-08-20T14:31:52","modified_gmt":"2024-08-20T14:31:52","slug":"o-nas","status":"publish","type":"page","link":"https:\/\/browsomepro.com\/sl\/o-nas\/","title":{"rendered":"O nas"},"content":{"rendered":"\t\t<div data-elementor-type=\"wp-post\" data-elementor-id=\"15394\" class=\"elementor elementor-15394 elementor-1004\" data-elementor-post-type=\"page\">\n\t\t\t\t\t\t<section class=\"elementor-section elementor-top-section elementor-element elementor-element-28d7a9a8 elementor-section-stretched elementor-section-full_width elementor-section-height-default elementor-section-height-default\" data-id=\"28d7a9a8\" data-element_type=\"section\" data-settings=\"{&quot;stretch_section&quot;:&quot;section-stretched&quot;,&quot;background_background&quot;:&quot;gradient&quot;}\">\n\t\t\t\t\t\t<div class=\"elementor-container elementor-column-gap-no\">\n\t\t\t\t\t<div class=\"elementor-column elementor-col-100 elementor-top-column elementor-element elementor-element-585bfc6d\" data-id=\"585bfc6d\" data-element_type=\"column\">\n\t\t\t<div class=\"elementor-widget-wrap elementor-element-populated\">\n\t\t\t\t\t\t<section class=\"elementor-section elementor-inner-section elementor-element elementor-element-35cbf0ea elementor-section-boxed elementor-section-height-default elementor-section-height-default\" data-id=\"35cbf0ea\" data-element_type=\"section\">\n\t\t\t\t\t\t<div class=\"elementor-container elementor-column-gap-default\">\n\t\t\t\t\t<div class=\"elementor-column elementor-col-100 elementor-inner-column elementor-element elementor-element-26a1609a\" data-id=\"26a1609a\" data-element_type=\"column\">\n\t\t\t<div class=\"elementor-widget-wrap elementor-element-populated\">\n\t\t\t\t\t\t<div class=\"elementor-element elementor-element-64a60170 elementor-invisible elementor-widget elementor-widget-heading\" data-id=\"64a60170\" data-element_type=\"widget\" data-settings=\"{&quot;_animation&quot;:&quot;fadeInUp&quot;}\" data-widget_type=\"heading.default\">\n\t\t\t\t<div class=\"elementor-widget-container\">\n\t\t\t\t\t<h1 class=\"elementor-heading-title elementor-size-default\">\u017dIVJO, LEPO TE JE SPOZNATI!<\/h1>\t\t\t\t<\/div>\n\t\t\t\t<\/div>\n\t\t\t\t<div class=\"elementor-element elementor-element-f738b8b elementor-widget elementor-widget-image\" data-id=\"f738b8b\" data-element_type=\"widget\" data-widget_type=\"image.default\">\n\t\t\t\t<div class=\"elementor-widget-container\">\n\t\t\t\t\t\t\t\t\t\t\t\t\t\t\t<img fetchpriority=\"high\" decoding=\"async\" width=\"1024\" height=\"1024\" src=\"https:\/\/browsomepro.com\/wp-content\/uploads\/2024\/03\/browsome-new-logo1-1024x1024.png\" class=\"attachment-large size-large wp-image-13090\" alt=\"\" srcset=\"https:\/\/browsomepro.com\/wp-content\/uploads\/2024\/03\/browsome-new-logo1-1024x1024.png 1024w, https:\/\/browsomepro.com\/wp-content\/uploads\/2024\/03\/browsome-new-logo1-300x300.png 300w, https:\/\/browsomepro.com\/wp-content\/uploads\/2024\/03\/browsome-new-logo1-150x150.png 150w, https:\/\/browsomepro.com\/wp-content\/uploads\/2024\/03\/browsome-new-logo1-768x768.png 768w, https:\/\/browsomepro.com\/wp-content\/uploads\/2024\/03\/browsome-new-logo1-990x990.png 990w, https:\/\/browsomepro.com\/wp-content\/uploads\/2024\/03\/browsome-new-logo1-441x441.png 441w, https:\/\/browsomepro.com\/wp-content\/uploads\/2024\/03\/browsome-new-logo1-100x100.png 100w, https:\/\/browsomepro.com\/wp-content\/uploads\/2024\/03\/browsome-new-logo1-800x800.png 800w, https:\/\/browsomepro.com\/wp-content\/uploads\/2024\/03\/browsome-new-logo1.png 1080w\" sizes=\"(max-width: 360px) 147px, (max-width: 1024px) 100vw, 1024px\" \/>\t\t\t\t\t\t\t\t\t\t\t\t\t\t\t<\/div>\n\t\t\t\t<\/div>\n\t\t\t\t\t<\/div>\n\t\t<\/div>\n\t\t\t\t\t<\/div>\n\t\t<\/section>\n\t\t\t\t\t<\/div>\n\t\t<\/div>\n\t\t\t\t\t<\/div>\n\t\t<\/section>\n\t\t\t\t<section class=\"elementor-section elementor-top-section elementor-element elementor-element-72f7706 elementor-section-boxed elementor-section-height-default elementor-section-height-default\" data-id=\"72f7706\" data-element_type=\"section\" data-settings=\"{&quot;background_background&quot;:&quot;gradient&quot;}\">\n\t\t\t\t\t\t<div class=\"elementor-container elementor-column-gap-no\">\n\t\t\t\t\t<div class=\"elementor-column elementor-col-50 elementor-top-column elementor-element elementor-element-72f90f3\" data-id=\"72f90f3\" data-element_type=\"column\">\n\t\t\t<div class=\"elementor-widget-wrap elementor-element-populated\">\n\t\t\t\t\t\t<div class=\"elementor-element elementor-element-c872f00 elementor-widget elementor-widget-heading\" data-id=\"c872f00\" data-element_type=\"widget\" data-widget_type=\"heading.default\">\n\t\t\t\t<div class=\"elementor-widget-container\">\n\t\t\t\t\t<h2 class=\"elementor-heading-title elementor-size-default\">Dobrodo\u0161el\/-la na Browsome, tvoji prvi izbiri za vse, kar potrebuje\u0161 za obrvi in trepalnice!<\/h2>\t\t\t\t<\/div>\n\t\t\t\t<\/div>\n\t\t\t\t<div class=\"elementor-element elementor-element-bf438dc elementor-widget elementor-widget-text-editor\" data-id=\"bf438dc\" data-element_type=\"widget\" data-widget_type=\"text-editor.default\">\n\t\t\t\t<div class=\"elementor-widget-container\">\n\t\t\t\t\t\t\t\t\t<p>Browsome je nastal iz globoke predanosti natan\u010dnosti in kakovosti. Ustanovili smo ga, saj smo prepoznali potrebo po zanesljivih in visoko zmogljivih produktih za tretmaje na podro\u010dju obrvi in trepalnic. Iz majhne buti\u010dne spletne trgovine smo zrasli v zaupanja vreden vir za artiste po vsem svetu, saj ponujamo skrbno izbran nabor najbolj\u0161ih izdelkov. <\/p>\n<p>Na\u0161a vizija je povezati Brow in Lash artiste po vsem svetu, ki so samozavestni, izku\u0161eni in vedno uporabljajo le najbolj\u0161e izdelke. Stalno se razvijamo, da bi izpolnili tvoje potrebe in upo\u0161tevali razli\u010dna mnenja.  <\/p>\n\t\t\t\t\t\t\t\t<\/div>\n\t\t\t\t<\/div>\n\t\t\t\t\t<\/div>\n\t\t<\/div>\n\t\t\t\t<div class=\"elementor-column elementor-col-50 elementor-top-column elementor-element elementor-element-09aa18b\" data-id=\"09aa18b\" data-element_type=\"column\">\n\t\t\t<div class=\"elementor-widget-wrap elementor-element-populated\">\n\t\t\t\t\t\t<div class=\"elementor-element elementor-element-da78f8a elementor-widget elementor-widget-image\" data-id=\"da78f8a\" data-element_type=\"widget\" data-widget_type=\"image.default\">\n\t\t\t\t<div class=\"elementor-widget-container\">\n\t\t\t\t\t\t\t\t\t\t\t\t\t\t\t<img decoding=\"async\" width=\"819\" height=\"1024\" src=\"https:\/\/browsomepro.com\/wp-content\/uploads\/2024\/08\/bs-20241-819x1024.png\" class=\"attachment-large size-large wp-image-15254\" alt=\"\" srcset=\"https:\/\/browsomepro.com\/wp-content\/uploads\/2024\/08\/bs-20241-819x1024.png 819w, https:\/\/browsomepro.com\/wp-content\/uploads\/2024\/08\/bs-20241-300x375.png 300w, https:\/\/browsomepro.com\/wp-content\/uploads\/2024\/08\/bs-20241-150x188.png 150w, https:\/\/browsomepro.com\/wp-content\/uploads\/2024\/08\/bs-20241-800x1000.png 800w, https:\/\/browsomepro.com\/wp-content\/uploads\/2024\/08\/bs-20241-240x300.png 240w, https:\/\/browsomepro.com\/wp-content\/uploads\/2024\/08\/bs-20241-768x960.png 768w, https:\/\/browsomepro.com\/wp-content\/uploads\/2024\/08\/bs-20241-990x1238.png 990w, https:\/\/browsomepro.com\/wp-content\/uploads\/2024\/08\/bs-20241-441x551.png 441w, https:\/\/browsomepro.com\/wp-content\/uploads\/2024\/08\/bs-20241.png 1200w\" sizes=\"(max-width: 360px) 147px, (max-width: 819px) 100vw, 819px\" \/>\t\t\t\t\t\t\t\t\t\t\t\t\t\t\t<\/div>\n\t\t\t\t<\/div>\n\t\t\t\t\t<\/div>\n\t\t<\/div>\n\t\t\t\t\t<\/div>\n\t\t<\/section>\n\t\t\t\t<section class=\"elementor-section elementor-top-section elementor-element elementor-element-30a8dd9 elementor-section-stretched elementor-section-boxed elementor-section-height-default elementor-section-height-default\" data-id=\"30a8dd9\" data-element_type=\"section\" data-settings=\"{&quot;stretch_section&quot;:&quot;section-stretched&quot;,&quot;background_background&quot;:&quot;classic&quot;}\">\n\t\t\t\t\t\t<div class=\"elementor-container elementor-column-gap-default\">\n\t\t\t\t\t<div class=\"elementor-column elementor-col-16 elementor-top-column elementor-element elementor-element-4b7c720\" data-id=\"4b7c720\" data-element_type=\"column\">\n\t\t\t<div class=\"elementor-widget-wrap\">\n\t\t\t\t\t\t\t<\/div>\n\t\t<\/div>\n\t\t\t\t<div class=\"elementor-column elementor-col-66 elementor-top-column elementor-element elementor-element-ee18846\" data-id=\"ee18846\" data-element_type=\"column\">\n\t\t\t<div class=\"elementor-widget-wrap elementor-element-populated\">\n\t\t\t\t\t\t<div class=\"elementor-element elementor-element-8438830 elementor-widget elementor-widget-heading\" data-id=\"8438830\" data-element_type=\"widget\" data-widget_type=\"heading.default\">\n\t\t\t\t<div class=\"elementor-widget-container\">\n\t\t\t\t\t<h2 class=\"elementor-heading-title elementor-size-default\">Pri Browsomu smo predani zagotavljanju: <\/h2>\t\t\t\t<\/div>\n\t\t\t\t<\/div>\n\t\t\t\t\t<\/div>\n\t\t<\/div>\n\t\t\t\t<div class=\"elementor-column elementor-col-16 elementor-top-column elementor-element elementor-element-53b4d48\" data-id=\"53b4d48\" data-element_type=\"column\">\n\t\t\t<div class=\"elementor-widget-wrap\">\n\t\t\t\t\t\t\t<\/div>\n\t\t<\/div>\n\t\t\t\t\t<\/div>\n\t\t<\/section>\n\t\t\t\t<section class=\"elementor-section elementor-top-section elementor-element elementor-element-5f3d6bd elementor-section-stretched elementor-section-boxed elementor-section-height-default elementor-section-height-default\" data-id=\"5f3d6bd\" data-element_type=\"section\" data-settings=\"{&quot;stretch_section&quot;:&quot;section-stretched&quot;,&quot;background_background&quot;:&quot;classic&quot;}\">\n\t\t\t\t\t\t<div class=\"elementor-container elementor-column-gap-wide\">\n\t\t\t\t\t<div class=\"elementor-column elementor-col-33 elementor-top-column elementor-element elementor-element-8a8700c animated-fast element-wrapper elementor-invisible\" data-id=\"8a8700c\" data-element_type=\"column\" data-settings=\"{&quot;background_background&quot;:&quot;classic&quot;,&quot;animation&quot;:&quot;fadeIn&quot;}\">\n\t\t\t<div class=\"elementor-widget-wrap elementor-element-populated\">\n\t\t\t\t\t\t<div class=\"elementor-element elementor-element-1e2bbf8 elementor-widget elementor-widget-image\" data-id=\"1e2bbf8\" data-element_type=\"widget\" data-widget_type=\"image.default\">\n\t\t\t\t<div class=\"elementor-widget-container\">\n\t\t\t\t\t\t\t\t\t\t\t\t\t\t\t<img decoding=\"async\" width=\"1000\" height=\"1000\" src=\"https:\/\/browsomepro.com\/wp-content\/uploads\/2024\/08\/cart.png\" class=\"attachment-large size-large wp-image-15265\" alt=\"\" srcset=\"https:\/\/browsomepro.com\/wp-content\/uploads\/2024\/08\/cart.png 1000w, https:\/\/browsomepro.com\/wp-content\/uploads\/2024\/08\/cart-300x300.png 300w, https:\/\/browsomepro.com\/wp-content\/uploads\/2024\/08\/cart-150x150.png 150w, https:\/\/browsomepro.com\/wp-content\/uploads\/2024\/08\/cart-800x800.png 800w, https:\/\/browsomepro.com\/wp-content\/uploads\/2024\/08\/cart-768x768.png 768w, https:\/\/browsomepro.com\/wp-content\/uploads\/2024\/08\/cart-990x990.png 990w, https:\/\/browsomepro.com\/wp-content\/uploads\/2024\/08\/cart-441x441.png 441w, https:\/\/browsomepro.com\/wp-content\/uploads\/2024\/08\/cart-100x100.png 100w\" sizes=\"(max-width: 360px) 147px, (max-width: 1000px) 100vw, 1000px\" \/>\t\t\t\t\t\t\t\t\t\t\t\t\t\t\t<\/div>\n\t\t\t\t<\/div>\n\t\t\t\t<div class=\"elementor-element elementor-element-64ab198 elementor-widget elementor-widget-heading\" data-id=\"64ab198\" data-element_type=\"widget\" data-widget_type=\"heading.default\">\n\t\t\t\t<div class=\"elementor-widget-container\">\n\t\t\t\t\t<h4 class=\"elementor-heading-title elementor-size-default\">Vrhunskih izdelkov najvi\u0161je kakovosti<\/h4>\t\t\t\t<\/div>\n\t\t\t\t<\/div>\n\t\t\t\t<div class=\"elementor-element elementor-element-74ea681 elementor-widget elementor-widget-heading\" data-id=\"74ea681\" data-element_type=\"widget\" data-widget_type=\"heading.default\">\n\t\t\t\t<div class=\"elementor-widget-container\">\n\t\t\t\t\t<h6 class=\"elementor-heading-title elementor-size-default\">Na na\u0161ih policah so samo izdelki najvi\u0161je kakovosti, ki jih tudi sami uporabljamo in jim zaupamo, iz preverjenih blagovnih znamk. <\/h6>\t\t\t\t<\/div>\n\t\t\t\t<\/div>\n\t\t\t\t\t<\/div>\n\t\t<\/div>\n\t\t\t\t<div class=\"elementor-column elementor-col-33 elementor-top-column elementor-element elementor-element-1e5b0ba element-wrapper elementor-invisible\" data-id=\"1e5b0ba\" data-element_type=\"column\" data-settings=\"{&quot;background_background&quot;:&quot;classic&quot;,&quot;animation&quot;:&quot;fadeIn&quot;,&quot;animation_delay&quot;:150}\">\n\t\t\t<div class=\"elementor-widget-wrap elementor-element-populated\">\n\t\t\t\t\t\t<div class=\"elementor-element elementor-element-d7f1cd0 elementor-widget elementor-widget-image\" data-id=\"d7f1cd0\" data-element_type=\"widget\" data-widget_type=\"image.default\">\n\t\t\t\t<div class=\"elementor-widget-container\">\n\t\t\t\t\t\t\t\t\t\t\t\t\t\t\t<img loading=\"lazy\" decoding=\"async\" width=\"1000\" height=\"1000\" src=\"https:\/\/browsomepro.com\/wp-content\/uploads\/2024\/08\/bs-expert.png\" class=\"attachment-large size-large wp-image-15268\" alt=\"\" srcset=\"https:\/\/browsomepro.com\/wp-content\/uploads\/2024\/08\/bs-expert.png 1000w, https:\/\/browsomepro.com\/wp-content\/uploads\/2024\/08\/bs-expert-300x300.png 300w, https:\/\/browsomepro.com\/wp-content\/uploads\/2024\/08\/bs-expert-150x150.png 150w, https:\/\/browsomepro.com\/wp-content\/uploads\/2024\/08\/bs-expert-800x800.png 800w, https:\/\/browsomepro.com\/wp-content\/uploads\/2024\/08\/bs-expert-768x768.png 768w, https:\/\/browsomepro.com\/wp-content\/uploads\/2024\/08\/bs-expert-990x990.png 990w, https:\/\/browsomepro.com\/wp-content\/uploads\/2024\/08\/bs-expert-441x441.png 441w, https:\/\/browsomepro.com\/wp-content\/uploads\/2024\/08\/bs-expert-100x100.png 100w\" sizes=\"(max-width: 360px) 147px, (max-width: 1000px) 100vw, 1000px\" \/>\t\t\t\t\t\t\t\t\t\t\t\t\t\t\t<\/div>\n\t\t\t\t<\/div>\n\t\t\t\t<div class=\"elementor-element elementor-element-664a11a elementor-widget elementor-widget-heading\" data-id=\"664a11a\" data-element_type=\"widget\" data-widget_type=\"heading.default\">\n\t\t\t\t<div class=\"elementor-widget-container\">\n\t\t\t\t\t<h4 class=\"elementor-heading-title elementor-size-default\">Strokovnem vodenju in svetovanju<\/h4>\t\t\t\t<\/div>\n\t\t\t\t<\/div>\n\t\t\t\t<div class=\"elementor-element elementor-element-d92f6b5 elementor-widget elementor-widget-heading\" data-id=\"d92f6b5\" data-element_type=\"widget\" data-widget_type=\"heading.default\">\n\t\t\t\t<div class=\"elementor-widget-container\">\n\t\t\t\t\t<h6 class=\"elementor-heading-title elementor-size-default\">Na\u0161 izobra\u017eevalni sklop ti bo pomagal obvladati tehnike tretmajev za obrvi in trepalnice.<\/h6>\t\t\t\t<\/div>\n\t\t\t\t<\/div>\n\t\t\t\t\t<\/div>\n\t\t<\/div>\n\t\t\t\t<div class=\"elementor-column elementor-col-33 elementor-top-column elementor-element elementor-element-54f45ab element-wrapper elementor-invisible\" data-id=\"54f45ab\" data-element_type=\"column\" data-settings=\"{&quot;background_background&quot;:&quot;classic&quot;,&quot;animation&quot;:&quot;fadeIn&quot;,&quot;animation_delay&quot;:300}\">\n\t\t\t<div class=\"elementor-widget-wrap elementor-element-populated\">\n\t\t\t\t\t\t<div class=\"elementor-element elementor-element-d8ec6e9 elementor-widget elementor-widget-image\" data-id=\"d8ec6e9\" data-element_type=\"widget\" data-widget_type=\"image.default\">\n\t\t\t\t<div class=\"elementor-widget-container\">\n\t\t\t\t\t\t\t\t\t\t\t\t\t\t\t<img loading=\"lazy\" decoding=\"async\" width=\"1000\" height=\"1000\" src=\"https:\/\/browsomepro.com\/wp-content\/uploads\/2024\/08\/bs-reviewz.png\" class=\"attachment-large size-large wp-image-15275\" alt=\"\" srcset=\"https:\/\/browsomepro.com\/wp-content\/uploads\/2024\/08\/bs-reviewz.png 1000w, https:\/\/browsomepro.com\/wp-content\/uploads\/2024\/08\/bs-reviewz-300x300.png 300w, https:\/\/browsomepro.com\/wp-content\/uploads\/2024\/08\/bs-reviewz-150x150.png 150w, https:\/\/browsomepro.com\/wp-content\/uploads\/2024\/08\/bs-reviewz-800x800.png 800w, https:\/\/browsomepro.com\/wp-content\/uploads\/2024\/08\/bs-reviewz-768x768.png 768w, https:\/\/browsomepro.com\/wp-content\/uploads\/2024\/08\/bs-reviewz-990x990.png 990w, https:\/\/browsomepro.com\/wp-content\/uploads\/2024\/08\/bs-reviewz-441x441.png 441w, https:\/\/browsomepro.com\/wp-content\/uploads\/2024\/08\/bs-reviewz-100x100.png 100w\" sizes=\"(max-width: 360px) 147px, (max-width: 1000px) 100vw, 1000px\" \/>\t\t\t\t\t\t\t\t\t\t\t\t\t\t\t<\/div>\n\t\t\t\t<\/div>\n\t\t\t\t<div class=\"elementor-element elementor-element-656db83 elementor-widget elementor-widget-heading\" data-id=\"656db83\" data-element_type=\"widget\" data-widget_type=\"heading.default\">\n\t\t\t\t<div class=\"elementor-widget-container\">\n\t\t\t\t\t<h4 class=\"elementor-heading-title elementor-size-default\">Najbolj\u0161e uporabni\u0161ke izku\u0161nje<\/h4>\t\t\t\t<\/div>\n\t\t\t\t<\/div>\n\t\t\t\t<div class=\"elementor-element elementor-element-3fd5ba9 elementor-widget elementor-widget-heading\" data-id=\"3fd5ba9\" data-element_type=\"widget\" data-widget_type=\"heading.default\">\n\t\t\t\t<div class=\"elementor-widget-container\">\n\t\t\t\t\t<h6 class=\"elementor-heading-title elementor-size-default\">Podpiramo te na vsakem koraku, od izbire izdelkov do nasvetov za nadaljnjo nego.<\/h6>\t\t\t\t<\/div>\n\t\t\t\t<\/div>\n\t\t\t\t\t<\/div>\n\t\t<\/div>\n\t\t\t\t\t<\/div>\n\t\t<\/section>\n\t\t\t\t<\/div>\n\t\t","protected":false},"excerpt":{"rendered":"<p>\u017dIVJO, LEPO TE JE SPOZNATI! Dobrodo\u0161el\/-la na Browsome, tvoji prvi izbiri za vse, kar potrebuje\u0161 za obrvi in trepalnice! Browsome je nastal iz globoke predanosti natan\u010dnosti in kakovosti. Ustanovili smo ga, saj smo prepoznali potrebo po zanesljivih in visoko zmogljivih produktih za tretmaje na podro\u010dju obrvi in trepalnic. Iz majhne buti\u010dne spletne trgovine smo zrasli [&hellip;]<\/p>\n","protected":false},"author":1,"featured_media":0,"parent":0,"menu_order":0,"comment_status":"closed","ping_status":"closed","template":"template-canvas.php","meta":{"_acf_changed":false,"_monsterinsights_skip_tracking":false,"_monsterinsights_sitenote_active":false,"_monsterinsights_sitenote_note":"","_monsterinsights_sitenote_category":0,"footnotes":""},"class_list":["post-15394","page","type-page","status-publish","hentry"],"acf":[],"aioseo_notices":[],"_links":{"self":[{"href":"https:\/\/browsomepro.com\/sl\/wp-json\/wp\/v2\/pages\/15394","targetHints":{"allow":["GET"]}}],"collection":[{"href":"https:\/\/browsomepro.com\/sl\/wp-json\/wp\/v2\/pages"}],"about":[{"href":"https:\/\/browsomepro.com\/sl\/wp-json\/wp\/v2\/types\/page"}],"author":[{"embeddable":true,"href":"https:\/\/browsomepro.com\/sl\/wp-json\/wp\/v2\/users\/1"}],"replies":[{"embeddable":true,"href":"https:\/\/browsomepro.com\/sl\/wp-json\/wp\/v2\/comments?post=15394"}],"version-history":[{"count":2,"href":"https:\/\/browsomepro.com\/sl\/wp-json\/wp\/v2\/pages\/15394\/revisions"}],"predecessor-version":[{"id":15570,"href":"https:\/\/browsomepro.com\/sl\/wp-json\/wp\/v2\/pages\/15394\/revisions\/15570"}],"wp:attachment":[{"href":"https:\/\/browsomepro.com\/sl\/wp-json\/wp\/v2\/media?parent=15394"}],"curies":[{"name":"wp","href":"https:\/\/api.w.org\/{rel}","templated":true}]}}