{"id":38135,"date":"2026-05-05T18:51:00","date_gmt":"2026-05-05T17:51:00","guid":{"rendered":"https:\/\/browsomepro.com\/?post_type=product&#038;p=38135"},"modified":"2026-05-05T23:12:21","modified_gmt":"2026-05-05T22:12:21","slug":"buff-browz-cysteamine-step-1-15-ml","status":"publish","type":"product","link":"https:\/\/browsomepro.com\/hr\/proizvod\/buff-browz-cysteamine-step-1-15-ml\/","title":{"rendered":"Buff Browz \u2013 Cysteamine Korak 1 (15 ml)"},"content":{"rendered":"\t\t<div data-elementor-type=\"product-post\" data-elementor-id=\"38135\" class=\"elementor elementor-38135 elementor-38136\" data-elementor-post-type=\"product\">\n\t\t\t\t<div class=\"elementor-element elementor-element-6c3fc5a1 e-flex e-con-boxed e-con e-parent\" data-id=\"6c3fc5a1\" data-element_type=\"container\">\n\t\t\t\t\t<div class=\"e-con-inner\">\n\t\t<div class=\"elementor-element elementor-element-470e4efb e-con-full e-flex e-con e-child\" data-id=\"470e4efb\" data-element_type=\"container\">\n\t\t\t\t<div class=\"elementor-element elementor-element-54452454 elementor-widget elementor-widget-image\" data-id=\"54452454\" data-element_type=\"widget\" data-widget_type=\"image.default\">\n\t\t\t\t<div class=\"elementor-widget-container\">\n\t\t\t\t\t\t\t\t\t\t\t\t\t\t\t<img fetchpriority=\"high\" decoding=\"async\" width=\"1080\" height=\"1080\" src=\"https:\/\/browsomepro.com\/wp-content\/uploads\/2026\/05\/SaveClip.App_450259137_18026679590236868_8666183636906843974_n.jpg\" class=\"attachment-full size-full wp-image-38147\" alt=\"\" srcset=\"https:\/\/browsomepro.com\/wp-content\/uploads\/2026\/05\/SaveClip.App_450259137_18026679590236868_8666183636906843974_n.jpg 1080w, https:\/\/browsomepro.com\/wp-content\/uploads\/2026\/05\/SaveClip.App_450259137_18026679590236868_8666183636906843974_n-300x300.jpg 300w, https:\/\/browsomepro.com\/wp-content\/uploads\/2026\/05\/SaveClip.App_450259137_18026679590236868_8666183636906843974_n-1024x1024.jpg 1024w, https:\/\/browsomepro.com\/wp-content\/uploads\/2026\/05\/SaveClip.App_450259137_18026679590236868_8666183636906843974_n-150x150.jpg 150w, https:\/\/browsomepro.com\/wp-content\/uploads\/2026\/05\/SaveClip.App_450259137_18026679590236868_8666183636906843974_n-768x768.jpg 768w, https:\/\/browsomepro.com\/wp-content\/uploads\/2026\/05\/SaveClip.App_450259137_18026679590236868_8666183636906843974_n-990x990.jpg 990w, https:\/\/browsomepro.com\/wp-content\/uploads\/2026\/05\/SaveClip.App_450259137_18026679590236868_8666183636906843974_n-441x441.jpg 441w, https:\/\/browsomepro.com\/wp-content\/uploads\/2026\/05\/SaveClip.App_450259137_18026679590236868_8666183636906843974_n-100x100.jpg 100w, https:\/\/browsomepro.com\/wp-content\/uploads\/2026\/05\/SaveClip.App_450259137_18026679590236868_8666183636906843974_n-800x800.jpg 800w\" sizes=\"(max-width: 360px) 147px, (max-width: 1080px) 100vw, 1080px\" \/>\t\t\t\t\t\t\t\t\t\t\t\t\t\t\t<\/div>\n\t\t\t\t<\/div>\n\t\t\t\t<\/div>\n\t\t<div class=\"elementor-element elementor-element-1e164883 e-con-full e-flex e-con e-child\" data-id=\"1e164883\" data-element_type=\"container\" data-settings=\"{&quot;background_background&quot;:&quot;classic&quot;}\">\n\t\t\t\t<div class=\"elementor-element elementor-element-5ab3d273 elementor-widget elementor-widget-heading\" data-id=\"5ab3d273\" data-element_type=\"widget\" data-widget_type=\"heading.default\">\n\t\t\t\t<div class=\"elementor-widget-container\">\n\t\t\t\t\t<h3 class=\"elementor-heading-title elementor-size-default\">Pametnija alternativa klasi\u010dnim TGA sustavima<\/h3>\t\t\t\t<\/div>\n\t\t\t\t<\/div>\n\t\t\t\t<div class=\"elementor-element elementor-element-40882274 elementor-widget elementor-widget-text-editor\" data-id=\"40882274\" data-element_type=\"widget\" data-widget_type=\"text-editor.default\">\n\t\t\t\t<div class=\"elementor-widget-container\">\n\t\t\t\t\t\t\t\t\t<p>Cisteamin je savr\u0161en izbor kada je dla\u010dica tanka, osjetljiva, prethodno laminirana ili \u010desto bojena, kao i za klijente koji redovito dolaze na tretmane svakih 4 do 6 tjedana \u2014 gdje klasi\u010dne formule s tioglikolatnom kiselinom (TGA) s vremenom mogu isu\u0161iti dla\u010dicu. Cisteaminska tehnologija pru\u017ea podjednako u\u010dinkovit, ali znatno bla\u017ei tretman.  <\/p>\n<h3>Kontroliran prozor djelovanja<\/h3>\n<p>Vrijeme djelovanja Koraka 1 je 8 do 15 minuta, ovisno o debljini i stanju dla\u010dice te \u017eeljenom rezultatu. U odnosu na klasi\u010dne TGA sustave, cisteaminska formula pru\u017ea dulji i kontroliraniji prozor djelovanja, \u0161to omogu\u0107uje preciznije procjenjivanje i znatno smanjuje rizik od preoptere\u0107enja. Od 5. minute provjeravaj dla\u010dicu svake 2 do 3 minute i prekini postupak \u010dim postigne \u017eeljenu fleksibilnost.    <\/p>\n\t\t\t\t\t\t\t\t<\/div>\n\t\t\t\t<\/div>\n\t\t\t\t<\/div>\n\t\t\t\t\t<\/div>\n\t\t\t\t<\/div>\n\t\t\t\t<\/div>\n\t\t","protected":false},"excerpt":{"rendered":"<p>Za profesionalce, Buff Browz Cisteaminski Korak 1 nezamjenjiv je prvi korak novog standarda u industriji laminacije obrva i lash lifta. Ova inovativna formula na bazi cisteamina nje\u017eno preoblikuje dlaku bez agresivnih kemikalija, dok hranjivi sastojci \u0161tite i ja\u010daju keratinsku strukturu od korijena do vrha. Savr\u0161eno rje\u0161enje za moderne tehnike podizanja, uklju\u010duju\u0107i klasi\u010dnu laminaciju obrva i korejski lash lift, te za rad s osjetljivim, tankim i prethodno tretiranim dla\u010dicama.<\/p>\n<p>\u2022 Pogodno za laminaciju obrva i lifting trepavica<br \/>\n\u2022 Pogodno za <strong>korejski lash lift<\/strong><\/p>\n<p><strong>VRIJEME DJELOVANJA:<\/strong><\/p>\n<p>KORAK 1:<br \/>\n<em>TANKE DLA\u010cICE \u2013 7-9 min.<br \/>\nNORMALNE DLA\u010cICE \u2013 9-11 min.<br \/>\nGUSTE\/\u010cVRSTE DLA\u010cICE \u2013 11-14 min.<\/em><\/p>\n<p>KORAK 2: <em>VRIJEME DJELOVANJA JE ISTO KAO U KORAKU 1.<\/em><\/p>\n[cg_accordion title=\"Sastojci\"] AQUA (WATER), CYSTEAMINE HCL, STEARYL ALCOHOL, SODIUM HYDROXIDE,<br \/>\nPARAFFINUM LIQUIDUM, CETEARETH-25, PROPYLENE GLYCOL, CETYL ALCOHOL,<br \/>\nGLYCERIN, ALOE BARBADENSIS LEAF JUICE, APIGENIN, BIOTINOYL TRIPEPTIDE-1,<br \/>\nBUTYLENE GLYCOL, CAFFEINE.<br \/>\n[\/cg_accordion]\n<p>Trajanje nakon otvaranja: 12 mjeseci<br \/>\nVeli\u010dina: 15 ml<br \/>\nProizvedeno u: EU<\/p>\n","protected":false},"featured_media":38214,"template":"","meta":{"_acf_changed":false,"_monsterinsights_skip_tracking":false,"_monsterinsights_sitenote_active":false,"_monsterinsights_sitenote_note":"","_monsterinsights_sitenote_category":0},"product_brand":[],"product_cat":[600,531,534,601,536,529],"product_tag":[],"class_list":{"0":"post-38135","1":"product","2":"type-product","3":"status-publish","4":"has-post-thumbnail","6":"product_cat-buff-browz-hr","7":"product_cat-istrazi-po-brendu","8":"product_cat-korean-lash-lift-hr","9":"product_cat-laminacija-obrva-hr-6","10":"product_cat-obrve","11":"product_cat-trepavice","13":"first","14":"instock","15":"taxable","16":"shipping-taxable","17":"purchasable","18":"product-type-simple"},"acf":[],"aioseo_notices":[],"_links":{"self":[{"href":"https:\/\/browsomepro.com\/hr\/wp-json\/wp\/v2\/product\/38135","targetHints":{"allow":["GET"]}}],"collection":[{"href":"https:\/\/browsomepro.com\/hr\/wp-json\/wp\/v2\/product"}],"about":[{"href":"https:\/\/browsomepro.com\/hr\/wp-json\/wp\/v2\/types\/product"}],"version-history":[{"count":5,"href":"https:\/\/browsomepro.com\/hr\/wp-json\/wp\/v2\/product\/38135\/revisions"}],"predecessor-version":[{"id":38257,"href":"https:\/\/browsomepro.com\/hr\/wp-json\/wp\/v2\/product\/38135\/revisions\/38257"}],"wp:featuredmedia":[{"embeddable":true,"href":"https:\/\/browsomepro.com\/hr\/wp-json\/wp\/v2\/media\/38214"}],"wp:attachment":[{"href":"https:\/\/browsomepro.com\/hr\/wp-json\/wp\/v2\/media?parent=38135"}],"wp:term":[{"taxonomy":"product_brand","embeddable":true,"href":"https:\/\/browsomepro.com\/hr\/wp-json\/wp\/v2\/product_brand?post=38135"},{"taxonomy":"product_cat","embeddable":true,"href":"https:\/\/browsomepro.com\/hr\/wp-json\/wp\/v2\/product_cat?post=38135"},{"taxonomy":"product_tag","embeddable":true,"href":"https:\/\/browsomepro.com\/hr\/wp-json\/wp\/v2\/product_tag?post=38135"}],"curies":[{"name":"wp","href":"https:\/\/api.w.org\/{rel}","templated":true}]}}