{"id":36398,"date":"2026-04-16T14:00:09","date_gmt":"2026-04-16T13:00:09","guid":{"rendered":"https:\/\/browsomepro.com\/?post_type=product&#038;p=36398"},"modified":"2026-04-24T11:25:24","modified_gmt":"2026-04-24T10:25:24","slug":"buff-browz-skin-shield-stone","status":"publish","type":"product","link":"https:\/\/browsomepro.com\/hr\/proizvod\/buff-browz-skin-shield-stone\/","title":{"rendered":"Buff Browz \u2013 Skin Shield &#8211; Stone"},"content":{"rendered":"\t\t<div data-elementor-type=\"product-post\" data-elementor-id=\"36398\" class=\"elementor elementor-36398 elementor-36396\" data-elementor-post-type=\"product\">\n\t\t\t\t<div class=\"elementor-element elementor-element-37d01f7a e-flex e-con-boxed e-con e-parent\" data-id=\"37d01f7a\" data-element_type=\"container\">\n\t\t\t\t\t<div class=\"e-con-inner\">\n\t\t<div class=\"elementor-element elementor-element-66dc8e2e e-con-full e-flex e-con e-child\" data-id=\"66dc8e2e\" data-element_type=\"container\">\n\t\t\t\t<div class=\"elementor-element elementor-element-4406239d elementor-widget elementor-widget-image\" data-id=\"4406239d\" data-element_type=\"widget\" data-widget_type=\"image.default\">\n\t\t\t\t<div class=\"elementor-widget-container\">\n\t\t\t\t\t\t\t\t\t\t\t\t\t\t\t<img fetchpriority=\"high\" decoding=\"async\" width=\"2048\" height=\"2048\" src=\"https:\/\/browsomepro.com\/wp-content\/uploads\/2026\/04\/first_close_up_of_the_product__Nano_Banana_2_18394.png\" class=\"attachment-full size-full wp-image-37209\" alt=\"\" srcset=\"https:\/\/browsomepro.com\/wp-content\/uploads\/2026\/04\/first_close_up_of_the_product__Nano_Banana_2_18394.png 2048w, https:\/\/browsomepro.com\/wp-content\/uploads\/2026\/04\/first_close_up_of_the_product__Nano_Banana_2_18394-300x300.png 300w, https:\/\/browsomepro.com\/wp-content\/uploads\/2026\/04\/first_close_up_of_the_product__Nano_Banana_2_18394-1024x1024.png 1024w, https:\/\/browsomepro.com\/wp-content\/uploads\/2026\/04\/first_close_up_of_the_product__Nano_Banana_2_18394-150x150.png 150w, https:\/\/browsomepro.com\/wp-content\/uploads\/2026\/04\/first_close_up_of_the_product__Nano_Banana_2_18394-768x768.png 768w, https:\/\/browsomepro.com\/wp-content\/uploads\/2026\/04\/first_close_up_of_the_product__Nano_Banana_2_18394-1536x1536.png 1536w, https:\/\/browsomepro.com\/wp-content\/uploads\/2026\/04\/first_close_up_of_the_product__Nano_Banana_2_18394-990x990.png 990w, https:\/\/browsomepro.com\/wp-content\/uploads\/2026\/04\/first_close_up_of_the_product__Nano_Banana_2_18394-441x441.png 441w, https:\/\/browsomepro.com\/wp-content\/uploads\/2026\/04\/first_close_up_of_the_product__Nano_Banana_2_18394-100x100.png 100w, https:\/\/browsomepro.com\/wp-content\/uploads\/2026\/04\/first_close_up_of_the_product__Nano_Banana_2_18394-800x800.png 800w\" sizes=\"(max-width: 360px) 147px, (max-width: 2048px) 100vw, 2048px\" \/>\t\t\t\t\t\t\t\t\t\t\t\t\t\t\t<\/div>\n\t\t\t\t<\/div>\n\t\t\t\t<\/div>\n\t\t<div class=\"elementor-element elementor-element-7fa34153 e-con-full e-flex e-con e-child\" data-id=\"7fa34153\" data-element_type=\"container\" data-settings=\"{&quot;background_background&quot;:&quot;classic&quot;}\">\n\t\t\t\t<div class=\"elementor-element elementor-element-2f6f9834 elementor-widget elementor-widget-heading\" data-id=\"2f6f9834\" data-element_type=\"widget\" data-widget_type=\"heading.default\">\n\t\t\t\t<div class=\"elementor-widget-container\">\n\t\t\t\t\t<h2 class=\"elementor-heading-title elementor-size-default\">Depiliraj s povjerenjem<\/h2>\t\t\t\t<\/div>\n\t\t\t\t<\/div>\n\t\t\t\t<div class=\"elementor-element elementor-element-778eb329 elementor-widget elementor-widget-text-editor\" data-id=\"778eb329\" data-element_type=\"widget\" data-widget_type=\"text-editor.default\">\n\t\t\t\t<div class=\"elementor-widget-container\">\n\t\t\t\t\t\t\t\t\t<p>Skin Shield je tvoj obavezan korak prije svake depilacije voskom. Ultrafini za\u0161titni puder se nje\u017eno postavlja izme\u0111u ko\u017ee i voska te smanjuje rizik od iritacije, liftinga ko\u017ee i ne\u017eeljenih reakcija. Rezultat? Sigurna, precizna i profesionalna usluga \u2014 svaki put. Lagana, svilenkasta formula se jednostavno dozira i nanosi bez nereda, to\u010dno tamo gdje ti treba.\n<\/p>\n<p><strong>Kako koristiti:<\/strong><\/p>\n<p>Prije nano\u0161enja voska na \u017eeljeno podru\u010dje, nanesi tanak, ravnomjeran sloj Skin Shielda pomo\u0107u \u0161tapi\u0107a za u\u0161i ili jednokratnog aplikatora. Preporu\u010damo da po\u010dne\u0161 na sredini obrva, gdje je ko\u017ea prirodno deblja \u2014 tako prvo provjeri\u0161 reakciju ko\u017ee svoje klijentice.<\/p>\t\t\t\t\t\t\t\t<\/div>\n\t\t\t\t<\/div>\n\t\t\t\t<\/div>\n\t\t\t\t\t<\/div>\n\t\t\t\t<\/div>\n\t\t\t\t<\/div>\n\t\t","protected":false},"excerpt":{"rendered":"<p>Skin Shield je za\u0161titni puder koji <strong>se nanosi prije depilacije voskom.<\/strong> Na ko\u017ei stvara nje\u017enu za\u0161titnu barijeru koja poma\u017ee sprije\u010diti iritaciju, crvenilo i o\u0161te\u0107enja ko\u017ee. Svilenkasta, fina tekstura se nanosi jednostavno i ravnomjerno \u2014 nezaobilazan korak kod depilacije obrva i dla\u010dica na licu.<\/p>\n[cg_accordion title=\"Sastojci\"]Mica, Silica, Dimethicone, Diisostearyl Malate, Triethoxycaprylylsilane, Hydrogen Dimethicone, Phenoxyethanol, Methicone, Aluminum Hydroxide, Tocopheryl Acetate, Oryza Sativa Bran Oil, Squalane, Simmondsia Chinensis Seed Oil, Bisabolol, Cl 77891, Cl 77491, Cl 77492, Cl 77499.<br \/>\n[\/cg_accordion]\n<p>Veli\u010dina: 10 g<br \/>\nZemlja podrijetla: Ujedinjeno Kraljevstvu<\/p>\n","protected":false},"featured_media":37234,"template":"","meta":{"_acf_changed":false,"_monsterinsights_skip_tracking":false,"_monsterinsights_sitenote_active":false,"_monsterinsights_sitenote_note":"","_monsterinsights_sitenote_category":0},"product_brand":[],"product_cat":[602,538,600,531,601,536],"product_tag":[],"class_list":{"0":"post-36398","1":"product","2":"type-product","3":"status-publish","4":"has-post-thumbnail","6":"product_cat-boja-za-obrve-hr-4","7":"product_cat-boja-za-obrve","8":"product_cat-buff-browz-hr","9":"product_cat-istrazi-po-brendu","10":"product_cat-laminacija-obrva-hr-6","11":"product_cat-obrve","13":"first","14":"instock","15":"taxable","16":"shipping-taxable","17":"purchasable","18":"product-type-simple"},"acf":[],"aioseo_notices":[],"_links":{"self":[{"href":"https:\/\/browsomepro.com\/hr\/wp-json\/wp\/v2\/product\/36398","targetHints":{"allow":["GET"]}}],"collection":[{"href":"https:\/\/browsomepro.com\/hr\/wp-json\/wp\/v2\/product"}],"about":[{"href":"https:\/\/browsomepro.com\/hr\/wp-json\/wp\/v2\/types\/product"}],"version-history":[{"count":7,"href":"https:\/\/browsomepro.com\/hr\/wp-json\/wp\/v2\/product\/36398\/revisions"}],"predecessor-version":[{"id":37255,"href":"https:\/\/browsomepro.com\/hr\/wp-json\/wp\/v2\/product\/36398\/revisions\/37255"}],"wp:featuredmedia":[{"embeddable":true,"href":"https:\/\/browsomepro.com\/hr\/wp-json\/wp\/v2\/media\/37234"}],"wp:attachment":[{"href":"https:\/\/browsomepro.com\/hr\/wp-json\/wp\/v2\/media?parent=36398"}],"wp:term":[{"taxonomy":"product_brand","embeddable":true,"href":"https:\/\/browsomepro.com\/hr\/wp-json\/wp\/v2\/product_brand?post=36398"},{"taxonomy":"product_cat","embeddable":true,"href":"https:\/\/browsomepro.com\/hr\/wp-json\/wp\/v2\/product_cat?post=36398"},{"taxonomy":"product_tag","embeddable":true,"href":"https:\/\/browsomepro.com\/hr\/wp-json\/wp\/v2\/product_tag?post=36398"}],"curies":[{"name":"wp","href":"https:\/\/api.w.org\/{rel}","templated":true}]}}