{"id":33908,"date":"2026-01-13T19:34:34","date_gmt":"2026-01-13T18:34:34","guid":{"rendered":"https:\/\/browsomepro.com\/product\/pink-flash-clean-lines-brush-02\/"},"modified":"2026-03-23T21:35:15","modified_gmt":"2026-03-23T20:35:15","slug":"pink-flash-clean-lines-brush-02","status":"publish","type":"product","link":"https:\/\/browsomepro.com\/hr\/proizvod\/pink-flash-clean-lines-brush-02\/","title":{"rendered":"Pink Flash \u2013 Clean Lines Brush 02"},"content":{"rendered":"\t\t<div data-elementor-type=\"product-post\" data-elementor-id=\"33908\" class=\"elementor elementor-33908 elementor-28420\" data-elementor-post-type=\"product\">\n\t\t\t\t<div class=\"elementor-element elementor-element-76b5aecd e-flex e-con-boxed e-con e-parent\" data-id=\"76b5aecd\" data-element_type=\"container\">\n\t\t\t\t\t<div class=\"e-con-inner\">\n\t\t<div class=\"elementor-element elementor-element-794fcdfe e-con-full e-flex e-con e-child\" data-id=\"794fcdfe\" data-element_type=\"container\">\n\t\t\t\t<div class=\"elementor-element elementor-element-a39a839 elementor-widget elementor-widget-image\" data-id=\"a39a839\" data-element_type=\"widget\" data-widget_type=\"image.default\">\n\t\t\t\t<div class=\"elementor-widget-container\">\n\t\t\t\t\t\t\t\t\t\t\t\t\t\t\t<img fetchpriority=\"high\" decoding=\"async\" width=\"2048\" height=\"2048\" src=\"https:\/\/browsomepro.com\/wp-content\/uploads\/2026\/01\/Your-paragraph-text-2-e1768328670621.png\" class=\"attachment-full size-full wp-image-28395\" alt=\"\" sizes=\"(max-width: 360px) 147px, \" \/>\t\t\t\t\t\t\t\t\t\t\t\t\t\t\t<\/div>\n\t\t\t\t<\/div>\n\t\t\t\t<\/div>\n\t\t<div class=\"elementor-element elementor-element-68bcb505 e-con-full e-flex e-con e-child\" data-id=\"68bcb505\" data-element_type=\"container\" data-settings=\"{&quot;background_background&quot;:&quot;classic&quot;}\">\n\t\t\t\t<div class=\"elementor-element elementor-element-1938f825 elementor-widget elementor-widget-heading\" data-id=\"1938f825\" data-element_type=\"widget\" data-widget_type=\"heading.default\">\n\t\t\t\t<div class=\"elementor-widget-container\">\n\t\t\t\t\t<h2 class=\"elementor-heading-title elementor-size-default\">Bolji kistovi. Bolji rezultati. <\/h2>\t\t\t\t<\/div>\n\t\t\t\t<\/div>\n\t\t\t\t<div class=\"elementor-element elementor-element-1ac8c926 elementor-widget elementor-widget-text-editor\" data-id=\"1ac8c926\" data-element_type=\"widget\" data-widget_type=\"text-editor.default\">\n\t\t\t\t<div class=\"elementor-widget-container\">\n\t\t\t\t\t\t\t\t\t<p><span style=\"font-weight: 400;\">Pink Flash Professional Brush Collection dizajnirana je tako da svaki korak u radu na obrvama ima pravi alat. Od finih linija i o\u0161tre definicije, do \u010distih rubova i ravnomjernog nano\u0161enja boje \u2014 ovi kistovi vam omogu\u0107uju potpunu kontrolu u svakoj fazi bojanja, oblikovanja i detaljnog rada. Pa\u017eljivo oblikovane glave i profesionalna sinteti\u010dka vlakna osiguravaju glatke poteze, precizno nano\u0161enje i ujedna\u010dene rezultate \u2014 bilo da radite na zavr\u0161nim detaljima ili punoj pokrivenosti.  &nbsp;<\/span><\/p>\n\t\t\t\t\t\t\t\t<\/div>\n\t\t\t\t<\/div>\n\t\t\t\t<\/div>\n\t\t\t\t\t<\/div>\n\t\t\t\t<\/div>\n\t\t\t\t<\/div>\n\t\t","protected":false},"excerpt":{"rendered":"<p>Dizajniran za o\u0161tru definiciju i \u010diste rubove, Pink Flash Clean Lines Brush 02 tvoj je glavni alat za oblikovanje savr\u0161eno strukturiranih obrva s precizno\u0161\u0107u i kontrolom.<\/p>\n<p><strong>Detalji proizvoda<\/strong><\/p>\n<p><strong>Kist:<\/strong> Clean Lines Brush 02<br \/>\n<strong>Tip: <\/strong>Ravni, ultra-precizni kist za obrve<br \/>\n<strong>Primjena: <\/strong>Definiranje rubova obrva, nano\u0161enje korektora, korekcije pri laminaciji<br \/>\n<strong>Dla\u010dice: <\/strong>Visokokvalitetna sinteti\u010dka vlakna<\/p>\n","protected":false},"featured_media":28423,"template":"","meta":{"_acf_changed":false,"_monsterinsights_skip_tracking":false,"_monsterinsights_sitenote_active":false,"_monsterinsights_sitenote_note":"","_monsterinsights_sitenote_category":0},"product_brand":[],"product_cat":[531,536,566,620],"product_tag":[],"class_list":{"0":"post-33908","1":"product","2":"type-product","3":"status-publish","4":"has-post-thumbnail","6":"product_cat-istrazi-po-brendu","7":"product_cat-obrve","8":"product_cat-pink-flash-hr","9":"product_cat-kistovi","11":"first","12":"instock","13":"taxable","14":"shipping-taxable","15":"purchasable","16":"product-type-simple"},"acf":[],"aioseo_notices":[],"_links":{"self":[{"href":"https:\/\/browsomepro.com\/hr\/wp-json\/wp\/v2\/product\/33908","targetHints":{"allow":["GET"]}}],"collection":[{"href":"https:\/\/browsomepro.com\/hr\/wp-json\/wp\/v2\/product"}],"about":[{"href":"https:\/\/browsomepro.com\/hr\/wp-json\/wp\/v2\/types\/product"}],"version-history":[{"count":1,"href":"https:\/\/browsomepro.com\/hr\/wp-json\/wp\/v2\/product\/33908\/revisions"}],"predecessor-version":[{"id":33909,"href":"https:\/\/browsomepro.com\/hr\/wp-json\/wp\/v2\/product\/33908\/revisions\/33909"}],"wp:featuredmedia":[{"embeddable":true,"href":"https:\/\/browsomepro.com\/hr\/wp-json\/wp\/v2\/media\/28423"}],"wp:attachment":[{"href":"https:\/\/browsomepro.com\/hr\/wp-json\/wp\/v2\/media?parent=33908"}],"wp:term":[{"taxonomy":"product_brand","embeddable":true,"href":"https:\/\/browsomepro.com\/hr\/wp-json\/wp\/v2\/product_brand?post=33908"},{"taxonomy":"product_cat","embeddable":true,"href":"https:\/\/browsomepro.com\/hr\/wp-json\/wp\/v2\/product_cat?post=33908"},{"taxonomy":"product_tag","embeddable":true,"href":"https:\/\/browsomepro.com\/hr\/wp-json\/wp\/v2\/product_tag?post=33908"}],"curies":[{"name":"wp","href":"https:\/\/api.w.org\/{rel}","templated":true}]}}